{"id":44892,"date":"2025-01-10T13:24:17","date_gmt":"2025-01-10T13:24:17","guid":{"rendered":"https:\/\/bazaar.express\/product\/almond-oil-2\/"},"modified":"2025-01-10T13:24:17","modified_gmt":"2025-01-10T13:24:17","slug":"almond-oil-2","status":"publish","type":"product","link":"https:\/\/bazaar.express\/sk\/produkt\/almond-oil-2\/","title":{"rendered":"Organick\u00fd mand\u013eov\u00fd olej"},"content":{"rendered":"<h2 data-start=\"176\" data-end=\"256\"><strong data-start=\"179\" data-end=\"256\">NAKAA Organick\u00fd mand\u013eov\u00fd olej \u2013 Pr\u00edrodn\u00e9 tajomstvo pre \u017eiariv\u00fa ple\u0165 a siln\u00e9 vlasy<\/strong><\/h2>\n<h3 data-start=\"258\" data-end=\"322\"><strong data-start=\"262\" data-end=\"322\">V\u0161estrann\u00e1 kozmetick\u00e1 esencia pre v\u0161etky vekov\u00e9 skupiny a typy pleti<\/strong><\/h3>\n<p data-start=\"324\" data-end=\"735\">Za\u017eite pr\u00edrodn\u00fd luxus <strong data-start=\"357\" data-end=\"385\">NAKAA Organick\u00e9ho mand\u013eov\u00e9ho oleja<\/strong>, jemn\u00e9ho, multifunk\u010dn\u00e9ho oleja, ktor\u00fd rob\u00ed z\u00e1zraky na pleti, vlasoch a riasach. Lisovan\u00fd za studena a 100% \u010dist\u00fd, tento pr\u00e9miov\u00fd mand\u013eov\u00fd olej je pln\u00fd vitam\u00ednov, miner\u00e1lov a mastn\u00fdch kysel\u00edn, ktor\u00e9 h\u013abkovo vy\u017eivuj\u00fa, hydratuj\u00fa a omladzuj\u00fa. \u010ci h\u013ead\u00e1te m\u00e4kk\u00fa ple\u0165, zdrav\u00e9 vlasy alebo dlh\u0161ie riasy \u2013 toto univerz\u00e1lne kozmetick\u00e9 booster je va\u0161e rie\u0161enie.<\/p>\n<h3 data-start=\"742\" data-end=\"786\"><strong data-start=\"746\" data-end=\"786\">Pre\u010do si vybra\u0165 NAKAA Organick\u00fd mand\u013eov\u00fd olej?<\/strong><\/h3>\n<h4 data-start=\"788\" data-end=\"832\"><strong data-start=\"793\" data-end=\"832\">1. Bezpe\u010dn\u00fd pre v\u0161etky typy pleti a vekov\u00e9 skupiny<\/strong><\/h4>\n<p data-start=\"833\" data-end=\"1066\">NAKAA Mand\u013eov\u00fd olej je jemn\u00fd a dostato\u010dne m\u00e4kk\u00fd pre doj\u010dat\u00e1, no z\u00e1rove\u0148 dostato\u010dne siln\u00fd na o\u017eivenie dospelej pleti. Pom\u00e1ha zmier\u0148ova\u0165 be\u017en\u00e9 probl\u00e9my ako suchos\u0165, za\u010dervenanie a dokonca aj stavy ako seboroick\u00e1 dermatit\u00edda. Ide\u00e1lny pre citliv\u00fa ple\u0165!<\/p>\n<h4 data-start=\"1068\" data-end=\"1108\"><strong data-start=\"1073\" data-end=\"1108\">2. Podlo\u017een\u00fd st\u00e1ro\u010diami d\u00f4very<\/strong><\/h4>\n<p data-start=\"1109\" data-end=\"1350\">Pou\u017e\u00edvan\u00fd viac ako 8 000 rokov v pr\u00edrodn\u00fdch kozmetick\u00fdch ritu\u00e1loch, mand\u013eov\u00fd olej zost\u00e1va jedn\u00fdm z najob\u013e\u00fabenej\u0161\u00edch rie\u0161en\u00ed pre starostlivos\u0165 o ple\u0165 na svete. Teraz dostupn\u00fd v modernej, \u010distej formule \u2013 NAKAA prin\u00e1\u0161a starovek\u00e9 tajomstvo do va\u0161ej dennej rutiny s neprekonate\u013enou \u010distotou.<\/p>\n<h4 data-start=\"1352\" data-end=\"1398\"><strong data-start=\"1357\" data-end=\"1398\">3. Posil\u0148uje vlasy a podporuje rast<\/strong><\/h4>\n<p data-start=\"1399\" data-end=\"1593\">Bohat\u00fd na esenci\u00e1lne \u017eiviny, tento olej prenik\u00e1 hlboko, aby posilnil poko\u017eku hlavy, opravil po\u0161koden\u00e9 pramene a podporil prirodzen\u00fd rast vlasov. V\u00fdsledok? Leskej\u0161ie, silnej\u0161ie a lep\u0161ie ovl\u00e1date\u013en\u00e9 vlasy.<\/p>\n<h4 data-start=\"1595\" data-end=\"1641\"><strong data-start=\"1600\" data-end=\"1641\">4. Ide\u00e1lny pre aromaterapiu a mas\u00e1\u017ee<\/strong><\/h4>\n<p data-start=\"1642\" data-end=\"1842\">V\u010faka svojej \u013eahkej text\u00fare a jemnej v\u00f4ni je NAKAA Mand\u013eov\u00fd olej perfektnou z\u00e1klad\u0148ou na mie\u0161anie s esenci\u00e1lnymi olejmi. Pou\u017eite ho na mas\u00e1\u017ee alebo v aromaterapii pre upokojuj\u00faci, ple\u0165ovo \u0161etrn\u00fd z\u00e1\u017eitok.<\/p>\n<h3 data-start=\"1849\" data-end=\"1878\"><strong data-start=\"1853\" data-end=\"1878\">V\u00fdhody na prv\u00fd poh\u013ead:<\/strong><\/h3>\n<ul data-start=\"1880\" data-end=\"2280\">\n<li data-start=\"1880\" data-end=\"1976\">\n<p data-start=\"1882\" data-end=\"1976\"><strong data-start=\"1882\" data-end=\"1914\">H\u013abkovo zvlh\u010duje such\u00fa ple\u0165:<\/strong> R\u00fdchlo sa vstreb\u00e1va, zm\u00e4k\u010duje a hydratuje bez mastn\u00e9ho pocitu.<\/p>\n<\/li>\n<li data-start=\"1977\" data-end=\"2076\">\n<p data-start=\"1979\" data-end=\"2076\"><strong data-start=\"1979\" data-end=\"2005\">Bojuje proti zn\u00e1mkam starnutia:<\/strong> Pln\u00fd vitam\u00ednu E a karot\u00e9nov na redukciu jemn\u00fdch liniek a vr\u00e1sok.<\/p>\n<\/li>\n<li data-start=\"2077\" data-end=\"2189\">\n<p data-start=\"2079\" data-end=\"2189\"><strong data-start=\"2079\" data-end=\"2112\">Opravuje a posil\u0148uje vlasy:<\/strong> O\u017eivuje nudn\u00e9, tenk\u00e9 alebo krehk\u00e9 vlasy esenci\u00e1lnymi mastn\u00fdmi kyselinami a miner\u00e1lmi.<\/p>\n<\/li>\n<li data-start=\"2190\" data-end=\"2280\">\n<p data-start=\"2192\" data-end=\"2280\"><strong data-start=\"2192\" data-end=\"2220\">Podporuje rast rias:<\/strong> Nan\u00e1\u0161ajte ve\u010der pre vidite\u013ene hrub\u0161ie, pln\u0161ie riasy v priebehu \u010dasu.<\/p>\n<\/li>\n<\/ul>\n<h3 data-start=\"2287\" data-end=\"2306\"><strong data-start=\"2291\" data-end=\"2306\">Ako pou\u017e\u00edva\u0165:<\/strong><\/h3>\n<ul data-start=\"2308\" data-end=\"2666\">\n<li data-start=\"2308\" data-end=\"2432\">\n<p data-start=\"2310\" data-end=\"2432\"><strong data-start=\"2310\" data-end=\"2323\">Na ple\u0165:<\/strong> Naneste nieko\u013eko kvapiek priamo na \u010dist\u00fa ple\u0165. Jemne mas\u00edrujte. M\u00f4\u017ee sa pou\u017e\u00edva\u0165 denne ako hydrata\u010dn\u00fd kr\u00e9m na tv\u00e1r alebo telo.<\/p>\n<\/li>\n<li data-start=\"2433\" data-end=\"2562\">\n<p data-start=\"2435\" data-end=\"2562\"><strong data-start=\"2435\" data-end=\"2448\">Na vlasy:<\/strong> Mas\u00edrujte do poko\u017eky hlavy a cez vlasov\u00e9 pramene. Nechajte p\u00f4sobi\u0165 cez noc alebo naneste po umyt\u00ed pre extra lesk a hebkos\u0165.<\/p>\n<\/li>\n<li data-start=\"2563\" data-end=\"2666\">\n<p data-start=\"2565\" data-end=\"2666\"><strong data-start=\"2565\" data-end=\"2583\">Na riasy:<\/strong> Ponorte \u010dist\u00fa kefku na riasenku do mand\u013eov\u00e9ho oleja a jemne potrite riasy pred span\u00edm.<\/p>\n<\/li>\n<\/ul>\n<h3 data-start=\"2673\" data-end=\"2697\"><strong data-start=\"2677\" data-end=\"2697\">K\u013e\u00fa\u010dov\u00e9 ingrediencie:<\/strong><\/h3>\n<ul data-start=\"2699\" data-end=\"3009\">\n<li data-start=\"2699\" data-end=\"2760\">\n<p data-start=\"2701\" data-end=\"2760\"><strong data-start=\"2701\" data-end=\"2727\">78% \u013dahk\u00fdch mastn\u00fdch kysel\u00edn:<\/strong> Na h\u013abkov\u00e9 vy\u017eivenie pleti a vlasov.<\/p>\n<\/li>\n<li data-start=\"2761\" data-end=\"2840\">\n<p data-start=\"2763\" data-end=\"2840\"><strong data-start=\"2763\" data-end=\"2804\">Aminokyseliny a dus\u00edkat\u00e9 l\u00e1tky:<\/strong> Pom\u00e1haj\u00fa stimulova\u0165 zdrav\u00fd rast vlasov.<\/p>\n<\/li>\n<li data-start=\"2841\" data-end=\"2921\">\n<p data-start=\"2843\" data-end=\"2921\"><strong data-start=\"2843\" data-end=\"2875\">Vitam\u00edny (E, B2, Karot\u00e9ny):<\/strong> Podporuj\u00fa hladk\u00fa ple\u0165 a siln\u00e9, \u017eiariv\u00e9 vlasy.<\/p>\n<\/li>\n<li data-start=\"2922\" data-end=\"3009\">\n<p data-start=\"2924\" data-end=\"3009\"><strong data-start=\"2924\" data-end=\"2947\">Esenci\u00e1lne miner\u00e1ly:<\/strong> Posil\u0148uj\u00fa ple\u0165 a obnovuj\u00fa vitalitu unaven\u00fdm vlasom a poko\u017eke hlavy.<\/p>\n<\/li>\n<\/ul>\n<h3 data-start=\"3433\" data-end=\"3492\"><strong data-start=\"3437\" data-end=\"3492\">Z\u00e1ver: Objavte prirodzen\u00fd lesk, ktor\u00fd si zasl\u00fa\u017eite<\/strong><\/h3>\n<p data-start=\"3494\" data-end=\"3777\">Prineste rovnov\u00e1hu a \u017eiarivos\u0165 sp\u00e4\u0165 do svojej kozmetickej rutiny s <strong data-start=\"3556\" data-end=\"3584\">NAKAA Organick\u00fdm mand\u013eov\u00fdm olejom<\/strong>.<\/p>\n<p data-start=\"3494\" data-end=\"3777\">\u010ci h\u013ead\u00e1te m\u00e4k\u0161iu ple\u0165, silnej\u0161ie vlasy alebo dlh\u0161ie riasy \u2013 tento lisovan\u00fd z\u00e1zrak je va\u0161e prirodzen\u00e9 rie\u0161enie. Vyroben\u00fd s starostlivos\u0165ou, bez chemik\u00e1li\u00ed a pln\u00fd starovekej m\u00fadrosti.<\/p>\n<p data-start=\"3779\" data-end=\"3865\"><strong data-start=\"3781\" data-end=\"3819\">K\u00fapte si dnes NAKAA Organick\u00fd mand\u013eov\u00fd olej<\/strong> a objime prirodzen\u00fa kr\u00e1su po egyptsky!<\/p>\n<p style=\"text-align: center;\">\u010eakujeme za n\u00e1kup v <em data-start=\"415\" data-end=\"431\"><a href=\"https:\/\/bazaar.express\/sk\/\">Bazaar Express<\/a><\/em> \u2013 te\u0161\u00edme sa na v\u00e1s!<\/p>\n<p style=\"text-align: center;\">Poc\u00ed\u0165te silu pr\u00edrody \u2013 \u010dist\u00e9 <a href=\"https:\/\/bazaar.express\/sk\/therapeutic-oils\/\">Terapeutick\u00e9 oleje<\/a> pre ka\u017edodenn\u00e9 wellness.<\/p>\n","protected":false},"excerpt":{"rendered":"<h3>NAKAA Organick\u00fd mand\u013eov\u00fd olej je lisovan\u00fd za studena, multifunk\u010dn\u00fd kozmetick\u00fd olej ide\u00e1lny pre ple\u0165, vlasy a riasy. Pln\u00fd esenci\u00e1lnych vitam\u00ednov a mastn\u00fdch kysel\u00edn, h\u013abkovo vy\u017eivuje, zlep\u0161uje text\u00faru a podporuje \u017eiariv\u00fd, zdrav\u00fd lesk \u2013 prirodzene.<\/h3>\n","protected":false},"featured_media":44894,"comment_status":"open","ping_status":"closed","template":"","meta":[],"product_brand":[],"product_cat":[1161,1171,1160],"product_tag":[1652,1653,1655,1654,1667],"class_list":{"0":"post-44892","1":"product","2":"type-product","3":"status-publish","4":"has-post-thumbnail","6":"product_cat-terapeuticke-oleje","7":"product_cat-prirodne-oleje-nakaa","8":"product_cat-starostlivost-o-krasu","9":"product_tag-olej","10":"product_tag-prirodny-olej","11":"product_tag-starostlivost-o-krasu","12":"product_tag-starostlivost-o-plet","13":"product_tag-zdravy","14":"pa_l-xl-135ml","15":"pa_l-xl-250ml","16":"pa_l-xl-60ml","18":"first","19":"instock","20":"sale","21":"shipping-taxable","22":"purchasable","23":"product-type-variable"},"_links":{"self":[{"href":"https:\/\/bazaar.express\/sk\/wp-json\/wp\/v2\/product\/44892","targetHints":{"allow":["GET"]}}],"collection":[{"href":"https:\/\/bazaar.express\/sk\/wp-json\/wp\/v2\/product"}],"about":[{"href":"https:\/\/bazaar.express\/sk\/wp-json\/wp\/v2\/types\/product"}],"replies":[{"embeddable":true,"href":"https:\/\/bazaar.express\/sk\/wp-json\/wp\/v2\/comments?post=44892"}],"wp:featuredmedia":[{"embeddable":true,"href":"https:\/\/bazaar.express\/sk\/wp-json\/wp\/v2\/media\/44894"}],"wp:attachment":[{"href":"https:\/\/bazaar.express\/sk\/wp-json\/wp\/v2\/media?parent=44892"}],"wp:term":[{"taxonomy":"product_brand","embeddable":true,"href":"https:\/\/bazaar.express\/sk\/wp-json\/wp\/v2\/product_brand?post=44892"},{"taxonomy":"product_cat","embeddable":true,"href":"https:\/\/bazaar.express\/sk\/wp-json\/wp\/v2\/product_cat?post=44892"},{"taxonomy":"product_tag","embeddable":true,"href":"https:\/\/bazaar.express\/sk\/wp-json\/wp\/v2\/product_tag?post=44892"}],"curies":[{"name":"wp","href":"https:\/\/api.w.org\/{rel}","templated":true}]}}