{"id":44918,"date":"2025-01-09T16:07:23","date_gmt":"2025-01-09T16:07:23","guid":{"rendered":"https:\/\/bazaar.express\/product\/hazelnut-oil-2\/"},"modified":"2026-03-01T20:42:22","modified_gmt":"2026-03-01T20:42:22","slug":"hazelnut-oil-2","status":"publish","type":"product","link":"https:\/\/bazaar.express\/sk\/produkt\/hazelnut-oil-2\/","title":{"rendered":"Organick\u00fd lieskov\u00fd olej"},"content":{"rendered":"<h2 data-start=\"224\" data-end=\"321\">Organick\u00fd lieskov\u00fd olej \u2013 NAKAA: Tajomstvo pr\u00edrody pre \u017eiariv\u00fa poko\u017eku, hodv\u00e1bne vlasy a vn\u00fatorn\u00e9 zdravie<\/h2>\n<p data-start=\"323\" data-end=\"672\">Zdvihnite svoju rutinu kr\u00e1sy a wellness s <strong data-start=\"369\" data-end=\"401\">organick\u00fdm lieskov\u00fdm olejom NAKAA<\/strong> \u2013 v\u00fdkonn\u00fdm elix\u00edrom lisovan\u00fdm za studena, nabit\u00fdm esenci\u00e1lnymi mastn\u00fdmi kyselinami, aminokyselinami a antioxidantmi. \u010ci u\u017e chcete o\u017eivi\u0165 poko\u017eku, posilni\u0165 vlasy alebo podpori\u0165 celkov\u00e9 zdravie, tento 100% \u010dist\u00fd, \u017eivinami bohat\u00fd olej je va\u0161e univerz\u00e1lne pr\u00edrodn\u00e9 rie\u0161enie.<\/p>\n<h3 data-start=\"679\" data-end=\"723\">\u00a0Pre\u010do si vybra\u0165 organick\u00fd lieskov\u00fd olej NAKAA?<\/h3>\n<p data-start=\"725\" data-end=\"1041\">N\u00e1\u0161 lieskov\u00fd olej je z\u00edskan\u00fd jemnou <strong data-start=\"772\" data-end=\"796\">met\u00f3dou lisovania za studena<\/strong>, aby sa zachovala ka\u017ed\u00e1 kvapka jeho pr\u00edrodnej v\u00fd\u017eivy. Eticky z\u00edskan\u00fd a f\u013ea\u0161kovan\u00fd v Egypte, NAKAA zaru\u010duje <strong data-start=\"899\" data-end=\"918\">pr\u00e9miov\u00fa kvalitu<\/strong> bez pr\u00edsad, bez konzervantov \u2013 len <strong data-start=\"962\" data-end=\"982\">\u010dist\u00e1 sila rastliny<\/strong>. Je ide\u00e1lny pre starostlivos\u0165 o poko\u017eku, vlasy a dokonca aj na varenie.<\/p>\n<h3 data-start=\"1048\" data-end=\"1097\">\u00a0Hlbok\u00e1 v\u00fd\u017eiva poko\u017eky a sila proti starnutiu<\/h3>\n<p data-start=\"1099\" data-end=\"1328\">Lieskov\u00fd olej je pln\u00fd <strong data-start=\"1127\" data-end=\"1157\">vitam\u00ednu E a antioxidantov<\/strong>, ktor\u00e9 pom\u00e1haj\u00fa chr\u00e1ni\u0165 poko\u017eku pred vo\u013en\u00fdmi radik\u00e1lmi a pred\u010dasn\u00fdm starnut\u00edm. Hlboko hydratuje, vyhladzuje jemn\u00e9 vr\u00e1sky a zlep\u0161uje elasticitu poko\u017eky, \u010d\u00edm sa st\u00e1va ide\u00e1lnym spojencom proti starnutiu.<\/p>\n<ul data-start=\"1330\" data-end=\"1508\">\n<li data-start=\"1330\" data-end=\"1369\">\n<p data-start=\"1332\" data-end=\"1369\"><strong data-start=\"1332\" data-end=\"1367\">Zni\u017euje vr\u00e1sky a jemn\u00e9 linky<\/strong><\/p>\n<\/li>\n<li data-start=\"1370\" data-end=\"1421\">\n<p data-start=\"1372\" data-end=\"1421\"><strong data-start=\"1372\" data-end=\"1419\">Zlep\u0161uje t\u00f3n pleti a zni\u017euje pigment\u00e1ciu<\/strong><\/p>\n<\/li>\n<li data-start=\"1422\" data-end=\"1466\">\n<p data-start=\"1424\" data-end=\"1466\"><strong data-start=\"1424\" data-end=\"1464\">Zvy\u0161uje elasticitu a obnovu buniek<\/strong><\/p>\n<\/li>\n<li data-start=\"1467\" data-end=\"1508\">\n<p data-start=\"1469\" data-end=\"1508\"><strong data-start=\"1469\" data-end=\"1508\">Chr\u00e1ni pred environment\u00e1lnym po\u0161koden\u00edm<\/strong><\/p>\n<\/li>\n<\/ul>\n<h3 data-start=\"1515\" data-end=\"1564\">\u00a0Silnej\u0161ie, lesknej\u0161ie vlasy od kore\u0148a po kon\u010dek<\/h3>\n<p data-start=\"1566\" data-end=\"1713\">\u00danenejete sa z such\u00fdch, ku\u010derav\u00fdch vlasov? Tento olej je bohat\u00fd na <strong data-start=\"1613\" data-end=\"1638\">esenci\u00e1lne mastn\u00e9 kyseliny<\/strong>, ktor\u00e9 posil\u0148uj\u00fa vlasov\u00e9 vl\u00e1kna, zabra\u0148uj\u00fa l\u00e1mavosti a obnovuj\u00fa prirodzen\u00fd lesk.<\/p>\n<ul data-start=\"1715\" data-end=\"1906\">\n<li data-start=\"1715\" data-end=\"1768\">\n<p data-start=\"1717\" data-end=\"1768\"><strong data-start=\"1717\" data-end=\"1766\">Stimuluje rast vlasov a zlep\u0161uje hustotu<\/strong><\/p>\n<\/li>\n<li data-start=\"1769\" data-end=\"1817\">\n<p data-start=\"1771\" data-end=\"1817\"><strong data-start=\"1771\" data-end=\"1815\">Obnovuje vlhkos\u0165 such\u00fdm alebo po\u0161koden\u00fdm vlasom<\/strong><\/p>\n<\/li>\n<li data-start=\"1818\" data-end=\"1864\">\n<p data-start=\"1820\" data-end=\"1864\"><strong data-start=\"1820\" data-end=\"1862\">Upokojuje poko\u017eku hlavy a zni\u017euje lupiny<\/strong><\/p>\n<\/li>\n<li data-start=\"1865\" data-end=\"1906\">\n<p data-start=\"1867\" data-end=\"1906\"><strong data-start=\"1867\" data-end=\"1906\">Zabra\u0148uje \u0161tiepeniu kon\u010dekov a dod\u00e1va lesk<\/strong><\/p>\n<\/li>\n<\/ul>\n<h3 data-start=\"1913\" data-end=\"1973\">\u00a0Vn\u00fatorn\u00e9 zdravie: Palivo pre telo zvn\u00fatra von<\/h3>\n<p data-start=\"1975\" data-end=\"2102\">Viac ne\u017e len starostlivos\u0165 o kr\u00e1su, <strong data-start=\"2003\" data-end=\"2039\">lieskov\u00fd olej je posil\u0148ova\u010d zdravia<\/strong>. Jeho vysok\u00fd obsah hor\u010d\u00edka, v\u00e1pnika, \u017eeleza a zinku podporuje:<\/p>\n<ul data-start=\"2104\" data-end=\"2291\">\n<li data-start=\"2104\" data-end=\"2164\">\n<p data-start=\"2106\" data-end=\"2164\"><strong data-start=\"2106\" data-end=\"2162\">Silnej\u0161iu imunitu a prirodzen\u00e9 zn\u00ed\u017eenie z\u00e1palu<\/strong><\/p>\n<\/li>\n<li data-start=\"2165\" data-end=\"2195\">\n<p data-start=\"2167\" data-end=\"2195\"><strong data-start=\"2167\" data-end=\"2193\">Zdravie srdca a mozgu<\/strong><\/p>\n<\/li>\n<li data-start=\"2196\" data-end=\"2240\">\n<p data-start=\"2198\" data-end=\"2240\"><strong data-start=\"2198\" data-end=\"2238\">Zlep\u0161en\u00e9 tr\u00e1venie a hladiny energie<\/strong><\/p>\n<\/li>\n<li data-start=\"2241\" data-end=\"2291\">\n<p data-start=\"2243\" data-end=\"2291\"><strong data-start=\"2243\" data-end=\"2291\">Antioxidantov\u00e1 ochrana na zn\u00ed\u017eenie rizika rakoviny<\/strong><\/p>\n<\/li>\n<\/ul>\n<h3 data-start=\"2298\" data-end=\"2342\">\u00a0Ako pou\u017e\u00edva\u0165 organick\u00fd lieskov\u00fd olej NAKAA<\/h3>\n<p data-start=\"2344\" data-end=\"2651\"><strong data-start=\"2344\" data-end=\"2357\">Pre poko\u017eku:<\/strong> Naneste nieko\u013eko kvapiek na \u010dist\u00fa poko\u017eku denne. Pou\u017e\u00edvajte ako hydrata\u010dn\u00fd kr\u00e9m alebo pridajte do rutiny proti starnutiu.<br data-start=\"2458\" data-end=\"2461\" \/><strong data-start=\"2461\" data-end=\"2474\">Pre vlasy:<\/strong> Vmas\u00edrujte do poko\u017eky hlavy a vlasov; nechajte p\u00f4sobi\u0165 30 min\u00fat alebo cez noc, potom umyte.<br data-start=\"2553\" data-end=\"2556\" \/><strong data-start=\"2556\" data-end=\"2572\">Na varenie:<\/strong> Pridajte ly\u017eicu do \u0161al\u00e1tov, smoothies alebo dressingov, aby ste si u\u017eili jeho bohat\u00e9 \u017eiviny.<\/p>\n<h3 data-start=\"3129\" data-end=\"3180\">\u00a0Pre\u010do miluj\u00fa z\u00e1kazn\u00edci organick\u00fd lieskov\u00fd olej NAKAA<\/h3>\n<ul data-start=\"3182\" data-end=\"3449\">\n<li data-start=\"3182\" data-end=\"3246\">\n<p data-start=\"3184\" data-end=\"3246\">100% <strong data-start=\"3189\" data-end=\"3215\">lisovan\u00fd za studena a organick\u00fd<\/strong> \u2013 bez chemik\u00e1li\u00ed, len pr\u00edroda.<\/p>\n<\/li>\n<li data-start=\"3247\" data-end=\"3315\">\n<p data-start=\"3249\" data-end=\"3315\"><strong data-start=\"3249\" data-end=\"3265\">V\u0161estrann\u00fd<\/strong> \u2013 Ide\u00e1lny pre poko\u017eku, vlasy a v\u00fd\u017eivov\u00e9 zdravie.<\/p>\n<\/li>\n<li data-start=\"3316\" data-end=\"3396\">\n<p data-start=\"3318\" data-end=\"3396\"><strong data-start=\"3318\" data-end=\"3355\">Eticky z\u00edskan\u00fd a vyroben\u00fd v Egypte<\/strong> \u2013 Udr\u017eate\u013ene vyroben\u00fd s integritou.<\/p>\n<\/li>\n<li data-start=\"3397\" data-end=\"3449\">\n<p data-start=\"3399\" data-end=\"3449\"><strong data-start=\"3399\" data-end=\"3414\">V\u00fdborn\u00e1 hodnota<\/strong> \u2013 Pr\u00e9miov\u00e1 kvalita za f\u00e9rov\u00fa cenu.<\/p>\n<\/li>\n<\/ul>\n<h3 data-start=\"3456\" data-end=\"3518\">\u00a0Z\u00e1ver: Va\u0161a pr\u00edrodn\u00e1 vo\u013eba pre kr\u00e1su a zdravie<\/h3>\n<p data-start=\"3520\" data-end=\"3774\">\u010ci u\u017e chcete obnovi\u0165 svoj lesk, opravi\u0165 vlasy alebo naplni\u0165 telo najlep\u0161\u00edm z pr\u00edrody, <strong data-start=\"3621\" data-end=\"3651\">organick\u00fd lieskov\u00fd olej NAKAA<\/strong> je rie\u0161en\u00edm. Prijmite tento starovek\u00fd, \u017eivinami bohat\u00fd prostriedok a za\u017eite vidite\u013en\u00fa transform\u00e1ciu u\u017e od prv\u00e9ho pou\u017eitia.<\/p>\n<blockquote data-start=\"3776\" data-end=\"3832\">\n<p data-start=\"3778\" data-end=\"3832\"><strong data-start=\"3778\" data-end=\"3832\">Vysk\u00fa\u0161ajte ho dnes \u2013 a vy\u017eivte svoju kr\u00e1su pr\u00edrodne.<\/strong><\/p>\n<\/blockquote>\n<p style=\"text-align: center;\">\u010eakujeme za n\u00e1kup v <em data-start=\"415\" data-end=\"431\"><a href=\"https:\/\/bazaar.express\/sk\/\">Bazaar Express<\/a><\/em> \u2013 te\u0161\u00edme sa na v\u00e1s!<\/p>\n<p style=\"text-align: center;\">C\u00edtte silu pr\u00edrody \u2014 \u010dist\u00e9 <a href=\"https:\/\/bazaar.express\/sk\/therapeutic-oils\/\">terapeutick\u00e9 oleje<\/a> pre ka\u017edodenn\u00e9 zdravie.<\/p>\n","protected":false},"excerpt":{"rendered":"<h3 data-start=\"488\" data-end=\"765\">Organick\u00fd lieskov\u00fd olej NAKAA je 100% \u010dist\u00fd olej lisovan\u00fd za studena, pln\u00fd esenci\u00e1lnych mastn\u00fdch kysel\u00edn, aminokysel\u00edn a antioxidantov. Ide\u00e1lny na v\u00fd\u017eivu poko\u017eky, posilnenie vlasov a podporu celkov\u00e9ho zdravia, tento v\u0161estrann\u00fd olej je va\u0161e univerz\u00e1lne rie\u0161enie pre kr\u00e1su a wellness.<\/h3>\n","protected":false},"featured_media":44920,"comment_status":"open","ping_status":"closed","template":"","meta":[],"product_brand":[],"product_cat":[1161,1171,1160],"product_tag":[1652,1653,1655,1654],"class_list":{"0":"post-44918","1":"product","2":"type-product","3":"status-publish","4":"has-post-thumbnail","6":"product_cat-terapeuticke-oleje","7":"product_cat-prirodne-oleje-nakaa","8":"product_cat-starostlivost-o-krasu","9":"product_tag-olej","10":"product_tag-prirodny-olej","11":"product_tag-starostlivost-o-krasu","12":"product_tag-starostlivost-o-plet","13":"pa_l-xl-135ml","14":"pa_l-xl-250ml","15":"pa_l-xl-60ml","17":"first","18":"instock","19":"sale","20":"shipping-taxable","21":"purchasable","22":"product-type-variable"},"_links":{"self":[{"href":"https:\/\/bazaar.express\/sk\/wp-json\/wp\/v2\/product\/44918","targetHints":{"allow":["GET"]}}],"collection":[{"href":"https:\/\/bazaar.express\/sk\/wp-json\/wp\/v2\/product"}],"about":[{"href":"https:\/\/bazaar.express\/sk\/wp-json\/wp\/v2\/types\/product"}],"replies":[{"embeddable":true,"href":"https:\/\/bazaar.express\/sk\/wp-json\/wp\/v2\/comments?post=44918"}],"wp:featuredmedia":[{"embeddable":true,"href":"https:\/\/bazaar.express\/sk\/wp-json\/wp\/v2\/media\/44920"}],"wp:attachment":[{"href":"https:\/\/bazaar.express\/sk\/wp-json\/wp\/v2\/media?parent=44918"}],"wp:term":[{"taxonomy":"product_brand","embeddable":true,"href":"https:\/\/bazaar.express\/sk\/wp-json\/wp\/v2\/product_brand?post=44918"},{"taxonomy":"product_cat","embeddable":true,"href":"https:\/\/bazaar.express\/sk\/wp-json\/wp\/v2\/product_cat?post=44918"},{"taxonomy":"product_tag","embeddable":true,"href":"https:\/\/bazaar.express\/sk\/wp-json\/wp\/v2\/product_tag?post=44918"}],"curies":[{"name":"wp","href":"https:\/\/api.w.org\/{rel}","templated":true}]}}