{"id":44924,"date":"2025-01-09T15:31:03","date_gmt":"2025-01-09T15:31:03","guid":{"rendered":"https:\/\/bazaar.express\/product\/flax-seed-oil-2\/"},"modified":"2025-01-09T15:31:03","modified_gmt":"2025-01-09T15:31:03","slug":"flax-seed-oil-2","status":"publish","type":"product","link":"https:\/\/bazaar.express\/sk\/produkt\/flax-seed-oil-2\/","title":{"rendered":"Organick\u00fd olej z \u013eanov\u00fdch semien"},"content":{"rendered":"<h2 data-start=\"323\" data-end=\"422\">NAKAA Organick\u00fd olej z \u013eanov\u00fdch semien \u2013 Pr\u00edrodn\u00e9 tajomstvo pre vit\u00e1lne zdravie, \u017eiariv\u00fa poko\u017eku a siln\u00e9 vlasy<\/h2>\n<p data-start=\"424\" data-end=\"866\">Objavte ultim\u00e1tnu podporu pre wellness s <strong data-start=\"466\" data-end=\"497\">NAKAA Organick\u00fdm olejom z \u013eanov\u00fdch semien<\/strong>, pr\u00e9miov\u00fdm chladnotlakovan\u00fdm olejom vyroben\u00fdm z kvalitn\u00fdch organick\u00fdch \u013eanov\u00fdch semien. Bohat\u00fd na <strong data-start=\"577\" data-end=\"612\">omega-3 a omega-6 mastn\u00e9 kyseliny<\/strong>, vitam\u00edny A, B, E a F, tento olej je va\u0161\u00edm ka\u017edodenn\u00fdm spojencom pre lep\u0161ie zdravie srdca, hlad\u0161iu poko\u017eku, silnej\u0161ie vlasy a zlep\u0161en\u00e9 tr\u00e1venie. \u010ci ho u\u017e\u00edvate ako doplnok alebo aplikujete zvonka, tento v\u0161estrann\u00fd olej prirodzene zlep\u0161uje va\u0161u kr\u00e1su a zdravie.<\/p>\n<h3 data-start=\"873\" data-end=\"926\"> Zdravotn\u00e9 v\u00fdhody NAKAA Organick\u00e9ho oleja z \u013eanov\u00fdch semien<\/h3>\n<h4 data-start=\"928\" data-end=\"966\">\u2705 Bohat\u00fd na esenci\u00e1lne mastn\u00e9 kyseliny<\/h4>\n<p data-start=\"967\" data-end=\"1233\">N\u00e1\u0161 olej poskytuje siln\u00fa d\u00e1vku <strong data-start=\"1003\" data-end=\"1037\">alfa-linol\u00e9novej kyseliny (omega-3)<\/strong> a <strong data-start=\"1042\" data-end=\"1069\">linolovej kyseliny (omega-6)<\/strong>, esenci\u00e1lnych tukov, ktor\u00e9 telo samo nevytv\u00e1ra. Tieto \u017eiviny zlep\u0161uj\u00fa zdravie srdca, funkciu mozgu a pom\u00e1haj\u00fa regulova\u0165 z\u00e1paly v tele.<\/p>\n<h4 data-start=\"1235\" data-end=\"1264\">\u2705 Lep\u0161\u00ed ako ryb\u00ed olej<\/h4>\n<p data-start=\"1265\" data-end=\"1458\">NAKAA Organick\u00fd olej z \u013eanov\u00fdch semien obsahuje <strong data-start=\"1302\" data-end=\"1343\">dvakr\u00e1t viac nenas\u00fdten\u00fdch mastn\u00fdch kysel\u00edn<\/strong> ako ryb\u00ed olej. Je to ide\u00e1lna rastlinn\u00e1 alternat\u00edva pre vegetari\u00e1nov, veg\u00e1nov a v\u0161etk\u00fdch, ktor\u00ed h\u013eadaj\u00fa \u010dist\u00fa v\u00fd\u017eivu.<\/p>\n<h4 data-start=\"1460\" data-end=\"1491\">\u2705 Podpora kardiovaskul\u00e1rneho syst\u00e9mu<\/h4>\n<p data-start=\"1492\" data-end=\"1671\">V\u00fdskum ukazuje, \u017ee olej z \u013eanov\u00fdch semien m\u00f4\u017ee <strong data-start=\"1524\" data-end=\"1566\">zn\u00ed\u017ei\u0165 riziko m\u0155tvice a\u017e o 40 %<\/strong>. Pom\u00e1ha tie\u017e zni\u017eova\u0165 zl\u00fd cholesterol (LDL), regulova\u0165 krvn\u00fd tlak a podporova\u0165 celkov\u00e9 zdravie srdca.<\/p>\n<h4 data-start=\"1673\" data-end=\"1709\">\u2705 \u017diariv\u00e1 poko\u017eka a zdrav\u00e9 vlasy<\/h4>\n<p data-start=\"1710\" data-end=\"1918\">Tento olej je bohat\u00fd na <strong data-start=\"1730\" data-end=\"1743\">vitam\u00edn E<\/strong>, siln\u00fd antioxidant, ktor\u00fd bojuje proti zn\u00e1mkam starnutia, obnovuje hydrat\u00e1ciu poko\u017eky a podporuje rast vlasov. Posil\u0148uje aj nechty a dod\u00e1va prirodzene \u017eiariv\u00fd vzh\u013ead.<\/p>\n<h4 data-start=\"1920\" data-end=\"1948\">\u2705 Pom\u00e1ha pri chudnut\u00ed<\/h4>\n<p data-start=\"1949\" data-end=\"2124\">Podporuje zdrav\u00fa kontrolu hmotnosti zv\u00fd\u0161en\u00edm metabolizmu tukov a rozkladom ulo\u017een\u00fdch tukov. <strong data-start=\"2052\" data-end=\"2065\">Vitam\u00edn F<\/strong> a <strong data-start=\"2070\" data-end=\"2083\">vitam\u00edn E<\/strong> spolo\u010dne bezpe\u010dne spa\u013euj\u00fa prebyto\u010dn\u00fd tuk.<\/p>\n<h4 data-start=\"2126\" data-end=\"2158\">\u2705 Pln\u00fd \u017eivotne d\u00f4le\u017eit\u00fdch \u017eiv\u00edn<\/h4>\n<p data-start=\"2159\" data-end=\"2289\">Naplnen\u00fd <strong data-start=\"2171\" data-end=\"2195\">vitam\u00ednmi A, B a F<\/strong>, podporuje rovnomern\u00fd t\u00f3n poko\u017eky, zdrav\u00fa nervov\u00fa funkciu, siln\u00e9 nechty a mladistv\u00fd vzh\u013ead poko\u017eky.<\/p>\n<h4 data-start=\"2291\" data-end=\"2318\">\u2705 Podpora tr\u00e1venia<\/h4>\n<p data-start=\"2319\" data-end=\"2496\">NAKAA Organick\u00fd olej z \u013eanov\u00fdch semien p\u00f4sob\u00ed ako <strong data-start=\"2358\" data-end=\"2386\">jemn\u00e9 prirodzen\u00e9 preh\u00e1\u0148adlo<\/strong>. Zlep\u0161uje zdravie \u010driev, u\u013eah\u010duje z\u00e1pchu a zmier\u0148uje z\u00e1paly tr\u00e1venia, ako je gastrit\u00edda a vredy.<\/p>\n<h4 data-start=\"2498\" data-end=\"2532\">\u2705 Chr\u00e1ni pe\u010de\u0148 a pankreas<\/h4>\n<p data-start=\"2533\" data-end=\"2683\">Pom\u00e1ha udr\u017eiava\u0165 zdravie pe\u010dene bojom proti tu\u010dnej pe\u010deni, hepatit\u00edde a cirh\u00f3ze. Tie\u017e podporuje regul\u00e1ciu hladiny cukru v krvi u diabetikov.<\/p>\n<h4 data-start=\"2685\" data-end=\"2718\">\u2705 Siln\u00fd protiz\u00e1palov\u00fd \u00fa\u010dinok<\/h4>\n<p data-start=\"2719\" data-end=\"2894\">Protiz\u00e1palov\u00e9 vlastnosti ho robia ide\u00e1lnym pre <strong data-start=\"2770\" data-end=\"2795\">bolesti k\u013abov, artrit\u00eddu<\/strong> a dokonca <strong data-start=\"2806\" data-end=\"2830\">hojenie po oper\u00e1cii<\/strong>. Ur\u00fdch\u013euje hojenie r\u00e1n a zmier\u0148uje ko\u017en\u00e9 probl\u00e9my.<\/p>\n<h3 data-start=\"2901\" data-end=\"2946\"> Ako pou\u017e\u00edva\u0165 NAKAA Organick\u00fd olej z \u013eanov\u00fdch semien<\/h3>\n<ul data-start=\"2948\" data-end=\"3459\">\n<li data-start=\"2948\" data-end=\"3069\">\n<p data-start=\"2950\" data-end=\"3069\"><strong data-start=\"2950\" data-end=\"2973\">Pre v\u0161eobecn\u00e9 zdravie:<\/strong> U\u017e\u00edvajte 1 \u010dajov\u00fa ly\u017ei\u010dku 2\u20133 kr\u00e1t denne, 20 min\u00fat pred jedlom, po dobu 3\u20134 t\u00fd\u017ed\u0148ov. Opakujte ka\u017ed\u00e9 3 mesiace.<\/p>\n<\/li>\n<li data-start=\"3070\" data-end=\"3165\">\n<p data-start=\"3072\" data-end=\"3165\"><strong data-start=\"3072\" data-end=\"3090\">Pre tr\u00e1venie:<\/strong> U\u017e\u00edvajte 1\u20132 polievkov\u00e9 ly\u017eice pred span\u00edm na u\u013eah\u010denie z\u00e1pchy alebo pridajte do jedla denne.<\/p>\n<\/li>\n<li data-start=\"3166\" data-end=\"3259\">\n<p data-start=\"3168\" data-end=\"3259\"><strong data-start=\"3168\" data-end=\"3188\">Pre poko\u017eku a vlasy:<\/strong> Aplikujte zvonka na tv\u00e1r, telo alebo poko\u017eku hlavy na hlbok\u00e9 v\u00fd\u017eivenie a hydrat\u00e1ciu.<\/p>\n<\/li>\n<li data-start=\"3260\" data-end=\"3367\">\n<p data-start=\"3262\" data-end=\"3367\"><strong data-start=\"3262\" data-end=\"3290\">Pre pe\u010de\u0148 a cholesterol:<\/strong> U\u017e\u00edvajte 1 \u010dajov\u00fa ly\u017ei\u010dku s jedlom po dobu 2\u20133 t\u00fd\u017ed\u0148ov na zn\u00ed\u017eenie LDL a podporu funkcie pe\u010dene.<\/p>\n<\/li>\n<li data-start=\"3368\" data-end=\"3459\">\n<p data-start=\"3370\" data-end=\"3459\"><strong data-start=\"3370\" data-end=\"3387\">Pre zotavenie:<\/strong> Pou\u017e\u00edvajte po oper\u00e1cii na zn\u00ed\u017eenie z\u00e1palu a prirodzen\u00e9 ur\u00fdchlenie hojenia.<\/p>\n<\/li>\n<\/ul>\n<h3 data-start=\"3466\" data-end=\"3512\"> Pre\u010do si vybra\u0165 NAKAA Organick\u00fd olej z \u013eanov\u00fdch semien?<\/h3>\n<h4 data-start=\"3514\" data-end=\"3543\"> Chladnotlakovan\u00fd a \u010dist\u00fd<\/h4>\n<p data-start=\"3544\" data-end=\"3679\">Extrahovan\u00fd <strong data-start=\"3564\" data-end=\"3585\">met\u00f3dou chladn\u00e9ho lisovania<\/strong>, n\u00e1\u0161 olej si zachov\u00e1va v\u0161etky prirodzen\u00e9 \u017eiviny a \u010distotu \u2013 bez tepla, bez pr\u00edsad, bez chemik\u00e1li\u00ed.<\/p>\n<h4 data-start=\"3681\" data-end=\"3708\"> Etick\u00fd a organick\u00fd<\/h4>\n<p data-start=\"3709\" data-end=\"3813\">Z\u00edskan\u00fd z najlep\u0161\u00edch ne-GMO organick\u00fdch \u013eanov\u00fdch semien a vyroben\u00fd pod\u013ea pr\u00edsnych \u0161tandardov kvality v Egypte.<\/p>\n<h4 data-start=\"3815\" data-end=\"3849\"> V\u0161estrann\u00fd a \u00fa\u010dinn\u00fd<\/h4>\n<p data-start=\"3850\" data-end=\"3981\">\u010ci ho pou\u017e\u00edvate na vn\u00fatorn\u00e9 zdravie alebo vonkaj\u0161iu kr\u00e1su, tento olej pokr\u00fdva v\u0161etko: srdce, pe\u010de\u0148, poko\u017eku, vlasy, tr\u00e1venie a \u010fal\u0161ie.<\/p>\n<h3 data-start=\"3988\" data-end=\"4020\">\u2753 \u010casto kladen\u00e9 ot\u00e1zky<\/h3>\n<p data-start=\"4022\" data-end=\"4128\"><strong data-start=\"4022\" data-end=\"4077\">Ot\u00e1zka: Je tento olej vhodn\u00fd pre veg\u00e1nov a vegetari\u00e1nov?<\/strong><br data-start=\"4077\" data-end=\"4080\" \/>\u00c1no. Je 100 % rastlinn\u00fd a bez r\u00fdb.<\/p>\n<p data-start=\"4130\" data-end=\"4281\"><strong data-start=\"4130\" data-end=\"4166\">Ot\u00e1zka: M\u00f4\u017eem vari\u0165 s olejom z \u013eanov\u00fdch semien?<\/strong><br data-start=\"4166\" data-end=\"4169\" \/>Kv\u00f4li n\u00edzkej teplote dymenia je najlep\u0161\u00ed na <strong data-start=\"4211\" data-end=\"4228\">pou\u017eitie za studena<\/strong> \u2013 pridajte ho do \u0161al\u00e1tov, smoothies alebo polejte jedl\u00e1.<\/p>\n<p data-start=\"4283\" data-end=\"4433\"><strong data-start=\"4283\" data-end=\"4320\">Ot\u00e1zka: Pom\u00f4\u017ee mi to schudn\u00fa\u0165?<\/strong><br data-start=\"4320\" data-end=\"4323\" \/>\u00c1no! Pri pravidelnom pou\u017e\u00edvan\u00ed <strong data-start=\"4352\" data-end=\"4378\">podporuje rozklad tukov<\/strong> a pom\u00e1ha kontrolova\u0165 chu\u0165 k jedlu v r\u00e1mci vyv\u00e1\u017eenej stravy.<\/p>\n<p data-start=\"4435\" data-end=\"4549\"><strong data-start=\"4435\" data-end=\"4472\">Ot\u00e1zka: Ako dlho trv\u00e1, k\u00fdm uvid\u00edm v\u00fdsledky?<\/strong><br data-start=\"4472\" data-end=\"4475\" \/>V\u00e4\u010d\u0161ina pou\u017e\u00edvate\u013eov hl\u00e1si vidite\u013en\u00e9 zlep\u0161enia po <strong data-start=\"4517\" data-end=\"4530\">2\u20133 t\u00fd\u017ed\u0148och<\/strong> pravideln\u00e9ho pou\u017e\u00edvania.<\/p>\n<h2 data-start=\"4986\" data-end=\"5005\"> Z\u00e1ver<\/h2>\n<p data-start=\"5007\" data-end=\"5235\"><strong data-start=\"5007\" data-end=\"5038\">NAKAA Organick\u00fd olej z \u013eanov\u00fdch semien<\/strong> je viac ako doplnok \u2013 je to ka\u017edodenn\u00fd krok k silnej\u0161iemu telu, hlad\u0161ej poko\u017eke a trvalej energii. Prijmite najbohat\u0161\u00ed na \u017eiviny olej pr\u00edrody a prevezmite kontrolu nad svoj\u00edm zdrav\u00edm zvn\u00fatra von.<\/p>\n<p data-start=\"5237\" data-end=\"5322\">\ud83d\udc49 <strong data-start=\"5240\" data-end=\"5322\">Objednajte si teraz a za\u010dnite svoju transform\u00e1ciu s NAKAA \u2013 va\u0161e telo v\u00e1m bude v\u010fa\u010dn\u00e9!<\/strong><\/p>\n<p style=\"text-align: center;\">\u010eakujeme za n\u00e1kup v <em data-start=\"415\" data-end=\"431\"><a href=\"https:\/\/bazaar.express\/sk\/\">Bazaar Express<\/a><\/em> \u2013 te\u0161\u00edme sa, \u017ee ste tu!<\/p>\n<p style=\"text-align: center;\">C\u00edtte silu pr\u00edrody \u2013 \u010dist\u00e9 <a href=\"https:\/\/bazaar.express\/sk\/therapeutic-oils\/\">Terapeutick\u00e9 oleje<\/a> pre ka\u017edodenn\u00e9 wellness.<\/p>\n","protected":false},"excerpt":{"rendered":"<h3 data-start=\"418\" data-end=\"697\">Za\u017eite silu pr\u00edrody s NAKAA Organick\u00fdm olejom z \u013eanov\u00fdch semien \u2013 chladnotlakovan\u00fdm pre maxim\u00e1lne \u017eiviny. Bohat\u00fd na omega-3, vitam\u00edny A, B, E a F, tento v\u0161estrann\u00fd olej podporuje zdravie srdca, \u017eiaru poko\u017eky, silu vlasov a tr\u00e1venie. Ide\u00e1lny na denn\u00e9 u\u017e\u00edvanie alebo vonkaj\u0161ie pou\u017eitie.<\/h3>\n","protected":false},"featured_media":44926,"comment_status":"open","ping_status":"closed","template":"","meta":[],"product_brand":[],"product_cat":[1161,1171,1160],"product_tag":[1652,1653,1655,1654],"class_list":{"0":"post-44924","1":"product","2":"type-product","3":"status-publish","4":"has-post-thumbnail","6":"product_cat-terapeuticke-oleje","7":"product_cat-prirodne-oleje-nakaa","8":"product_cat-starostlivost-o-krasu","9":"product_tag-olej","10":"product_tag-prirodny-olej","11":"product_tag-starostlivost-o-krasu","12":"product_tag-starostlivost-o-plet","13":"pa_l-xl-135ml","14":"pa_l-xl-250ml","15":"pa_l-xl-60ml","17":"first","18":"instock","19":"shipping-taxable","20":"purchasable","21":"product-type-variable"},"_links":{"self":[{"href":"https:\/\/bazaar.express\/sk\/wp-json\/wp\/v2\/product\/44924","targetHints":{"allow":["GET"]}}],"collection":[{"href":"https:\/\/bazaar.express\/sk\/wp-json\/wp\/v2\/product"}],"about":[{"href":"https:\/\/bazaar.express\/sk\/wp-json\/wp\/v2\/types\/product"}],"replies":[{"embeddable":true,"href":"https:\/\/bazaar.express\/sk\/wp-json\/wp\/v2\/comments?post=44924"}],"wp:featuredmedia":[{"embeddable":true,"href":"https:\/\/bazaar.express\/sk\/wp-json\/wp\/v2\/media\/44926"}],"wp:attachment":[{"href":"https:\/\/bazaar.express\/sk\/wp-json\/wp\/v2\/media?parent=44924"}],"wp:term":[{"taxonomy":"product_brand","embeddable":true,"href":"https:\/\/bazaar.express\/sk\/wp-json\/wp\/v2\/product_brand?post=44924"},{"taxonomy":"product_cat","embeddable":true,"href":"https:\/\/bazaar.express\/sk\/wp-json\/wp\/v2\/product_cat?post=44924"},{"taxonomy":"product_tag","embeddable":true,"href":"https:\/\/bazaar.express\/sk\/wp-json\/wp\/v2\/product_tag?post=44924"}],"curies":[{"name":"wp","href":"https:\/\/api.w.org\/{rel}","templated":true}]}}