{"id":44930,"date":"2025-01-09T02:32:33","date_gmt":"2025-01-09T02:32:33","guid":{"rendered":"https:\/\/bazaar.express\/product\/castor-oil\/"},"modified":"2025-01-09T02:32:33","modified_gmt":"2025-01-09T02:32:33","slug":"castor-oil","status":"publish","type":"product","link":"https:\/\/bazaar.express\/sk\/produkt\/castor-oil\/","title":{"rendered":"Organick\u00fd ric\u00ednov\u00fd olej"},"content":{"rendered":"<h2 data-start=\"284\" data-end=\"384\">NAKAA Organick\u00fd ric\u00ednov\u00fd olej \u2013 Pr\u00edrodn\u00e9 tajomstvo pre siln\u00e9 vlasy, \u017eiariv\u00fa ple\u0165 a lep\u0161iu pohodu<\/h2>\n<h3 data-start=\"386\" data-end=\"442\">\u010co rob\u00ed NAKAA Organick\u00fd ric\u00ednov\u00fd olej nevyhnutn\u00fdm?<\/h3>\n<p data-start=\"444\" data-end=\"931\">NAKAA Organick\u00fd ric\u00ednov\u00fd olej je pr\u00e9miov\u00fd olej chladom lisovan\u00fd z semien ric\u00ednovn\u00edka (<em data-start=\"545\" data-end=\"563\">Ricinus communis<\/em>), oce\u0148ovan\u00fd po st\u00e1ro\u010dia pre svoje siln\u00e9 terapeutick\u00e9 a kozmetick\u00e9 \u00fa\u010dinky. Zn\u00e1m\u00fd ako elix\u00edr kr\u00e1sy od \u010dias starovek\u00e9ho Egypta, tento celkom pr\u00edrodn\u00fd olej je multifunk\u010dn\u00e9 rie\u0161enie pre va\u0161u ple\u0165, vlasy, nechty a dokonca aj tr\u00e1venie. \u010ci u\u017e chcete vypestova\u0165 hust\u00e9, leskl\u00e9 vlasy, lie\u010di\u0165 such\u00fa ple\u0165 alebo posilni\u0165 svoj prirodzen\u00fd lesk, tento olej m\u00e1 nie\u010do pre ka\u017ed\u00e9ho.<\/p>\n<h3 data-start=\"938\" data-end=\"991\">100 % Chladom lisovan\u00fd a organick\u00fd \u2013 Siln\u00fd a \u010dist\u00fd<\/h3>\n<p data-start=\"993\" data-end=\"1327\">Z\u00edskavame len najlep\u0161ie organick\u00e9 semen\u00e1 ric\u00ednovn\u00edka a extrahujeme olej pomocou techn\u00edk chladn\u00e9ho lisovania. T\u00fdm sa zachovaj\u00fa v\u0161etky prirodzen\u00e9 \u017eiviny oleja, vr\u00e1tane esenci\u00e1lnych mastn\u00fdch kysel\u00edn, kyseliny ric\u00ednoleovej, antioxidantov a vitam\u00ednov. Bez \u0161kodliv\u00fdch chemik\u00e1li\u00ed NAKAA Organick\u00fd ric\u00ednov\u00fd olej dod\u00e1va koncentrovan\u00fa silu priamo z pr\u00edrody.<\/p>\n<h3 data-start=\"1334\" data-end=\"1368\">O\u017eivte svoje vlasy a poko\u017eku hlavy<\/h3>\n<p data-start=\"1370\" data-end=\"1664\">Ric\u00ednov\u00fd olej je zn\u00e1my svojou \u00fa\u010dinnos\u0165ou pri podpore rastu vlasov a zlep\u0161en\u00ed zdravia poko\u017eky hlavy. Vy\u017eivuje vlasov\u00e9 folikuly, posil\u0148uje korienky a zvy\u0161uje hustotu. \u010ci u\u017e bojujete s rednut\u00edm vlasov, roz\u0161tiepen\u00fdmi kon\u010dekmi alebo suchou poko\u017ekou hlavy, tento olej pom\u00e1ha obnovi\u0165 lesk, vlhkos\u0165 a objem va\u0161ich vlasov.<\/p>\n<p data-start=\"1666\" data-end=\"1692\"><strong data-start=\"1666\" data-end=\"1692\">Hlavn\u00e9 v\u00fdhody pre vlasy:<\/strong><\/p>\n<ul data-start=\"1693\" data-end=\"1836\">\n<li data-start=\"1693\" data-end=\"1741\">\n<p data-start=\"1695\" data-end=\"1741\">Stimuluje rast vlasov a zni\u017euje vypad\u00e1vanie vlasov<\/p>\n<\/li>\n<li data-start=\"1742\" data-end=\"1790\">\n<p data-start=\"1744\" data-end=\"1790\">Posil\u0148uje a hydratuje po\u0161koden\u00e9 alebo such\u00e9 vlasy<\/p>\n<\/li>\n<li data-start=\"1791\" data-end=\"1836\">\n<p data-start=\"1793\" data-end=\"1836\">Prirodzene zahus\u0165uje obo\u010dia a riasy<\/p>\n<\/li>\n<\/ul>\n<h3 data-start=\"1843\" data-end=\"1889\">Starostlivos\u0165 o ple\u0165, ktor\u00e1 poskytuje hlbok\u00fa hydrat\u00e1ciu<\/h3>\n<p data-start=\"1891\" data-end=\"2133\">Such\u00e1, \u0161upinat\u00e1 ple\u0165? NAKAA Organick\u00fd ric\u00ednov\u00fd olej hlboko zvlh\u010duje a o\u017eivuje nudn\u00fa ple\u0165. Pom\u00e1ha zni\u017eova\u0165 vzh\u013ead jemn\u00fdch vr\u00e1sok, lie\u010di popraskan\u00fa ko\u017eu na p\u00e4t\u00e1ch, zm\u00e4k\u010duje tvrd\u00e9 miesta ako lakte a kolen\u00e1 a dokonca upokojuje podr\u00e1\u017eden\u00fa alebo zap\u00e1len\u00fa ple\u0165.<\/p>\n<p data-start=\"2135\" data-end=\"2161\"><strong data-start=\"2135\" data-end=\"2161\">Hlavn\u00e9 v\u00fdhody pre ple\u0165:<\/strong><\/p>\n<ul data-start=\"2162\" data-end=\"2309\">\n<li data-start=\"2162\" data-end=\"2208\">\n<p data-start=\"2164\" data-end=\"2208\">Minimalizuje vr\u00e1sky a obnovuje elasticitu<\/p>\n<\/li>\n<li data-start=\"2209\" data-end=\"2255\">\n<p data-start=\"2211\" data-end=\"2255\">Lie\u010di popraskan\u00fa ple\u0165 a zm\u00e4k\u010duje hrub\u00e9 oblasti<\/p>\n<\/li>\n<li data-start=\"2256\" data-end=\"2309\">\n<p data-start=\"2258\" data-end=\"2309\">Bezpe\u010dn\u00fd pre pery, nechtov\u00e9 l\u00f4\u017eka a dokonca aj akn\u00f3znu ple\u0165<\/p>\n<\/li>\n<\/ul>\n<h3 data-start=\"2316\" data-end=\"2354\">Podporuje aj vn\u00fatorn\u00fa pohodu<\/h3>\n<p data-start=\"2356\" data-end=\"2591\">NAKAA Organick\u00fd ric\u00ednov\u00fd olej p\u00f4sob\u00ed aj ako jemn\u00e9 pr\u00edrodn\u00e9 preh\u00e1\u0148adlo. Pri konzum\u00e1cii v mal\u00fdch, kontrolovan\u00fdch mno\u017estv\u00e1ch pom\u00e1ha zmier\u0148ova\u0165 z\u00e1pchu a zlep\u0161ova\u0165 zdravie tr\u00e1venia. Je to vekmi overen\u00e9 lie\u010divo podporovan\u00e9 modern\u00fdmi z\u00e1stancami pr\u00edrodn\u00e9ho zdravia.<\/p>\n<p data-start=\"2593\" data-end=\"2660\"><strong data-start=\"2593\" data-end=\"2602\">Pozn\u00e1mka:<\/strong> Pred vn\u00fatorn\u00fdm pou\u017eit\u00edm v\u017edy konzultujte s lek\u00e1rom.<\/p>\n<h3 data-start=\"2667\" data-end=\"2710\">Ako pou\u017e\u00edva\u0165 NAKAA Organick\u00fd ric\u00ednov\u00fd olej<\/h3>\n<ul data-start=\"2712\" data-end=\"3242\">\n<li data-start=\"2712\" data-end=\"2861\">\n<p data-start=\"2714\" data-end=\"2861\"><strong data-start=\"2714\" data-end=\"2734\">Pre rast vlasov:<\/strong> Zmie\u0161ajte ric\u00ednov\u00fd olej s trochou vodky (2:1), vmas\u00edrujte do poko\u017eky hlavy a nechajte p\u00f4sobi\u0165 30\u201360 min\u00fat pred umyt\u00edm. Pou\u017e\u00edvajte 1\u20132 razy t\u00fd\u017edenne.<\/p>\n<\/li>\n<li data-start=\"2862\" data-end=\"2970\">\n<p data-start=\"2864\" data-end=\"2970\"><strong data-start=\"2864\" data-end=\"2893\">Pre riasy a obo\u010dia:<\/strong> Pou\u017eite \u010dist\u00fd \u0161tetec alebo vatov\u00fa ty\u010dinku na nanesenie oleja priamo na korienky rias\/obo\u010dia.<\/p>\n<\/li>\n<li data-start=\"2971\" data-end=\"3062\">\n<p data-start=\"2973\" data-end=\"3062\"><strong data-start=\"2973\" data-end=\"2998\">Pre such\u00fa ple\u0165 a p\u00e4tu:<\/strong> Vmas\u00edrujte do pleti alebo zmie\u0161ajte s kokosov\u00fdm olejom pre lep\u0161iu hydrat\u00e1ciu.<\/p>\n<\/li>\n<li data-start=\"3063\" data-end=\"3137\">\n<p data-start=\"3065\" data-end=\"3137\"><strong data-start=\"3065\" data-end=\"3078\">Pre pery:<\/strong> Zmie\u0161ajte s vazel\u00ednou (3:1) na pr\u00edrodn\u00fd balz\u00e1m na pery.<\/p>\n<\/li>\n<li data-start=\"3138\" data-end=\"3242\">\n<p data-start=\"3140\" data-end=\"3242\"><strong data-start=\"3140\" data-end=\"3161\">Proti z\u00e1pche:<\/strong> Zmie\u0161ajte 1 \u010dajov\u00fa ly\u017ei\u010dku ric\u00ednov\u00e9ho oleja so \u010derstvou citr\u00f3novou \u0161\u0165avou pre chu\u0165, konzumujte raz pod\u013ea potreby.<\/p>\n<\/li>\n<\/ul>\n<h3 data-start=\"3249\" data-end=\"3297\"><strong data-start=\"3253\" data-end=\"3297\">Pre\u010do \u013eudia miluj\u00fa NAKAA Organick\u00fd ric\u00ednov\u00fd olej<\/strong><\/h3>\n<ul data-start=\"3299\" data-end=\"3492\">\n<li data-start=\"3299\" data-end=\"3332\">\n<p data-start=\"3301\" data-end=\"3332\">\u2705 100 % Organick\u00fd a chladom lisovan\u00fd<\/p>\n<\/li>\n<li data-start=\"3333\" data-end=\"3375\">\n<p data-start=\"3335\" data-end=\"3375\">\u2705 Bez pr\u00edsad, hex\u00e1nu alebo GMO<\/p>\n<\/li>\n<li data-start=\"3376\" data-end=\"3418\">\n<p data-start=\"3378\" data-end=\"3418\">\u2705 Vhodn\u00fd pre v\u0161etky typy pleti a vlasov<\/p>\n<\/li>\n<li data-start=\"3419\" data-end=\"3458\">\n<p data-start=\"3421\" data-end=\"3458\">\u2705 Viacfunk\u010dn\u00fd pre kr\u00e1su a pohodu<\/p>\n<\/li>\n<li data-start=\"3459\" data-end=\"3492\">\n<p data-start=\"3461\" data-end=\"3492\">\u2705 Bez krutosti a ekologick\u00fd<\/p>\n<\/li>\n<\/ul>\n<h3 data-start=\"3812\" data-end=\"3860\">Z\u00e1ver \u2013 Nech pr\u00edroda sa o v\u00e1s postar\u00e1<\/h3>\n<p data-start=\"3862\" data-end=\"4137\">Od vy\u017eivovania poko\u017eky hlavy a pleti po podporu zdravia tr\u00e1venia je <strong data-start=\"3930\" data-end=\"3958\">NAKAA Organick\u00fd ric\u00ednov\u00fd olej<\/strong> univerz\u00e1lne pr\u00edrodn\u00e9 lie\u010divo, za ktor\u00e9 v\u00e1m va\u0161e telo po\u010fakuje. Urobte z neho s\u00fa\u010das\u0165 svojej rutiny pohody dnes a objime kr\u00e1su, ktor\u00e1 prich\u00e1dza zvn\u00fatra \u2013 prirodzene a bez n\u00e1mahy.<\/p>\n<p data-start=\"4139\" data-end=\"4234\"><strong data-start=\"4139\" data-end=\"4234\">Vysk\u00fa\u0161ajte dnes NAKAA Organick\u00fd ric\u00ednov\u00fd olej \u2013 pre zdrav\u0161ie vlasy, jemnej\u0161iu ple\u0165 a trval\u00fa pohodu.<\/strong><\/p>\n<p style=\"text-align: center;\">\u010eakujeme za n\u00e1kup v <em data-start=\"415\" data-end=\"431\"><a href=\"https:\/\/bazaar.express\/sk\/\">Bazaar Express<\/a><\/em> \u2013 te\u0161\u00edme sa, \u017ee ste u n\u00e1s!<\/p>\n<p style=\"text-align: center;\">Pocitujte silu pr\u00edrody \u2014 \u010dist\u00e9 <a href=\"https:\/\/bazaar.express\/sk\/therapeutic-oils\/\">Terapeutick\u00e9 oleje<\/a> pre ka\u017edodenn\u00fa pohodu.<\/p>\n","protected":false},"excerpt":{"rendered":"<h3 data-start=\"442\" data-end=\"640\">NAKAA Organick\u00fd ric\u00ednov\u00fd olej je 100 % chladom lisovan\u00fd, bez chemik\u00e1li\u00ed olej, ktor\u00fd vy\u017eivuje vlasy, zvlh\u010duje such\u00fa ple\u0165, posil\u0148uje riasy a podporuje pohodu. Ide\u00e1lny pre pr\u00edrodn\u00e9 rutiny kr\u00e1sy a zdravia.<\/h3>\n<h3><\/h3>\n","protected":false},"featured_media":44932,"comment_status":"open","ping_status":"closed","template":"","meta":[],"product_brand":[],"product_cat":[1161,1171,1160],"product_tag":[1652,1653,1655,1654],"class_list":{"0":"post-44930","1":"product","2":"type-product","3":"status-publish","4":"has-post-thumbnail","6":"product_cat-terapeuticke-oleje","7":"product_cat-prirodne-oleje-nakaa","8":"product_cat-starostlivost-o-krasu","9":"product_tag-olej","10":"product_tag-prirodny-olej","11":"product_tag-starostlivost-o-krasu","12":"product_tag-starostlivost-o-plet","13":"pa_l-xl-135ml","14":"pa_l-xl-250ml","15":"pa_l-xl-60ml","17":"first","18":"instock","19":"sale","20":"shipping-taxable","21":"purchasable","22":"product-type-variable"},"_links":{"self":[{"href":"https:\/\/bazaar.express\/sk\/wp-json\/wp\/v2\/product\/44930","targetHints":{"allow":["GET"]}}],"collection":[{"href":"https:\/\/bazaar.express\/sk\/wp-json\/wp\/v2\/product"}],"about":[{"href":"https:\/\/bazaar.express\/sk\/wp-json\/wp\/v2\/types\/product"}],"replies":[{"embeddable":true,"href":"https:\/\/bazaar.express\/sk\/wp-json\/wp\/v2\/comments?post=44930"}],"wp:featuredmedia":[{"embeddable":true,"href":"https:\/\/bazaar.express\/sk\/wp-json\/wp\/v2\/media\/44932"}],"wp:attachment":[{"href":"https:\/\/bazaar.express\/sk\/wp-json\/wp\/v2\/media?parent=44930"}],"wp:term":[{"taxonomy":"product_brand","embeddable":true,"href":"https:\/\/bazaar.express\/sk\/wp-json\/wp\/v2\/product_brand?post=44930"},{"taxonomy":"product_cat","embeddable":true,"href":"https:\/\/bazaar.express\/sk\/wp-json\/wp\/v2\/product_cat?post=44930"},{"taxonomy":"product_tag","embeddable":true,"href":"https:\/\/bazaar.express\/sk\/wp-json\/wp\/v2\/product_tag?post=44930"}],"curies":[{"name":"wp","href":"https:\/\/api.w.org\/{rel}","templated":true}]}}