{"id":44939,"date":"2024-12-30T17:49:37","date_gmt":"2024-12-30T17:49:37","guid":{"rendered":"https:\/\/bazaar.express\/product\/cleanser\/"},"modified":"2026-03-01T20:42:26","modified_gmt":"2026-03-01T20:42:26","slug":"cleanser","status":"publish","type":"product","link":"https:\/\/bazaar.express\/sk\/produkt\/cleanser\/","title":{"rendered":"\u010cistiaci prostriedok na tv\u00e1r"},"content":{"rendered":"<h2 data-start=\"133\" data-end=\"252\">\u010cistiaci prostriedok Orgakera na tv\u00e1r s avok\u00e1dom a maslom shea \u2013 Hlbok\u00e1 hydrat\u00e1cia a jemn\u00e9 v\u00fd\u017eivovanie pre such\u00fa, citliv\u00fa ple\u0165<\/h2>\n<h3 data-start=\"254\" data-end=\"333\">\u00a0Sila pr\u00edrody v f\u013ea\u0161i \u2013 Vy\u010distite, hydratujte a o\u017eivte svoju ple\u0165 prirodzene<\/h3>\n<p data-start=\"335\" data-end=\"811\">Such\u00e1, nudn\u00e1 alebo citliv\u00e1 ple\u0165? \u010cistiaci prostriedok Orgakera na tv\u00e1r s avok\u00e1dom a maslom shea je va\u0161e ka\u017edodenn\u00e9 rie\u0161enie na \u010distenie a hydrat\u00e1ciu, pri\u010dom va\u0161u ple\u0165 vy\u017eivuje pr\u00edrodn\u00fdmi zlo\u017ekami. Bohat\u00fd na esenci\u00e1lne \u017eiviny, vitam\u00edny a antioxidanty, t\u00e1to jemn\u00e1 formula poskytuje hlbok\u00fa hydrat\u00e1ciu, odstra\u0148uje ne\u010distoty a obnovuje \u017eiaru va\u0161ej pleti. \u010ci u\u017e trp\u00edte such\u00fdmi \u0161kvrnami, \u0161upinatos\u0165ou alebo unavenou ple\u0165ou, tento \u010distiaci prostriedok va\u0161u ple\u0165 o\u017eiv\u00ed \u2013 hebk\u00fa, hladk\u00fa a \u017eiariv\u00fa.<\/p>\n<h3 data-start=\"818\" data-end=\"847\">\u00a0\u010co ho rob\u00ed v\u00fdnimo\u010dn\u00fdm?<\/h3>\n<h4 data-start=\"849\" data-end=\"886\">\u00a0Hlbok\u00e1 hydrat\u00e1cia pre such\u00fa ple\u0165<\/h4>\n<p data-start=\"887\" data-end=\"1075\">Avok\u00e1dov\u00fd olej prenik\u00e1 hlboko, dod\u00e1va vitam\u00edny A a C na doplnenie vlhkosti, upokojenie suchosti a opravu po\u0161kodenej pleti. Va\u0161a tv\u00e1r sa po ka\u017edom umyt\u00ed bude c\u00edti\u0165 m\u00e4kk\u00e1, pru\u017en\u00e1 a vy\u017eiven\u00e1.<\/p>\n<h4 data-start=\"1077\" data-end=\"1109\">\u00a0\u010cist\u00ed a revitalizuje<\/h4>\n<p data-start=\"1110\" data-end=\"1311\">Odstra\u0148uje \u0161pinu, prebyto\u010dn\u00fd olej a make-up, pri\u010dom podporuje regener\u00e1ciu pleti. S glutam\u00ednom a aminokyselinami podporuje tvorbu nov\u00fdch buniek a zlep\u0161uje cirkul\u00e1ciu \u2013 o\u017eivuje prirodzen\u00fd jas va\u0161ej pleti.<\/p>\n<h4 data-start=\"1313\" data-end=\"1346\">\u00a0Antioxidantov\u00e1 ochrana<\/h4>\n<p data-start=\"1347\" data-end=\"1528\">Tento \u010distiaci prostriedok je bohat\u00fd na antioxidanty, ktor\u00e9 bojuj\u00fa proti vo\u013en\u00fdm radik\u00e1lom sp\u00f4soben\u00fdm zne\u010disten\u00edm a slne\u010dn\u00fdm \u017eiaren\u00edm, pom\u00e1haj\u00fa predch\u00e1dza\u0165 skor\u00fdm zn\u00e1mkam starnutia a udr\u017eiavaj\u00fa ple\u0165 zdrav\u00fa a mladistv\u00fa.<\/p>\n<h4 data-start=\"1530\" data-end=\"1557\">\u00a0Upokojuje a zm\u00e4k\u010duje<\/h4>\n<p data-start=\"1558\" data-end=\"1754\">Maslo shea jemne upokojuje podr\u00e1\u017edenie a uzamyk\u00e1 vlhkos\u0165, \u010do rob\u00ed tento prostriedok ide\u00e1lnym pre citliv\u00e9 alebo such\u00e9 typy pleti. \u017diadne viac napnutej, nepohodlnej pleti po \u010disten\u00ed \u2013 len hladk\u00fd komfort, ktor\u00fd trv\u00e1.<\/p>\n<h3 data-start=\"1761\" data-end=\"1783\">\u00a0K\u013e\u00fa\u010dov\u00e9 zlo\u017eky<\/h3>\n<ul data-start=\"1785\" data-end=\"2301\">\n<li data-start=\"1785\" data-end=\"1884\">\n<p data-start=\"1787\" data-end=\"1884\"><strong data-start=\"1787\" data-end=\"1803\">Avok\u00e1dov\u00fd olej:<\/strong> Bohat\u00fd na vitam\u00edny A, C a E, hydratuje, opravuje a zlep\u0161uje elasticitu pleti.<\/p>\n<\/li>\n<li data-start=\"1885\" data-end=\"1983\">\n<p data-start=\"1887\" data-end=\"1983\"><strong data-start=\"1887\" data-end=\"1903\">Maslo shea:<\/strong> Hlboko zvlh\u010duj\u00face a upokojuj\u00face, ide\u00e1lne na obnovu suchej a podr\u00e1\u017edenej pleti.<\/p>\n<\/li>\n<li data-start=\"1984\" data-end=\"2096\">\n<p data-start=\"1986\" data-end=\"2096\"><strong data-start=\"1986\" data-end=\"2014\">Aminokyseliny a glutam\u00edn:<\/strong> Pom\u00e1haj\u00fa opravova\u0165 po\u0161koden\u00fa ple\u0165, zlep\u0161uj\u00fa krvn\u00fd obeh a stimuluj\u00fa obnovu buniek.<\/p>\n<\/li>\n<li data-start=\"2097\" data-end=\"2199\">\n<p data-start=\"2099\" data-end=\"2199\"><strong data-start=\"2099\" data-end=\"2117\">Vitam\u00edn A a C:<\/strong> Podporuj\u00fa tvorbu kolag\u00e9nu a obnovu pleti, pri\u010dom rozjas\u0148uj\u00fa ple\u0165.<\/p>\n<\/li>\n<li data-start=\"2200\" data-end=\"2301\">\n<p data-start=\"2202\" data-end=\"2301\"><strong data-start=\"2202\" data-end=\"2219\">Antioxidanty:<\/strong> Poskytuj\u00fa prirodzen\u00fa bari\u00e9ru proti environment\u00e1lnemu po\u0161kodeniu a podporuj\u00fa mladistv\u00fa ple\u0165.<\/p>\n<\/li>\n<\/ul>\n<h3 data-start=\"2308\" data-end=\"2325\">\u00a0Ako pou\u017e\u00edva\u0165<\/h3>\n<ol data-start=\"2327\" data-end=\"2646\">\n<li data-start=\"2327\" data-end=\"2379\">\n<p data-start=\"2330\" data-end=\"2379\">Navlh\u010dite tv\u00e1r teplou vodou, aby sa otvorili p\u00f3ry.<\/p>\n<\/li>\n<li data-start=\"2380\" data-end=\"2435\">\n<p data-start=\"2383\" data-end=\"2435\">Naneste ve\u013ekorys\u00e9 mno\u017estvo \u010disti\u010da na dlane.<\/p>\n<\/li>\n<li data-start=\"2436\" data-end=\"2526\">\n<p data-start=\"2439\" data-end=\"2526\">Mas\u00edrujte do tv\u00e1re kr\u00fa\u017eiv\u00fdmi pohybmi, s\u00fastre\u010fte sa na oblasti so \u0161pinou alebo make-upom.<\/p>\n<\/li>\n<li data-start=\"2527\" data-end=\"2589\">\n<p data-start=\"2530\" data-end=\"2589\">Opl\u00e1chnite vla\u017enou vodou a osu\u0161te \u010dist\u00fdm uter\u00e1kom.<\/p>\n<\/li>\n<li data-start=\"2590\" data-end=\"2646\">\n<p data-start=\"2593\" data-end=\"2646\">Pou\u017e\u00edvajte dvakr\u00e1t denne \u2013 r\u00e1no a ve\u010der \u2013 pre najlep\u0161ie v\u00fdsledky.<\/p>\n<\/li>\n<\/ol>\n<h3 data-start=\"2653\" data-end=\"2668\">\u00a0Upozornenia<\/h3>\n<ul data-start=\"2670\" data-end=\"3013\">\n<li data-start=\"2670\" data-end=\"2696\">\n<p data-start=\"2672\" data-end=\"2696\">Len na vonkaj\u0161ie pou\u017eitie.<\/p>\n<\/li>\n<li data-start=\"2697\" data-end=\"2779\">\n<p data-start=\"2699\" data-end=\"2779\">Vyhnite sa kontaktu s o\u010dami. Ak sa dostane do o\u010d\u00ed, d\u00f4kladne opl\u00e1chnite vodou.<\/p>\n<\/li>\n<li data-start=\"2780\" data-end=\"2856\">\n<p data-start=\"2782\" data-end=\"2856\">Preru\u0161te pou\u017e\u00edvanie, ak d\u00f4jde k podr\u00e1\u017edeniu. Ak je to potrebn\u00e9, konzultujte s dermatol\u00f3gom.<\/p>\n<\/li>\n<li data-start=\"2857\" data-end=\"2891\">\n<p data-start=\"2859\" data-end=\"2891\">Dr\u017ete mimo dosahu det\u00ed.<\/p>\n<\/li>\n<li data-start=\"2892\" data-end=\"2949\">\n<p data-start=\"2894\" data-end=\"2949\">Skladujte na chladnom, suchom mieste mimo priameho slne\u010dn\u00e9ho \u017eiarenia.<\/p>\n<\/li>\n<li data-start=\"2950\" data-end=\"3013\">\n<p data-start=\"2952\" data-end=\"3013\">Pre citliv\u00fa ple\u0165 alebo zn\u00e1me alergie sa odpor\u00fa\u010da test na malej ploche.<\/p>\n<\/li>\n<\/ul>\n<h3 data-start=\"3020\" data-end=\"3092\">\u00a0Pre\u010do si vybra\u0165 \u010distiaci prostriedok Orgakera na tv\u00e1r s avok\u00e1dom a maslom shea?<\/h3>\n<ul data-start=\"3094\" data-end=\"3426\">\n<li data-start=\"3094\" data-end=\"3171\">\n<p data-start=\"3096\" data-end=\"3171\"><strong data-start=\"3099\" data-end=\"3129\">Hydratuje a lie\u010di such\u00fa ple\u0165:<\/strong> Ide\u00e1lne pre such\u00e9 alebo citliv\u00e9 typy pleti<\/p>\n<\/li>\n<li data-start=\"3172\" data-end=\"3255\">\n<p data-start=\"3174\" data-end=\"3255\"><strong data-start=\"3177\" data-end=\"3202\">Vy\u017eivuj\u00face a pr\u00edrodn\u00e9:<\/strong> Obohaten\u00e9 o zlo\u017eky rastlinn\u00e9ho p\u00f4vodu a vitam\u00edny<\/p>\n<\/li>\n<li data-start=\"3256\" data-end=\"3334\">\n<p data-start=\"3258\" data-end=\"3334\"><strong data-start=\"3261\" data-end=\"3286\">Jemn\u00e9, ale \u00fa\u010dinn\u00e9:<\/strong> Odstra\u0148uje ne\u010distoty bez odstra\u0148ovania vlhkosti<\/p>\n<\/li>\n<li data-start=\"3335\" data-end=\"3426\">\n<p data-start=\"3337\" data-end=\"3426\"><strong data-start=\"3340\" data-end=\"3355\">Denn\u00fd lesk:<\/strong> Pou\u017e\u00edvajte pravidelne pre ple\u0165, ktor\u00e1 vyzer\u00e1 zdrav\u0161ie, svie\u017eej\u0161ie a \u017eiarivej\u0161ie<\/p>\n<\/li>\n<\/ul>\n<h3 data-start=\"3748\" data-end=\"3769\">\u00a0Z\u00e1ver<\/h3>\n<p data-start=\"3771\" data-end=\"4159\">Ak ste unaven\u00ed z \u010distiacich prostriedkov, ktor\u00e9 va\u0161u tv\u00e1r nech\u00e1vaj\u00fa such\u00fa a napnut\u00fa, je \u010das na zmenu. \u010cistiaci prostriedok Orgakera na tv\u00e1r s avok\u00e1dom a maslom shea hydratuje, lie\u010di a obnovuje va\u0161u ple\u0165 pri ka\u017edom pou\u017eit\u00ed. Jemn\u00e9, pr\u00edrodn\u00e9 a \u00fa\u010dinn\u00e9 \u2013 je to ultim\u00e1tny um\u00fdvac\u00ed prostriedok pre kohoko\u013evek, kto chce \u010dist\u00fa, \u017eiariv\u00fa ple\u0165 bez drsn\u00e9ho p\u00f4sobenia. Vysk\u00fa\u0161ajte ho dnes a poc\u00ed\u0165te rozdiel u\u017e po prvom umyt\u00ed!<\/p>\n<p style=\"text-align: center;\">\u010eakujeme za n\u00e1kup v <em data-start=\"415\" data-end=\"431\"><a href=\"https:\/\/bazaar.express\/sk\/\">Bazaar Express<\/a><\/em> \u2013 te\u0161\u00edme sa, \u017ee ste tu!<\/p>\n<p style=\"text-align: center;\">Va\u0161a cesta k lep\u0161ej starostlivosti o seba sa za\u010d\u00edna tu \u2013 s <a href=\"https:\/\/bazaar.express\/product-category\/beauty-care\/\">Beauty &#038; Care<\/a>, na ktor\u00fa sa m\u00f4\u017eete spo\u013eahn\u00fa\u0165.<\/p>\n","protected":false},"excerpt":{"rendered":"<h3 data-start=\"500\" data-end=\"787\">\u010cistiaci prostriedok Orgakera na tv\u00e1r s avok\u00e1dom a maslom shea hlboko hydratuje a upokojuje such\u00fa ple\u0165. Naplnen\u00fd vitam\u00ednmi, antioxidantmi a pr\u00edrodn\u00fdmi zvlh\u010dova\u010dmi, jemne odstra\u0148uje \u0161pinu a make-up, pri\u010dom nech\u00e1va ple\u0165 m\u00e4kk\u00fa, hladk\u00fa a \u017eiariv\u00fa. Ide\u00e1lny na ka\u017edodenn\u00e9 pou\u017eitie na such\u00fa alebo citliv\u00fa ple\u0165.<\/h3>\n<h3><\/h3>\n","protected":false},"featured_media":44941,"comment_status":"open","ping_status":"closed","template":"","meta":[],"product_brand":[],"product_cat":[1160],"product_tag":[1652,1653,1654],"class_list":{"0":"post-44939","1":"product","2":"type-product","3":"status-publish","4":"has-post-thumbnail","6":"product_cat-starostlivost-o-krasu","7":"product_tag-olej","8":"product_tag-prirodny-olej","9":"product_tag-starostlivost-o-plet","10":"pa_l-xl-250ml","12":"first","13":"instock","14":"sale","15":"shipping-taxable","16":"purchasable","17":"product-type-simple"},"_links":{"self":[{"href":"https:\/\/bazaar.express\/sk\/wp-json\/wp\/v2\/product\/44939","targetHints":{"allow":["GET"]}}],"collection":[{"href":"https:\/\/bazaar.express\/sk\/wp-json\/wp\/v2\/product"}],"about":[{"href":"https:\/\/bazaar.express\/sk\/wp-json\/wp\/v2\/types\/product"}],"replies":[{"embeddable":true,"href":"https:\/\/bazaar.express\/sk\/wp-json\/wp\/v2\/comments?post=44939"}],"wp:featuredmedia":[{"embeddable":true,"href":"https:\/\/bazaar.express\/sk\/wp-json\/wp\/v2\/media\/44941"}],"wp:attachment":[{"href":"https:\/\/bazaar.express\/sk\/wp-json\/wp\/v2\/media?parent=44939"}],"wp:term":[{"taxonomy":"product_brand","embeddable":true,"href":"https:\/\/bazaar.express\/sk\/wp-json\/wp\/v2\/product_brand?post=44939"},{"taxonomy":"product_cat","embeddable":true,"href":"https:\/\/bazaar.express\/sk\/wp-json\/wp\/v2\/product_cat?post=44939"},{"taxonomy":"product_tag","embeddable":true,"href":"https:\/\/bazaar.express\/sk\/wp-json\/wp\/v2\/product_tag?post=44939"}],"curies":[{"name":"wp","href":"https:\/\/api.w.org\/{rel}","templated":true}]}}