{"id":44981,"date":"2025-01-03T23:40:21","date_gmt":"2025-01-03T23:40:21","guid":{"rendered":"https:\/\/bazaar.express\/product\/aloe-vera-gel-4\/"},"modified":"2025-01-03T23:40:21","modified_gmt":"2025-01-03T23:40:21","slug":"aloe-vera-gel-4","status":"publish","type":"product","link":"https:\/\/bazaar.express\/sk\/produkt\/aloe-vera-gel-4\/","title":{"rendered":"Transparentn\u00fd g\u00e9l z aloe vera"},"content":{"rendered":"<h2 data-start=\"286\" data-end=\"347\">G\u00e9l z aloe vera \u2013 \u010cist\u00e9 a \u00fa\u010dinn\u00e9 hojenie poko\u017eky z pr\u00edrody<\/h2>\n<h3 data-start=\"349\" data-end=\"400\">Lie\u010dte, upokojte a osvie\u017ete svoju poko\u017eku prirodzene<\/h3>\n<p data-start=\"401\" data-end=\"839\">Transparentn\u00fd g\u00e9l z aloe vera Lotus je najlep\u0161\u00ed priate\u013e va\u0161ej poko\u017eky. Tento \u013eahk\u00fd, prieh\u013eadn\u00fd g\u00e9l je pln\u00fd <strong data-start=\"510\" data-end=\"548\">viac ako 70 % organick\u00e9ho extraktu z aloe vera<\/strong>, ktor\u00fd pon\u00faka siln\u00fa pr\u00edrodn\u00fa starostlivos\u0165 o r\u00f4zne probl\u00e9my s poko\u017ekou. \u010ci u\u017e bojujete so sp\u00e1len\u00edm od slnka, akn\u00e9, podr\u00e1\u017eden\u00edm alebo suchos\u0165ou, tento chladiv\u00fd g\u00e9l prin\u00e1\u0161a r\u00fdchle a vidite\u013en\u00e9 v\u00fdsledky. Bezpe\u010dn\u00fd na denn\u00e9 pou\u017eitie a vhodn\u00fd pre v\u0161etky typy poko\u017eky, pon\u00faka <strong data-start=\"784\" data-end=\"809\">v\u00fdhody viacer\u00fdch \u00fa\u010dinkov<\/strong> v jednej \u013eahko aplikovate\u013enej formule.<\/p>\n<h3 data-start=\"846\" data-end=\"888\"> K\u013e\u00fa\u010dov\u00e9 v\u00fdhody g\u00e9lu z aloe vera Lotus<\/h3>\n<h4 data-start=\"890\" data-end=\"923\"> Bojuje proti infekci\u00e1m tv\u00e1re<\/h4>\n<p data-start=\"924\" data-end=\"1087\">V\u010faka svojim <strong data-start=\"938\" data-end=\"982\">antibakteri\u00e1lnym, antifung\u00e1lnym a antiv\u00edrusov\u00fdm<\/strong> vlastnostiam tento g\u00e9l pom\u00e1ha bojova\u0165 proti infekci\u00e1m poko\u017eky a v\u00fdbuchom \u2013 ide\u00e1lny pre poko\u017eku n\u00e1chyln\u00fa na akn\u00e9 alebo citliv\u00fa poko\u017eku.<\/p>\n<h4 data-start=\"1089\" data-end=\"1113\"> Upokojuje sp\u00e1lenie od slnka<\/h4>\n<p data-start=\"1114\" data-end=\"1267\">Chladiv\u00e9 a upokojuj\u00face vlastnosti aloe vera poskytuj\u00fa <strong data-start=\"1167\" data-end=\"1200\">okam\u017eit\u00fa \u00fa\u013eavu od sp\u00e1lenia od slnka<\/strong>, zni\u017euj\u00fa za\u010dervenanie, opuch a nepohodlie sp\u00f4soben\u00e9 expoz\u00edciou UV \u017eiareniu.<\/p>\n<h4 data-start=\"1269\" data-end=\"1306\"> Uvo\u013e\u0148uje vyr\u00e1\u017eky a podr\u00e1\u017edenie<\/h4>\n<p data-start=\"1307\" data-end=\"1440\">U\u017e stuhnutia od hmyzu, alergie alebo nezn\u00e1me z\u00e1paly poko\u017eky? Tento g\u00e9l <strong data-start=\"1365\" data-end=\"1395\">r\u00fdchlo upokojuje z\u00e1pal<\/strong>, zni\u017euje svrbenie a podporuje hojenie poko\u017eky.<\/p>\n<h4 data-start=\"1442\" data-end=\"1481\"> Zni\u017euje jazvy a \u0161kvrny od akn\u00e9<\/h4>\n<p data-start=\"1482\" data-end=\"1615\">Pri pravidelnom pou\u017e\u00edvan\u00ed g\u00e9l z aloe vera Lotus pom\u00e1ha <strong data-start=\"1526\" data-end=\"1555\">vybledn\u00fa\u0165 zna\u010dk\u00e1m a jazv\u00e1m od akn\u00e9<\/strong> t\u00fdm, \u017ee podporuje prirodzen\u00fa regener\u00e1ciu poko\u017eky a opravu kolag\u00e9nu.<\/p>\n<h3 data-start=\"1622\" data-end=\"1672\"> Pre\u010do aloe vera? Nad\u010dasov\u00e9 tajomstvo starostlivosti o poko\u017eku<\/h3>\n<p data-start=\"1673\" data-end=\"1914\">Pou\u017e\u00edvan\u00e1 tis\u00edce rokov, aloe vera je zn\u00e1ma svojimi hojiv\u00fdmi vlastnos\u0165ami. Obsahuje <strong data-start=\"1761\" data-end=\"1825\">enz\u00fdmy, aminokyseliny, antioxidanty a vitam\u00edny A, C a E<\/strong>, \u010do z nej rob\u00ed jednu z naj\u00fa\u010dinnej\u0161\u00edch pr\u00edrodn\u00fdch lie\u010debn\u00fdch met\u00f3d na obnovu a hydrat\u00e1ciu poko\u017eky.<\/p>\n<h3 data-start=\"1921\" data-end=\"1943\"> K\u013e\u00fa\u010dov\u00e9 ingrediencie<\/h3>\n<ul data-start=\"1945\" data-end=\"2142\">\n<li data-start=\"1945\" data-end=\"2043\">\n<p data-start=\"1947\" data-end=\"2043\"><strong data-start=\"1947\" data-end=\"1983\">Organick\u00fd extrakt z aloe vera (\u226570 %)<\/strong> \u2013 Dod\u00e1va vlhkos\u0165, upokojuje za\u010dervenanie a podporuje hojenie.<\/p>\n<\/li>\n<li data-start=\"2044\" data-end=\"2142\">\n<p data-start=\"2046\" data-end=\"2142\"><strong data-start=\"2046\" data-end=\"2070\">100 % pr\u00edrodn\u00e1 formula<\/strong> \u2013 Bez parab\u00e9nov, parfumov alebo drsn\u00fdch chemik\u00e1li\u00ed. Bezpe\u010dn\u00fd pre citliv\u00fa poko\u017eku.<\/p>\n<\/li>\n<\/ul>\n<blockquote data-start=\"2144\" data-end=\"2284\">\n<p data-start=\"2146\" data-end=\"2284\">Pozn\u00e1mka: V\u010faka pr\u00edrodn\u00e9mu p\u00f4vodu aloe vera sa farba a text\u00fara m\u00f4\u017eu mierne l\u00ed\u0161i\u0165 medzi \u0161ar\u017eami. To neovplyv\u0148uje kvalitu produktu.<\/p>\n<\/blockquote>\n<h3 data-start=\"2291\" data-end=\"2327\"> Ako pou\u017e\u00edva\u0165 g\u00e9l z aloe vera Lotus<\/h3>\n<ol data-start=\"2329\" data-end=\"2547\">\n<li data-start=\"2329\" data-end=\"2377\">\n<p data-start=\"2332\" data-end=\"2377\"><strong data-start=\"2332\" data-end=\"2357\">Aplikujte 2\u20133-kr\u00e1t denne<\/strong> na \u010dist\u00fa, such\u00fa poko\u017eku.<\/p>\n<\/li>\n<li data-start=\"2378\" data-end=\"2421\">\n<p data-start=\"2381\" data-end=\"2421\"><strong data-start=\"2381\" data-end=\"2399\">Jemne mas\u00edrujte<\/strong>, k\u00fdm sa \u00faplne nevstreb\u00e1.<\/p>\n<\/li>\n<li data-start=\"2422\" data-end=\"2477\">\n<p data-start=\"2425\" data-end=\"2477\">Pou\u017e\u00edvajte na <strong data-start=\"2432\" data-end=\"2466\">tv\u00e1r, telo alebo podr\u00e1\u017eden\u00e9 oblasti<\/strong> pod\u013ea potreby.<\/p>\n<\/li>\n<li data-start=\"2478\" data-end=\"2547\">\n<p data-start=\"2481\" data-end=\"2547\">Ide\u00e1lne pre <strong data-start=\"2491\" data-end=\"2509\">denn\u00fa starostlivos\u0165 o poko\u017eku<\/strong>, po expoz\u00edcii slnku alebo po holen\u00ed.<\/p>\n<\/li>\n<\/ol>\n<h3 data-start=\"2554\" data-end=\"2592\"> Pre\u010do si vybra\u0165 g\u00e9l z aloe vera Lotus?<\/h3>\n<ul data-start=\"2594\" data-end=\"2865\">\n<li data-start=\"2594\" data-end=\"2655\">\n<p data-start=\"2596\" data-end=\"2655\"><strong data-start=\"2599\" data-end=\"2617\">Pr\u00edrodn\u00fd a \u010dist\u00fd<\/strong>: Bohat\u00fd na certifikovan\u00fa organick\u00fa aloe vera.<\/p>\n<\/li>\n<li data-start=\"2656\" data-end=\"2728\">\n<p data-start=\"2658\" data-end=\"2728\"><strong data-start=\"2661\" data-end=\"2678\">V\u0161estrann\u00e9 pou\u017eitie<\/strong>: Ide\u00e1lny pre tv\u00e1r, telo, sp\u00e1leniny od slnka a v\u00fdbuchy.<\/p>\n<\/li>\n<li data-start=\"2729\" data-end=\"2798\">\n<p data-start=\"2731\" data-end=\"2798\"><strong data-start=\"2734\" data-end=\"2753\">Okam\u017eit\u00e9 chladenie<\/strong>: Prin\u00e1\u0161a okam\u017eit\u00fa \u00fa\u013eavu unavenej poko\u017eke.<\/p>\n<\/li>\n<li data-start=\"2799\" data-end=\"2865\">\n<p data-start=\"2801\" data-end=\"2865\"><strong data-start=\"2804\" data-end=\"2829\">Ekologick\u00e1 formula<\/strong>: Bezpe\u010dn\u00e1 pre v\u00e1s, bezpe\u010dn\u00e1 pre plan\u00e9tu.<\/p>\n<\/li>\n<\/ul>\n<h2 data-start=\"3249\" data-end=\"3301\"> Za\u010dnite svoju cestu starostlivosti o poko\u017eku s g\u00e9lom z aloe vera<\/h2>\n<p data-start=\"3303\" data-end=\"3517\">Dajte svojej poko\u017eke pr\u00edrodn\u00fa hojiv\u00fa silu, ktor\u00fa si zasl\u00fa\u017ei. \u010ci u\u017e chcete <strong data-start=\"3377\" data-end=\"3407\">bojova\u0165 proti akn\u00e9, upokoji\u0165 sp\u00e1lenie od slnka<\/strong>, alebo jednoducho <strong data-start=\"3419\" data-end=\"3455\">udr\u017ea\u0165 poko\u017eku svie\u017eu a zdrav\u00fa<\/strong>, Transparentn\u00fd g\u00e9l z aloe vera Lotus je va\u0161e rie\u0161enie na v\u0161etko.<\/p>\n<p data-start=\"3519\" data-end=\"3600\"> Vysk\u00fa\u0161ajte ho dnes \u2013 a poc\u00ed\u0165te osvie\u017euj\u00faci, hojiv\u00fd dotyk pr\u00edrody v ka\u017edej kvapke.<\/p>\n<p style=\"text-align: center;\">\u010eakujeme za n\u00e1kup v <em data-start=\"415\" data-end=\"431\"><a href=\"https:\/\/bazaar.express\/sk\/\">Bazaar Express<\/a><\/em> \u2013 te\u0161\u00edme sa, \u017ee ste tu!<\/p>\n<p style=\"text-align: center;\">Va\u0161a cesta k lep\u0161ej starostlivosti o seba za\u010d\u00edna tu \u2013 s <a href=\"https:\/\/bazaar.express\/product-category\/beauty-care\/\">Beauty &#038; Care<\/a>, na ktor\u00fa sa m\u00f4\u017eete spo\u013eahn\u00fa\u0165.<\/p>\n","protected":false},"excerpt":{"rendered":"<h3 data-start=\"514\" data-end=\"736\">Transparentn\u00fd g\u00e9l z aloe vera Lotus je 100 % pr\u00edrodn\u00e1 nevyhnutnos\u0165 pre starostlivos\u0165 o poko\u017eku vyroben\u00e1 s viac ako 70 % organickej aloe vera. Upokojuje, hydratuje a lie\u010di poko\u017eku postihnut\u00fa sp\u00e1len\u00edm od slnka, akn\u00e9 alebo podr\u00e1\u017eden\u00edm \u2013 ide\u00e1lny pre denn\u00fa starostlivos\u0165 o tv\u00e1r a telo.<\/h3>\n<h3><\/h3>\n","protected":false},"featured_media":44983,"comment_status":"open","ping_status":"closed","template":"","meta":[],"product_brand":[],"product_cat":[1160,1169,1167],"product_tag":[1655,1654],"class_list":{"0":"post-44981","1":"product","2":"type-product","3":"status-publish","4":"has-post-thumbnail","6":"product_cat-starostlivost-o-krasu","7":"product_cat-horuce-ponuky","8":"product_cat-najlepsie-z-egypta","9":"product_tag-starostlivost-o-krasu","10":"product_tag-starostlivost-o-plet","11":"pa_l-xl-250ml","13":"first","14":"instock","15":"sale","16":"shipping-taxable","17":"purchasable","18":"product-type-simple"},"_links":{"self":[{"href":"https:\/\/bazaar.express\/sk\/wp-json\/wp\/v2\/product\/44981","targetHints":{"allow":["GET"]}}],"collection":[{"href":"https:\/\/bazaar.express\/sk\/wp-json\/wp\/v2\/product"}],"about":[{"href":"https:\/\/bazaar.express\/sk\/wp-json\/wp\/v2\/types\/product"}],"replies":[{"embeddable":true,"href":"https:\/\/bazaar.express\/sk\/wp-json\/wp\/v2\/comments?post=44981"}],"wp:featuredmedia":[{"embeddable":true,"href":"https:\/\/bazaar.express\/sk\/wp-json\/wp\/v2\/media\/44983"}],"wp:attachment":[{"href":"https:\/\/bazaar.express\/sk\/wp-json\/wp\/v2\/media?parent=44981"}],"wp:term":[{"taxonomy":"product_brand","embeddable":true,"href":"https:\/\/bazaar.express\/sk\/wp-json\/wp\/v2\/product_brand?post=44981"},{"taxonomy":"product_cat","embeddable":true,"href":"https:\/\/bazaar.express\/sk\/wp-json\/wp\/v2\/product_cat?post=44981"},{"taxonomy":"product_tag","embeddable":true,"href":"https:\/\/bazaar.express\/sk\/wp-json\/wp\/v2\/product_tag?post=44981"}],"curies":[{"name":"wp","href":"https:\/\/api.w.org\/{rel}","templated":true}]}}