{"id":44987,"date":"2025-01-03T16:16:09","date_gmt":"2025-01-03T16:16:09","guid":{"rendered":"https:\/\/bazaar.express\/product\/camel-milk-3\/"},"modified":"2026-03-01T20:42:36","modified_gmt":"2026-03-01T20:42:36","slug":"camel-milk-3","status":"publish","type":"product","link":"https:\/\/bazaar.express\/sk\/produkt\/camel-milk-3\/","title":{"rendered":"Lotion s \u0164av\u00edm mliekom +10% Pantenol"},"content":{"rendered":"<h2 data-start=\"372\" data-end=\"462\">Orgakera Lotion s \u0164av\u00edm mliekom s 10% Pantenolom \u2013 Obnovte, hydratujte a lie\u010dte prirodzene<\/h2>\n<h3 data-start=\"464\" data-end=\"511\">Za\u017eite hlbok\u00fa opravu poko\u017eky s ka\u017edou kvapkou<\/h3>\n<p data-start=\"513\" data-end=\"915\">Predstavujeme <strong data-start=\"525\" data-end=\"574\">Orgakera Lotion s \u0164av\u00edm mliekom s 10% Pantenolom<\/strong>, luxusn\u00fa formulu na o\u017eivenie poko\u017eky, ktor\u00e1 sp\u00e1ja starod\u00e1vne kr\u00e1sne tajomstv\u00e1 \u0164avieho mlieka s modernou vedou vitam\u00ednu B5. Tento bohat\u00fd lotion je navrhnut\u00fd na hlbok\u00fa v\u00fd\u017eivu va\u0161ej poko\u017eky, opravu po\u0161kodenia a zanechanie \u017eiariv\u00e9ho, zdrav\u00e9ho lesku. Vhodn\u00fd pre v\u0161etky typy poko\u017eky, je obzvl\u00e1\u0161\u0165 prospe\u0161n\u00fd pre such\u00fa, citliv\u00fa alebo slnkom po\u0161koden\u00fa poko\u017eku.<\/p>\n<h3 data-start=\"917\" data-end=\"959\">Pre\u010do si vybra\u0165 Orgakera Lotion s \u0164av\u00edm mliekom?<\/h3>\n<p data-start=\"961\" data-end=\"1312\">\u0164avie mlieko je vz\u00e1cna, ale siln\u00e1 zlo\u017eka, oce\u0148ovan\u00e1 po st\u00e1ro\u010dia pre svoje transforma\u010dn\u00e9 benefity v starostlivosti o poko\u017eku. Bohat\u00e9 na <strong data-start=\"1081\" data-end=\"1111\">alfa-hydroxy kyseliny (AHAs)<\/strong>, jemne odlupuje odumret\u00e9 bunky poko\u017eky, rozjas\u0148uje tmav\u00e9 \u0161kvrny a redukuje jazvy po akn\u00e9 \u2013 odha\u013euje hlad\u0161iu, rovnomernej\u0161iu poko\u017eku. Jeho pr\u00edrodn\u00e9 vitam\u00edny a miner\u00e1ly pom\u00e1haj\u00fa zlep\u0161i\u0165 text\u00faru a jas poko\u017eky.<\/p>\n<p data-start=\"1314\" data-end=\"1545\"><strong data-start=\"1314\" data-end=\"1340\">Pantenol (Vitam\u00edn B5)<\/strong>, pr\u00edtomn\u00fd v vysokej koncentr\u00e1cii 10 %, prenik\u00e1 hlboko do poko\u017eky, aby poskytol dlhotrvaj\u00facu hydrat\u00e1ciu. Pom\u00e1ha tie\u017e obnovi\u0165 ko\u017en\u00fa bari\u00e9ru, upokoji\u0165 podr\u00e1\u017edenie a zlep\u0161i\u0165 celkov\u00fa m\u00e4kkos\u0165 a pru\u017enos\u0165.<\/p>\n<h3 data-start=\"1547\" data-end=\"1593\">K\u013e\u00fa\u010dov\u00e9 benefity Orgakera Lotionu s \u0164av\u00edm mliekom<\/h3>\n<ul data-start=\"1595\" data-end=\"2214\">\n<li data-start=\"1595\" data-end=\"1726\">\n<p data-start=\"1597\" data-end=\"1726\"><strong data-start=\"1597\" data-end=\"1626\">Rozjas\u0148uje a odlupuje:<\/strong> AHAs z \u0164avieho mlieka jemne odstra\u0148uj\u00fa nudn\u00e9 bunky poko\u017eky a odha\u013euj\u00fa svie\u017eej\u0161iu, jasnej\u0161iu poko\u017eku pod nimi.<\/p>\n<\/li>\n<li data-start=\"1727\" data-end=\"1836\">\n<p data-start=\"1729\" data-end=\"1836\"><strong data-start=\"1729\" data-end=\"1765\">Zosvet\u013euje tmav\u00e9 \u0161kvrny a jazvy po akn\u00e9:<\/strong> Pravideln\u00e9 pou\u017e\u00edvanie redukuje pigment\u00e1ciu a jazvy pre rovnomernej\u0161\u00ed vzh\u013ead.<\/p>\n<\/li>\n<li data-start=\"1837\" data-end=\"1939\">\n<p data-start=\"1839\" data-end=\"1939\"><strong data-start=\"1839\" data-end=\"1866\">Dlhotrvaj\u00faca hydrat\u00e1cia:<\/strong> Pantenol uzamyk\u00e1 vlhkos\u0165 a pom\u00e1ha poko\u017eke udr\u017ea\u0165 ju po\u010das cel\u00e9ho d\u0148a.<\/p>\n<\/li>\n<li data-start=\"1940\" data-end=\"2073\">\n<p data-start=\"1942\" data-end=\"2073\"><strong data-start=\"1942\" data-end=\"1977\">Upokojuje podr\u00e1\u017edenie a sp\u00e1lenie od slnka:<\/strong> Pr\u00edrodn\u00e9 protiz\u00e1palov\u00e9 zlo\u017eky ako harman\u010dek a aloe vera upokojuj\u00fa za\u010dervenanie a nepohodlie.<\/p>\n<\/li>\n<li data-start=\"2074\" data-end=\"2214\">\n<p data-start=\"2076\" data-end=\"2214\"><strong data-start=\"2076\" data-end=\"2105\">Zlep\u0161uje elasticitu poko\u017eky:<\/strong> Vitam\u00edny, kolag\u00e9n a esenci\u00e1lne oleje spolo\u010dne redukuj\u00fa jemn\u00e9 linky a podporuj\u00fa mladistv\u00fa text\u00faru poko\u017eky.<\/p>\n<\/li>\n<\/ul>\n<h3 data-start=\"2216\" data-end=\"2264\">Pr\u00edrodn\u00e9 zlo\u017eky, ktor\u00e9 transformuj\u00fa va\u0161u poko\u017eku<\/h3>\n<ul data-start=\"2266\" data-end=\"2998\">\n<li data-start=\"2266\" data-end=\"2378\">\n<p data-start=\"2268\" data-end=\"2378\"><strong data-start=\"2268\" data-end=\"2283\">\u0164avie mlieko:<\/strong> Pr\u00edrodn\u00fd zdroj AHAs, vitam\u00ednov a antioxidantov, ktor\u00e9 podporuj\u00fa obnovu poko\u017eky a \u017eiarivos\u0165.<\/p>\n<\/li>\n<li data-start=\"2379\" data-end=\"2485\">\n<p data-start=\"2381\" data-end=\"2485\"><strong data-start=\"2381\" data-end=\"2408\">Pantenol (Vitam\u00edn B5):<\/strong> Hlboko hydratuje a obnovuje ko\u017en\u00fa bari\u00e9ru, pri\u010dom upokojuje podr\u00e1\u017edenie.<\/p>\n<\/li>\n<li data-start=\"2486\" data-end=\"2590\">\n<p data-start=\"2488\" data-end=\"2590\"><strong data-start=\"2488\" data-end=\"2506\">Olej z ry\u017eovej otruby:<\/strong> Bohat\u00fd na antioxidanty na ochranu pred environment\u00e1lnym po\u0161koden\u00edm a pred\u010dasn\u00fdm starnut\u00edm.<\/p>\n<\/li>\n<li data-start=\"2591\" data-end=\"2676\">\n<p data-start=\"2593\" data-end=\"2676\"><strong data-start=\"2593\" data-end=\"2615\">Extrakt z harman\u010deka:<\/strong> Upokojuje citliv\u00fa poko\u017eku a redukuje za\u010dervenanie a z\u00e1pal.<\/p>\n<\/li>\n<li data-start=\"2677\" data-end=\"2762\">\n<p data-start=\"2679\" data-end=\"2762\"><strong data-start=\"2679\" data-end=\"2703\">Oleje z jojoby a olivov\u00e9ho oleja:<\/strong> Prenikaj\u00fa hlboko, aby hydratovali, zm\u00e4k\u010dili a kondicionovali poko\u017eku.<\/p>\n<\/li>\n<li data-start=\"2763\" data-end=\"2876\">\n<p data-start=\"2765\" data-end=\"2876\"><strong data-start=\"2765\" data-end=\"2793\">\u0160iapo\u013eov\u00fd maslo a arganov\u00fd olej:<\/strong> Nap\u013a\u0148aj\u00fa poko\u017eku intenz\u00edvnou vlhkos\u0165ou a esenci\u00e1lnymi mastn\u00fdmi kyselinami na hojenie such\u00fdch miest.<\/p>\n<\/li>\n<li data-start=\"2877\" data-end=\"2998\">\n<p data-start=\"2879\" data-end=\"2998\"><strong data-start=\"2879\" data-end=\"2918\">Extrakt z aloe vera a \u010dierny sezamov\u00fd olej:<\/strong> Poskytuj\u00fa upokojuj\u00face, hojiv\u00e9 \u00fa\u010dinky, najm\u00e4 na sp\u00e1len\u00fa alebo podr\u00e1\u017eden\u00fa poko\u017eku.<\/p>\n<\/li>\n<\/ul>\n<h3 data-start=\"3000\" data-end=\"3014\">Ako pou\u017e\u00edva\u0165<\/h3>\n<p data-start=\"3016\" data-end=\"3194\">Aplikujte <strong data-start=\"3022\" data-end=\"3052\">Orgakera Lotion s \u0164av\u00edm mliekom<\/strong> na such\u00e9 alebo podr\u00e1\u017eden\u00e9 oblasti 2\u20133 kr\u00e1t denne. Jemne mas\u00edrujte, k\u00fdm sa \u00faplne nevstreb\u00e1. Pre najlep\u0161ie v\u00fdsledky pou\u017e\u00edvajte po \u010disten\u00ed alebo expoz\u00edcii slnku.<\/p>\n<h3 data-start=\"3201\" data-end=\"3223\">Bezpe\u010dnostn\u00e9 inform\u00e1cie<\/h3>\n<ul data-start=\"3225\" data-end=\"3336\">\n<li data-start=\"3225\" data-end=\"3251\">\n<p data-start=\"3227\" data-end=\"3251\">Len na vonkaj\u0161ie pou\u017eitie.<\/p>\n<\/li>\n<li data-start=\"3252\" data-end=\"3280\">\n<p data-start=\"3254\" data-end=\"3280\">Vyhnite sa kontaktu s o\u010dami.<\/p>\n<\/li>\n<li data-start=\"3281\" data-end=\"3336\">\n<p data-start=\"3283\" data-end=\"3336\">Skladujte na chladnom, suchom mieste mimo dosahu det\u00ed.<\/p>\n<\/li>\n<\/ul>\n<h2 data-start=\"3850\" data-end=\"3905\">\u00a0Va\u0161e rie\u0161enie pre such\u00fa, citliv\u00fa a po\u0161koden\u00fa poko\u017eku<\/h2>\n<p data-start=\"3907\" data-end=\"4155\">Ak sa va\u0161a poko\u017eka c\u00edti napnut\u00e1, podr\u00e1\u017eden\u00e1 alebo jej ch\u00fdba zdrav\u00fd lesk, je \u010das vylep\u0161i\u0165 va\u0161u rutinu. <strong data-start=\"4004\" data-end=\"4053\">Orgakera Lotion s \u0164av\u00edm mliekom s 10% Pantenolom<\/strong> nie je len hydrata\u010dn\u00fd prostriedok \u2013 je to kompletn\u00e1 starostlivos\u0165 o poko\u017eku poh\u00e1\u0148an\u00e1 pr\u00edrodou a podlo\u017een\u00e1 v\u00fdsledkami.<\/p>\n<p data-start=\"4157\" data-end=\"4356\">Nech hojiv\u00e9 vlastnosti \u0164avieho mlieka a pantenolu obnovia va\u0161u poko\u017eku zvn\u00fatra von. Pri pokra\u010duj\u00facom pou\u017e\u00edvan\u00ed si v\u0161imnete hlad\u0161iu text\u00faru, \u017eiarivej\u0161\u00ed t\u00f3n a pokojn\u00fa, hlboko vy\u017eiven\u00fa poko\u017eku.<\/p>\n<p data-start=\"4358\" data-end=\"4459\">\ud83d\uded2 <strong data-start=\"4361\" data-end=\"4459\">Objednajte si teraz a objavte prirodzen\u00fd lesk va\u0161ej poko\u017eky \u2013 preto\u017ee zdrav\u00e1 poko\u017eka za\u010d\u00edna s Orgakerou.<\/strong><\/p>\n<p style=\"text-align: center;\">\u010eakujeme za n\u00e1kup v <em data-start=\"415\" data-end=\"431\"><a href=\"https:\/\/bazaar.express\/sk\/\">Bazaar Express<\/a><\/em> \u2013 te\u0161\u00edme sa na v\u00e1s!<\/p>\n<p style=\"text-align: center;\">Va\u0161a cesta k lep\u0161ej starostlivosti o seba za\u010d\u00edna tu \u2013 s <a href=\"https:\/\/bazaar.express\/product-category\/beauty-care\/\">Beauty &#038; Care<\/a>, na ktor\u00fa sa m\u00f4\u017eete spo\u013eahn\u00fa\u0165.<\/p>\n","protected":false},"excerpt":{"rendered":"<h3 data-start=\"429\" data-end=\"606\">Bohat\u00fd, v\u00fd\u017eivn\u00fd telov\u00fd lotion s \u0164av\u00edm mliekom a 10% Pantenolom. Poskytuje hlbok\u00fa hydrat\u00e1ciu, zosvet\u013euje tmav\u00e9 \u0161kvrny a upokojuje podr\u00e1\u017edenie. Ide\u00e1lny pre such\u00fa, citliv\u00fa alebo slnku vystaven\u00fa poko\u017eku.<\/h3>\n","protected":false},"featured_media":44989,"comment_status":"open","ping_status":"closed","template":"","meta":[],"product_brand":[],"product_cat":[1160,1167],"product_tag":[1655,1654],"class_list":{"0":"post-44987","1":"product","2":"type-product","3":"status-publish","4":"has-post-thumbnail","6":"product_cat-starostlivost-o-krasu","7":"product_cat-najlepsie-z-egypta","8":"product_tag-starostlivost-o-krasu","9":"product_tag-starostlivost-o-plet","10":"pa_l-xl-250ml","12":"first","13":"instock","14":"shipping-taxable","15":"purchasable","16":"product-type-simple"},"_links":{"self":[{"href":"https:\/\/bazaar.express\/sk\/wp-json\/wp\/v2\/product\/44987","targetHints":{"allow":["GET"]}}],"collection":[{"href":"https:\/\/bazaar.express\/sk\/wp-json\/wp\/v2\/product"}],"about":[{"href":"https:\/\/bazaar.express\/sk\/wp-json\/wp\/v2\/types\/product"}],"replies":[{"embeddable":true,"href":"https:\/\/bazaar.express\/sk\/wp-json\/wp\/v2\/comments?post=44987"}],"wp:featuredmedia":[{"embeddable":true,"href":"https:\/\/bazaar.express\/sk\/wp-json\/wp\/v2\/media\/44989"}],"wp:attachment":[{"href":"https:\/\/bazaar.express\/sk\/wp-json\/wp\/v2\/media?parent=44987"}],"wp:term":[{"taxonomy":"product_brand","embeddable":true,"href":"https:\/\/bazaar.express\/sk\/wp-json\/wp\/v2\/product_brand?post=44987"},{"taxonomy":"product_cat","embeddable":true,"href":"https:\/\/bazaar.express\/sk\/wp-json\/wp\/v2\/product_cat?post=44987"},{"taxonomy":"product_tag","embeddable":true,"href":"https:\/\/bazaar.express\/sk\/wp-json\/wp\/v2\/product_tag?post=44987"}],"curies":[{"name":"wp","href":"https:\/\/api.w.org\/{rel}","templated":true}]}}