{"id":44990,"date":"2025-01-03T15:39:50","date_gmt":"2025-01-03T15:39:50","guid":{"rendered":"https:\/\/bazaar.express\/product\/camel-milk-4\/"},"modified":"2025-01-03T15:39:50","modified_gmt":"2025-01-03T15:39:50","slug":"camel-milk-4","status":"publish","type":"product","link":"https:\/\/bazaar.express\/sk\/produkt\/camel-milk-4\/","title":{"rendered":"Loch s \u0165av\u00edm mliekom, \u010diernym semienkom a vanilkou"},"content":{"rendered":"<h2 data-start=\"345\" data-end=\"431\">Loch s \u0165av\u00edm mliekom, \u010diernym semienkom a vanilkou \u2013 Doprajte svojej poko\u017eke pr\u00edrodn\u00fd luxus<\/h2>\n<h3 data-start=\"433\" data-end=\"501\">Obnovte, hydratujte a \u017eiarte s najlep\u0161\u00edmi ingredienciami pr\u00edrody<\/h3>\n<p data-start=\"503\" data-end=\"882\">Predstavujeme <strong data-start=\"515\" data-end=\"562\">Loch s \u0165av\u00edm mliekom, \u010diernym semienkom a vanilkou<\/strong> \u2014 jedine\u010dne luxusn\u00fd produkt na starostlivos\u0165 o ple\u0165 navrhnut\u00fd na hydrat\u00e1ciu, upokojenie a obnovenie prirodzenej \u017eiarivosti va\u0161ej poko\u017eky. Obohaten\u00fd o v\u00fd\u017eivn\u00e9 l\u00e1tky z \u0165avieho mlieka, hojiv\u00e9 \u00fa\u010dinky oleja z \u010dierneho semienka a upokojuj\u00facu v\u00f4\u0148u vanilky, tento loch je va\u0161\u00edm nov\u00fdm denn\u00fdm ritu\u00e1lom pre vy\u017eiven\u00fa, rovnomern\u00fa a \u017eiariv\u00fa poko\u017eku.<\/p>\n<p data-start=\"884\" data-end=\"1064\">\u010ci u\u017e bojujete so suchos\u0165ou, nudnos\u0165ou, po\u0161koden\u00edm od slnka alebo podr\u00e1\u017eden\u00edm, t\u00e1to univerz\u00e1lna formula p\u00f4sob\u00ed hlboko na hydrat\u00e1ciu, rozjasnenie a ochranu \u2014 ide\u00e1lna pre v\u0161etky typy pleti.<\/p>\n<h3 data-start=\"1071\" data-end=\"1132\">Pre\u010do si vybra\u0165 loch s \u0165av\u00edm mliekom, \u010diernym semienkom a vanilkou?<\/h3>\n<p data-start=\"1134\" data-end=\"1338\">T\u00e1to bohat\u00e1, kr\u00e9mov\u00e1 formula je viac ne\u017e len hydrata\u010dn\u00fd prostriedok \u2014 je to kompletn\u00e9 rie\u0161enie na starostlivos\u0165 o ple\u0165 pln\u00e9 <strong data-start=\"1240\" data-end=\"1272\">pr\u00edrodn\u00fdch akt\u00edvnych l\u00e1tok a vitam\u00ednov<\/strong>, ktor\u00e9 poskytuj\u00fa okam\u017eit\u00fd komfort a dlhodob\u00fa transform\u00e1ciu.<\/p>\n<p data-start=\"1340\" data-end=\"1505\">Od upokojenia sp\u00e1lenej poko\u017eky po vyhladenie tmav\u00fdch \u0161kv\u0155n a jemn\u00fdch vr\u00e1sok, ka\u017ed\u00e1 ingrediencia je starostlivo vybran\u00e1 na posilnenie zdravia a vzh\u013eadu va\u0161ej poko\u017eky \u2014 pr\u00edrodn\u00fdm sp\u00f4sobom.<\/p>\n<h3 data-start=\"1512\" data-end=\"1554\">\u00a0Hlavn\u00e9 v\u00fdhody lochu s \u0165av\u00edm mliekom<\/h3>\n<h4 data-start=\"1556\" data-end=\"1602\">\u00a0Hlbok\u00e1 hydrat\u00e1cia a zm\u00e4k\u010denie poko\u017eky<\/h4>\n<p data-start=\"1603\" data-end=\"1801\">\u0164avie mlieko obsahuje pr\u00edrodn\u00fd lanol\u00edn a esenci\u00e1lne mastn\u00e9 kyseliny, ktor\u00e9 pom\u00e1haj\u00fa <strong data-start=\"1675\" data-end=\"1696\">uzamkn\u00fa\u0165 hydrat\u00e1ciu<\/strong> a obnovi\u0165 ko\u017en\u00fa bari\u00e9ru, \u010d\u00edm va\u0161a poko\u017eka zostane m\u00e4kk\u00e1, hladk\u00e1 a hlboko vy\u017eiven\u00e1 cel\u00fd de\u0148.<\/p>\n<h4 data-start=\"1803\" data-end=\"1834\">\u00a0Exfoli\u00e1cia a rozjasnenie<\/h4>\n<p data-start=\"1835\" data-end=\"2065\"><strong data-start=\"1839\" data-end=\"1869\">Alfa-hydroxy kyseliny (AHA)<\/strong> v \u0165avom mlieku jemne odlupuj\u00fa odumret\u00e9 bunky poko\u017eky, zlep\u0161uj\u00fa obnovu buniek a odha\u013euj\u00fa \u017eiarivej\u0161iu, \u010distej\u0161iu poko\u017eku. To pom\u00e1ha redukova\u0165 pigment\u00e1ciu, jazvy po akn\u00e9 a nerovnomern\u00fd t\u00f3n pleti pri pravidelnom pou\u017e\u00edvan\u00ed.<\/p>\n<h4 data-start=\"2067\" data-end=\"2112\">\u00a0Upokojenie z\u00e1palu a hojenie po\u0161kodenia<\/h4>\n<p data-start=\"2113\" data-end=\"2268\">Olej z \u010dierneho semienka, extrakt z harman\u010deka a aloe vera poskytuj\u00fa <strong data-start=\"2170\" data-end=\"2208\">pr\u00edrodn\u00e9 protiz\u00e1palov\u00e9 \u00fa\u010dinky<\/strong>, ide\u00e1lne na upokojenie sp\u00e1lenej, citlivej alebo podr\u00e1\u017edenej poko\u017eky.<\/p>\n<h4 data-start=\"2270\" data-end=\"2307\">\u00a0Ochrana bohat\u00e1 na antioxidanty<\/h4>\n<p data-start=\"2308\" data-end=\"2487\">Nabit\u00e9 <strong data-start=\"2320\" data-end=\"2341\">vitam\u00ednmi A, E, B5<\/strong> a <strong data-start=\"2347\" data-end=\"2364\">olejom z ry\u017eovej otruby<\/strong>, tento loch chr\u00e1ni va\u0161u poko\u017eku pred environment\u00e1lnym stresom a pred\u010dasn\u00fdm starnut\u00edm, pri\u010dom podporuje elasticitu a pevnos\u0165.<\/p>\n<h4 data-start=\"2489\" data-end=\"2531\">\u00a0Upokojenie a v\u00f4\u0148a s vanilkou<\/h4>\n<p data-start=\"2532\" data-end=\"2691\">Vanilka nielen poskytuje \u013eahk\u00fa, relaxa\u010dn\u00fa v\u00f4\u0148u, ale aj upokojuje a vy\u017eivuje poko\u017eku \u2014 men\u00ed va\u0161u rutinu starostlivosti o ple\u0165 na relaxa\u010dn\u00fd moment seba-starostlivosti ako v spa.<\/p>\n<h3 data-start=\"2698\" data-end=\"2735\">\u00a0Mocn\u00e9 pr\u00edrodn\u00e9 ingrediencie<\/h3>\n<ul data-start=\"2737\" data-end=\"3414\">\n<li data-start=\"2737\" data-end=\"2831\">\n<p data-start=\"2739\" data-end=\"2831\"><strong data-start=\"2739\" data-end=\"2753\">\u0164avie mlieko<\/strong> \u2013 Bohat\u00e9 na AHA, miner\u00e1ly a prote\u00edny na exfoli\u00e1ciu, hydrat\u00e1ciu a rozjasnenie.<\/p>\n<\/li>\n<li data-start=\"2832\" data-end=\"2928\">\n<p data-start=\"2834\" data-end=\"2928\"><strong data-start=\"2834\" data-end=\"2852\">Olej z \u010dierneho semienka<\/strong> \u2013 Zn\u00e1m\u00fd svojimi hojiv\u00fdmi, protiz\u00e1palov\u00fdmi a antibakteri\u00e1lnymi vlastnos\u0165ami.<\/p>\n<\/li>\n<li data-start=\"2929\" data-end=\"2999\">\n<p data-start=\"2931\" data-end=\"2999\"><strong data-start=\"2931\" data-end=\"2950\">Extrakt z vanilky<\/strong> \u2013 Upokojuje poko\u017eku s m\u00e4kkou, luxusnou ar\u00f3mou.<\/p>\n<\/li>\n<li data-start=\"3000\" data-end=\"3085\">\n<p data-start=\"3002\" data-end=\"3085\"><strong data-start=\"3002\" data-end=\"3019\">Olej z ry\u017eovej otruby<\/strong> \u2013 Pln\u00fd antioxidantov a vitam\u00ednu E na zlep\u0161enie elasticity.<\/p>\n<\/li>\n<li data-start=\"3086\" data-end=\"3171\">\n<p data-start=\"3088\" data-end=\"3171\"><strong data-start=\"3088\" data-end=\"3119\">Olej z jojoby a olej z p\u0161eni\u010dn\u00fdch kl\u00ed\u010dkov<\/strong> \u2013 Hlboko hydratuj\u00fa a posil\u0148uj\u00fa ko\u017en\u00fa bari\u00e9ru.<\/p>\n<\/li>\n<li data-start=\"3172\" data-end=\"3253\">\n<p data-start=\"3174\" data-end=\"3253\"><strong data-start=\"3174\" data-end=\"3200\">Harman\u010dek a vitam\u00edn B5<\/strong> \u2013 Upokojuj\u00fa, hojia a redukuj\u00fa za\u010dervenanie a podr\u00e1\u017edenie.<\/p>\n<\/li>\n<li data-start=\"3254\" data-end=\"3334\">\n<p data-start=\"3256\" data-end=\"3334\"><strong data-start=\"3256\" data-end=\"3277\">Extrakt z aloe vera<\/strong> \u2013 Chlad\u00ed a hydratuje citliv\u00fa alebo po\u0161koden\u00fa slnkom poko\u017eku.<\/p>\n<\/li>\n<li data-start=\"3335\" data-end=\"3414\">\n<p data-start=\"3337\" data-end=\"3414\"><strong data-start=\"3337\" data-end=\"3366\">Extrakt z kavi\u00e1ru a kolag\u00e9n<\/strong> \u2013 Obnovuj\u00fa elasticitu a redukuj\u00fa znaky starnutia.<\/p>\n<\/li>\n<\/ul>\n<h3 data-start=\"3421\" data-end=\"3440\">\u00a0Ako pou\u017e\u00edva\u0165<\/h3>\n<ol data-start=\"3442\" data-end=\"3661\">\n<li data-start=\"3442\" data-end=\"3524\">\n<p data-start=\"3445\" data-end=\"3524\">Aplikujte mal\u00e9 mno\u017estvo na such\u00e9, citliv\u00e9 alebo vystaven\u00e9 slnku oblasti 2\u20133 kr\u00e1t denne.<\/p>\n<\/li>\n<li data-start=\"3525\" data-end=\"3586\">\n<p data-start=\"3528\" data-end=\"3586\">Jemne mas\u00edrujte kr\u00fa\u017eiv\u00fdmi pohybmi, k\u00fdm sa plne nevstreb\u00e1.<\/p>\n<\/li>\n<li data-start=\"3587\" data-end=\"3661\">\n<p data-start=\"3590\" data-end=\"3661\">Pou\u017e\u00edvajte denne pre najlep\u0161ie v\u00fdsledky, najm\u00e4 po sprchovan\u00ed alebo expoz\u00edcii slnku.<\/p>\n<\/li>\n<\/ol>\n<h3 data-start=\"3668\" data-end=\"3685\">\u26a0\ufe0f Upozornenia<\/h3>\n<ul data-start=\"3687\" data-end=\"3797\">\n<li data-start=\"3687\" data-end=\"3713\">\n<p data-start=\"3689\" data-end=\"3713\">Len na vonkaj\u0161ie pou\u017eitie.<\/p>\n<\/li>\n<li data-start=\"3714\" data-end=\"3742\">\n<p data-start=\"3716\" data-end=\"3742\">Vyhnite sa kontaktu s o\u010dami.<\/p>\n<\/li>\n<li data-start=\"3743\" data-end=\"3797\">\n<p data-start=\"3745\" data-end=\"3797\">Skladujte na chladnom, suchom mieste mimo dosahu det\u00ed.<\/p>\n<\/li>\n<\/ul>\n<h2 data-start=\"3804\" data-end=\"3831\">\u00a0Pre\u010do by tento loch mal by\u0165 s\u00fa\u010das\u0165ou va\u0161ej rutiny starostlivosti o ple\u0165<\/h2>\n<p data-start=\"4354\" data-end=\"4645\"><strong data-start=\"4354\" data-end=\"4401\">Loch s \u0165av\u00edm mliekom, \u010diernym semienkom a vanilkou<\/strong> je viac ne\u017e len hydrat\u00e1cia \u2014 je to kompletn\u00e1 sk\u00fasenos\u0165 so starostlivos\u0165ou o ple\u0165. \u010ci u\u017e chcete <strong data-start=\"4485\" data-end=\"4504\">vybledn\u00fa\u0165 tmav\u00e9 \u0161kvrny<\/strong>, <strong data-start=\"4506\" data-end=\"4525\">vylie\u010di\u0165 podr\u00e1\u017edenie<\/strong>, alebo si len <strong data-start=\"4535\" data-end=\"4581\">dopria\u0165 luxusn\u00fd hydrata\u010dn\u00fd ritu\u00e1l<\/strong>, tento loch prin\u00e1\u0161a vidite\u013en\u00e9 v\u00fdsledky a m\u00e4kk\u00fd, hodv\u00e1bny fini\u0161.<\/p>\n<p data-start=\"4647\" data-end=\"4871\">Je vhodn\u00fd pre v\u0161etky typy pleti vr\u00e1tane citlivej a ide\u00e1lny na denn\u00e9 pou\u017eitie. Kombin\u00e1cia \u0165avieho mlieka, oleja z \u010dierneho semienka a vanilky d\u00e1va va\u0161ej poko\u017eke v\u0161etko, \u010do potrebuje na to, aby zostala hydratovan\u00e1, zdrav\u00e1 a \u017eiariv\u00e1.<\/p>\n<h2 data-start=\"4878\" data-end=\"4929\">\u00a0Starajte sa o svoju poko\u017eku pr\u00edrodne \u2013 za\u010dnite dnes!<\/h2>\n<p data-start=\"4931\" data-end=\"5172\">Zbohom suchej, nudnej a nerovnomernej poko\u017eke. Nech <strong data-start=\"4979\" data-end=\"5026\">Loch s \u0165av\u00edm mliekom, \u010diernym semienkom a vanilkou<\/strong> obnov\u00ed v\u00e1\u0161 \u017eiar s ka\u017ed\u00fdm pou\u017eit\u00edm. Pridajte tento rozmazn\u00e1vac\u00ed loch do svojej rutiny a u\u017eite si hlad\u0161iu, m\u00e4k\u0161iu a \u017eiarivej\u0161iu ple\u0165 \u2014 pr\u00edrodn\u00fdm sp\u00f4sobom.<\/p>\n<p data-start=\"5174\" data-end=\"5247\">\ud83d\uded2 <strong data-start=\"5177\" data-end=\"5247\">Objednajte si teraz a poc\u00ed\u0165te rozdiel u\u017e pri prvom pou\u017eit\u00ed!<\/strong><\/p>\n<p style=\"text-align: center;\">\u010eakujeme za n\u00e1kup v <em data-start=\"415\" data-end=\"431\"><a href=\"https:\/\/bazaar.express\/sk\/\">Bazaar Express<\/a><\/em> \u2013 te\u0161\u00edme sa na v\u00e1s!<\/p>\n<p style=\"text-align: center;\">Va\u0161a cesta k lep\u0161ej seba-starostlivosti za\u010d\u00edna tu \u2014 s <a href=\"https:\/\/bazaar.express\/product-category\/beauty-care\/\">Beauty &#038; Care<\/a>, na ktor\u00fa sa m\u00f4\u017eete spo\u013eahn\u00fa\u0165.<\/p>\n","protected":false},"excerpt":{"rendered":"<h3>Za\u017eite luxusn\u00fa zmes \u0165avieho mlieka, oleja z \u010dierneho semienka a vanilky s t\u00fdmto hlboko hydratuj\u00facim lo\u010dom. Ide\u00e1lny na upokojenie suchej, podr\u00e1\u017edenej alebo vystavenej slnku poko\u017eky, zanech\u00e1va poko\u017eku m\u00e4kk\u00fa, \u017eiariv\u00fa a osvie\u017een\u00fa. Vhodn\u00fd pre v\u0161etky typy pleti.<\/h3>\n","protected":false},"featured_media":44992,"comment_status":"open","ping_status":"closed","template":"","meta":[],"product_brand":[],"product_cat":[1160,1167],"product_tag":[1652,1655,1654],"class_list":{"0":"post-44990","1":"product","2":"type-product","3":"status-publish","4":"has-post-thumbnail","6":"product_cat-starostlivost-o-krasu","7":"product_cat-najlepsie-z-egypta","8":"product_tag-olej","9":"product_tag-starostlivost-o-krasu","10":"product_tag-starostlivost-o-plet","11":"pa_l-xl-250ml","13":"first","14":"instock","15":"shipping-taxable","16":"purchasable","17":"product-type-simple"},"_links":{"self":[{"href":"https:\/\/bazaar.express\/sk\/wp-json\/wp\/v2\/product\/44990","targetHints":{"allow":["GET"]}}],"collection":[{"href":"https:\/\/bazaar.express\/sk\/wp-json\/wp\/v2\/product"}],"about":[{"href":"https:\/\/bazaar.express\/sk\/wp-json\/wp\/v2\/types\/product"}],"replies":[{"embeddable":true,"href":"https:\/\/bazaar.express\/sk\/wp-json\/wp\/v2\/comments?post=44990"}],"wp:featuredmedia":[{"embeddable":true,"href":"https:\/\/bazaar.express\/sk\/wp-json\/wp\/v2\/media\/44992"}],"wp:attachment":[{"href":"https:\/\/bazaar.express\/sk\/wp-json\/wp\/v2\/media?parent=44990"}],"wp:term":[{"taxonomy":"product_brand","embeddable":true,"href":"https:\/\/bazaar.express\/sk\/wp-json\/wp\/v2\/product_brand?post=44990"},{"taxonomy":"product_cat","embeddable":true,"href":"https:\/\/bazaar.express\/sk\/wp-json\/wp\/v2\/product_cat?post=44990"},{"taxonomy":"product_tag","embeddable":true,"href":"https:\/\/bazaar.express\/sk\/wp-json\/wp\/v2\/product_tag?post=44990"}],"curies":[{"name":"wp","href":"https:\/\/api.w.org\/{rel}","templated":true}]}}