{"id":44993,"date":"2025-01-03T14:59:28","date_gmt":"2025-01-03T14:59:28","guid":{"rendered":"https:\/\/bazaar.express\/product\/mascara\/"},"modified":"2025-01-03T14:59:28","modified_gmt":"2025-01-03T14:59:28","slug":"mascara","status":"publish","type":"product","link":"https:\/\/bazaar.express\/sk\/produkt\/mascara\/","title":{"rendered":"Tu\u0161 na rast mihaln\u00edc a obo\u010d\u00ed s s\u00e9rom"},"content":{"rendered":"<h2 data-start=\"216\" data-end=\"308\">Bestser Hair Serum Regrowth Mascara \u2013 Prirodzen\u00fd rast, hydrat\u00e1cia a kr\u00e1sa mihaln\u00edc a obo\u010d\u00ed<\/h2>\n<h3 data-start=\"310\" data-end=\"360\">\u017divte a o\u017eivte svoje mihalnice a obo\u010dia<\/h3>\n<p data-start=\"362\" data-end=\"816\">Dajte zbohom redk\u00fdm, such\u00fdm alebo krehk\u00fdm mihalniciam a obo\u010d\u00ed. <strong data-start=\"425\" data-end=\"464\">Bestser Hair Serum Regrowth Mascara<\/strong> od TNG je revolu\u010dn\u00e9 kr\u00e9mov\u00e9 s\u00e9rum, ktor\u00e9 podporuje vidite\u013en\u00fd rast vlasov, z\u00e1rove\u0148 h\u013abkovo hydratuje a chr\u00e1ni va\u0161e mihalnice a obo\u010dia. Navrhnut\u00e9 s \u010distou formulou bohatou na <strong data-start=\"639\" data-end=\"701\">pr\u00edrodn\u00e9 oleje, biotin, kyselinu hyalur\u00f3nov\u00fa a morsk\u00fd kolag\u00e9n<\/strong>, tento inovat\u00edvny hybrid tu\u0161u a s\u00e9ra pon\u00faka komplexn\u00e9 rie\u0161enie na zlep\u0161enie prirodzenej kr\u00e1sy va\u0161ich o\u010d\u00ed.<\/p>\n<p data-start=\"818\" data-end=\"987\">\u010ci u\u017e bojujete s tenk\u00fdmi mihalnicami, pretrhan\u00fdm obo\u010d\u00ed alebo jednoducho chcete vylep\u0161i\u0165 svoj vzh\u013ead, Bestser v\u00e1m prin\u00e1\u0161a sal\u00f3nov\u00fa starostlivos\u0165 v pohodlnom dennom produkte.<\/p>\n<h3 data-start=\"994\" data-end=\"1034\">\u00a0Hlavn\u00e9 v\u00fdhody pre mihalnice a obo\u010dia<\/h3>\n<h4 data-start=\"1036\" data-end=\"1081\">\u00a0Stimuluje rast a zni\u017euje l\u00e1mavos\u0165<\/h4>\n<p data-start=\"1082\" data-end=\"1308\">S v\u00fdkonnou zmesou <strong data-start=\"1107\" data-end=\"1150\">biot\u00ednu, ric\u00ednov\u00e9ho oleja a morsk\u00e9ho kolag\u00e9nu<\/strong> toto s\u00e9rum podporuje zdrav\u00fd rast, posil\u0148uje vlasov\u00e9 folikuly a zni\u017euje vypad\u00e1vanie, \u010d\u00edm pom\u00e1ha va\u0161im mihalniciam a obo\u010d\u00edam p\u00f4sobi\u0165 pln\u0161ie a hustej\u0161ie v priebehu \u010dasu.<\/p>\n<h4 data-start=\"1310\" data-end=\"1353\">\u00a0H\u013abkov\u00e1 hydrat\u00e1cia a trval\u00e1 vlhkos\u0165<\/h4>\n<p data-start=\"1354\" data-end=\"1521\"><strong data-start=\"1354\" data-end=\"1373\">Kyselina hyalur\u00f3nov\u00e1<\/strong> pri\u0165ahuje vlhkos\u0165 a uzamyk\u00e1 ju \u2013 udr\u017eiava va\u0161e mihalnice a obo\u010dia dobre vy\u017eiven\u00e9, m\u00e4kk\u00e9 a pru\u017en\u00e9 po\u010das cel\u00e9ho d\u0148a. \u017diadne viac krehk\u00fdch alebo such\u00fdch vlasov!<\/p>\n<h4 data-start=\"1523\" data-end=\"1559\">\u00a0Zlep\u0161uje lesk a pru\u017enos\u0165<\/h4>\n<p data-start=\"1560\" data-end=\"1727\"><strong data-start=\"1560\" data-end=\"1579\">Morsk\u00fd kolag\u00e9n<\/strong> a <strong data-start=\"1584\" data-end=\"1598\">jojobov\u00fd olej<\/strong> zlep\u0161uj\u00fa pru\u017enos\u0165 vlasov a dod\u00e1vaj\u00fa va\u0161im mihalniciam a obo\u010d\u00edam hodv\u00e1bny, leskl\u00fd fini\u0161, pri\u010dom zni\u017euj\u00fa l\u00e1mavos\u0165 sp\u00f4soben\u00fa ka\u017edodenn\u00fdm opotreben\u00edm.<\/p>\n<h4 data-start=\"1729\" data-end=\"1760\">\u00a0Bezpe\u010dn\u00fd, pr\u00edrodn\u00fd vzorec<\/h4>\n<p data-start=\"1761\" data-end=\"1974\">Bez drsn\u00fdch chemik\u00e1li\u00ed, tento jemn\u00fd, no \u00fa\u010dinn\u00fd vzorec vyhovuje v\u0161etk\u00fdm typom pleti \u2013 dokonca aj citlivej. Je bohat\u00fd na vitam\u00edny a pr\u00edrodn\u00e9 oleje ako <strong data-start=\"1903\" data-end=\"1938\">arganov\u00fd, aloe vera a vitam\u00edn E<\/strong> na podporu zdrav\u0161\u00edch vlasov a poko\u017eky.<\/p>\n<h3 data-start=\"1981\" data-end=\"2021\">\u00a0Hlavn\u00e9 pr\u00edrodn\u00e9 ingrediencie, ktor\u00e9 funguj\u00fa<\/h3>\n<ul data-start=\"2023\" data-end=\"2519\">\n<li data-start=\"2023\" data-end=\"2101\">\n<p data-start=\"2025\" data-end=\"2101\"><strong data-start=\"2025\" data-end=\"2049\">Biot\u00edn (vitam\u00edn B7):<\/strong> Posil\u0148uje \u0161trukt\u00faru vlasov a podporuje rast.<\/p>\n<\/li>\n<li data-start=\"2102\" data-end=\"2170\">\n<p data-start=\"2104\" data-end=\"2170\"><strong data-start=\"2104\" data-end=\"2124\">Kyselina hyalur\u00f3nov\u00e1:<\/strong> Intenz\u00edvne hydratuje a podporuje pru\u017enos\u0165.<\/p>\n<\/li>\n<li data-start=\"2171\" data-end=\"2237\">\n<p data-start=\"2173\" data-end=\"2237\"><strong data-start=\"2173\" data-end=\"2193\">Morsk\u00fd kolag\u00e9n:<\/strong> Zlep\u0161uje lesk a revitalizuje slab\u00e9 vlasy.<\/p>\n<\/li>\n<li data-start=\"2238\" data-end=\"2302\">\n<p data-start=\"2240\" data-end=\"2302\"><strong data-start=\"2240\" data-end=\"2267\">Ric\u00ednov\u00fd olej a arganov\u00fd olej:<\/strong> Prirodzene podporuj\u00fa rast vlasov.<\/p>\n<\/li>\n<li data-start=\"2303\" data-end=\"2378\">\n<p data-start=\"2305\" data-end=\"2378\"><strong data-start=\"2305\" data-end=\"2332\">Vitam\u00edn E (tokoferol):<\/strong> Chr\u00e1ni vlasy pred po\u0161koden\u00edm sp\u00f4soben\u00fdm stresormi.<\/p>\n<\/li>\n<li data-start=\"2379\" data-end=\"2453\">\n<p data-start=\"2381\" data-end=\"2453\"><strong data-start=\"2381\" data-end=\"2411\">Jojobov\u00fd olej, aloe vera olej:<\/strong> Uklud\u0148uj\u00fa a hydratuj\u00fa folikuly a poko\u017eku.<\/p>\n<\/li>\n<li data-start=\"2454\" data-end=\"2519\">\n<p data-start=\"2456\" data-end=\"2519\"><strong data-start=\"2456\" data-end=\"2483\">\u0160\u013eaha\u010dkov\u00e9 maslo a v\u010del\u00ed vosk:<\/strong> Uzamykaj\u00fa hydrat\u00e1ciu a dod\u00e1vaj\u00fa m\u00e4kkos\u0165.<\/p>\n<\/li>\n<\/ul>\n<h3 data-start=\"2526\" data-end=\"2582\">\u00a0Ako pou\u017e\u00edva\u0165 Bestser Hair Serum Regrowth Mascara<\/h3>\n<ol data-start=\"2584\" data-end=\"2898\">\n<li data-start=\"2584\" data-end=\"2674\">\n<p data-start=\"2587\" data-end=\"2674\"><strong data-start=\"2587\" data-end=\"2605\">Pri prvom pou\u017eit\u00ed:<\/strong> Otvorte vie\u010dko a naneste kefkou priamo na \u010dist\u00e9 mihalnice a obo\u010dia.<\/p>\n<\/li>\n<li data-start=\"2675\" data-end=\"2804\">\n<p data-start=\"2678\" data-end=\"2804\"><strong data-start=\"2678\" data-end=\"2706\">Po dennom pou\u017eit\u00ed tu\u0161u:<\/strong> Pou\u017eite pribalen\u00fa f\u013ea\u0161ti\u010dku a kefku na nanesenie s\u00e9ra na \u010dist\u00e9 mihalnice a obo\u010dia \u2013 najm\u00e4 pred span\u00edm.<\/p>\n<\/li>\n<li data-start=\"2805\" data-end=\"2898\">\n<p data-start=\"2808\" data-end=\"2898\"><strong data-start=\"2808\" data-end=\"2823\">Pri dop\u013a\u0148an\u00ed:<\/strong> Odstr\u00e1\u0148te gumov\u00fa z\u00e1tku, nalejte s\u00e9rum, uzavrite a nan\u00e1\u0161ajte ako tu\u0161.<\/p>\n<\/li>\n<\/ol>\n<blockquote data-start=\"2900\" data-end=\"2939\">\n<p data-start=\"2902\" data-end=\"2939\">Pou\u017e\u00edvajte 1\u20132 kr\u00e1t denne pre najlep\u0161ie v\u00fdsledky.<\/p>\n<\/blockquote>\n<h3 data-start=\"2946\" data-end=\"2971\">\u00a0Upozornenia a skladovanie<\/h3>\n<ul data-start=\"2973\" data-end=\"3121\">\n<li data-start=\"2973\" data-end=\"3002\">\n<p data-start=\"2975\" data-end=\"3002\">Len na <strong data-start=\"2979\" data-end=\"3000\">vonka\u0161n\u00e9 pou\u017eitie<\/strong><\/p>\n<\/li>\n<li data-start=\"3003\" data-end=\"3037\">\n<p data-start=\"3005\" data-end=\"3037\">Vyhnite sa priamemu kontaktu s o\u010dami<\/p>\n<\/li>\n<li data-start=\"3038\" data-end=\"3071\">\n<p data-start=\"3040\" data-end=\"3071\">Uchov\u00e1vajte mimo dosahu det\u00ed<\/p>\n<\/li>\n<li data-start=\"3072\" data-end=\"3121\">\n<p data-start=\"3074\" data-end=\"3121\">Skladujte na chladnom, suchom mieste mimo slne\u010dn\u00e9ho \u017eiarenia<\/p>\n<\/li>\n<\/ul>\n<h3 data-start=\"3450\" data-end=\"3494\">\u00a0Pre\u010do si vybra\u0165 Bestser Hair Serum Mascara?<\/h3>\n<p data-start=\"3496\" data-end=\"3788\">Tento tu\u0161 je viac ne\u017e len kozmetick\u00fd produkt \u2013 je to <strong data-start=\"3551\" data-end=\"3582\">denn\u00e1 lie\u010dba mihaln\u00edc a obo\u010dia<\/strong>. \u010ci u\u017e sa chcete zotavi\u0165 z pretrhania, zn\u00ed\u017ei\u0165 rednutie alebo jednoducho udr\u017ea\u0165 mihalnice zdrav\u00e9, <strong data-start=\"3685\" data-end=\"3696\">Bestser<\/strong> je va\u0161e rie\u0161enie. Pr\u00edrodn\u00fd, vy\u017eivuj\u00faci a \u00fa\u010dinn\u00fd, navrhnut\u00fd pre skuto\u010dn\u00e9 v\u00fdsledky.<\/p>\n<h3 data-start=\"3795\" data-end=\"3838\">\u00a0Va\u0161a beauty rutina si zasl\u00fa\u017ei posilnenie<\/h3>\n<p data-start=\"3840\" data-end=\"3999\">Doprajte svojim mihalniciam a obo\u010d\u00edam starostlivos\u0165, ktor\u00fa si skuto\u010dne zasl\u00fa\u017eia. <strong data-start=\"3906\" data-end=\"3945\">Bestser Hair Serum Regrowth Mascara<\/strong> pon\u00faka hydrat\u00e1ciu, silu a lesk v ka\u017edom nanesen\u00ed.<\/p>\n<p data-start=\"4001\" data-end=\"4061\"><strong data-start=\"4004\" data-end=\"4061\">Nakupujte teraz a odha\u013ete svoj najodv\u00e1\u017enej\u0161\u00ed, najzdrav\u0161\u00ed vzh\u013ead!<\/strong><\/p>\n<p style=\"text-align: center;\">\u010eakujeme za n\u00e1kup v <em data-start=\"415\" data-end=\"431\"><a href=\"https:\/\/bazaar.express\/sk\/\">Bazaar Express<\/a><\/em> \u2013 te\u0161\u00edme sa na v\u00e1s!<\/p>\n<p style=\"text-align: center;\">Va\u0161a cesta k lep\u0161ej starostlivosti o seba za\u010d\u00edna tu \u2013 s <a href=\"https:\/\/bazaar.express\/product-category\/beauty-care\/\">Beauty &#038; Care<\/a>, na ktor\u00fa sa m\u00f4\u017eete spo\u013eahn\u00fa\u0165.<\/p>\n","protected":false},"excerpt":{"rendered":"<h3>Bestser Hair Serum Regrowth Mascara sp\u00e1ja silu biot\u00ednu, kolag\u00e9nu a kyseliny hyalur\u00f3novej na v\u00fd\u017eivu, rast a zkr\u00e1\u0161lenie va\u0161ich mihaln\u00edc a obo\u010d\u00ed. Ide\u00e1lne na denn\u00e9 pou\u017eitie na posilnenie vlasov\u00fdch folikulov, hydrat\u00e1ciu a pridanie lesku.<\/h3>\n","protected":false},"featured_media":44995,"comment_status":"open","ping_status":"closed","template":"","meta":[],"product_brand":[],"product_cat":[1160,1169,1167],"product_tag":[1655,1654],"class_list":{"0":"post-44993","1":"product","2":"type-product","3":"status-publish","4":"has-post-thumbnail","6":"product_cat-starostlivost-o-krasu","7":"product_cat-horuce-ponuky","8":"product_cat-najlepsie-z-egypta","9":"product_tag-starostlivost-o-krasu","10":"product_tag-starostlivost-o-plet","12":"first","13":"instock","14":"sale","15":"shipping-taxable","16":"purchasable","17":"product-type-simple"},"_links":{"self":[{"href":"https:\/\/bazaar.express\/sk\/wp-json\/wp\/v2\/product\/44993","targetHints":{"allow":["GET"]}}],"collection":[{"href":"https:\/\/bazaar.express\/sk\/wp-json\/wp\/v2\/product"}],"about":[{"href":"https:\/\/bazaar.express\/sk\/wp-json\/wp\/v2\/types\/product"}],"replies":[{"embeddable":true,"href":"https:\/\/bazaar.express\/sk\/wp-json\/wp\/v2\/comments?post=44993"}],"wp:featuredmedia":[{"embeddable":true,"href":"https:\/\/bazaar.express\/sk\/wp-json\/wp\/v2\/media\/44995"}],"wp:attachment":[{"href":"https:\/\/bazaar.express\/sk\/wp-json\/wp\/v2\/media?parent=44993"}],"wp:term":[{"taxonomy":"product_brand","embeddable":true,"href":"https:\/\/bazaar.express\/sk\/wp-json\/wp\/v2\/product_brand?post=44993"},{"taxonomy":"product_cat","embeddable":true,"href":"https:\/\/bazaar.express\/sk\/wp-json\/wp\/v2\/product_cat?post=44993"},{"taxonomy":"product_tag","embeddable":true,"href":"https:\/\/bazaar.express\/sk\/wp-json\/wp\/v2\/product_tag?post=44993"}],"curies":[{"name":"wp","href":"https:\/\/api.w.org\/{rel}","templated":true}]}}