{"id":44996,"date":"2025-01-03T13:42:18","date_gmt":"2025-01-03T13:42:18","guid":{"rendered":"https:\/\/bazaar.express\/product\/hair-serum-3\/"},"modified":"2025-01-03T13:42:18","modified_gmt":"2025-01-03T13:42:18","slug":"hair-serum-3","status":"publish","type":"product","link":"https:\/\/bazaar.express\/sk\/produkt\/hair-serum-3\/","title":{"rendered":"S\u00e9rum na rast vlasov"},"content":{"rendered":"<h2 data-start=\"222\" data-end=\"303\">Ampule Bestser Hair Serum Regrowth \u2013 Najlep\u0161ie rie\u0161enie pre o\u017eivenie vlasov<\/h2>\n<h3 data-start=\"305\" data-end=\"358\">\u00a0Obnovte prirodzen\u00fa silu a lesk va\u0161ich vlasov<\/h3>\n<p data-start=\"360\" data-end=\"812\">TNG <strong data-start=\"364\" data-end=\"401\">Bestser Hair Serum Regrowth Vials<\/strong> pon\u00fakaj\u00fa pr\u00e9miov\u00e9 rie\u0161enie na starostlivos\u0165 o vlasy pre v\u0161etk\u00fdch, ktor\u00ed bojuj\u00fa s redn\u00facimi sa, po\u0161koden\u00fdmi alebo ku\u010derav\u00fdmi vlasmi. T\u00e1to siln\u00e1 zmes biot\u00ednu, kyseliny hyalur\u00f3novej, morsk\u00fdch kolag\u00e9nov a v\u00fd\u017eivn\u00fdch olejov p\u00f4sob\u00ed hlboko do poko\u017eky hlavy, stimuluje rast, hydratuje vlasov\u00e9 vl\u00e1kna a obnovuje \u017eiariv\u00fd lesk. \u010ci u\u017e chcete o\u017eivi\u0165 hustotu vlasov alebo len posilni\u0165 celkov\u00e9 zdravie vlasov, toto s\u00e9rum je vylep\u0161en\u00edm va\u0161ej rutiny.<\/p>\n<h3 data-start=\"819\" data-end=\"875\">\u00a0Pre\u010do si vybra\u0165 TNG Bestser Hair Serum Regrowth Vials?<\/h3>\n<h4 data-start=\"877\" data-end=\"930\">\u00a0Stimuluje rast vlasov a zabra\u0148uje vypad\u00e1vaniu<\/h4>\n<p data-start=\"931\" data-end=\"1190\">Navrhnut\u00e9 pre t\u00fdch, ktor\u00ed za\u017e\u00edvaj\u00fa rednutie vlasov, toto s\u00e9rum posil\u0148uje vlasov\u00e9 folikuly a reaktivuje spiace korienky. S biot\u00ednom a morsk\u00fdm kolag\u00e9nom v jadre cieli na pr\u00ed\u010dinu vypad\u00e1vania vlasov a podporuje rast pln\u0161\u00edch, silnej\u0161\u00edch prame\u0148ov.<\/p>\n<h4 data-start=\"1192\" data-end=\"1237\">\u00a0Hlbok\u00e1 hydrat\u00e1cia pre such\u00e9, krehk\u00e9 vlasy<\/h4>\n<p data-start=\"1238\" data-end=\"1449\">Obohaten\u00e9 o <strong data-start=\"1251\" data-end=\"1270\">kyselinu hyalur\u00f3nov\u00fa<\/strong>, toto s\u00e9rum hlboko hydratuje poko\u017eku hlavy a vlasy, obnovuje m\u00e4kkos\u0165 a pru\u017enos\u0165. Je to siln\u00fd hydrata\u010dn\u00fd prostriedok, ktor\u00fd premie\u0148a nudn\u00e9, bezv\u00fdrazn\u00e9 vlasy na hladk\u00e9, vy\u017eiven\u00e9 pramene.<\/p>\n<h4 data-start=\"1451\" data-end=\"1499\">\u00a0Zlep\u0161uje pru\u017enos\u0165 a zni\u017euje l\u00e1mavos\u0165<\/h4>\n<p data-start=\"1500\" data-end=\"1668\">S lep\u0161ou hydrat\u00e1ciou prich\u00e1dza zlep\u0161en\u00e1 pru\u017enos\u0165. V\u00fdsledok? Vlasy, ktor\u00e9 odol\u00e1vaj\u00fa l\u00e1mavosti a \u0161tiepeniu koncov, \u010do umo\u017e\u0148uje ich dlh\u0161\u00ed a silnej\u0161\u00ed rast pri ka\u017edom pou\u017eit\u00ed.<\/p>\n<h4 data-start=\"1670\" data-end=\"1708\">\u00a0Kontroluje ku\u010deravos\u0165 a zvy\u0161uje lesk<\/h4>\n<p data-start=\"1709\" data-end=\"1922\">V\u010faka morskemu kolag\u00e9nu a esenci\u00e1lnym olejom toto s\u00e9rum vyhladzuje vlasov\u00fa kutikulu, skrot\u00ed ku\u010deravos\u0165 a nech\u00e1 va\u0161e vlasy s \u017eiariv\u00fdm, hodv\u00e1bnym leskom. Styling sa stane jednoduch\u0161\u00edm \u2013 a va\u0161e vlasy vyzeraj\u00fa svie\u017ee ako z sal\u00f3nu ka\u017ed\u00fd de\u0148.<\/p>\n<h4 data-start=\"1924\" data-end=\"1977\">\u00a0Vy\u017eivuje poko\u017eku hlavy a zvy\u0161uje objem vlasov<\/h4>\n<p data-start=\"1978\" data-end=\"2135\">T\u00e1to formula stimuluje cirkul\u00e1ciu a dod\u00e1va \u017eivotne d\u00f4le\u017eit\u00e9 \u017eiviny do poko\u017eky hlavy. V\u00fdsledkom je hustej\u0161\u00ed, objemnej\u0161\u00ed rast vlasov od kore\u0148a po \u0161pi\u010dku v priebehu \u010dasu.<\/p>\n<h3 data-start=\"2142\" data-end=\"2172\">\u00a0K\u013e\u00fa\u010dov\u00e9 pr\u00edrodn\u00e9 ingrediencie<\/h3>\n<ul data-start=\"2174\" data-end=\"2896\">\n<li data-start=\"2174\" data-end=\"2257\">\n<p data-start=\"2176\" data-end=\"2257\"><strong data-start=\"2176\" data-end=\"2186\">Biot\u00edn<\/strong> \u2013 Podporuje rast vlasov, zni\u017euje vypad\u00e1vanie a zlep\u0161uje hustotu<\/p>\n<\/li>\n<li data-start=\"2258\" data-end=\"2331\">\n<p data-start=\"2260\" data-end=\"2331\"><strong data-start=\"2260\" data-end=\"2279\">Kyselina hyalur\u00f3nov\u00e1<\/strong> \u2013 Uzamyk\u00e1 vlhkos\u0165 a zlep\u0161uje pru\u017enos\u0165 vlasov<\/p>\n<\/li>\n<li data-start=\"2332\" data-end=\"2412\">\n<p data-start=\"2334\" data-end=\"2412\"><strong data-start=\"2334\" data-end=\"2353\">Morsk\u00fd kolag\u00e9n<\/strong> \u2013 Dod\u00e1va lesk a posil\u0148uje prirodzen\u00fa \u0161trukt\u00faru vlasov<\/p>\n<\/li>\n<li data-start=\"2413\" data-end=\"2491\">\n<p data-start=\"2415\" data-end=\"2491\"><strong data-start=\"2415\" data-end=\"2429\">Ric\u00ednov\u00fd olej<\/strong> \u2013 Zn\u00e1my t\u00fdm, \u017ee zvy\u0161uje hustotu vlasov a podporuje aktivitu folikulov<\/p>\n<\/li>\n<li data-start=\"2492\" data-end=\"2562\">\n<p data-start=\"2494\" data-end=\"2562\"><strong data-start=\"2494\" data-end=\"2507\">Arganov\u00fd olej<\/strong> \u2013 Bohat\u00fd na mastn\u00e9 kyseliny, hydratuje a dod\u00e1va lesk<\/p>\n<\/li>\n<li data-start=\"2563\" data-end=\"2625\">\n<p data-start=\"2565\" data-end=\"2625\"><strong data-start=\"2565\" data-end=\"2579\">Jojobov\u00fd olej<\/strong> \u2013 Vyva\u017euje oleje poko\u017eky hlavy a zni\u017euje lupiny<\/p>\n<\/li>\n<li data-start=\"2626\" data-end=\"2692\">\n<p data-start=\"2628\" data-end=\"2692\"><strong data-start=\"2628\" data-end=\"2645\">Aloe vera olej<\/strong> \u2013 Uspokojuje podr\u00e1\u017edenie a vy\u017eivuje folikuly<\/p>\n<\/li>\n<li data-start=\"2693\" data-end=\"2764\">\n<p data-start=\"2695\" data-end=\"2764\"><strong data-start=\"2695\" data-end=\"2708\">Vitam\u00edn E<\/strong> \u2013 Siln\u00fd antioxidant, ktor\u00fd opravuje a posil\u0148uje<\/p>\n<\/li>\n<li data-start=\"2765\" data-end=\"2824\">\n<p data-start=\"2767\" data-end=\"2824\"><strong data-start=\"2767\" data-end=\"2782\">\u0160iapo\u013eov\u00fd maslo<\/strong> \u2013 Hlboko kondicionuje a zm\u00e4k\u010duje pramene<\/p>\n<\/li>\n<li data-start=\"2825\" data-end=\"2896\">\n<p data-start=\"2827\" data-end=\"2896\"><strong data-start=\"2827\" data-end=\"2843\">Levandu\u013eov\u00fd olej<\/strong> \u2013 Uklud\u0148uje poko\u017eku hlavy a podporuje zdrav\u00fa cirkul\u00e1ciu<\/p>\n<\/li>\n<\/ul>\n<h3 data-start=\"2903\" data-end=\"2958\">\u00a0Ako pou\u017e\u00edva\u0165 ampule TNG Bestser Hair Serum Regrowth<\/h3>\n<ol data-start=\"2960\" data-end=\"3327\">\n<li data-start=\"2960\" data-end=\"3011\">\n<p data-start=\"2963\" data-end=\"3011\"><strong data-start=\"2963\" data-end=\"2980\">Otvorte ampulu<\/strong>: Odskrutkujte vie\u010dko ampule.<\/p>\n<\/li>\n<li data-start=\"3012\" data-end=\"3089\">\n<p data-start=\"3015\" data-end=\"3089\"><strong data-start=\"3015\" data-end=\"3040\">Vlo\u017ete aplik\u00e1tor<\/strong>: Nahra\u010fte vie\u010dko pribalen\u00fdm aplik\u00e1torom.<\/p>\n<\/li>\n<li data-start=\"3090\" data-end=\"3160\">\n<p data-start=\"3093\" data-end=\"3160\"><strong data-start=\"3093\" data-end=\"3114\">Stla\u010dte na d\u00e1vkovanie<\/strong>: Stla\u010dte aplik\u00e1tor na uvo\u013enenie s\u00e9ra.<\/p>\n<\/li>\n<li data-start=\"3161\" data-end=\"3246\">\n<p data-start=\"3164\" data-end=\"3246\"><strong data-start=\"3164\" data-end=\"3191\">Aplikujte na poko\u017eku hlavy a vlasy<\/strong>: S\u00fastre\u010fte sa na redn\u00face alebo po\u0161koden\u00e9 oblasti. Jemne mas\u00edrujte.<\/p>\n<\/li>\n<li data-start=\"3247\" data-end=\"3327\">\n<p data-start=\"3250\" data-end=\"3327\"><strong data-start=\"3250\" data-end=\"3275\">\u010cesajte a upravujte ako zvy\u010dajne<\/strong>: Rovnomerne rozlo\u017ete a upravte vlasy ako obvykle.<\/p>\n<\/li>\n<\/ol>\n<h3 data-start=\"3334\" data-end=\"3349\">\u00a0Upozornenia<\/h3>\n<ul data-start=\"3351\" data-end=\"3502\">\n<li data-start=\"3351\" data-end=\"3376\">\n<p data-start=\"3353\" data-end=\"3376\">Len na vonkaj\u0161ie pou\u017eitie<\/p>\n<\/li>\n<li data-start=\"3377\" data-end=\"3411\">\n<p data-start=\"3379\" data-end=\"3411\">Vyhnite sa priamemu kontaktu s o\u010dami<\/p>\n<\/li>\n<li data-start=\"3412\" data-end=\"3445\">\n<p data-start=\"3414\" data-end=\"3445\">Dr\u017ete mimo dosahu det\u00ed<\/p>\n<\/li>\n<li data-start=\"3446\" data-end=\"3502\">\n<p data-start=\"3448\" data-end=\"3502\">Skladujte na chladnom, suchom mieste mimo priameho slne\u010dn\u00e9ho \u017eiarenia<\/p>\n<\/li>\n<\/ul>\n<h3 data-start=\"3828\" data-end=\"3849\">\u00a0Z\u00e1ver<\/h3>\n<p data-start=\"3851\" data-end=\"3998\"><strong data-start=\"3851\" data-end=\"3892\">Ampule TNG Bestser Hair Serum Regrowth<\/strong> s\u00fa viac ne\u017e len s\u00e9rum \u2013 s\u00fa to rie\u0161enie pre transform\u00e1ciu vlasov. Pri pravidelnom pou\u017e\u00edvan\u00ed za\u017eijete:<\/p>\n<ul data-start=\"4000\" data-end=\"4110\">\n<li data-start=\"4000\" data-end=\"4037\">\n<p data-start=\"4002\" data-end=\"4037\">Zrete\u013ene pln\u0161ie, zdrav\u0161ie vlasy<\/p>\n<\/li>\n<li data-start=\"4038\" data-end=\"4072\">\n<p data-start=\"4040\" data-end=\"4072\">Menej l\u00e1mavosti a menej ku\u010deravosti<\/p>\n<\/li>\n<li data-start=\"4073\" data-end=\"4110\">\n<p data-start=\"4075\" data-end=\"4110\">Silnej\u0161ie korienky a zlep\u0161en\u00fd lesk<\/p>\n<\/li>\n<\/ul>\n<p data-start=\"4112\" data-end=\"4270\">\u010ci u\u017e bojujete s vypad\u00e1van\u00edm vlasov po strese, such\u00fdmi a nudn\u00fdmi vlasmi, alebo chcete len silnej\u0161ie pramene, <strong data-start=\"4209\" data-end=\"4231\">Bestser Hair Serum<\/strong> prin\u00e1\u0161a v\u00fdsledky, ktor\u00e9 poc\u00edtite \u2013 a uvid\u00edte.<\/p>\n<p data-start=\"4272\" data-end=\"4361\"><strong data-start=\"4274\" data-end=\"4361\">Z\u00edskajte sp\u00e4\u0165 sebad\u00f4veru s ka\u017edou ampulou. Objednajte si teraz a u\u017eite si vlasy, ktor\u00e9 si zasl\u00fa\u017eite!<\/strong><\/p>\n<p style=\"text-align: center;\">\u010eakujeme za n\u00e1kup v <em data-start=\"415\" data-end=\"431\"><a href=\"https:\/\/bazaar.express\/sk\/\">Bazaar Express<\/a><\/em> \u2013 te\u0161\u00edme sa na v\u00e1s!<\/p>\n<p style=\"text-align: center;\">Va\u0161a cesta k lep\u0161ej starostlivosti o seba za\u010d\u00edna tu \u2013 s <a href=\"https:\/\/bazaar.express\/product-category\/beauty-care\/\">Beauty &#038; Care<\/a>, na ktor\u00fa sa m\u00f4\u017eete spo\u013eahn\u00fa\u0165.<\/p>\n","protected":false},"excerpt":{"rendered":"<h3>O\u017eivte redn\u00face, po\u0161koden\u00e9 vlasy s ampulami TNG Bestser Hair Serum Regrowth. Formulovan\u00e9 s biot\u00ednom, kyselinou hyalur\u00f3novou a morsk\u00fdm kolag\u00e9nom, toto intenz\u00edvne s\u00e9rum podporuje rast, posil\u0148uje korienky, prid\u00e1va hydrat\u00e1ciu a obnovuje lesk \u2013 pre vidite\u013ene zdrav\u0161ie, pln\u0161ie vlasy.<\/h3>\n","protected":false},"featured_media":44998,"comment_status":"open","ping_status":"closed","template":"","meta":[],"product_brand":[],"product_cat":[1160,1169,1167],"product_tag":[1655,1654],"class_list":{"0":"post-44996","1":"product","2":"type-product","3":"status-publish","4":"has-post-thumbnail","6":"product_cat-starostlivost-o-krasu","7":"product_cat-horuce-ponuky","8":"product_cat-najlepsie-z-egypta","9":"product_tag-starostlivost-o-krasu","10":"product_tag-starostlivost-o-plet","11":"pa_l-xl-50gm","13":"first","14":"instock","15":"sale","16":"shipping-taxable","17":"purchasable","18":"product-type-simple"},"_links":{"self":[{"href":"https:\/\/bazaar.express\/sk\/wp-json\/wp\/v2\/product\/44996","targetHints":{"allow":["GET"]}}],"collection":[{"href":"https:\/\/bazaar.express\/sk\/wp-json\/wp\/v2\/product"}],"about":[{"href":"https:\/\/bazaar.express\/sk\/wp-json\/wp\/v2\/types\/product"}],"replies":[{"embeddable":true,"href":"https:\/\/bazaar.express\/sk\/wp-json\/wp\/v2\/comments?post=44996"}],"wp:featuredmedia":[{"embeddable":true,"href":"https:\/\/bazaar.express\/sk\/wp-json\/wp\/v2\/media\/44998"}],"wp:attachment":[{"href":"https:\/\/bazaar.express\/sk\/wp-json\/wp\/v2\/media?parent=44996"}],"wp:term":[{"taxonomy":"product_brand","embeddable":true,"href":"https:\/\/bazaar.express\/sk\/wp-json\/wp\/v2\/product_brand?post=44996"},{"taxonomy":"product_cat","embeddable":true,"href":"https:\/\/bazaar.express\/sk\/wp-json\/wp\/v2\/product_cat?post=44996"},{"taxonomy":"product_tag","embeddable":true,"href":"https:\/\/bazaar.express\/sk\/wp-json\/wp\/v2\/product_tag?post=44996"}],"curies":[{"name":"wp","href":"https:\/\/api.w.org\/{rel}","templated":true}]}}