{"id":45005,"date":"2025-01-03T11:49:45","date_gmt":"2025-01-03T11:49:45","guid":{"rendered":"https:\/\/bazaar.express\/product\/horsetail-shampoo\/"},"modified":"2025-01-03T11:49:45","modified_gmt":"2025-01-03T11:49:45","slug":"horsetail-shampoo","status":"publish","type":"product","link":"https:\/\/bazaar.express\/sk\/produkt\/horsetail-shampoo\/","title":{"rendered":"\u0160amp\u00f3n s konsk\u00fdm chvostom"},"content":{"rendered":"<h2 data-start=\"194\" data-end=\"269\">Orgakera \u0160amp\u00f3n s konsk\u00fdm chvostom \u2013 Pr\u00edrodn\u00e1 sila a lesk pre va\u0161e vlasy<\/h2>\n<h3 data-start=\"271\" data-end=\"334\"> Obnovte, posilnite a podporujte rast silou konsk\u00e9ho chvosta<\/h3>\n<p data-start=\"336\" data-end=\"637\">Orgakera \u0160amp\u00f3n s konsk\u00fdm chvostom je pr\u00e9miov\u00e9 rie\u0161enie na starostlivos\u0165 o vlasy navrhnut\u00e9 na o\u017eivenie nudn\u00fdch, redn\u00facich alebo po\u0161koden\u00fdch vlasov. Obohaten\u00fd o extrakt z konsk\u00e9ho chvosta a zmes botanick\u00fdch olejov tento pokro\u010dil\u00fd <strong data-start=\"524\" data-end=\"535\">\u0161amp\u00f3n<\/strong> h\u013abkovo hydratuje, zni\u017euje vypad\u00e1vanie vlasov, eliminuje lupiny a podporuje siln\u00fd, \u017eiariv\u00fd rast vlasov.<\/p>\n<p data-start=\"639\" data-end=\"812\">\u010ci u\u017e bojujete s krehk\u00fdmi prame\u0148mi, roz\u0161tiepen\u00fdmi kon\u010dekmi alebo suchou svrbivou poko\u017ekou hlavy, Orgakera \u0160amp\u00f3n s konsk\u00fdm chvostom je va\u0161ou odpove\u010fou na hustej\u0161ie, leskej\u0161ie a zdrav\u0161ie vlasy \u2013 pr\u00edrodne.<\/p>\n<h3 data-start=\"819\" data-end=\"856\"><strong data-start=\"826\" data-end=\"856\">H\u013abkov\u00e1 hydrat\u00e1cia a hladkos\u0165<\/strong><\/h3>\n<p data-start=\"857\" data-end=\"1051\">Formulovan\u00fd s bohat\u00fdmi na \u017eiviny ingredienciami ako aloe vera a panthenol tento <strong data-start=\"934\" data-end=\"945\">\u0161amp\u00f3n<\/strong> poskytuje intenz\u00edvnu hydrat\u00e1ciu, ktor\u00e1 vyhladzuje kutikulu vlasov, kontroluje krepovitos\u0165 a nech\u00e1va vlasy pr\u00edjemne m\u00e4kk\u00e9 na dotyk.<\/p>\n<h3 data-start=\"1053\" data-end=\"1100\"><strong data-start=\"1060\" data-end=\"1100\">Posil\u0148uje korene a zni\u017euje l\u00e1mavos\u0165<\/strong><\/h3>\n<p data-start=\"1101\" data-end=\"1306\">Extrakt z konsk\u00e9ho chvosta \u2013 pln\u00fd sil\u00edcium a antioxidantov \u2013 posil\u0148uje folikuly od kore\u0148a, zni\u017euje vypad\u00e1vanie vlasov a zvy\u0161uje elasticitu. \u013dahnite si na slab\u00e9 pramene a vitajte odolnej\u0161ie, pln\u0161ie vlasy.<\/p>\n<h3 data-start=\"1308\" data-end=\"1347\"><strong data-start=\"1315\" data-end=\"1347\">Podporuje zdrav\u00fd rast vlasov<\/strong><\/h3>\n<p data-start=\"1348\" data-end=\"1509\">Zlep\u0161uje cirkul\u00e1ciu do poko\u017eky hlavy, energizuje rast vlasov na \u00farovni folikulu. Pravideln\u00e9 pou\u017e\u00edvanie tohto <strong data-start=\"1449\" data-end=\"1460\">\u0161amp\u00f3nu<\/strong> podporuje rast nov\u00fdch vlasov silnej\u0161\u00edch a r\u00fdchlej\u0161\u00edch.<\/p>\n<h3 data-start=\"1511\" data-end=\"1553\"><strong data-start=\"1518\" data-end=\"1553\">Upokojuje poko\u017eku hlavy a bojuje proti lupin\u00e1m<\/strong><\/h3>\n<p data-start=\"1554\" data-end=\"1741\">Inf\u00faziou s olejom z \u010dajovn\u00edka, harman\u010dekom a jojobou tento <strong data-start=\"1609\" data-end=\"1620\">\u0161amp\u00f3n<\/strong> upokojuje z\u00e1pal, eliminuje suchos\u0165 a dr\u017e\u00ed lupiny pod kontrolou. Va\u0161a poko\u017eka hlavy zostane svie\u017ea, \u010dist\u00e1 a bez \u0161up\u00edn.<\/p>\n<h3 data-start=\"1743\" data-end=\"1804\"><strong data-start=\"1750\" data-end=\"1804\">Chr\u00e1ni pred roz\u0161tiepen\u00fdmi kon\u010dekmi a environment\u00e1lnym po\u0161koden\u00edm<\/strong><\/h3>\n<p data-start=\"1805\" data-end=\"1966\">Orgakera \u0160amp\u00f3n s konsk\u00fdm chvostom vytv\u00e1ra ochrann\u00fa bari\u00e9ru okolo ka\u017ed\u00e9ho prame\u0148a, zni\u017euje l\u00e1mavos\u0165, uzatv\u00e1ra roz\u0161tiepen\u00e9 kon\u010deky a br\u00e1ni pred po\u0161koden\u00edm teplom a zne\u010disten\u00edm.<\/p>\n<h3 data-start=\"1973\" data-end=\"2016\"> Pr\u00e9miov\u00e9 pr\u00edrodn\u00e9 ingrediencie zah\u0155\u0148aj\u00fa:<\/h3>\n<ul data-start=\"2017\" data-end=\"2475\">\n<li data-start=\"2017\" data-end=\"2088\">\n<p data-start=\"2019\" data-end=\"2088\"><strong data-start=\"2019\" data-end=\"2040\">Extrakt z konsk\u00e9ho chvosta<\/strong> \u2013 Bohat\u00fd na sil\u00edcium pre silu a regener\u00e1ciu vlasov<\/p>\n<\/li>\n<li data-start=\"2089\" data-end=\"2152\">\n<p data-start=\"2091\" data-end=\"2152\"><strong data-start=\"2091\" data-end=\"2116\">Panthenol a vitam\u00edn E<\/strong> \u2013 H\u013abkov\u00e9 hydrata\u010dn\u00e9 a ochrann\u00e9 l\u00e1tky<\/p>\n<\/li>\n<li data-start=\"2153\" data-end=\"2222\">\n<p data-start=\"2155\" data-end=\"2222\"><strong data-start=\"2155\" data-end=\"2181\">Arganov\u00fd olej a jojobov\u00fd olej<\/strong> \u2013 Oprava roz\u0161tiepen\u00fdch kon\u010dekov a obnova m\u00e4kkosti<\/p>\n<\/li>\n<li data-start=\"2223\" data-end=\"2295\">\n<p data-start=\"2225\" data-end=\"2295\"><strong data-start=\"2225\" data-end=\"2258\">Aloe vera a extrakt z harman\u010deka<\/strong> \u2013 Upokojuj\u00face a hojiv\u00e9 pre poko\u017eku hlavy<\/p>\n<\/li>\n<li data-start=\"2296\" data-end=\"2383\">\n<p data-start=\"2298\" data-end=\"2383\"><strong data-start=\"2298\" data-end=\"2333\">Olej z \u010dajovn\u00edka a extrakt z rozmar\u00ednu<\/strong> \u2013 Pr\u00edrodn\u00e9 antibakteri\u00e1lne \u010dinidl\u00e1 proti lupin\u00e1m<\/p>\n<\/li>\n<li data-start=\"2384\" data-end=\"2475\">\n<p data-start=\"2386\" data-end=\"2475\"><strong data-start=\"2386\" data-end=\"2422\">Morsk\u00fd kolag\u00e9n a extrakt z kavi\u00e1ru<\/strong> \u2013 Luxusn\u00e9 \u017eiviny na zahustenie a omladenie vlasov<\/p>\n<\/li>\n<\/ul>\n<h3 data-start=\"2482\" data-end=\"2500\"> Ako pou\u017e\u00edva\u0165:<\/h3>\n<ol data-start=\"2501\" data-end=\"2715\">\n<li data-start=\"2501\" data-end=\"2550\">\n<p data-start=\"2504\" data-end=\"2550\">Naneste ve\u013ekorys\u00e9 mno\u017estvo na mokr\u00e9 vlasy a poko\u017eku hlavy.<\/p>\n<\/li>\n<li data-start=\"2551\" data-end=\"2593\">\n<p data-start=\"2554\" data-end=\"2593\">Jemne mas\u00edrujte na vytvorenie bohat\u00e9ho peny.<\/p>\n<\/li>\n<li data-start=\"2594\" data-end=\"2658\">\n<p data-start=\"2597\" data-end=\"2658\">Nechajte p\u00f4sobi\u0165 5\u201310 min\u00fat, aby sa akt\u00edvne ingrediencie vstrebali.<\/p>\n<\/li>\n<li data-start=\"2659\" data-end=\"2715\">\n<p data-start=\"2662\" data-end=\"2715\">D\u00f4kladne opl\u00e1chnite pre m\u00e4kk\u00e9, osvie\u017een\u00e9 a leskl\u00e9 vlasy.<\/p>\n<\/li>\n<\/ol>\n<h3 data-start=\"2722\" data-end=\"2737\"> Upozornenie:<\/h3>\n<ul data-start=\"2738\" data-end=\"2852\">\n<li data-start=\"2738\" data-end=\"2762\">\n<p data-start=\"2740\" data-end=\"2762\">Len na vonkaj\u0161ie pou\u017eitie.<\/p>\n<\/li>\n<li data-start=\"2763\" data-end=\"2789\">\n<p data-start=\"2765\" data-end=\"2789\">Vyhnite sa kontaktu s o\u010dami.<\/p>\n<\/li>\n<li data-start=\"2790\" data-end=\"2822\">\n<p data-start=\"2792\" data-end=\"2822\">Uchov\u00e1vajte mimo dosahu det\u00ed.<\/p>\n<\/li>\n<li data-start=\"2823\" data-end=\"2852\">\n<p data-start=\"2825\" data-end=\"2852\">Skladujte na chladnom a suchom mieste.<\/p>\n<\/li>\n<\/ul>\n<h3 data-start=\"3166\" data-end=\"3210\"> Pre\u010do si vybra\u0165 Orgakera \u0160amp\u00f3n s konsk\u00fdm chvostom?<\/h3>\n<ul data-start=\"3211\" data-end=\"3391\">\n<li data-start=\"3211\" data-end=\"3256\">\n<p data-start=\"3213\" data-end=\"3256\"><strong data-start=\"3216\" data-end=\"3256\">Pr\u00edrodn\u00e1, bezpe\u010dn\u00e1 a \u00fa\u010dinn\u00e1 formula<\/strong><\/p>\n<\/li>\n<li data-start=\"3257\" data-end=\"3299\">\n<p data-start=\"3259\" data-end=\"3299\"><strong data-start=\"3262\" data-end=\"3299\">Vidite\u013en\u00e9 v\u00fdsledky po pravidelnom pou\u017e\u00edvan\u00ed<\/strong><\/p>\n<\/li>\n<li data-start=\"3300\" data-end=\"3336\">\n<p data-start=\"3302\" data-end=\"3336\"><strong data-start=\"3305\" data-end=\"3336\">Vhodn\u00fd pre v\u0161etky typy vlasov<\/strong><\/p>\n<\/li>\n<li data-start=\"3337\" data-end=\"3391\">\n<p data-start=\"3339\" data-end=\"3391\"><strong data-start=\"3342\" data-end=\"3391\">Obohaten\u00fd o vysoko kvalitn\u00e9 botanick\u00e9 extrakty<\/strong><\/p>\n<\/li>\n<\/ul>\n<p data-start=\"3398\" data-end=\"3565\">Dajte svojim vlasom pr\u00edrodn\u00fa starostlivos\u0165, ktor\u00fa si zasl\u00fa\u017eia.<br data-start=\"3442\" data-end=\"3445\" \/><strong data-start=\"3445\" data-end=\"3485\">Vysk\u00fa\u0161ajte dnes Orgakera \u0160amp\u00f3n s konsk\u00fdm chvostom<\/strong> a u\u017eite si pln\u0161ie, zdrav\u0161ie a leskej\u0161ie vlasy, ktor\u00e9 sa c\u00edtia rovnako dobre, ako vyzeraj\u00fa!<\/p>\n<p style=\"text-align: center;\">\u010eakujeme za n\u00e1kup v <em data-start=\"415\" data-end=\"431\"><a href=\"https:\/\/bazaar.express\/sk\/\">Bazaar Express<\/a><\/em> \u2013 sme nad\u0161en\u00ed, \u017ee ste tu!<\/p>\n<p style=\"text-align: center;\">Va\u0161a cesta k lep\u0161ej starostlivosti o seba za\u010d\u00edna tu \u2013 s <a href=\"https:\/\/bazaar.express\/product-category\/beauty-care\/\">Beauty &#038; Care<\/a>, na ktor\u00fa sa m\u00f4\u017eete spo\u013eahn\u00fa\u0165.<\/p>\n","protected":false},"excerpt":{"rendered":"<h3 data-start=\"392\" data-end=\"644\">Orgakera \u0160amp\u00f3n s konsk\u00fdm chvostom je revitaliza\u010dn\u00fd \u010disti\u010d vlasov obohaten\u00fd o extrakt z konsk\u00e9ho chvosta, kolag\u00e9n a botanick\u00e9 oleje. Posil\u0148uje korene, stimuluje rast, upokojuje poko\u017eku hlavy a zni\u017euje lupiny \u2013 ide\u00e1lny na dosiahnutie hust\u00fdch, leskl\u00fdch, zdrav\u00fdch vlasov.<\/h3>\n","protected":false},"featured_media":45007,"comment_status":"open","ping_status":"closed","template":"","meta":[],"product_brand":[],"product_cat":[1160,1167],"product_tag":[1655,1654],"class_list":{"0":"post-45005","1":"product","2":"type-product","3":"status-publish","4":"has-post-thumbnail","6":"product_cat-starostlivost-o-krasu","7":"product_cat-najlepsie-z-egypta","8":"product_tag-starostlivost-o-krasu","9":"product_tag-starostlivost-o-plet","10":"pa_l-xl-350ml","12":"first","13":"instock","14":"shipping-taxable","15":"purchasable","16":"product-type-simple"},"_links":{"self":[{"href":"https:\/\/bazaar.express\/sk\/wp-json\/wp\/v2\/product\/45005","targetHints":{"allow":["GET"]}}],"collection":[{"href":"https:\/\/bazaar.express\/sk\/wp-json\/wp\/v2\/product"}],"about":[{"href":"https:\/\/bazaar.express\/sk\/wp-json\/wp\/v2\/types\/product"}],"replies":[{"embeddable":true,"href":"https:\/\/bazaar.express\/sk\/wp-json\/wp\/v2\/comments?post=45005"}],"wp:featuredmedia":[{"embeddable":true,"href":"https:\/\/bazaar.express\/sk\/wp-json\/wp\/v2\/media\/45007"}],"wp:attachment":[{"href":"https:\/\/bazaar.express\/sk\/wp-json\/wp\/v2\/media?parent=45005"}],"wp:term":[{"taxonomy":"product_brand","embeddable":true,"href":"https:\/\/bazaar.express\/sk\/wp-json\/wp\/v2\/product_brand?post=45005"},{"taxonomy":"product_cat","embeddable":true,"href":"https:\/\/bazaar.express\/sk\/wp-json\/wp\/v2\/product_cat?post=45005"},{"taxonomy":"product_tag","embeddable":true,"href":"https:\/\/bazaar.express\/sk\/wp-json\/wp\/v2\/product_tag?post=45005"}],"curies":[{"name":"wp","href":"https:\/\/api.w.org\/{rel}","templated":true}]}}