{"id":45008,"date":"2025-01-02T22:46:15","date_gmt":"2025-01-02T22:46:15","guid":{"rendered":"https:\/\/bazaar.express\/?post_type=product&#038;p=45008"},"modified":"2026-05-02T01:09:24","modified_gmt":"2026-05-02T01:09:24","slug":"sampon-snake-oil","status":"publish","type":"product","link":"https:\/\/bazaar.express\/sk\/produkt\/sampon-snake-oil\/","title":{"rendered":"\u0160amp\u00f3n Snake Oil"},"content":{"rendered":"<h2 style=\"text-align: left;\" data-pm-slice=\"1 1 []\"><strong>Orgakera \u0160amp\u00f3n Snake Oil &#8211; Najlep\u0161ia vo\u013eba pre zdrav\u00e9, leskl\u00e9 a pevn\u00e9 vlasy<\/strong><\/h2>\n<p>Zme\u0148te svoje n\u00e1vyky starostlivosti o vlasy s <strong>Orgakera \u0160amp\u00f3n Snake Oil<\/strong>, ktor\u00fd je navrhnut\u00fd tak, aby poskytol vynikaj\u00facu <strong>hydrat\u00e1ciu<\/strong> a <strong>hladkos\u0165<\/strong> v\u0161etk\u00fdm typom vlasov. Tento siln\u00fd \u0161amp\u00f3n posil\u0148uje korienky vlasov, podporuje <strong>rast vlasov<\/strong> a zlep\u0161uje <strong>zdravie poko\u017eky hlavy<\/strong>. Pln\u00fd \u0161peci\u00e1lnej zmesi pr\u00edrodn\u00fdch zlo\u017eiek, <strong>Orgakera \u0160amp\u00f3n<\/strong> vy\u017eivuje, hydratuje a chr\u00e1ni va\u0161e vlasy pred po\u0161koden\u00edm, \u010d\u00edm im dod\u00e1va \u017eiariv\u00fd lesk a zni\u017euje v\u00fdskyt <strong>roz\u0161tiepen\u00fdch kon\u010dekov<\/strong>.<\/p>\n<h2><strong>Hlavn\u00e9 v\u00fdhody:<\/strong><\/h2>\n<ul>\n<li><strong>Posil\u0148uje korienky vlasov<\/strong> a podporuje <strong>rast vlasov<\/strong><\/li>\n<li>M\u00e1 hydrata\u010dn\u00fd \u00fa\u010dinok na poko\u017eku hlavy, ktor\u00fd zlep\u0161uje celkov\u00e9 zdravie poko\u017eky hlavy<\/li>\n<li>Zlep\u0161uje prekrvenie, \u010d\u00edm zni\u017euje vypad\u00e1vanie vlasov a \u0161upinatenie poko\u017eky hlavy<\/li>\n<li>Chr\u00e1ni vlasy pred po\u0161koden\u00edm, \u010do vedie k zdrav\u0161\u00edm a lesklej\u0161\u00edm vlasom<\/li>\n<li>Pom\u00e1ha predch\u00e1dza\u0165 roz\u0161tiepeniu kon\u010dekov vlasov na udr\u017eanie dlhodob\u00e9ho zdravia vlasov<\/li>\n<\/ul>\n<h2><strong>K\u013e\u00fa\u010dov\u00e9 ingrediencie:<\/strong><\/h2>\n<ul>\n<li><strong>Panthenol<\/strong> a <strong>Vitam\u00edn E<\/strong> na v\u00fd\u017eivu<\/li>\n<li><strong>Eruca extrakt<\/strong>, <strong>Extrakt zo \u0161alvie<\/strong> a <strong>Extrakt z rozmar\u00ednu<\/strong> na podporu rastu vlasov<\/li>\n<li><strong>Extrakt z aloe vera<\/strong> a <strong>Olej z \u010dajovn\u00edka<\/strong> na upokojenie a hydrat\u00e1ciu poko\u017eky hlavy<\/li>\n<li><strong>Arganov\u00fd olej<\/strong>, <strong>Kokosov\u00fd olej<\/strong> a <strong>Olej z jojoby<\/strong> na hydrat\u00e1ciu a posilnenie vlasov<\/li>\n<li><strong>Kyselina hyalur\u00f3nov\u00e1<\/strong>, <strong>Extrakt z kavi\u00e1ru<\/strong> a <strong>Morsk\u00fd kolag\u00e9n<\/strong> na v\u00fd\u017eivu a zlep\u0161enie zdravia vlasov<\/li>\n<li><strong>Extrakt z olivovn\u00edka<\/strong>, <strong>Extrakt z harman\u010deka<\/strong> a <strong>Olej z makadamie<\/strong> na ochranu vlasov pred po\u0161koden\u00edm<\/li>\n<\/ul>\n<p>\u0160amp\u00f3n Orgakera kombinuje tieto vysoko kvalitn\u00e9 pr\u00edrodn\u00e9 ingrediencie. Hydratuje vlasy a poko\u017eku hlavy, zni\u017euje lupiny a pom\u00e1ha vlasom r\u00e1s\u0165 silnej\u0161\u00edmi a hustej\u0161\u00edmi. Tento \u0161amp\u00f3n pon\u00faka komplexn\u00e9 rie\u0161enie na opravu a udr\u017eanie zdrav\u00fdch vlasov od korienkov po kon\u010deky.<\/p>\n<p><strong>Ako pou\u017e\u00edva\u0165:<\/strong> Naneste dostato\u010dn\u00e9 mno\u017estvo <strong>Orgakera \u0160amp\u00f3nu Snake Oil<\/strong> na poko\u017eku hlavy. Vmas\u00edrujte a nechajte p\u00f4sobi\u0165 10 min\u00fat, aby sa pr\u00edrodn\u00e9 oleje a \u017eiviny vstrebali. D\u00f4kladne opl\u00e1chnite vodou.<\/p>\n<p><strong>Upozornenie:<\/strong> Pou\u017e\u00edvajte len externe. Nedost\u00e1vajte do o\u010d\u00ed. Ak sa to stane, d\u00f4kladne vypl\u00e1chnite o\u010di vodou. Uchov\u00e1vajte mimo dosahu det\u00ed.<\/p>\n<h4>Dajte svojim vlasom boost s <strong>Orgakera \u0160amp\u00f3n Snake Oil<\/strong> a z\u00edskajte silnej\u0161ie, zdrav\u0161ie a lesklej\u0161ie vlasy!<\/h4>\n<p>&nbsp;<\/p>\n<p style=\"text-align: center;\">\u010eakujeme za n\u00e1kup v <em data-start=\"415\" data-end=\"431\"><a href=\"https:\/\/bazaar.express\/sk\/\">Bazaar Express<\/a><\/em> \u2013 te\u0161\u00edme sa na v\u00e1s!<\/p>\n<p style=\"text-align: center;\">Va\u0161a cesta k lep\u0161ej starostlivosti o seba za\u010d\u00edna tu \u2013 s <a href=\"https:\/\/bazaar.express\/sk\/kategoria-produktu\/starostlivost-o-krasu\/\">Beauty &amp; Care<\/a>, na ktor\u00fa sa m\u00f4\u017eete spo\u013eahn\u00fa\u0165.<\/p>\n","protected":false},"excerpt":{"rendered":"<h3><strong>Orgakera \u0160amp\u00f3n Snake Oil<\/strong> vy\u017eivuje a posil\u0148uje korienky vlasov, stimuluje rast a pom\u00e1ha zni\u017eova\u0165 vypad\u00e1vanie vlasov, lupiny a roz\u0161tiepen\u00e9 kon\u010deky pre lesklej\u0161ie, zdrav\u0161ie vlasy.<\/h3>\n","protected":false},"featured_media":45010,"comment_status":"open","ping_status":"closed","template":"","meta":[],"product_brand":[],"product_cat":[1160,1909,1167],"product_tag":[1652,1655,1654],"class_list":{"0":"post-45008","1":"product","2":"type-product","3":"status-publish","4":"has-post-thumbnail","6":"product_cat-starostlivost-o-krasu","7":"product_cat-lotus","8":"product_cat-najlepsie-z-egypta","9":"product_tag-olej","10":"product_tag-starostlivost-o-krasu","11":"product_tag-starostlivost-o-plet","12":"pa_l-xl-350ml","14":"first","15":"instock","16":"shipping-taxable","17":"purchasable","18":"product-type-simple"},"_links":{"self":[{"href":"https:\/\/bazaar.express\/sk\/wp-json\/wp\/v2\/product\/45008","targetHints":{"allow":["GET"]}}],"collection":[{"href":"https:\/\/bazaar.express\/sk\/wp-json\/wp\/v2\/product"}],"about":[{"href":"https:\/\/bazaar.express\/sk\/wp-json\/wp\/v2\/types\/product"}],"replies":[{"embeddable":true,"href":"https:\/\/bazaar.express\/sk\/wp-json\/wp\/v2\/comments?post=45008"}],"wp:featuredmedia":[{"embeddable":true,"href":"https:\/\/bazaar.express\/sk\/wp-json\/wp\/v2\/media\/45010"}],"wp:attachment":[{"href":"https:\/\/bazaar.express\/sk\/wp-json\/wp\/v2\/media?parent=45008"}],"wp:term":[{"taxonomy":"product_brand","embeddable":true,"href":"https:\/\/bazaar.express\/sk\/wp-json\/wp\/v2\/product_brand?post=45008"},{"taxonomy":"product_cat","embeddable":true,"href":"https:\/\/bazaar.express\/sk\/wp-json\/wp\/v2\/product_cat?post=45008"},{"taxonomy":"product_tag","embeddable":true,"href":"https:\/\/bazaar.express\/sk\/wp-json\/wp\/v2\/product_tag?post=45008"}],"curies":[{"name":"wp","href":"https:\/\/api.w.org\/{rel}","templated":true}]}}