{"id":45036,"date":"2025-01-03T11:29:51","date_gmt":"2025-01-03T11:29:51","guid":{"rendered":"https:\/\/bazaar.express\/product\/shampoo-2\/"},"modified":"2026-03-01T22:01:28","modified_gmt":"2026-03-01T22:01:28","slug":"shampoo-2","status":"publish","type":"product","link":"https:\/\/bazaar.express\/sk\/produkt\/shampoo-2\/","title":{"rendered":"\u0160amp\u00f3n s \u010diernym semienkom"},"content":{"rendered":"<h2 data-start=\"180\" data-end=\"257\"><strong data-start=\"186\" data-end=\"257\">Orgakera Black Seed \u0160amp\u00f3n \u2013 Prirodzen\u00e1 sila bylinn\u00e9ho starostlivosti o vlasy<\/strong><\/h2>\n<h3 data-start=\"259\" data-end=\"298\">\u010co rob\u00ed tento \u0161amp\u00f3n v\u00fdnimo\u010dn\u00fdm?<\/h3>\n<p data-start=\"300\" data-end=\"766\">Ak h\u013ead\u00e1te <strong data-start=\"324\" data-end=\"343\">pr\u00e9miov\u00fd \u0161amp\u00f3n<\/strong>, ktor\u00fd <strong data-start=\"349\" data-end=\"370\">o\u017eiv\u00ed nudn\u00e9 vlasy<\/strong>, <strong data-start=\"372\" data-end=\"393\">posiln\u00ed korene<\/strong> a <strong data-start=\"399\" data-end=\"426\">podporuje zdrav\u00fd rast<\/strong>, potom je <strong data-start=\"433\" data-end=\"464\">Orgakera Black Seed \u0160amp\u00f3n<\/strong> presne to, \u010do potrebujete. Naplnen\u00fd siln\u00fdmi ingredienciami ako <strong data-start=\"529\" data-end=\"547\">olej z \u010dierneho semienka<\/strong>, <strong data-start=\"549\" data-end=\"562\">vitam\u00edn E<\/strong> a <strong data-start=\"568\" data-end=\"586\">kavi\u00e1rov\u00fd extrakt<\/strong>, tento \u0161amp\u00f3n je ultim\u00e1tnym rie\u0161en\u00edm pre such\u00e9, po\u0161koden\u00e9 alebo redn\u00face vlasy. Jeho jemn\u00e1, no \u00fa\u010dinn\u00e1 formula hydratuje va\u0161e vlasov\u00e9 pramene, podporuje zdravie poko\u017eky hlavy a dod\u00e1va \u017eiariv\u00fd lesk.<\/p>\n<h3 data-start=\"773\" data-end=\"810\"><strong data-start=\"780\" data-end=\"810\">Hlbok\u00e1 hydrat\u00e1cia a hladkos\u0165<\/strong><\/h3>\n<p data-start=\"812\" data-end=\"1011\">Orgakera Black Seed \u0160amp\u00f3n hydratuje ka\u017ed\u00fd vlasov\u00fd prame\u0148 a nech\u00e1va ho <strong data-start=\"878\" data-end=\"916\">hedv\u00e1bne hladk\u00fd, m\u00e4kk\u00fd a bez krepov<\/strong>. Jeho bohat\u00e1 formula uzamyk\u00e1 vlhkos\u0165, \u010d\u00edm sa va\u0161e vlasy st\u00e1vaj\u00fa poddajn\u00fdmi a pr\u00edjemne hladk\u00fdmi cel\u00fd de\u0148.<\/p>\n<h3 data-start=\"1018\" data-end=\"1059\"><strong data-start=\"1025\" data-end=\"1059\">Silnej\u0161ie vlasy od kore\u0148a po \u0161pi\u010dku<\/strong><\/h3>\n<p data-start=\"1061\" data-end=\"1282\">Obohaten\u00fd o pr\u00edrodn\u00e9 prote\u00edny a oleje, tento \u0161amp\u00f3n <strong data-start=\"1115\" data-end=\"1148\">posil\u0148uje vlasov\u00e9 folikuly<\/strong>, <strong data-start=\"1150\" data-end=\"1170\">zni\u017euje l\u00e1mavos\u0165<\/strong> a podporuje <strong data-start=\"1187\" data-end=\"1213\">hustej\u0161\u00ed, pln\u0161\u00ed rast<\/strong>. \u010eakajte zbohom vypad\u00e1vaniu vlasov a vitajte silnej\u0161\u00edm, odolnej\u0161\u00edm vlasom.<\/p>\n<h3 data-start=\"1289\" data-end=\"1330\"><strong data-start=\"1296\" data-end=\"1330\">Stimuluje zdrav\u00fd rast vlasov<\/strong><\/h3>\n<p data-start=\"1332\" data-end=\"1518\">Zlep\u0161en\u00edm <strong data-start=\"1345\" data-end=\"1379\">krvn\u00e9ho obehu do poko\u017eky hlavy<\/strong> Orgakera Black Seed \u0160amp\u00f3n podporuje rast zdrav\u0161\u00edch, lesklej\u0161\u00edch prame\u0148ov. Pom\u00e1ha bojova\u0165 proti rednutiu vlasov a podporuje objem v priebehu \u010dasu.<\/p>\n<h3 data-start=\"1525\" data-end=\"1571\"><strong data-start=\"1532\" data-end=\"1571\">Upokojuje poko\u017eku hlavy a bojuje proti lupin\u00e1m<\/strong><\/h3>\n<p data-start=\"1573\" data-end=\"1757\">Kombin\u00e1cia oleja z \u010dierneho semienka, \u010dajovn\u00edkov\u00e9ho oleja a aloe vera pom\u00e1ha <strong data-start=\"1633\" data-end=\"1655\">odstr\u00e1ni\u0165 lupiny<\/strong>, upokoji\u0165 podr\u00e1\u017edenie poko\u017eky hlavy a <strong data-start=\"1686\" data-end=\"1705\">obnovi\u0165 rovnov\u00e1hu<\/strong>. Va\u0161a poko\u017eka hlavy sa c\u00edti osvie\u017een\u00e1, \u010dist\u00e1 a bez \u0161up\u00edn.<\/p>\n<h3 data-start=\"1764\" data-end=\"1801\"><strong data-start=\"1772\" data-end=\"1801\">Chr\u00e1ni a vy\u017eivuje vlasy<\/strong><\/h3>\n<p data-start=\"1803\" data-end=\"2029\">Pr\u00edrodn\u00e9 oleje ako <strong data-start=\"1821\" data-end=\"1849\">arganov\u00fd olej a jojobov\u00fd olej<\/strong> vytv\u00e1raj\u00fa ochrann\u00fa bari\u00e9ru, <strong data-start=\"1877\" data-end=\"1923\">chr\u00e1ni vlasy pred teplom, po\u0161koden\u00edm stylingom<\/strong> a <strong data-start=\"1929\" data-end=\"1953\">environment\u00e1lnym stresom<\/strong>. Vlasy s\u00fa vy\u017eiven\u00e9 zvn\u00fatra von, s vylep\u0161enou elasticitou a leskom.<\/p>\n<h3 data-start=\"2036\" data-end=\"2076\"><strong data-start=\"2042\" data-end=\"2076\">Vidite\u013en\u00fd lesk a zdrav\u0161ie vlasy<\/strong><\/h3>\n<p data-start=\"2078\" data-end=\"2255\">Pri pravidelnom pou\u017e\u00edvan\u00ed sa va\u0161e vlasy javia <strong data-start=\"2120\" data-end=\"2145\">lesklej\u0161ie, \u017eiv\u0161ie<\/strong> a pln\u00e9 \u017eivota. Kavi\u00e1rov\u00fd extrakt a kolag\u00e9n pom\u00e1haj\u00fa <strong data-start=\"2198\" data-end=\"2218\">obnovi\u0165 silu<\/strong> a zlep\u0161i\u0165 prirodzen\u00fd lesk vlasov.<\/p>\n<h3 data-start=\"2262\" data-end=\"2293\">\u00a0K\u013e\u00fa\u010dov\u00e9 pr\u00edrodn\u00e9 ingrediencie:<\/h3>\n<ul data-start=\"2295\" data-end=\"2854\">\n<li data-start=\"2295\" data-end=\"2381\">\n<p data-start=\"2297\" data-end=\"2381\"><strong data-start=\"2297\" data-end=\"2315\">Olej z \u010dierneho semienka<\/strong> \u2013 Posil\u0148uje korene, zni\u017euje z\u00e1pal a podporuje rast.<\/p>\n<\/li>\n<li data-start=\"2382\" data-end=\"2486\">\n<p data-start=\"2384\" data-end=\"2486\"><strong data-start=\"2384\" data-end=\"2426\">Panthenol (Pro-Vitam\u00edn B5) a Vitam\u00edn E<\/strong> \u2013 Poskytuj\u00fa vlhkos\u0165, m\u00e4kkos\u0165 a chr\u00e1nia pred po\u0161koden\u00edm.<\/p>\n<\/li>\n<li data-start=\"2487\" data-end=\"2587\">\n<p data-start=\"2489\" data-end=\"2587\"><strong data-start=\"2489\" data-end=\"2515\">Arganov\u00fd olej a Jojobov\u00fd olej<\/strong> \u2013 Bohat\u00e9 na esenci\u00e1lne mastn\u00e9 kyseliny pre hydrat\u00e1ciu a starostlivos\u0165 proti l\u00e1mavosti.<\/p>\n<\/li>\n<li data-start=\"2588\" data-end=\"2676\">\n<p data-start=\"2590\" data-end=\"2676\"><strong data-start=\"2590\" data-end=\"2623\">Aloe Vera a Extrakt z harman\u010deka<\/strong> \u2013 Upokojuj\u00fa poko\u017eku hlavy a zni\u017euj\u00fa svrbenie a suchos\u0165.<\/p>\n<\/li>\n<li data-start=\"2677\" data-end=\"2770\">\n<p data-start=\"2679\" data-end=\"2770\"><strong data-start=\"2679\" data-end=\"2695\">\u010cajovn\u00edkov\u00fd olej<\/strong> \u2013 Antimikrobi\u00e1lne benefity pom\u00e1haj\u00fa zni\u017eova\u0165 lupiny a odstra\u0148ova\u0165 upchat\u00e9 vlasov\u00e9 folikuly.<\/p>\n<\/li>\n<li data-start=\"2771\" data-end=\"2854\">\n<p data-start=\"2773\" data-end=\"2854\"><strong data-start=\"2773\" data-end=\"2809\">Kavi\u00e1rov\u00fd extrakt a Morsk\u00fd kolag\u00e9n<\/strong> \u2013 Dod\u00e1vaj\u00fa elasticitu, v\u00fd\u017eivu a silu.<\/p>\n<\/li>\n<\/ul>\n<h3 data-start=\"2861\" data-end=\"2879\">\u00a0Ako pou\u017e\u00edva\u0165:<\/h3>\n<ol data-start=\"2881\" data-end=\"3113\">\n<li data-start=\"2881\" data-end=\"2932\">\n<p data-start=\"2884\" data-end=\"2932\">Naneste ve\u013ekorys\u00e9 mno\u017estvo na mokr\u00fa poko\u017eku hlavy a vlasy.<\/p>\n<\/li>\n<li data-start=\"2933\" data-end=\"2977\">\n<p data-start=\"2936\" data-end=\"2977\">Jemne mas\u00edrujte, aby ste vytvorili bohat\u00fa penu.<\/p>\n<\/li>\n<li data-start=\"2978\" data-end=\"3038\">\n<p data-start=\"2981\" data-end=\"3038\">Nechajte p\u00f4sobi\u0165 5\u201310 min\u00fat, aby sa \u017eiviny vstrebali.<\/p>\n<\/li>\n<li data-start=\"3039\" data-end=\"3113\">\n<p data-start=\"3042\" data-end=\"3113\">D\u00f4kladne opl\u00e1chnite vla\u017enou vodou.<br data-start=\"3079\" data-end=\"3082\" \/>Pou\u017e\u00edvajte pravidelne pre najlep\u0161ie v\u00fdsledky.<\/p>\n<\/li>\n<\/ol>\n<h3 data-start=\"3120\" data-end=\"3135\">\u00a0Opatrenie:<\/h3>\n<ul data-start=\"3136\" data-end=\"3300\">\n<li data-start=\"3136\" data-end=\"3162\">\n<p data-start=\"3138\" data-end=\"3162\">Len na vonkaj\u0161ie pou\u017eitie.<\/p>\n<\/li>\n<li data-start=\"3163\" data-end=\"3235\">\n<p data-start=\"3165\" data-end=\"3235\">Vyhnite sa kontaktu s o\u010dami. Ak k tomu d\u00f4jde, okam\u017eite opl\u00e1chnite vodou.<\/p>\n<\/li>\n<li data-start=\"3236\" data-end=\"3270\">\n<p data-start=\"3238\" data-end=\"3270\">Uchov\u00e1vajte mimo dosahu det\u00ed.<\/p>\n<\/li>\n<li data-start=\"3271\" data-end=\"3300\">\n<p data-start=\"3273\" data-end=\"3300\">Skladujte na chladnom, suchom mieste.<\/p>\n<\/li>\n<\/ul>\n<h3 data-start=\"3628\" data-end=\"3673\">\u00a0Pre\u010do si vybra\u0165 Orgakera Black Seed \u0160amp\u00f3n?<\/h3>\n<ul data-start=\"3675\" data-end=\"3930\">\n<li data-start=\"3675\" data-end=\"3751\">\n<p data-start=\"3677\" data-end=\"3751\"><strong data-start=\"3677\" data-end=\"3696\">Komplexn\u00e1 starostlivos\u0165<\/strong>: Bojuje proti vypad\u00e1vaniu vlasov, suchosti, lupin\u00e1m a nudnosti.<\/p>\n<\/li>\n<li data-start=\"3752\" data-end=\"3841\">\n<p data-start=\"3754\" data-end=\"3841\"><strong data-start=\"3754\" data-end=\"3787\">Jemn\u00e1, bez chemik\u00e1li\u00ed formula<\/strong>: Bez parab\u00e9nov alebo sulf\u00e1tov \u2013 bezpe\u010dn\u00e1 pre v\u0161etky typy vlasov.<\/p>\n<\/li>\n<li data-start=\"3842\" data-end=\"3930\">\n<p data-start=\"3844\" data-end=\"3930\"><strong data-start=\"3844\" data-end=\"3868\">R\u00fdchle vidite\u013en\u00e9 v\u00fdsledky<\/strong>: Silnej\u0161ie, lesklej\u0161ie a zdrav\u0161ie vlasy po nieko\u013ek\u00fdch pou\u017eitiach.<\/p>\n<\/li>\n<\/ul>\n<h2 data-start=\"3937\" data-end=\"3971\">\u00a0Starajte sa o svoje vlasy najlep\u0161ie!<\/h2>\n<p data-start=\"3973\" data-end=\"4151\"><strong data-start=\"3973\" data-end=\"4012\">K\u00fapte si Orgakera Black Seed \u0160amp\u00f3n teraz<\/strong> a dajte svojim vlasom prirodzen\u00fa v\u00fd\u017eivu, ktor\u00fa si zasl\u00fa\u017eia. Odha\u013ete <strong data-start=\"4076\" data-end=\"4111\">siln\u00e9, leskl\u00e9 a zdrav\u00e9 vlasy<\/strong> \u2013 ka\u017ed\u00fd de\u0148 za\u010d\u00edna kr\u00e1snymi vlasmi!<\/p>\n<p style=\"text-align: center;\">\u010eakujeme za n\u00e1kup v <em data-start=\"415\" data-end=\"431\"><a href=\"https:\/\/bazaar.express\/sk\/\">Bazaar Express<\/a><\/em> \u2013 te\u0161\u00edme sa na v\u00e1s!<\/p>\n<p style=\"text-align: center;\">Va\u0161a cesta k lep\u0161ej starostlivosti o seba za\u010d\u00edna tu \u2014 s <a href=\"https:\/\/bazaar.express\/product-category\/beauty-care\/\">Beauty &#038; Care<\/a>, na ktor\u00fa sa m\u00f4\u017eete spo\u013eahn\u00fa\u0165.<\/p>\n","protected":false},"excerpt":{"rendered":"<h3 data-start=\"415\" data-end=\"669\">Orgakera Black Seed \u0160amp\u00f3n sp\u00e1ja olej z \u010dierneho semienka, vitam\u00edn E a pr\u00edrodn\u00e9 extrakty na v\u00fd\u017eivu poko\u017eky hlavy, posilnenie vlasov\u00fdch kore\u0148ov a boj proti lupin\u00e1m. T\u00e1to hydrata\u010dn\u00e1 formula podporuje zdrav\u00fd rast vlasov a dod\u00e1va lesk, \u010do ju rob\u00ed ide\u00e1lnou pre v\u0161etky typy vlasov.<\/h3>\n","protected":false},"featured_media":45038,"comment_status":"open","ping_status":"closed","template":"","meta":[],"product_brand":[],"product_cat":[1160,1167],"product_tag":[1655,1654],"class_list":{"0":"post-45036","1":"product","2":"type-product","3":"status-publish","4":"has-post-thumbnail","6":"product_cat-starostlivost-o-krasu","7":"product_cat-najlepsie-z-egypta","8":"product_tag-starostlivost-o-krasu","9":"product_tag-starostlivost-o-plet","10":"pa_l-xl-350ml","12":"first","13":"instock","14":"shipping-taxable","15":"purchasable","16":"product-type-simple"},"_links":{"self":[{"href":"https:\/\/bazaar.express\/sk\/wp-json\/wp\/v2\/product\/45036","targetHints":{"allow":["GET"]}}],"collection":[{"href":"https:\/\/bazaar.express\/sk\/wp-json\/wp\/v2\/product"}],"about":[{"href":"https:\/\/bazaar.express\/sk\/wp-json\/wp\/v2\/types\/product"}],"replies":[{"embeddable":true,"href":"https:\/\/bazaar.express\/sk\/wp-json\/wp\/v2\/comments?post=45036"}],"wp:featuredmedia":[{"embeddable":true,"href":"https:\/\/bazaar.express\/sk\/wp-json\/wp\/v2\/media\/45038"}],"wp:attachment":[{"href":"https:\/\/bazaar.express\/sk\/wp-json\/wp\/v2\/media?parent=45036"}],"wp:term":[{"taxonomy":"product_brand","embeddable":true,"href":"https:\/\/bazaar.express\/sk\/wp-json\/wp\/v2\/product_brand?post=45036"},{"taxonomy":"product_cat","embeddable":true,"href":"https:\/\/bazaar.express\/sk\/wp-json\/wp\/v2\/product_cat?post=45036"},{"taxonomy":"product_tag","embeddable":true,"href":"https:\/\/bazaar.express\/sk\/wp-json\/wp\/v2\/product_tag?post=45036"}],"curies":[{"name":"wp","href":"https:\/\/api.w.org\/{rel}","templated":true}]}}