{"id":45061,"date":"2024-12-06T02:59:28","date_gmt":"2024-12-06T02:59:28","guid":{"rendered":"https:\/\/bazaar.express\/product\/deodorant-cream\/"},"modified":"2024-12-06T02:59:28","modified_gmt":"2024-12-06T02:59:28","slug":"deodorant-cream","status":"publish","type":"product","link":"https:\/\/bazaar.express\/sk\/produkt\/deodorant-cream\/","title":{"rendered":"Deodorantov\u00fd kr\u00e9m"},"content":{"rendered":"<h2 data-start=\"207\" data-end=\"284\"><strong data-start=\"210\" data-end=\"284\">Deodorantov\u00fd kr\u00e9m Royal Oud: Luxusn\u00e1 kontrola z\u00e1pachu s poko\u017ekou \u0161etrnou starostlivos\u0165ou<\/strong><\/h2>\n<h3 data-start=\"291\" data-end=\"334\"><strong data-start=\"295\" data-end=\"334\">Za\u017eite viac ako len svie\u017eos\u0165<\/strong><\/h3>\n<p data-start=\"336\" data-end=\"611\">Pokia\u013e ide o starostlivos\u0165 o seba, ka\u017ed\u00e1 \u010das\u0165 v\u00e1\u0161ho tela si zasl\u00fa\u017ei premyslen\u00fa pozornos\u0165 \u2013 \u00e1no, dokonca aj va\u0161e podpazu\u0161ie. Deodorantov\u00fd kr\u00e9m Royal Oud nie je len \u010fal\u0161\u00ed antiperspirant; je to pr\u00e9miov\u00e9 rie\u0161enie pre starostlivos\u0165 o poko\u017eku navrhnut\u00e9 tak, aby rozmazn\u00e1valo, chr\u00e1nilo a udr\u017eiavalo v\u00e1s sebavedomo svie\u017eimi cel\u00fd de\u0148.<\/p>\n<h3 data-start=\"618\" data-end=\"655\"><strong data-start=\"622\" data-end=\"655\">\u0160etrn\u00fd k poko\u017eke, tvrd\u00fd na z\u00e1pach<\/strong><\/h3>\n<p data-start=\"657\" data-end=\"993\">Na rozdiel od tradi\u010dn\u00fdch deodorantov\u00fdch produktov, ktor\u00e9 sa spoliehaj\u00fa na alkohol alebo drsn\u00e9 chemik\u00e1lie, deodorantov\u00fd kr\u00e9m Royal Oud pou\u017e\u00edva upokojuj\u00facu formulu bez alkoholu. Re\u0161pektuje prirodzen\u00fa rovnov\u00e1hu va\u0161ej poko\u017eky a z\u00e1rove\u0148 vytv\u00e1ra ochrann\u00fa bari\u00e9ru proti bakt\u00e9ri\u00e1m sp\u00f4sobuj\u00facim z\u00e1pach. Zost\u00e1vate such\u00ed, svie\u017ei a bez podr\u00e1\u017edenia \u2013 dokonca aj po\u010das hor\u00faceho po\u010dasia alebo dlh\u00fdch, akt\u00edvnych dn\u00ed.<\/p>\n<h3 data-start=\"1000\" data-end=\"1040\"><strong data-start=\"1004\" data-end=\"1040\">Naplnen\u00fd pr\u00edrodn\u00fdmi ingredienciami<\/strong><\/h3>\n<p data-start=\"1042\" data-end=\"1101\">Ka\u017ed\u00e1 n\u00e1doba je pln\u00e1 bohat\u00fdch, poko\u017eku miluj\u00facich ingredienci\u00ed ako:<\/p>\n<ul data-start=\"1103\" data-end=\"1382\">\n<li data-start=\"1103\" data-end=\"1172\">\n<p data-start=\"1105\" data-end=\"1172\"><strong data-start=\"1105\" data-end=\"1120\">Maslo shea<\/strong> \u2013 h\u013abkovo hydratuje a vy\u017eivuje citliv\u00fa poko\u017eku<\/p>\n<\/li>\n<li data-start=\"1173\" data-end=\"1240\">\n<p data-start=\"1175\" data-end=\"1240\"><strong data-start=\"1175\" data-end=\"1188\">Vitam\u00edn E<\/strong> \u2013 posil\u0148uje a chr\u00e1ni jemn\u00fa poko\u017eku podpazu\u0161ia<\/p>\n<\/li>\n<li data-start=\"1241\" data-end=\"1316\">\n<p data-start=\"1243\" data-end=\"1316\"><strong data-start=\"1243\" data-end=\"1260\">Vo\u0148av\u00e9 oleje<\/strong> \u2013 poskytuj\u00fa jemn\u00fa, no sofistikovan\u00fa v\u00f4\u0148u Royal Oud<\/p>\n<\/li>\n<li data-start=\"1317\" data-end=\"1382\">\n<p data-start=\"1319\" data-end=\"1382\"><strong data-start=\"1319\" data-end=\"1337\">Purifikovan\u00e1 voda<\/strong> \u2013 zabezpe\u010duje jemn\u00fa, neupch\u00e1vaj\u00facu aplik\u00e1ciu<\/p>\n<\/li>\n<\/ul>\n<p data-start=\"1384\" data-end=\"1587\">Tento deodorantov\u00fd kr\u00e9m tie\u017e obsahuje <strong data-start=\"1419\" data-end=\"1446\">rastlinn\u00fd olej cyperus<\/strong>, ktor\u00fd je zn\u00e1my t\u00fdm, \u017ee pom\u00e1ha spoma\u013eova\u0165 rast chlpov na podpazu\u0161\u00ed a <strong data-start=\"1492\" data-end=\"1524\">prirodzene rozjas\u0148uje tmav\u00e9 oblasti<\/strong>, \u010d\u00edm je viac ne\u017e len deodorant \u2013 je to \u00fapln\u00fd ritu\u00e1l starostlivosti.<\/p>\n<h3 data-start=\"1594\" data-end=\"1638\"><strong data-start=\"1598\" data-end=\"1638\">Bez hlin\u00edka, bez sulf\u00e1tov, bez starost\u00ed<\/strong><\/h3>\n<p data-start=\"1640\" data-end=\"1920\">Zabudnite na nepohodlie upchat\u00fdch p\u00f3rov a vyr\u00e1\u017eok od holenia. Deodorantov\u00fd kr\u00e9m Royal Oud je hrd\u00fd na to, \u017ee je <strong data-start=\"1733\" data-end=\"1796\">bez hlin\u00edka, draseln\u00e9ho sulf\u00e1tu a drsn\u00fdch syntet\u00edk<\/strong>, \u010do ho rob\u00ed vhodn\u00fdm aj pre najcitlivej\u0161ie typy poko\u017eky. Umo\u017e\u0148uje v\u00e1\u0161mu telu prirodzene poti\u0165 sa \u2013 bez nepr\u00edjemn\u00e9ho z\u00e1pachu.<\/p>\n<h3 data-start=\"1927\" data-end=\"1945\"><strong data-start=\"1931\" data-end=\"1945\">Ako pou\u017e\u00edva\u0165<\/strong><\/h3>\n<p data-start=\"1947\" data-end=\"1976\"><strong data-start=\"1947\" data-end=\"1976\">Aplik\u00e1cia krok za krokom:<\/strong><\/p>\n<ol data-start=\"1978\" data-end=\"2103\">\n<li data-start=\"1978\" data-end=\"2015\">\n<p data-start=\"1981\" data-end=\"2015\">D\u00f4kladne vy\u010distite podpazu\u0161ie.<\/p>\n<\/li>\n<li data-start=\"2016\" data-end=\"2067\">\n<p data-start=\"2019\" data-end=\"2067\">Naneste mal\u00e9 mno\u017estvo kr\u00e9mu na such\u00fa poko\u017eku.<\/p>\n<\/li>\n<li data-start=\"2068\" data-end=\"2103\">\n<p data-start=\"2071\" data-end=\"2103\">Jemne mas\u00edrujte, k\u00fdm sa nevstreb\u00e1.<\/p>\n<\/li>\n<\/ol>\n<p data-start=\"2105\" data-end=\"2179\">Vychutnajte si trval\u00fa svie\u017eos\u0165 a luxusn\u00fa v\u00f4\u0148u, ktor\u00e1 v\u00e1s sprev\u00e1dza cel\u00fd de\u0148.<\/p>\n<h3 data-start=\"2499\" data-end=\"2521\"><strong data-start=\"2503\" data-end=\"2521\">Z\u00e1ver<\/strong><\/h3>\n<p data-start=\"2523\" data-end=\"2889\">Deodorantov\u00fd kr\u00e9m Royal Oud je viac ne\u017e len rie\u0161enie proti poteniu \u2013 je to <strong data-start=\"2591\" data-end=\"2626\">pr\u00edrodn\u00fd, luxusn\u00fd produkt starostlivosti<\/strong>, ktor\u00fd re\u0161pektuje va\u0161u poko\u017eku a z\u00e1rove\u0148 poskytuje dlhotrvaj\u00facu ochranu pred z\u00e1pachom. \u010ci sa pripravujete na obchodn\u00e9 stretnutie, neform\u00e1lny de\u0148 vonku alebo elegantn\u00fd ve\u010der, tento kr\u00e9m v\u00e1s udr\u017e\u00ed \u010dist\u00fdch, such\u00fdch a jemne vo\u0148av\u00fdch \u2013 presne tak, ako by mala by\u0165 starostlivos\u0165 o seba.<\/p>\n<p style=\"text-align: center;\">\u010eakujeme za n\u00e1kup v <em data-start=\"415\" data-end=\"431\"><a href=\"https:\/\/bazaar.express\/sk\/\">Bazaar Express<\/a><\/em> \u2013 te\u0161\u00ed n\u00e1s, \u017ee ste tu!<\/p>\n<p style=\"text-align: center;\">Va\u0161a cesta k lep\u0161ej starostlivosti o seba za\u010d\u00edna tu \u2013 s <a href=\"https:\/\/bazaar.express\/product-category\/beauty-care\/\">Beauty &#038; Care<\/a>, na ktor\u00fa sa m\u00f4\u017eete spo\u013eahn\u00fa\u0165.<\/p>\n","protected":false},"excerpt":{"rendered":"<h3>Deodorantov\u00fd kr\u00e9m Royal Oud poskytuje pr\u00e9miov\u00fa ochranu pred z\u00e1pachom s v\u00fd\u017eivn\u00fdmi pr\u00edrodn\u00fdmi ingredienciami. Bez alkoholu a hlin\u00edka, tento deodorantov\u00fd kr\u00e9m upokojuje podpazu\u0161ie, zabra\u0148uje tmav\u00fdm \u0161kvrn\u00e1m a zanech\u00e1va dlhotrvaj\u00facu v\u00f4\u0148u royal oud. Ide\u00e1lny pre denn\u00fa svie\u017eos\u0165 so starostlivos\u0165ou o poko\u017eku.<\/h3>\n","protected":false},"featured_media":45063,"comment_status":"open","ping_status":"closed","template":"","meta":[],"product_brand":[],"product_cat":[1160,1161],"product_tag":[1761,1762,1731],"class_list":{"0":"post-45061","1":"product","2":"type-product","3":"status-publish","4":"has-post-thumbnail","6":"product_cat-starostlivost-o-krasu","7":"product_cat-terapeuticke-oleje","8":"product_tag-al-oud","9":"product_tag-deodorantovy-krem","10":"product_tag-krem","12":"first","13":"instock","14":"shipping-taxable","15":"purchasable","16":"product-type-simple"},"_links":{"self":[{"href":"https:\/\/bazaar.express\/sk\/wp-json\/wp\/v2\/product\/45061","targetHints":{"allow":["GET"]}}],"collection":[{"href":"https:\/\/bazaar.express\/sk\/wp-json\/wp\/v2\/product"}],"about":[{"href":"https:\/\/bazaar.express\/sk\/wp-json\/wp\/v2\/types\/product"}],"replies":[{"embeddable":true,"href":"https:\/\/bazaar.express\/sk\/wp-json\/wp\/v2\/comments?post=45061"}],"wp:featuredmedia":[{"embeddable":true,"href":"https:\/\/bazaar.express\/sk\/wp-json\/wp\/v2\/media\/45063"}],"wp:attachment":[{"href":"https:\/\/bazaar.express\/sk\/wp-json\/wp\/v2\/media?parent=45061"}],"wp:term":[{"taxonomy":"product_brand","embeddable":true,"href":"https:\/\/bazaar.express\/sk\/wp-json\/wp\/v2\/product_brand?post=45061"},{"taxonomy":"product_cat","embeddable":true,"href":"https:\/\/bazaar.express\/sk\/wp-json\/wp\/v2\/product_cat?post=45061"},{"taxonomy":"product_tag","embeddable":true,"href":"https:\/\/bazaar.express\/sk\/wp-json\/wp\/v2\/product_tag?post=45061"}],"curies":[{"name":"wp","href":"https:\/\/api.w.org\/{rel}","templated":true}]}}