{"id":45077,"date":"2024-12-04T00:36:04","date_gmt":"2024-12-04T00:36:04","guid":{"rendered":"https:\/\/bazaar.express\/product\/rose-oil-2\/"},"modified":"2024-12-04T00:36:04","modified_gmt":"2024-12-04T00:36:04","slug":"rose-oil-2","status":"publish","type":"product","link":"https:\/\/bazaar.express\/sk\/produkt\/rose-oil-2\/","title":{"rendered":"\u010cist\u00fd ru\u017eov\u00fd olej"},"content":{"rendered":"<h2 data-start=\"132\" data-end=\"181\">Objavte kr\u00e1su pr\u00edrody s \u010dist\u00fdm ru\u017eov\u00fdm olejom<\/h2>\n<h3 data-start=\"183\" data-end=\"221\">Sila a elegancia ru\u017eov\u00e9ho oleja<\/h3>\n<p data-start=\"223\" data-end=\"629\">Ru\u017eov\u00fd olej je dlho cenen\u00fd ako symbol \u010distoty, elegancie a wellness. Extrahovan\u00fd z okvetn\u00fdch l\u00edstkov kvetu Rosa Damascena jemn\u00fdm lisovan\u00edm za studena, n\u00e1\u0161 pr\u00e9miov\u00fd ru\u017eov\u00fd olej si zachov\u00e1va svoju autentick\u00fa v\u00f4\u0148u a terapeutick\u00e9 vlastnosti. \u010ci u\u017e chcete transformova\u0165 svoju rutinu starostlivosti o ple\u0165 alebo sa odda\u0165 upokojuj\u00facej aromatickej sk\u00fasenosti, ru\u017eov\u00fd olej prin\u00e1\u0161a luxus a v\u00fd\u017eivu v jednej dokonalosti kvapke.<\/p>\n<h3 data-start=\"631\" data-end=\"667\">Lisovan\u00fd za studena pre maxim\u00e1lnu \u00fa\u010dinnos\u0165<\/h3>\n<p data-start=\"669\" data-end=\"853\">N\u00e1\u0161 proces extrakcie odli\u0161uje n\u00e1\u0161 ru\u017eov\u00fd olej. Lisovanie za studena zachov\u00e1va pln\u00fa integritu jeho pr\u00edrodn\u00fdch zlo\u017eiek, \u010do v\u00fdsledkom bohat\u00e9ho, nerafinovan\u00e9ho oleja pln\u00e9ho botanick\u00fdch benefitov:<\/p>\n<ul data-start=\"855\" data-end=\"993\">\n<li data-start=\"855\" data-end=\"902\">\n<p data-start=\"857\" data-end=\"902\">Zachov\u00e1va esenci\u00e1lne vitam\u00edny a antioxidanty<\/p>\n<\/li>\n<li data-start=\"903\" data-end=\"942\">\n<p data-start=\"905\" data-end=\"942\">Udr\u017euje jemn\u00fa kvetinov\u00fa ar\u00f3mu<\/p>\n<\/li>\n<li data-start=\"943\" data-end=\"993\">\n<p data-start=\"945\" data-end=\"993\">Poskytuje 100 % \u010dist\u00fa a bezchemick\u00fa formulu<\/p>\n<\/li>\n<\/ul>\n<p data-start=\"995\" data-end=\"1057\">Ka\u017ed\u00e1 kvapka je poctou prirodzenej sile a \u010distote ru\u017ee.<\/p>\n<h3 data-start=\"1059\" data-end=\"1092\">V\u00fdhody ru\u017eov\u00e9ho oleja pre starostlivos\u0165 o ple\u0165<\/h3>\n<p data-start=\"1094\" data-end=\"1292\">Ru\u017eov\u00fd olej je zdrojom \u017eiv\u00edn prospe\u0161n\u00fdch pre ple\u0165. Zn\u00e1m\u00fd svojimi hydrata\u010dn\u00fdmi a regenera\u010dn\u00fdmi vlastnos\u0165ami, pom\u00e1ha opravova\u0165, spev\u0148ova\u0165 a rozjas\u0148ova\u0165 ple\u0165, \u010do ho rob\u00ed prirodzenou vo\u013ebou pre zdrav\u00fa starostlivos\u0165 o ple\u0165:<\/p>\n<ul data-start=\"1294\" data-end=\"1679\">\n<li data-start=\"1294\" data-end=\"1399\">\n<p data-start=\"1296\" data-end=\"1399\"><strong data-start=\"1296\" data-end=\"1319\">Hlbok\u00e1 hydrat\u00e1cia<\/strong>: Ide\u00e1lny pre such\u00fa alebo zrel\u00fa ple\u0165, ru\u017eov\u00fd olej pom\u00e1ha obnovi\u0165 hydrat\u00e1ciu a elasticitu.<\/p>\n<\/li>\n<li data-start=\"1400\" data-end=\"1475\">\n<p data-start=\"1402\" data-end=\"1475\"><strong data-start=\"1402\" data-end=\"1423\">Protiz\u00e1palov\u00e9 \u00fa\u010dinky<\/strong>: Uvo\u013e\u0148uje za\u010dervenanie, podr\u00e1\u017edenie a citlivos\u0165 pleti.<\/p>\n<\/li>\n<li data-start=\"1476\" data-end=\"1582\">\n<p data-start=\"1478\" data-end=\"1582\"><strong data-start=\"1478\" data-end=\"1503\">Protistarn\u00face vlastnosti<\/strong>: Bohat\u00fd na antioxidanty, minimalizuje vzh\u013ead vr\u00e1sok a jemn\u00fdch liniek.<\/p>\n<\/li>\n<li data-start=\"1583\" data-end=\"1679\">\n<p data-start=\"1585\" data-end=\"1679\"><strong data-start=\"1585\" data-end=\"1603\">Rovnomern\u00fd t\u00f3n pleti<\/strong>: Pom\u00e1ha zmierni\u0165 tmav\u00e9 \u0161kvrny, nedostatky a pigment\u00e1ciu pre \u017eiariv\u00fd lesk.<\/p>\n<\/li>\n<\/ul>\n<p data-start=\"1681\" data-end=\"1787\">Jeho \u013eahk\u00e1 text\u00fara a r\u00fdchla absorpcia ho robia vhodn\u00fdm pre v\u0161etky typy pleti, vr\u00e1tane citlivej.<\/p>\n<h3 data-start=\"1789\" data-end=\"1815\">Dotyk aromaterapie<\/h3>\n<p data-start=\"1817\" data-end=\"1928\">M\u00e4kk\u00e1 kvetinov\u00e1 ar\u00f3ma ru\u017eov\u00e9ho oleja m\u00e1 upokojuj\u00faci \u00fa\u010dinok na myse\u013e a ducha. Pou\u017e\u00edvan\u00fd v aromaterapii pom\u00e1ha:<\/p>\n<ul data-start=\"1930\" data-end=\"2030\">\n<li data-start=\"1930\" data-end=\"1962\">\n<p data-start=\"1932\" data-end=\"1962\">Zmierni\u0165 stres a \u00fazkos\u0165<\/p>\n<\/li>\n<li data-start=\"1963\" data-end=\"1988\">\n<p data-start=\"1965\" data-end=\"1988\">Zlep\u0161i\u0165 kvalitu sp\u00e1nku<\/p>\n<\/li>\n<li data-start=\"1989\" data-end=\"2030\">\n<p data-start=\"1991\" data-end=\"2030\">Vyv\u00e1\u017ei\u0165 n\u00e1ladu a emocion\u00e1lne blaho<\/p>\n<\/li>\n<\/ul>\n<p data-start=\"2032\" data-end=\"2140\">Sta\u010d\u00ed p\u00e1r kvapiek do difuz\u00e9ra alebo teplej k\u00fapele, aby ste premenili svoj priestor na sv\u00e4ty\u0148u pokoja a elegancie.<\/p>\n<h3 data-start=\"2142\" data-end=\"2174\">V\u0161estrann\u00e9 pou\u017eitie v ka\u017edodennom \u017eivote<\/h3>\n<p data-start=\"2176\" data-end=\"2241\">Ru\u017eov\u00fd olej sa bez probl\u00e9mov hod\u00ed do va\u0161ej rutiny kr\u00e1sy a wellness:<\/p>\n<ul data-start=\"2243\" data-end=\"2465\">\n<li data-start=\"2243\" data-end=\"2300\">\n<p data-start=\"2245\" data-end=\"2300\">Pridajte do hydrata\u010dn\u00fdch kr\u00e9mov alebo lotionov pre zv\u00fd\u0161en\u00fa hydrat\u00e1ciu<\/p>\n<\/li>\n<li data-start=\"2301\" data-end=\"2346\">\n<p data-start=\"2303\" data-end=\"2346\">Mas\u00edrujte priamo na ple\u0165 ako s\u00e9rum<\/p>\n<\/li>\n<li data-start=\"2347\" data-end=\"2398\">\n<p data-start=\"2349\" data-end=\"2398\">Pou\u017e\u00edvajte ako parfum alebo v dom\u00e1cich kozmetick\u00fdch produktoch<\/p>\n<\/li>\n<li data-start=\"2399\" data-end=\"2465\">\n<p data-start=\"2401\" data-end=\"2465\">Zmie\u0161ajte s in\u00fdmi olejmi pre personalizovan\u00e9 aromaterapeutick\u00e9 o\u0161etrenia<\/p>\n<\/li>\n<\/ul>\n<h3 data-start=\"2467\" data-end=\"2495\">Pre\u010do si vybra\u0165 n\u00e1\u0161 ru\u017eov\u00fd olej?<\/h3>\n<ul data-start=\"2497\" data-end=\"2801\">\n<li data-start=\"2497\" data-end=\"2528\">\n<p data-start=\"2499\" data-end=\"2528\"> 100 % pr\u00edrodn\u00fd a organick\u00fd<\/p>\n<\/li>\n<li data-start=\"2529\" data-end=\"2573\">\n<p data-start=\"2531\" data-end=\"2573\"> Lisovan\u00fd za studena pre zachovanie kvality<\/p>\n<\/li>\n<li data-start=\"2574\" data-end=\"2623\">\n<p data-start=\"2576\" data-end=\"2623\"> Vyroben\u00fd v Egypte z lok\u00e1lne z\u00edskan\u00fdch ru\u017e\u00ed<\/p>\n<\/li>\n<li data-start=\"2624\" data-end=\"2675\">\n<p data-start=\"2626\" data-end=\"2675\"> Balen\u00fd v ekologick\u00fdch sklenen\u00fdch f\u013ea\u0161iach 100 ml<\/p>\n<\/li>\n<li data-start=\"2676\" data-end=\"2736\">\n<p data-start=\"2678\" data-end=\"2736\"> Bez parabenov, alkoholu a syntetick\u00fdch v\u00f4n\u00ed<\/p>\n<\/li>\n<li data-start=\"2737\" data-end=\"2801\">\n<p data-start=\"2739\" data-end=\"2801\"> Licencovan\u00fd Egyptskou liekovou autoritou a kozmetickou radou<\/p>\n<\/li>\n<\/ul>\n<h3 data-start=\"3107\" data-end=\"3165\">Z\u00e1ver: Kvapka luxusu pre v\u00e1\u0161 denn\u00fd ritu\u00e1l<\/h3>\n<p data-start=\"3167\" data-end=\"3413\">\u010ci u\u017e vylep\u0161ujete svoju starostlivos\u0165 o seba, darujete niekomu \u0161peci\u00e1lnemu alebo budujete prirodzen\u00fa rutinu starostlivosti o ple\u0165, n\u00e1\u0161 organick\u00fd ru\u017eov\u00fd olej je va\u0161ou br\u00e1nou do kr\u00e1sy a wellness. D\u00f4verujte sile pr\u00edrody a oddajte sa kvetinovej elegancii najlep\u0161\u00edch egyptsk\u00fdch produktov.<\/p>\n<p style=\"text-align: center;\">\u010eakujeme za n\u00e1kup v <em data-start=\"415\" data-end=\"431\"><a href=\"https:\/\/bazaar.express\/sk\/\">Bazaar Express<\/a><\/em> \u2013 te\u0161\u00edme sa na v\u00e1s!<\/p>\n<p style=\"text-align: center;\">Pocitujte silu pr\u00edrody \u2014 \u010dist\u00e9 <a href=\"https:\/\/bazaar.express\/sk\/therapeutic-oils\/\">Terapeutick\u00e9 oleje<\/a> pre ka\u017edodenn\u00e9 wellness.<\/p>\n","protected":false},"excerpt":{"rendered":"<h3>Oddajte sa n\u00e1\u0161mu 100 % \u010dist\u00e9mu organick\u00e9mu ru\u017eov\u00e9mu oleju \u2014 lisovan\u00e9mu za studena, aby sa zachovala jeho pr\u00edrodn\u00e1 ar\u00f3ma a benefity. Ide\u00e1lne pre hlbok\u00fa hydrat\u00e1ciu, protistarnutie a upokojuj\u00facu starostlivos\u0165 o ple\u0165, s upokojuj\u00facou kvetinovou v\u00f4\u0148ou, ktor\u00e1 povy\u0161uje va\u0161u wellness rutinu.<\/h3>\n","protected":false},"featured_media":45080,"comment_status":"open","ping_status":"closed","template":"","meta":[],"product_brand":[],"product_cat":[1161,1160],"product_tag":[1652,1766,1767],"class_list":{"0":"post-45077","1":"product","2":"type-product","3":"status-publish","4":"has-post-thumbnail","6":"product_cat-terapeuticke-oleje","7":"product_cat-starostlivost-o-krasu","8":"product_tag-olej","9":"product_tag-organicky-ruzovy-olej","10":"product_tag-ruzovy-olej","12":"first","13":"instock","14":"shipping-taxable","15":"purchasable","16":"product-type-simple"},"_links":{"self":[{"href":"https:\/\/bazaar.express\/sk\/wp-json\/wp\/v2\/product\/45077","targetHints":{"allow":["GET"]}}],"collection":[{"href":"https:\/\/bazaar.express\/sk\/wp-json\/wp\/v2\/product"}],"about":[{"href":"https:\/\/bazaar.express\/sk\/wp-json\/wp\/v2\/types\/product"}],"replies":[{"embeddable":true,"href":"https:\/\/bazaar.express\/sk\/wp-json\/wp\/v2\/comments?post=45077"}],"wp:featuredmedia":[{"embeddable":true,"href":"https:\/\/bazaar.express\/sk\/wp-json\/wp\/v2\/media\/45080"}],"wp:attachment":[{"href":"https:\/\/bazaar.express\/sk\/wp-json\/wp\/v2\/media?parent=45077"}],"wp:term":[{"taxonomy":"product_brand","embeddable":true,"href":"https:\/\/bazaar.express\/sk\/wp-json\/wp\/v2\/product_brand?post=45077"},{"taxonomy":"product_cat","embeddable":true,"href":"https:\/\/bazaar.express\/sk\/wp-json\/wp\/v2\/product_cat?post=45077"},{"taxonomy":"product_tag","embeddable":true,"href":"https:\/\/bazaar.express\/sk\/wp-json\/wp\/v2\/product_tag?post=45077"}],"curies":[{"name":"wp","href":"https:\/\/api.w.org\/{rel}","templated":true}]}}