{"id":45092,"date":"2024-12-01T17:11:50","date_gmt":"2024-12-01T17:11:50","guid":{"rendered":"https:\/\/bazaar.express\/product\/aloe-vera-gel\/"},"modified":"2024-12-01T17:11:50","modified_gmt":"2024-12-01T17:11:50","slug":"aloe-vera-gel","status":"publish","type":"product","link":"https:\/\/bazaar.express\/sk\/produkt\/aloe-vera-gel\/","title":{"rendered":"G\u00e9l z aloe vera \u2013 1kg"},"content":{"rendered":"<h2 data-start=\"239\" data-end=\"306\">\u010cist\u00fd g\u00e9l z aloe vera \u2013 Prirodzen\u00e9 hojenie a hlbok\u00e1 hydrat\u00e1cia od Tnerh \u2013 1kg<\/h2>\n<h3 data-start=\"308\" data-end=\"377\"> Objavte silu \u010dist\u00e9ho aloe vera pre zdrav\u00fa, \u017eiariv\u00fa poko\u017eku<\/h3>\n<p data-start=\"379\" data-end=\"660\">Za\u017eite jemn\u00fd pr\u00edrodn\u00fd liek s <strong data-start=\"418\" data-end=\"448\">\u010dist\u00fdm g\u00e9lom z aloe vera Tnerh<\/strong>, 100% pr\u00edrodn\u00fdm rie\u0161en\u00edm pre <strong data-start=\"478\" data-end=\"516\">hydrat\u00e1ciu, hojenie a ochranu<\/strong>. Z\u00edskan\u00fd z vysoko kvalitn\u00e9ho egyptsk\u00e9ho aloe vera, tento <strong data-start=\"569\" data-end=\"591\">nevyhnutn\u00fd prostriedok na starostlivos\u0165 o ple\u0165<\/strong> upokojuje, obnovuje a revitalizuje va\u0161u poko\u017eku \u2013 bezpe\u010dne a efekt\u00edvne.<\/p>\n<p data-start=\"662\" data-end=\"836\">\u010ci u\u017e lie\u010d\u00edte pop\u00e1leniny od slnka, zmier\u0148ujete podr\u00e1\u017edenie, alebo jednoducho vylep\u0161ujete svoju <strong data-start=\"740\" data-end=\"766\">denn\u00fa rutinu starostlivosti o ple\u0165<\/strong>, tento <strong data-start=\"773\" data-end=\"800\">viac\u00fa\u010delov\u00fd g\u00e9l z aloe vera<\/strong> je nevyhnutnos\u0165ou pre ka\u017ed\u00fa dom\u00e1cnos\u0165.<\/p>\n<h3 data-start=\"843\" data-end=\"879\"> K\u013e\u00fa\u010dov\u00e9 v\u00fdhody g\u00e9lu z aloe vera<\/h3>\n<h4 data-start=\"881\" data-end=\"921\"> Upokojenie poko\u017eky &#038; \u00da\u013eava po slnku<\/h4>\n<p data-start=\"922\" data-end=\"1110\">N\u00e1\u0161 g\u00e9l z aloe poskytuje <strong data-start=\"944\" data-end=\"963\">okam\u017eit\u00fd komfort<\/strong> zap\u00e1lenej alebo <strong data-start=\"979\" data-end=\"999\">slnkom po\u0161kodenej poko\u017eke<\/strong>, zni\u017euje za\u010dervenanie a podr\u00e1\u017edenie. Ide\u00e1lny na <strong data-start=\"1044\" data-end=\"1062\">starostlivos\u0165 po slnku<\/strong>, chlad\u00ed poko\u017eku a podporuje prirodzen\u00fa opravu.<\/p>\n<h4 data-start=\"1112\" data-end=\"1139\"> Hlbok\u00e1 hydrat\u00e1cia poko\u017eky<\/h4>\n<p data-start=\"1140\" data-end=\"1315\">U\u017e\u00edvajte si dlhotrvaj\u00facu vlhkos\u0165 pri ka\u017edom pou\u017eit\u00ed. <strong data-start=\"1188\" data-end=\"1213\">Bio extrakt z aloe vera<\/strong> prenik\u00e1 hlboko do vrstiev poko\u017eky, zlep\u0161uje <strong data-start=\"1260\" data-end=\"1279\">elasticitu poko\u017eky<\/strong> a udr\u017euje <strong data-start=\"1298\" data-end=\"1314\">zdrav\u00fd lesk<\/strong>.<\/p>\n<h4 data-start=\"1317\" data-end=\"1346\"> Prirodzen\u00e1 regener\u00e1cia poko\u017eky<\/h4>\n<p data-start=\"1347\" data-end=\"1561\">Bohat\u00fd na vitam\u00edny a aminokyseliny, tento <strong data-start=\"1386\" data-end=\"1403\">\u010dist\u00fd g\u00e9l z aloe<\/strong> ur\u00fdch\u013euje regener\u00e1ciu poko\u017eky. Je ide\u00e1lny na <strong data-start=\"1452\" data-end=\"1496\">men\u0161ie pop\u00e1leniny, \u0161krabance a z\u00e1paly<\/strong>, podporuje r\u00fdchlej\u0161ie hojenie svojimi <strong data-start=\"1532\" data-end=\"1560\">antimikrobi\u00e1lnymi vlastnos\u0165ami<\/strong>.<\/p>\n<h4 data-start=\"1563\" data-end=\"1592\"> Podpora ochrany pred UV<\/h4>\n<p data-start=\"1593\" data-end=\"1748\">Pou\u017e\u00edvajte pred alebo po expoz\u00edcii slnku na vytvorenie <strong data-start=\"1638\" data-end=\"1657\">prirodzenej bari\u00e9ry<\/strong>, ktor\u00e1 chr\u00e1ni pred \u0161kodliv\u00fdmi UV l\u00fa\u010dmi. Dokonal\u00fd spolo\u010dn\u00edk pre <strong data-start=\"1719\" data-end=\"1747\">letn\u00e9 rutiny starostlivosti o ple\u0165<\/strong>.<\/p>\n<h4 data-start=\"1750\" data-end=\"1794\"> 100% Pr\u00edrodn\u00fd \u2013 Formul\u00e1cia priate\u013esk\u00e1 k poko\u017eke<\/h4>\n<p data-start=\"1795\" data-end=\"1980\">N\u00e1\u0161 g\u00e9l z aloe vera neobsahuje <strong data-start=\"1822\" data-end=\"1863\">\u017eiadne umel\u00e9 pr\u00edsady ani v\u00f4ne<\/strong>. Je jemn\u00fd, hypoalerg\u00e9nny a <strong data-start=\"1898\" data-end=\"1929\">vhodn\u00fd pre v\u0161etky typy pleti<\/strong>, vr\u00e1tane <strong data-start=\"1941\" data-end=\"1979\">citlivej poko\u017eky a detskej poko\u017eky<\/strong>.<\/p>\n<h3 data-start=\"1987\" data-end=\"2009\"> Podrobnosti o produkte<\/h3>\n<ul data-start=\"2011\" data-end=\"2215\">\n<li data-start=\"2011\" data-end=\"2051\">\n<p data-start=\"2013\" data-end=\"2051\"><strong data-start=\"2013\" data-end=\"2029\">N\u00e1zov produktu<\/strong>: \u010cist\u00fd g\u00e9l z aloe vera<\/p>\n<\/li>\n<li data-start=\"2052\" data-end=\"2072\">\n<p data-start=\"2054\" data-end=\"2072\"><strong data-start=\"2054\" data-end=\"2063\">Zna\u010dka<\/strong>: Tnerh<\/p>\n<\/li>\n<li data-start=\"2073\" data-end=\"2102\">\n<p data-start=\"2075\" data-end=\"2102\"><strong data-start=\"2075\" data-end=\"2085\">P\u00f4vod<\/strong>: Vyroben\u00e9 v Egypte<\/p>\n<\/li>\n<li data-start=\"2103\" data-end=\"2160\">\n<p data-start=\"2105\" data-end=\"2160\"><strong data-start=\"2105\" data-end=\"2113\">Ve\u013ekos\u0165<\/strong>: 1 Kilogram \u2013 \u0160tedr\u00e9 balenie na dlhodob\u00e9 pou\u017eitie<\/p>\n<\/li>\n<li data-start=\"2161\" data-end=\"2215\">\n<p data-start=\"2163\" data-end=\"2215\"><strong data-start=\"2163\" data-end=\"2174\">Text\u00fara<\/strong>: \u013dahk\u00e1, Nelepiv\u00e1, R\u00fdchlo sa vstreb\u00e1vaj\u00faca<\/p>\n<\/li>\n<\/ul>\n<h3 data-start=\"2549\" data-end=\"2594\"> Pre\u010do si vybra\u0165 \u010dist\u00fd g\u00e9l z aloe vera Tnerh?<\/h3>\n<p data-start=\"2596\" data-end=\"2806\">Tento pr\u00e9miov\u00fd produkt je ur\u010den\u00fd pre v\u0161etk\u00fdch, ktor\u00ed h\u013eadaj\u00fa <strong data-start=\"2644\" data-end=\"2665\">prirodzen\u00fa starostlivos\u0165 o ple\u0165<\/strong> bez kompromisov. Je s\u00fa\u010das\u0165ou n\u00e1\u0161ho z\u00e1v\u00e4zku <strong data-start=\"2703\" data-end=\"2721\">Bazaar Express<\/strong> pon\u00faka\u0165 \u0161pi\u010dkov\u00fa kvalitu <strong data-start=\"2757\" data-end=\"2778\">egyptskej starostlivosti o ple\u0165<\/strong>, ktor\u00e1 prin\u00e1\u0161a skuto\u010dn\u00e9 v\u00fdsledky.<\/p>\n<p data-start=\"2808\" data-end=\"2964\">\u010ci u\u017e upokojujete pop\u00e1leniny od slnka, <strong data-start=\"2841\" data-end=\"2875\">lie\u010dite such\u00fa alebo podr\u00e1\u017eden\u00fa poko\u017eku<\/strong>, alebo h\u013ead\u00e1te <strong data-start=\"2894\" data-end=\"2917\">prirodzen\u00fd zvlh\u010dova\u010d<\/strong>, ktor\u00fd skuto\u010dne funguje, tento g\u00e9l v\u00e1s pokryje.<\/p>\n<h3 data-start=\"2971\" data-end=\"3015\"> Objednajte si teraz \u2013 \u010cist\u00e1 starostlivos\u0165, \u010dist\u00e9 v\u00fdsledky!<\/h3>\n<p data-start=\"3017\" data-end=\"3181\">Vylep\u0161ite svoju rutinu starostlivosti o ple\u0165 s <strong data-start=\"3052\" data-end=\"3074\">\u010dist\u00fdm g\u00e9lom z aloe vera<\/strong> od <strong data-start=\"3080\" data-end=\"3089\">Tnerh<\/strong> \u2013 mena, ktor\u00e9mu m\u00f4\u017eete veri\u0165. Va\u0161a poko\u017eka si zasl\u00fa\u017ei to najlep\u0161ie z <strong data-start=\"3148\" data-end=\"3180\">prirodzenej egyptskej starostlivosti o kr\u00e1su<\/strong>.<\/p>\n<p data-start=\"3183\" data-end=\"3259\"><strong data-start=\"3183\" data-end=\"3204\">Pridajte do ko\u0161\u00edka dnes<\/strong> a poc\u00ed\u0165te rozdiel skuto\u010dn\u00e9ho, v\u00fd\u017eivn\u00e9ho aloe vera.<\/p>\n<p style=\"text-align: center;\">\u010eakujeme za n\u00e1kup v <em data-start=\"415\" data-end=\"431\"><a href=\"https:\/\/bazaar.express\/sk\/\">Bazaar Express<\/a><\/em> \u2013 te\u0161\u00edme sa, \u017ee ste tu!<\/p>\n<p style=\"text-align: center;\">Va\u0161a cesta k lep\u0161ej starostlivosti o seba za\u010d\u00edna tu \u2013 s <a href=\"https:\/\/bazaar.express\/product-category\/beauty-care\/\">Starostlivos\u0165ou o kr\u00e1su<\/a>, ktorej m\u00f4\u017eete veri\u0165.<\/p>\n","protected":false},"excerpt":{"rendered":"<h3 data-start=\"476\" data-end=\"771\">\u010cist\u00fd g\u00e9l z aloe vera Tnerh poskytuje prirodzen\u00fa \u00fa\u013eavu a hlbok\u00fa hydrat\u00e1ciu pomocou 100% extraktu z egyptsk\u00e9ho aloe vera. R\u00fdchlo sa vstreb\u00e1va, je jemn\u00fd k citlivej poko\u017eke, bezpe\u010dn\u00fd pre deti a ide\u00e1lny na upokojenie pop\u00e1len\u00edn od slnka, zmiernenie podr\u00e1\u017edenia a revitaliz\u00e1ciu suchej poko\u017eky. Skvel\u00fd na denn\u00fa starostlivos\u0165 o ple\u0165 a starostlivos\u0165 po slnku.<\/h3>\n","protected":false},"featured_media":45094,"comment_status":"open","ping_status":"closed","template":"","meta":[],"product_brand":[],"product_cat":[1160,1169,1161],"product_tag":[1771,1773,1772,1731],"class_list":{"0":"post-45092","1":"product","2":"type-product","3":"status-publish","4":"has-post-thumbnail","6":"product_cat-starostlivost-o-krasu","7":"product_cat-horuce-ponuky","8":"product_cat-terapeuticke-oleje","9":"product_tag-aloe-vera","10":"product_tag-gel","11":"product_tag-gel-z-aloe-vera","12":"product_tag-krem","14":"first","15":"instock","16":"sale","17":"shipping-taxable","18":"purchasable","19":"product-type-simple"},"_links":{"self":[{"href":"https:\/\/bazaar.express\/sk\/wp-json\/wp\/v2\/product\/45092","targetHints":{"allow":["GET"]}}],"collection":[{"href":"https:\/\/bazaar.express\/sk\/wp-json\/wp\/v2\/product"}],"about":[{"href":"https:\/\/bazaar.express\/sk\/wp-json\/wp\/v2\/types\/product"}],"replies":[{"embeddable":true,"href":"https:\/\/bazaar.express\/sk\/wp-json\/wp\/v2\/comments?post=45092"}],"wp:featuredmedia":[{"embeddable":true,"href":"https:\/\/bazaar.express\/sk\/wp-json\/wp\/v2\/media\/45094"}],"wp:attachment":[{"href":"https:\/\/bazaar.express\/sk\/wp-json\/wp\/v2\/media?parent=45092"}],"wp:term":[{"taxonomy":"product_brand","embeddable":true,"href":"https:\/\/bazaar.express\/sk\/wp-json\/wp\/v2\/product_brand?post=45092"},{"taxonomy":"product_cat","embeddable":true,"href":"https:\/\/bazaar.express\/sk\/wp-json\/wp\/v2\/product_cat?post=45092"},{"taxonomy":"product_tag","embeddable":true,"href":"https:\/\/bazaar.express\/sk\/wp-json\/wp\/v2\/product_tag?post=45092"}],"curies":[{"name":"wp","href":"https:\/\/api.w.org\/{rel}","templated":true}]}}