{"id":45098,"date":"2024-11-30T00:16:15","date_gmt":"2024-11-30T00:16:15","guid":{"rendered":"https:\/\/bazaar.express\/product\/camel-milk-cream\/"},"modified":"2026-03-02T11:20:23","modified_gmt":"2026-03-02T11:20:23","slug":"camel-milk-cream","status":"publish","type":"product","link":"https:\/\/bazaar.express\/sk\/produkt\/camel-milk-cream\/","title":{"rendered":"Kr\u00e9m z \u0165avejho mlieka \u2013 1 kg"},"content":{"rendered":"<h2 data-start=\"0\" data-end=\"78\">Kr\u00e9m z \u0165avejho mlieka \u2013 Dokonal\u00e9 rie\u0161enie pre starostlivos\u0165 o ple\u0165 pre \u017eiariv\u00fa a zdrav\u00fa poko\u017eku \u2013 1 kg<\/h2>\n<h3 data-start=\"80\" data-end=\"130\">Vy\u017eivte svoju poko\u017eku silou mlieka \u0165avy<\/h3>\n<p data-start=\"132\" data-end=\"539\">Objavte starod\u00e1vne tajomstvo v\u00fd\u017eivy poko\u017eky s <strong data-start=\"183\" data-end=\"203\">kr\u00e9mom z \u0165avejho mlieka<\/strong>, pr\u00edrodn\u00fdm zvlh\u010dova\u010dom navrhnut\u00fdm na hlbok\u00fa hydrat\u00e1ciu, ochranu a revitaliz\u00e1ciu va\u0161ej poko\u017eky. T\u00e1to luxusn\u00e1 formula je obohaten\u00e1 o <strong data-start=\"334\" data-end=\"363\">\u010dist\u00e9 egyptsk\u00e9 ingrediencie<\/strong>, vyroben\u00e9 spolo\u010dnos\u0165ou <strong data-start=\"376\" data-end=\"385\">tenrh<\/strong>, d\u00f4veryhodnou zna\u010dkou v oblasti pr\u00e9miovej starostlivosti o ple\u0165. \u010ci u\u017e bojujete so suchos\u0165ou, podr\u00e1\u017eden\u00edm alebo jednoducho chcete zv\u00fd\u0161i\u0165 \u017eiaru va\u0161ej poko\u017eky \u2013 toto je va\u0161e rie\u0161enie.<\/p>\n<h3 data-start=\"546\" data-end=\"585\">\u00a0Hlavn\u00e9 v\u00fdhody kr\u00e9mu z \u0165avejho mlieka<\/h3>\n<h4 data-start=\"587\" data-end=\"628\">\u00a0Hlbok\u00e1 hydrat\u00e1cia pre v\u0161etky typy pleti<\/h4>\n<p data-start=\"629\" data-end=\"820\">Na\u0161a r\u00fdchlo sa vstreb\u00e1vaj\u00faca, nelepiv\u00e1 formula zabezpe\u010duje <strong data-start=\"676\" data-end=\"702\">dlhodob\u00fa hydrat\u00e1ciu<\/strong>, ktor\u00e1 rob\u00ed va\u0161u poko\u017eku hladkou, jemnou a osvie\u017eenou. Ide\u00e1lna na denn\u00e9 pou\u017eitie, prenik\u00e1 hlboko bez upch\u00e1vania p\u00f3rov.<\/p>\n<h4 data-start=\"822\" data-end=\"855\">\u00a0\u00da\u013eava po opa\u013eovan\u00ed<\/h4>\n<p data-start=\"856\" data-end=\"1036\">Obohaten\u00fd o <strong data-start=\"869\" data-end=\"883\">oxid zino\u010dnat\u00fd<\/strong> a <strong data-start=\"888\" data-end=\"903\">kokosov\u00fd olej<\/strong>, kr\u00e9m upokojuje a lie\u010di poko\u017eku vystaven\u00fa slnku. Tie\u017e zmier\u0148uje <strong data-start=\"966\" data-end=\"994\">svrbenie a podr\u00e1\u017edenie<\/strong> sp\u00f4soben\u00e9 suchos\u0165ou alebo vonkaj\u0161\u00edmi vplyvmi.<\/p>\n<h4 data-start=\"1038\" data-end=\"1074\">\u00a0Rozjas\u0148uje a vyrovn\u00e1va t\u00f3n pleti<\/h4>\n<p data-start=\"1075\" data-end=\"1231\">V\u010faka <strong data-start=\"1089\" data-end=\"1142\">pr\u00edrodn\u00fdm rozjas\u0148uj\u00facim vlastnostiam mlieka \u0165avy<\/strong> tento kr\u00e9m podporuje <strong data-start=\"1166\" data-end=\"1188\">\u017eiariv\u00fd vzh\u013ead pleti<\/strong> a postupne vybledzuje tmav\u00e9 \u0161kvrny a nudnos\u0165.<\/p>\n<h4 data-start=\"1233\" data-end=\"1271\">\u00a0Napl\u043d\u0435\u043d\u00fd esenci\u00e1lnymi vitam\u00ednmi<\/h4>\n<p data-start=\"1272\" data-end=\"1411\">Obohaten\u00fd o vitam\u00edny A, B, C, D a E poskytuje kr\u00e9m z \u0165avejho mlieka <strong data-start=\"1340\" data-end=\"1364\">kompletn\u00fa v\u00fd\u017eivu<\/strong>, ktor\u00e1 zvy\u0161uje odolnos\u0165 a vitalitu va\u0161ej poko\u017eky.<\/p>\n<h4 data-start=\"1413\" data-end=\"1449\">\u00a0100% pr\u00edrodn\u00fd \u2013 Vyroben\u00fd v Egypte<\/h4>\n<p data-start=\"1450\" data-end=\"1636\">Vyroben\u00fd z <strong data-start=\"1464\" data-end=\"1498\">autentick\u00fdch egyptsk\u00fdch ingredienci\u00ed<\/strong>, je bez \u0161kodliv\u00fdch chemik\u00e1li\u00ed, \u010do ho rob\u00ed vhodn\u00fdm pre <strong data-start=\"1557\" data-end=\"1586\">dospel\u00fdch aj deti<\/strong>. Bezpe\u010dn\u00e9 a jemn\u00e9 rie\u0161enie pre cel\u00fa rodinu.<\/p>\n<h3 data-start=\"1643\" data-end=\"1688\">\u00a0Bezpe\u010dn\u00fd pre deti \u2013 Jemn\u00e9 a \u00fa\u010dinn\u00e9<\/h3>\n<p data-start=\"1690\" data-end=\"1912\">Na rozdiel od mnoh\u00fdch komer\u010dn\u00fdch kr\u00e9mov je <strong data-start=\"1721\" data-end=\"1786\">kr\u00e9m z \u0165avejho mlieka dermatologicky bezpe\u010dn\u00fd pre doj\u010dat\u00e1 a deti<\/strong>, \u010do z neho rob\u00ed d\u00f4veryhodn\u00fd rodinn\u00fd produkt. Uvo\u013e\u0148uje vyr\u00e1\u017eky z plienok, such\u00e9 \u0161kvrny a podr\u00e1\u017edenie, pri\u010dom udr\u017eiava jemn\u00fa poko\u017eku zdrav\u00fa.<\/p>\n<h3 data-start=\"1919\" data-end=\"1953\">V\u00e1\u0161 ka\u017edodenn\u00fd hrdina starostlivosti o ple\u0165<\/h3>\n<p data-start=\"1955\" data-end=\"1987\">Tento kr\u00e9m je <strong data-start=\"1969\" data-end=\"1986\">viac\u00fa\u010delov\u00fd<\/strong>:<\/p>\n<ul data-start=\"1988\" data-end=\"2210\">\n<li data-start=\"1988\" data-end=\"2013\">\n<p data-start=\"1990\" data-end=\"2013\">Denn\u00fd zvlh\u010dova\u010d<\/p>\n<\/li>\n<li data-start=\"2014\" data-end=\"2046\">\n<p data-start=\"2016\" data-end=\"2046\">Ide\u00e1lny na starostlivos\u0165 po opa\u013eovan\u00ed<\/p>\n<\/li>\n<li data-start=\"2047\" data-end=\"2084\">\n<p data-start=\"2049\" data-end=\"2084\">Zmier\u0148uje svrbenie poko\u017eky<\/p>\n<\/li>\n<li data-start=\"2085\" data-end=\"2137\">\n<p data-start=\"2087\" data-end=\"2137\">Ide\u00e1lny na pou\u017eitie na tv\u00e1r, ruky, lakte a nohy<\/p>\n<\/li>\n<li data-start=\"2138\" data-end=\"2210\">\n<p data-start=\"2140\" data-end=\"2210\">Pom\u00e1ha pri oprave poko\u017eky a chr\u00e1ni pred environment\u00e1lnym po\u0161koden\u00edm<\/p>\n<\/li>\n<\/ul>\n<h3 data-start=\"2217\" data-end=\"2246\">\u00a0Ve\u013ekos\u0165 produktu a cena<\/h3>\n<p data-start=\"2248\" data-end=\"2384\"><strong data-start=\"2248\" data-end=\"2263\">\u010cist\u00e1 hmotnos\u0165:<\/strong> 1 kilogram (ve\u013ek\u00e1, dlhotrvaj\u00faca d\u00f3za)<br data-start=\"2300\" data-end=\"2303\" \/><strong data-start=\"2303\" data-end=\"2313\">Cena:<\/strong> \u0160peci\u00e1lna ponuka teraz dostupn\u00e1 \u2013 Luxusn\u00fd produkt za neprekonate\u013en\u00fa cenu!<\/p>\n<p data-start=\"2386\" data-end=\"2478\">Vyu\u017eite na\u0161u <strong data-start=\"2408\" data-end=\"2426\">exkluz\u00edvnu ponuku<\/strong> a u\u017e\u00edvajte si pr\u00e9miov\u00fa starostlivos\u0165 o ple\u0165 za konkuren\u010dn\u00fa cenu.<\/p>\n<h3 data-start=\"2799\" data-end=\"2850\">\u00a0Pre\u010do z\u00e1kazn\u00edci miluj\u00fa kr\u00e9m z \u0165avejho mlieka od tenrh<\/h3>\n<p data-start=\"2852\" data-end=\"3079\">Tento kr\u00e9m je <strong data-start=\"2868\" data-end=\"2889\">ob\u013e\u00faben\u00fd u z\u00e1kazn\u00edkov<\/strong>, neust\u00e1le z\u00edskava <strong data-start=\"2912\" data-end=\"2928\">vysok\u00e9 recenzie<\/strong> za svoje r\u00fdchle v\u00fdsledky, jemn\u00fa text\u00faru a p\u00f4sobiv\u00e9 efekty zvy\u0161uj\u00face \u017eiaru. Ak ste h\u013eadali <strong data-start=\"3035\" data-end=\"3066\">pr\u00edrodn\u00fa starostlivos\u0165 o ple\u0165, ktor\u00e1 funguje<\/strong>, toto je ono.<\/p>\n<h3 data-start=\"3086\" data-end=\"3123\">\u00a0Nechajte si to ujs\u0165 \u2013 Objednajte dnes!<\/h3>\n<p data-start=\"3125\" data-end=\"3339\">Pridajte sa k tis\u00edckam, ktor\u00ed objavili tajomstvo <strong data-start=\"3172\" data-end=\"3205\">hladkej, \u017eiarivej a zdravej poko\u017eky<\/strong>. Doprajte svojej poko\u017eke starostlivos\u0165, ktor\u00fa si zasl\u00fa\u017ei.<br data-start=\"3247\" data-end=\"3250\" \/><strong data-start=\"3250\" data-end=\"3291\">Pridajte kr\u00e9m z \u0165avejho mlieka do ko\u0161\u00edka teraz<\/strong> a u\u017e\u00edvajte si to najlep\u0161ie z <strong data-start=\"3318\" data-end=\"3338\">pr\u00edrodnej starostlivosti o ple\u0165<\/strong>!<\/p>\n<p style=\"text-align: center;\">\u010eakujeme za n\u00e1kup v <em data-start=\"415\" data-end=\"431\"><a href=\"https:\/\/bazaar.express\/sk\/\">Bazaar Express<\/a><\/em> \u2013 te\u0161\u00edme sa na v\u00e1s!<\/p>\n<p style=\"text-align: center;\">Va\u0161a cesta k lep\u0161ej starostlivosti o seba za\u010d\u00edna tu \u2013 s <a href=\"https:\/\/bazaar.express\/product-category\/beauty-care\/\">Beauty &#038; Care<\/a>, na ktor\u00fa sa m\u00f4\u017eete spo\u013eahn\u00fa\u0165.<\/p>\n","protected":false},"excerpt":{"rendered":"<h3 data-start=\"428\" data-end=\"725\">Tenrh kr\u00e9m z \u0165avejho mlieka (1 kg) je luxusn\u00fd, \u00faplne pr\u00edrodn\u00fd egyptsk\u00fd zvlh\u010dova\u010d obohaten\u00fd o mlieko \u0165avy, kokosov\u00fd olej a oxid zino\u010dnat\u00fd. Hlboko hydratuje, upokojuje poko\u017eku vystaven\u00fa slnku, rozjas\u0148uje ple\u0165 a zmier\u0148uje suchos\u0165 a podr\u00e1\u017edenie \u2013 ide\u00e1lny na denn\u00e9 v\u00fd\u017eivu poko\u017eky.<\/h3>\n","protected":false},"featured_media":45100,"comment_status":"open","ping_status":"closed","template":"","meta":[],"product_brand":[],"product_cat":[1160,1161],"product_tag":[1731,1734],"class_list":{"0":"post-45098","1":"product","2":"type-product","3":"status-publish","4":"has-post-thumbnail","6":"product_cat-starostlivost-o-krasu","7":"product_cat-terapeuticke-oleje","8":"product_tag-krem","9":"product_tag-krem-z-tavej-mlieka","10":"pa_l-xl-1km","12":"first","13":"instock","14":"sale","15":"shipping-taxable","16":"purchasable","17":"product-type-simple"},"_links":{"self":[{"href":"https:\/\/bazaar.express\/sk\/wp-json\/wp\/v2\/product\/45098","targetHints":{"allow":["GET"]}}],"collection":[{"href":"https:\/\/bazaar.express\/sk\/wp-json\/wp\/v2\/product"}],"about":[{"href":"https:\/\/bazaar.express\/sk\/wp-json\/wp\/v2\/types\/product"}],"replies":[{"embeddable":true,"href":"https:\/\/bazaar.express\/sk\/wp-json\/wp\/v2\/comments?post=45098"}],"wp:featuredmedia":[{"embeddable":true,"href":"https:\/\/bazaar.express\/sk\/wp-json\/wp\/v2\/media\/45100"}],"wp:attachment":[{"href":"https:\/\/bazaar.express\/sk\/wp-json\/wp\/v2\/media?parent=45098"}],"wp:term":[{"taxonomy":"product_brand","embeddable":true,"href":"https:\/\/bazaar.express\/sk\/wp-json\/wp\/v2\/product_brand?post=45098"},{"taxonomy":"product_cat","embeddable":true,"href":"https:\/\/bazaar.express\/sk\/wp-json\/wp\/v2\/product_cat?post=45098"},{"taxonomy":"product_tag","embeddable":true,"href":"https:\/\/bazaar.express\/sk\/wp-json\/wp\/v2\/product_tag?post=45098"}],"curies":[{"name":"wp","href":"https:\/\/api.w.org\/{rel}","templated":true}]}}