{"id":45101,"date":"2024-11-29T15:37:09","date_gmt":"2024-11-29T15:37:09","guid":{"rendered":"https:\/\/bazaar.express\/product\/joint-cream\/"},"modified":"2026-03-02T11:20:24","modified_gmt":"2026-03-02T11:20:24","slug":"joint-cream","status":"publish","type":"product","link":"https:\/\/bazaar.express\/sk\/produkt\/joint-cream\/","title":{"rendered":"Pr\u00edrodn\u00fd kr\u00e9m na k\u013aby \u2013 1kg"},"content":{"rendered":"<h2 data-start=\"305\" data-end=\"385\">Pr\u00edrodn\u00fd kr\u00e9m na k\u013aby \u2013 Siln\u00e1 \u00fa\u013eava z pr\u00edrody pre pohodln\u00fd pohyb \u2013 1kg<\/h2>\n<h3 data-start=\"387\" data-end=\"426\"> Jemn\u00fd dotyk pre va\u0161e k\u013aby<\/h3>\n<p data-start=\"428\" data-end=\"765\">\u00daneme sa z tuhosti, nepohodlia alebo obmedzen\u00e9ho pohybu? Objavte <strong data-start=\"497\" data-end=\"520\">Pr\u00edrodn\u00fd kr\u00e9m na k\u013aby<\/strong> od <em data-start=\"526\" data-end=\"533\">Tnerh<\/em>, v\u00e1\u0161ho nov\u00e9ho spolo\u010dn\u00edka v zdrav\u00ed k\u013abov. Vyroben\u00fd v Egypte z 100% <strong data-start=\"602\" data-end=\"625\">pr\u00edrodn\u00fdch ingredienci\u00ed<\/strong>, tento efekt\u00edvny a luxusn\u00fd kr\u00e9m je navrhnut\u00fd na obnovenie flexibility, zn\u00ed\u017eenie z\u00e1palu a zlep\u0161enie celkov\u00e9ho pohodlia k\u013abov \u2013 prirodzene.<\/p>\n<h3 data-start=\"767\" data-end=\"811\"> V\u0161etky pr\u00edrodn\u00e9 ingrediencie, ktor\u00fdm m\u00f4\u017eete veri\u0165<\/h3>\n<p data-start=\"813\" data-end=\"1058\">Vyroben\u00fd s starostlivos\u0165ou, tento <strong data-start=\"837\" data-end=\"860\">Pr\u00edrodn\u00fd kr\u00e9m na k\u013aby<\/strong> sp\u00e1ja v\u00fdkonn\u00e9 benefity <strong data-start=\"893\" data-end=\"903\">arnice<\/strong>, <strong data-start=\"905\" data-end=\"912\">MSM<\/strong>, <strong data-start=\"914\" data-end=\"929\">glukosam\u00ednu<\/strong> a <strong data-start=\"935\" data-end=\"947\">kurkumy<\/strong> s <strong data-start=\"953\" data-end=\"966\">aloe vera<\/strong>, <strong data-start=\"968\" data-end=\"983\">bambuck\u00fdm maslom<\/strong> a terapeutick\u00fdmi <strong data-start=\"1001\" data-end=\"1019\">esenci\u00e1lnymi olejmi<\/strong>. Tieto ingrediencie pracuj\u00fa v harm\u00f3nii na:<\/p>\n<ul data-start=\"1060\" data-end=\"1208\">\n<li data-start=\"1060\" data-end=\"1101\">\n<p data-start=\"1062\" data-end=\"1101\"><strong data-start=\"1062\" data-end=\"1101\">Uvo\u013enenie bolesti a zn\u00ed\u017eenie z\u00e1palu<\/strong><\/p>\n<\/li>\n<li data-start=\"1102\" data-end=\"1151\">\n<p data-start=\"1104\" data-end=\"1151\"><strong data-start=\"1104\" data-end=\"1151\">Podporu opravy chrupavky a sily k\u013abov<\/strong><\/p>\n<\/li>\n<li data-start=\"1152\" data-end=\"1208\">\n<p data-start=\"1154\" data-end=\"1208\"><strong data-start=\"1154\" data-end=\"1208\">Podporu dlhodobej flexibility a \u013eahkosti pohybu<\/strong><\/p>\n<\/li>\n<\/ul>\n<p data-start=\"1210\" data-end=\"1324\">\u010ci ste akt\u00edvni, starn\u00faci alebo sa zotavujete z poranenia, tento kr\u00e9m podporuje <strong data-start=\"1290\" data-end=\"1308\">zdravie k\u013abov<\/strong> pri ka\u017edom pou\u017eit\u00ed.<\/p>\n<h3 data-start=\"1326\" data-end=\"1368\"> R\u00fdchlo sa vstreb\u00e1vaj\u00faca a nelepiv\u00e1 text\u00fara<\/h3>\n<p data-start=\"1370\" data-end=\"1647\">Na rozdiel od syntetick\u00fdch alternat\u00edv, na\u0161a \u013eahk\u00e1 formula sa r\u00fdchlo vstreb\u00e1va, bez lepkav\u00e9ho alebo mastn\u00e9ho zvy\u0161ku. Je ide\u00e1lna na denn\u00e9 pou\u017eitie pred fyzickou aktivitou alebo no\u010dn\u00e9 nan\u00e1\u0161anie na uvo\u013enenie k\u013abov po\u010das sp\u00e1nku. U\u017e\u00edvajte si <strong data-start=\"1601\" data-end=\"1629\">hlbok\u00fa prenikaj\u00facu \u00fa\u013eavu<\/strong> bez neporiadku.<\/p>\n<h3 data-start=\"1649\" data-end=\"1674\"> Kto by ho mal pou\u017e\u00edva\u0165?<\/h3>\n<ul data-start=\"1676\" data-end=\"1914\">\n<li data-start=\"1676\" data-end=\"1739\">\n<p data-start=\"1678\" data-end=\"1739\"><strong data-start=\"1678\" data-end=\"1709\">Atleti a milovn\u00edci fitness<\/strong> potrebuj\u00faci regener\u00e1ciu po tr\u00e9ningu<\/p>\n<\/li>\n<li data-start=\"1740\" data-end=\"1787\">\n<p data-start=\"1742\" data-end=\"1787\"><strong data-start=\"1742\" data-end=\"1753\">Seniori<\/strong> s vekom s\u00favisiacimi probl\u00e9mami k\u013abov<\/p>\n<\/li>\n<li data-start=\"1788\" data-end=\"1839\">\n<p data-start=\"1790\" data-end=\"1839\"><strong data-start=\"1790\" data-end=\"1808\">Kancel\u00e1rski pracovn\u00edci<\/strong> \u010deliac\u00ed opakovan\u00e9mu stresu<\/p>\n<\/li>\n<li data-start=\"1840\" data-end=\"1914\">\n<p data-start=\"1842\" data-end=\"1914\"><strong data-start=\"1842\" data-end=\"1852\">Ktoko\u013evek<\/strong> h\u013eadaj\u00faci \u010dist\u00fa, bylinn\u00fa alternat\u00edvu k syntetick\u00fdm kr\u00e9mom na k\u013aby<\/p>\n<\/li>\n<\/ul>\n<h3 data-start=\"1916\" data-end=\"1960\"> Pre\u010do si vybra\u0165 Pr\u00edrodn\u00fd kr\u00e9m na k\u013aby Tnerh?<\/h3>\n<ul data-start=\"1962\" data-end=\"2181\">\n<li data-start=\"1962\" data-end=\"1998\">\n<p data-start=\"1964\" data-end=\"1998\"><strong data-start=\"1966\" data-end=\"1998\">100% Pr\u00edrodn\u00fd a bez chemik\u00e1li\u00ed<\/strong><\/p>\n<\/li>\n<li data-start=\"1999\" data-end=\"2025\">\n<p data-start=\"2001\" data-end=\"2025\"><strong data-start=\"2003\" data-end=\"2025\">Bezpe\u010dn\u00fd na denn\u00e9 pou\u017eitie<\/strong><\/p>\n<\/li>\n<li data-start=\"2026\" data-end=\"2072\">\n<p data-start=\"2028\" data-end=\"2072\"><strong data-start=\"2030\" data-end=\"2047\">Vyroben\u00fd v Egypte<\/strong> z pr\u00e9miov\u00fdch lok\u00e1lnych byl\u00edn<\/p>\n<\/li>\n<li data-start=\"2073\" data-end=\"2114\">\n<p data-start=\"2075\" data-end=\"2114\"><strong data-start=\"2077\" data-end=\"2114\">D\u00f4veryhodn\u00fd z\u00e1kazn\u00edkmi po celom Egypte<\/strong><\/p>\n<\/li>\n<li data-start=\"2115\" data-end=\"2181\">\n<p data-start=\"2117\" data-end=\"2181\"><strong data-start=\"2119\" data-end=\"2136\">Ve\u013ek\u00e9 1kg balenie<\/strong> \u2013 Skvel\u00e1 hodnota pre rodiny a dlhodob\u00e9 pou\u017eitie<\/p>\n<\/li>\n<\/ul>\n<h3 data-start=\"2496\" data-end=\"2513\"> Ako pou\u017e\u00edva\u0165<\/h3>\n<p data-start=\"2515\" data-end=\"2701\">Naneste ve\u013ekorys\u00e9 mno\u017estvo <strong data-start=\"2542\" data-end=\"2565\">Pr\u00edrodn\u00e9ho kr\u00e9mu na k\u013aby<\/strong> na \u010dist\u00fa, such\u00fa poko\u017eku na postihnutej oblasti. Jemne mas\u00edrujte, k\u00fdm sa plne nevstreb\u00e1. Pou\u017e\u00edvajte <strong data-start=\"2650\" data-end=\"2665\">dva razy denne<\/strong>\u2014r\u00e1no a ve\u010der\u2014pre najlep\u0161ie v\u00fdsledky.<\/p>\n<h2 data-start=\"2708\" data-end=\"2760\">\ud83d\uded2 Investujte do pr\u00edrodnej \u00fa\u013eavy. Poc\u00edtite rozdiel.<\/h2>\n<p data-start=\"2762\" data-end=\"3028\">V <strong data-start=\"2765\" data-end=\"2783\">Bazaar Express<\/strong> sme hrd\u00ed na to, \u017ee v\u00e1m pon\u00fakame <strong data-start=\"2810\" data-end=\"2851\">signat\u00farny Pr\u00edrodn\u00fd kr\u00e9m na k\u013aby od Tnerh<\/strong> \u2013 pr\u00e9miov\u00fd egyptsk\u00fd produkt, ktor\u00fd sp\u00e1ja starovek\u00fa botanick\u00fa znalos\u0165 s modern\u00fdm wellness. Dajte svojim k\u013abom starostlivos\u0165, ktor\u00fa si zasl\u00fa\u017eia. Urobte z neho s\u00fa\u010das\u0165 va\u0161ej dennej rutiny seba-starostlivosti.<\/p>\n<p data-start=\"3030\" data-end=\"3077\"><strong data-start=\"3030\" data-end=\"3077\">Vysk\u00fa\u0161ajte ho dnes \u2013 a pohybujte sa op\u00e4\u0165 vo\u013ene.<\/strong><\/p>\n<p style=\"text-align: center;\">\u010eakujeme za n\u00e1kup v <em data-start=\"415\" data-end=\"431\"><a href=\"https:\/\/bazaar.express\/sk\/\">Bazaar Express<\/a><\/em> \u2013 te\u0161\u00ed n\u00e1s, \u017ee ste tu!<\/p>\n<p style=\"text-align: center;\">Va\u0161a cesta k lep\u0161ej seba-starostlivosti za\u010d\u00edna tu \u2014 s <a href=\"https:\/\/bazaar.express\/product-category\/beauty-care\/\">Beauty &#038; Care<\/a>, na ktor\u00fa sa m\u00f4\u017eete spo\u013eahn\u00fa\u0165.<\/p>\n","protected":false},"excerpt":{"rendered":"<h3 data-start=\"444\" data-end=\"700\">Pr\u00edrodn\u00fd kr\u00e9m na k\u013aby Tnerh poskytuje r\u00fdchlu, upokojuj\u00facu \u00fa\u013eavu pomocou \u00faplne pr\u00edrodn\u00fdch egyptsk\u00fdch ingredienci\u00ed. Ide\u00e1lny na zn\u00ed\u017eenie nepohodia k\u013abov, zlep\u0161enie pohyblivosti a podporu dlhodobej flexibility. Vhodn\u00fd na denn\u00e9 pou\u017eitie a bezpe\u010dn\u00fd pre v\u0161etky typy poko\u017eky. Ve\u013ek\u00e9 1kg balenie.<\/h3>\n","protected":false},"featured_media":45104,"comment_status":"open","ping_status":"closed","template":"","meta":[],"product_brand":[],"product_cat":[1160,1161],"product_tag":[1733],"class_list":{"0":"post-45101","1":"product","2":"type-product","3":"status-publish","4":"has-post-thumbnail","6":"product_cat-starostlivost-o-krasu","7":"product_cat-terapeuticke-oleje","8":"product_tag-krem-na-klby","10":"first","11":"instock","12":"sale","13":"shipping-taxable","14":"purchasable","15":"product-type-simple"},"_links":{"self":[{"href":"https:\/\/bazaar.express\/sk\/wp-json\/wp\/v2\/product\/45101","targetHints":{"allow":["GET"]}}],"collection":[{"href":"https:\/\/bazaar.express\/sk\/wp-json\/wp\/v2\/product"}],"about":[{"href":"https:\/\/bazaar.express\/sk\/wp-json\/wp\/v2\/types\/product"}],"replies":[{"embeddable":true,"href":"https:\/\/bazaar.express\/sk\/wp-json\/wp\/v2\/comments?post=45101"}],"wp:featuredmedia":[{"embeddable":true,"href":"https:\/\/bazaar.express\/sk\/wp-json\/wp\/v2\/media\/45104"}],"wp:attachment":[{"href":"https:\/\/bazaar.express\/sk\/wp-json\/wp\/v2\/media?parent=45101"}],"wp:term":[{"taxonomy":"product_brand","embeddable":true,"href":"https:\/\/bazaar.express\/sk\/wp-json\/wp\/v2\/product_brand?post=45101"},{"taxonomy":"product_cat","embeddable":true,"href":"https:\/\/bazaar.express\/sk\/wp-json\/wp\/v2\/product_cat?post=45101"},{"taxonomy":"product_tag","embeddable":true,"href":"https:\/\/bazaar.express\/sk\/wp-json\/wp\/v2\/product_tag?post=45101"}],"curies":[{"name":"wp","href":"https:\/\/api.w.org\/{rel}","templated":true}]}}