{"id":45105,"date":"2024-11-29T01:33:27","date_gmt":"2024-11-29T01:33:27","guid":{"rendered":"https:\/\/bazaar.express\/product\/mango-shea-butter\/"},"modified":"2026-03-02T11:20:25","modified_gmt":"2026-03-02T11:20:25","slug":"mango-shea-butter","status":"publish","type":"product","link":"https:\/\/bazaar.express\/sk\/produkt\/mango-shea-butter\/","title":{"rendered":"Kr\u00e9m s mangov\u00fdm maslom shea"},"content":{"rendered":"<h2 data-start=\"302\" data-end=\"369\">Kr\u00e9m s mangov\u00fdm maslom shea \u2013 Hlbok\u00e1 v\u00fd\u017eiva s tropick\u00fdm n\u00e1dychom<\/h2>\n<h3 data-start=\"371\" data-end=\"414\">Za\u017eite pr\u00edrodn\u00fd luxus pre va\u0161u poko\u017eku<\/h3>\n<p data-start=\"416\" data-end=\"835\">Doprajte svojej poko\u017eke l\u00e1sku, ktor\u00fa si zasl\u00fa\u017ei, s <strong data-start=\"457\" data-end=\"484\">kr\u00e9mom s mangov\u00fdm maslom shea<\/strong>, zamatovo bohatou zmesou pr\u00e9miov\u00e9ho <strong data-start=\"518\" data-end=\"533\">masla shea<\/strong> a mangov\u00e9ho oleja. Vyroben\u00fd spolo\u010dnos\u0165ou <strong data-start=\"560\" data-end=\"569\">Tnerh<\/strong>, tento p\u00f4\u017eitk\u00e1rsky z\u00e1klad starostlivosti o poko\u017eku poskytuje intenz\u00edvnu hydrat\u00e1ciu, upokojuj\u00facu \u00fa\u013eavu a pr\u00edjemn\u00fa v\u00f4\u0148u \u2013 v\u0161etko v jednom luxusnom poh\u00e1riku. \u010ci u\u017e bojujete so suchos\u0165ou, h\u013ead\u00e1te anti-aging benefity alebo jednoducho t\u00fa\u017eite po hladkej, \u017eiarivej poko\u017eke, tento kr\u00e9m je va\u0161e rie\u0161enie.<\/p>\n<h3 data-start=\"842\" data-end=\"875\"> \u010co je mangov\u00e9 maslo shea?<\/h3>\n<p data-start=\"877\" data-end=\"1147\"><strong data-start=\"877\" data-end=\"904\">Kr\u00e9m s mangov\u00fdm maslom shea<\/strong> sp\u00e1ja hlboko zvlh\u010duj\u00face benefity <strong data-start=\"950\" data-end=\"965\">masla shea<\/strong> s vitam\u00ednovo bohatou v\u00fd\u017eivou mangov\u00e9ho oleja. T\u00e1to tropick\u00e1 f\u00fazia rob\u00ed z\u00e1zraky na v\u0161etk\u00fdch typoch poko\u017eky, prenik\u00e1 hlboko, aby obnovila elasticitu, hebkos\u0165 a prirodzen\u00fd lesk va\u0161ej poko\u017eky.<\/p>\n<p data-start=\"1149\" data-end=\"1322\">Vyroben\u00fd v <strong data-start=\"1163\" data-end=\"1172\">Egypt<\/strong> s pou\u017eit\u00edm <strong data-start=\"1179\" data-end=\"1207\">100 % pr\u00edrodn\u00fdch ingredienci\u00ed<\/strong>, tento kr\u00e9m pon\u00faka zmyslov\u00fd z\u00e1\u017eitok zo starostlivosti o poko\u017eku, ktor\u00fd rozmazn\u00e1v\u00e1 va\u0161e telo a podporuje zdrav\u00fa poko\u017eku zvn\u00fatra.<\/p>\n<h3 data-start=\"1329\" data-end=\"1377\"> K\u013e\u00fa\u010dov\u00e9 benefity masla shea a mangov\u00e9ho oleja<\/h3>\n<h4 data-start=\"1379\" data-end=\"1410\">Hlbok\u00e1 hydrat\u00e1cia poko\u017eky<\/h4>\n<p data-start=\"1411\" data-end=\"1550\">\u0164a\u017ete sa s suchou, popraskanou poko\u017ekou. Bohat\u00e9 mastn\u00e9 kyseliny v <strong data-start=\"1469\" data-end=\"1484\">masle shea<\/strong> prenikaj\u00fa hlboko, aby hydratovali, zjemnili a opravili ko\u017en\u00fa bari\u00e9ru.<\/p>\n<h4 data-start=\"1552\" data-end=\"1593\">Pr\u00edrodn\u00fd liek na ko\u017en\u00e9 probl\u00e9my<\/h4>\n<p data-start=\"1594\" data-end=\"1704\">Tento kr\u00e9m pom\u00e1ha upokoji\u0165 ekz\u00e9m, psori\u00e1zu a zap\u00e1len\u00fa poko\u017eku v\u010faka svojim pr\u00edrodn\u00fdm protiz\u00e1palov\u00fdm vlastnostiam.<\/p>\n<h4 data-start=\"1706\" data-end=\"1731\">Obrana proti starnutiu<\/h4>\n<p data-start=\"1732\" data-end=\"1852\">Bohat\u00e9 na <strong data-start=\"1740\" data-end=\"1760\">vitam\u00edny A a E<\/strong>, mangov\u00e9 maslo shea vyhladzuje jemn\u00e9 vr\u00e1sky, zni\u017euje strie a obnovuje mladistv\u00fd lesk.<\/p>\n<h4 data-start=\"1854\" data-end=\"1876\">Upokojenie sp\u00e1lenia od slnka<\/h4>\n<p data-start=\"1877\" data-end=\"1966\">Aplikujte po vystaven\u00ed slnku, aby ste zmiernili za\u010dervenanie, hydratovali vysu\u0161en\u00fa poko\u017eku od slnka a podporili regener\u00e1ciu.<\/p>\n<h4 data-start=\"1968\" data-end=\"2008\">Rovnomern\u00fd t\u00f3n poko\u017eky a vo\u0148av\u00e1 elegancia<\/h4>\n<p data-start=\"2009\" data-end=\"2137\">Pri pravidelnom pou\u017e\u00edvan\u00ed kr\u00e9m zlep\u0161uje t\u00f3n poko\u017eky a zanech\u00e1va svie\u017eu, ovocn\u00fa mangov\u00fa v\u00f4\u0148u, ktor\u00e1 sa dr\u017e\u00ed bez prehnanej intenzity.<\/p>\n<h3 data-start=\"2144\" data-end=\"2185\"> Ako pou\u017e\u00edva\u0165 kr\u00e9m s mangov\u00fdm maslom shea<\/h3>\n<ol data-start=\"2187\" data-end=\"2413\">\n<li data-start=\"2187\" data-end=\"2217\">\n<p data-start=\"2190\" data-end=\"2217\">Za\u010dnite s \u010distou, suchou poko\u017ekou.<\/p>\n<\/li>\n<li data-start=\"2218\" data-end=\"2260\">\n<p data-start=\"2221\" data-end=\"2260\">Zohrejte mal\u00e9 mno\u017estvo v dlaniach.<\/p>\n<\/li>\n<li data-start=\"2261\" data-end=\"2327\">\n<p data-start=\"2264\" data-end=\"2327\">Jemne mas\u00edrujte do oblast\u00ed ako lakte, p\u00e4ty, kolen\u00e1 a ruky.<\/p>\n<\/li>\n<li data-start=\"2328\" data-end=\"2413\">\n<p data-start=\"2331\" data-end=\"2413\">Pou\u017e\u00edvajte denne, najm\u00e4 po k\u00fapeli, aby ste uzamkli vlhkos\u0165 a udr\u017eali zdravie poko\u017eky.<\/p>\n<\/li>\n<\/ol>\n<h3 data-start=\"2420\" data-end=\"2443\"> \u010cist\u00e9 ingrediencie<\/h3>\n<ul data-start=\"2445\" data-end=\"2702\">\n<li data-start=\"2445\" data-end=\"2506\">\n<p data-start=\"2447\" data-end=\"2506\"><strong data-start=\"2447\" data-end=\"2462\">Maslo shea<\/strong>: Hlboko zvlh\u010duj\u00face a protiz\u00e1palov\u00e9.<\/p>\n<\/li>\n<li data-start=\"2507\" data-end=\"2587\">\n<p data-start=\"2509\" data-end=\"2587\"><strong data-start=\"2509\" data-end=\"2522\">Mangov\u00fd olej<\/strong>: V\u00fd\u017eivuje vitam\u00ednmi <strong data-start=\"2539\" data-end=\"2557\">A a C<\/strong> a poskytuje pr\u00edrodn\u00fa v\u00f4\u0148u.<\/p>\n<\/li>\n<li data-start=\"2588\" data-end=\"2647\">\n<p data-start=\"2590\" data-end=\"2647\"><strong data-start=\"2590\" data-end=\"2603\">Vitam\u00edn E<\/strong>: Podporuje elasticitu a regener\u00e1ciu poko\u017eky.<\/p>\n<\/li>\n<li data-start=\"2648\" data-end=\"2702\">\n<p data-start=\"2650\" data-end=\"2702\"><strong data-start=\"2650\" data-end=\"2663\">Vitam\u00edn A<\/strong>: Opravuje po\u0161koden\u00fa poko\u017eku a zvy\u0161uje lesk.<\/p>\n<\/li>\n<\/ul>\n<h3 data-start=\"2709\" data-end=\"2731\"> Podrobnosti o produkte<\/h3>\n<ul data-start=\"2733\" data-end=\"3055\">\n<li data-start=\"2733\" data-end=\"2755\">\n<p data-start=\"2735\" data-end=\"2755\"><strong data-start=\"2735\" data-end=\"2743\">Ve\u013ekos\u0165<\/strong>: 80 gramov<\/p>\n<\/li>\n<li data-start=\"2756\" data-end=\"2820\">\n<p data-start=\"2758\" data-end=\"2820\"><strong data-start=\"2758\" data-end=\"2767\">V\u00f4\u0148a<\/strong>: Prirodzene vo\u0148av\u00e9 shea s tropick\u00fdmi mangov\u00fdmi t\u00f3nmi<\/p>\n<\/li>\n<li data-start=\"2821\" data-end=\"2867\">\n<p data-start=\"2823\" data-end=\"2867\"><strong data-start=\"2823\" data-end=\"2836\">Typ poko\u017eky<\/strong>: Vhodn\u00e9 pre v\u0161etky typy poko\u017eky<\/p>\n<\/li>\n<li data-start=\"2868\" data-end=\"2942\">\n<p data-start=\"2870\" data-end=\"2942\"><strong data-start=\"2870\" data-end=\"2887\">Certifik\u00e1t<\/strong>: Licencovan\u00e9 Egyptskou liekovou a kozmetickou autoritou<\/p>\n<\/li>\n<li data-start=\"2943\" data-end=\"2974\">\n<p data-start=\"2945\" data-end=\"2974\"><strong data-start=\"2945\" data-end=\"2961\">V\u00fdrobca<\/strong>: <strong data-start=\"2963\" data-end=\"2972\">Tnerh<\/strong><\/p>\n<\/li>\n<li data-start=\"2975\" data-end=\"3004\">\n<p data-start=\"2977\" data-end=\"3004\"><strong data-start=\"2977\" data-end=\"2987\">P\u00f4vod<\/strong>: Vyroben\u00e9 v Egypte<\/p>\n<\/li>\n<li data-start=\"3005\" data-end=\"3055\">\n<p data-start=\"3007\" data-end=\"3055\"><strong data-start=\"3007\" data-end=\"3018\">Pr\u00edrodn\u00e9<\/strong>: 100 % bez chemik\u00e1li\u00ed a bez testovania na zvierat\u00e1ch<\/p>\n<\/li>\n<\/ul>\n<h3 data-start=\"3371\" data-end=\"3415\">Pre\u010do si vybra\u0165 mangov\u00e9 maslo shea od Tnerh?<\/h3>\n<p data-start=\"3417\" data-end=\"3669\">V <strong data-start=\"3420\" data-end=\"3438\">Bazaar Express<\/strong> v\u00e1m prin\u00e1\u0161ame len tie najlep\u0161ie egyptsk\u00e9 inov\u00e1cie v starostlivosti o poko\u017eku. S <strong data-start=\"3505\" data-end=\"3534\">mangov\u00fdm maslom shea od Tnerh<\/strong> sa nielen zvlh\u010dujete \u2013 transformujete svoju poko\u017eku s najlep\u0161\u00edm, \u010do pr\u00edroda pon\u00faka. Bez parab\u00e9nov, bez tox\u00ednov, len \u010dist\u00e1 v\u00fd\u017eivn\u00e1 dobrota.<\/p>\n<h3 data-start=\"3676\" data-end=\"3697\"> Z\u00e1ver<\/h3>\n<p data-start=\"3699\" data-end=\"3958\">Ak ste pripraven\u00ed posun\u00fa\u0165 svoju rutinu <strong data-start=\"3728\" data-end=\"3740\">starostlivosti o poko\u017eku<\/strong> na vy\u0161\u0161iu \u00farove\u0148, <strong data-start=\"3768\" data-end=\"3795\">kr\u00e9m s mangov\u00fdm maslom shea<\/strong> je nevyhnutnos\u0165ou. Pri ka\u017edej aplik\u00e1cii za\u017eijete hlad\u0161iu, zdrav\u0161iu poko\u017eku obalen\u00fa v upokojuj\u00facej v\u00f4ni manga a shea. Je \u010das \u017eiari\u0165 \u2013 pr\u00edrodne.<\/p>\n<p style=\"text-align: center;\">\u010eakujeme za n\u00e1kup v <em data-start=\"415\" data-end=\"431\"><a href=\"https:\/\/bazaar.express\/sk\/\">Bazaar Express<\/a><\/em> \u2013 te\u0161\u00edme sa na v\u00e1s!<\/p>\n<p style=\"text-align: center;\">Va\u0161a cesta k lep\u0161ej starostlivosti o seba za\u010d\u00edna tu \u2013 s <a href=\"https:\/\/bazaar.express\/product-category\/beauty-care\/\">Beauty &#038; Care<\/a>, na ktor\u00fa sa m\u00f4\u017eete spo\u013eahn\u00fa\u0165.<\/p>\n","protected":false},"excerpt":{"rendered":"<h3 data-start=\"433\" data-end=\"662\">Doprajte si luxusn\u00fa hydrat\u00e1ciu s kr\u00e9mom s mangov\u00fdm maslom shea od Tnerh. Obohaten\u00fd mangov\u00fdm olejom a pr\u00edrodn\u00fdm maslom shea, hlboko zvlh\u010duje, upokojuje a regeneruje such\u00fa alebo podr\u00e1\u017eden\u00fa poko\u017eku. Ide\u00e1lne na denn\u00e9 pou\u017eitie na v\u0161etky typy poko\u017eky.<\/h3>\n","protected":false},"featured_media":45107,"comment_status":"open","ping_status":"closed","template":"","meta":[],"product_brand":[],"product_cat":[1160],"product_tag":[1777],"class_list":{"0":"post-45105","1":"product","2":"type-product","3":"status-publish","4":"has-post-thumbnail","6":"product_cat-starostlivost-o-krasu","7":"product_tag-mangove-maslo-shea","9":"first","10":"instock","11":"sale","12":"shipping-taxable","13":"purchasable","14":"product-type-simple"},"_links":{"self":[{"href":"https:\/\/bazaar.express\/sk\/wp-json\/wp\/v2\/product\/45105","targetHints":{"allow":["GET"]}}],"collection":[{"href":"https:\/\/bazaar.express\/sk\/wp-json\/wp\/v2\/product"}],"about":[{"href":"https:\/\/bazaar.express\/sk\/wp-json\/wp\/v2\/types\/product"}],"replies":[{"embeddable":true,"href":"https:\/\/bazaar.express\/sk\/wp-json\/wp\/v2\/comments?post=45105"}],"wp:featuredmedia":[{"embeddable":true,"href":"https:\/\/bazaar.express\/sk\/wp-json\/wp\/v2\/media\/45107"}],"wp:attachment":[{"href":"https:\/\/bazaar.express\/sk\/wp-json\/wp\/v2\/media?parent=45105"}],"wp:term":[{"taxonomy":"product_brand","embeddable":true,"href":"https:\/\/bazaar.express\/sk\/wp-json\/wp\/v2\/product_brand?post=45105"},{"taxonomy":"product_cat","embeddable":true,"href":"https:\/\/bazaar.express\/sk\/wp-json\/wp\/v2\/product_cat?post=45105"},{"taxonomy":"product_tag","embeddable":true,"href":"https:\/\/bazaar.express\/sk\/wp-json\/wp\/v2\/product_tag?post=45105"}],"curies":[{"name":"wp","href":"https:\/\/api.w.org\/{rel}","templated":true}]}}