{"id":45154,"date":"2024-12-10T18:27:02","date_gmt":"2024-12-10T18:27:02","guid":{"rendered":"https:\/\/bazaar.express\/product\/olive-oil-2\/"},"modified":"2024-12-10T18:27:02","modified_gmt":"2024-12-10T18:27:02","slug":"olive-oil-2","status":"publish","type":"product","link":"https:\/\/bazaar.express\/sk\/produkt\/olive-oil-2\/","title":{"rendered":"Olivov\u00fd olej"},"content":{"rendered":"<h2 data-start=\"164\" data-end=\"239\">Lotus olivov\u00fd olej: Podpora kr\u00e1sy a zdrav\u00e9ho \u017eivotn\u00e9ho \u0161t\u00fdlu<\/h2>\n<p data-start=\"277\" data-end=\"603\">Olivov\u00fd olej je zlatist\u00e1, bohat\u00e1 na \u017eiviny kvapalina z\u00edskan\u00e1 chladov\u00fdm lisovan\u00edm \u010derstv\u00fdch ol\u00edv. T\u00e1to tradi\u010dn\u00e1 met\u00f3da zachov\u00e1va jeho pr\u00edrodn\u00e9 antioxidanty, vitam\u00edny a mastn\u00e9 kyseliny. Uctievan\u00fd po st\u00e1ro\u010dia v stredomorsk\u00fdch ritu\u00e1loch kr\u00e1sy a wellness, Lotus olivov\u00fd olej je v\u0161estrann\u00fd elix\u00edr pre vn\u00fatorn\u00e9 aj vonkaj\u0161ie zdravie.<\/p>\n<h3 data-start=\"610\" data-end=\"651\"> K\u013e\u00fa\u010dov\u00e9 v\u00fdhody Lotus olivov\u00e9ho oleja<\/h3>\n<h4 data-start=\"653\" data-end=\"683\">Proti starnutiu<\/h4>\n<p data-start=\"684\" data-end=\"853\">Olivov\u00fd olej je pln\u00fd antioxidantov ako polyfenoly a vitam\u00edn E, ktor\u00e9 bojuj\u00fa proti vo\u013en\u00fdm radik\u00e1lom a oddia\u013euj\u00fa znaky starnutia. \u013dahko sa zbavte pred\u010dasn\u00fdch vr\u00e1sok a jemn\u00fdch liniek.<\/p>\n<h4 data-start=\"855\" data-end=\"885\">H\u013abkov\u00e1 v\u00fd\u017eiva poko\u017eky<\/h4>\n<p data-start=\"886\" data-end=\"1058\">S jeho siln\u00fdmi zvlh\u010duj\u00facimi schopnos\u0165ami prenik\u00e1 olivov\u00fd olej hlboko do vrstiev poko\u017eky, zm\u00e4k\u010duje such\u00e9 miesta, opravuje po\u0161kodenia a dod\u00e1va va\u0161ej poko\u017eke hladk\u00fd, \u017eiariv\u00fd lesk.<\/p>\n<h4 data-start=\"1060\" data-end=\"1097\">Zachov\u00e1va prirodzen\u00fa farbu vlasov<\/h4>\n<p data-start=\"1098\" data-end=\"1263\">Olivov\u00fd olej podporuje produkciu melan\u00ednu, \u010do pom\u00e1ha zachova\u0165 prirodzen\u00fa farbu vlasov a oddiali\u0165 n\u00e1stup \u0161edivenia. Tie\u017e obnovuje lesk a posil\u0148uje krehk\u00e9 pramene.<\/p>\n<h4 data-start=\"1265\" data-end=\"1308\">Podpora imunity a zdravia srdca<\/h4>\n<p data-start=\"1309\" data-end=\"1499\">Bohat\u00fd na kyselinu olejov\u00fa a protiz\u00e1palov\u00e9 zl\u00fa\u010deniny, Lotus olivov\u00fd olej nielen vy\u017eivuje telo zvn\u00fatra navonok, ale aj pom\u00e1ha zni\u017eova\u0165 zl\u00fd cholesterol a posil\u0148ova\u0165 imunitn\u00fd syst\u00e9m.<\/p>\n<h3 data-start=\"1506\" data-end=\"1531\"> \u010co je vn\u00fatri?<\/h3>\n<ul data-start=\"1533\" data-end=\"1880\">\n<li data-start=\"1533\" data-end=\"1597\">\n<p data-start=\"1535\" data-end=\"1597\"><strong data-start=\"1535\" data-end=\"1549\">Kyselina olejov\u00e1<\/strong> \u2013 Podporuje zdravie srdca a obnovu buniek.<\/p>\n<\/li>\n<li data-start=\"1598\" data-end=\"1681\">\n<p data-start=\"1600\" data-end=\"1681\"><strong data-start=\"1600\" data-end=\"1612\">Squal\u00e9n<\/strong> \u2013 Poskytuje intenz\u00edvnu hydrat\u00e1ciu a p\u00f4sob\u00ed ako ochranca ko\u017enej bari\u00e9ry.<\/p>\n<\/li>\n<li data-start=\"1682\" data-end=\"1775\">\n<p data-start=\"1684\" data-end=\"1775\"><strong data-start=\"1684\" data-end=\"1715\">Rastlinn\u00e9 steroly a polyfenoly<\/strong> \u2013 Pr\u00edrodn\u00e9 protiz\u00e1palov\u00e9 l\u00e1tky, ktor\u00e9 upokojuj\u00fa poko\u017eku a poko\u017eku hlavy.<\/p>\n<\/li>\n<li data-start=\"1776\" data-end=\"1880\">\n<p data-start=\"1778\" data-end=\"1880\"><strong data-start=\"1778\" data-end=\"1805\">Tokoferoly (vitam\u00edn E)<\/strong> \u2013 Siln\u00fd antioxidant na obranu poko\u017eky a vlasov pred environment\u00e1lnymi stresormi.<\/p>\n<\/li>\n<\/ul>\n<h3 data-start=\"1887\" data-end=\"1909\"> Opatrenia<\/h3>\n<ul data-start=\"1911\" data-end=\"2099\">\n<li data-start=\"1911\" data-end=\"2006\">\n<p data-start=\"1913\" data-end=\"2006\">Tehotn\u00e9 alebo doj\u010diace \u017eeny by sa mali pred pou\u017eit\u00edm olivov\u00e9ho oleja vo ve\u013ekom mno\u017estve poradi\u0165 s lek\u00e1rom.<\/p>\n<\/li>\n<li data-start=\"2007\" data-end=\"2099\">\n<p data-start=\"2009\" data-end=\"2099\">Diabetici by mali stravovac\u00ed olivov\u00fd olej pou\u017e\u00edva\u0165 opatrne, preto\u017ee m\u00f4\u017ee ovplyv\u0148ova\u0165 hladinu cukru v krvi.<\/p>\n<\/li>\n<\/ul>\n<h3 data-start=\"2106\" data-end=\"2143\"> Ako pou\u017e\u00edva\u0165 Lotus olivov\u00fd olej<\/h3>\n<h4 data-start=\"2145\" data-end=\"2170\">Na kulin\u00e1rske pou\u017eitie<\/h4>\n<ul data-start=\"2171\" data-end=\"2355\">\n<li data-start=\"2171\" data-end=\"2242\">\n<p data-start=\"2173\" data-end=\"2242\">Polejte \u0161al\u00e1ty, zeleninu alebo toast pre bohat\u00fd na \u017eiviny fini\u0161.<\/p>\n<\/li>\n<li data-start=\"2243\" data-end=\"2299\">\n<p data-start=\"2245\" data-end=\"2299\">Pou\u017eite ako zdrav\u0161iu alternat\u00edvu k maslu alebo margar\u00ednu.<\/p>\n<\/li>\n<li data-start=\"2300\" data-end=\"2355\">\n<p data-start=\"2302\" data-end=\"2355\">Vyhnite sa prehriatiu, aby sa zachovali prospe\u0161n\u00e9 zl\u00fa\u010deniny.<\/p>\n<\/li>\n<\/ul>\n<h4 data-start=\"2357\" data-end=\"2379\">Na starostlivos\u0165 o poko\u017eku<\/h4>\n<ul data-start=\"2380\" data-end=\"2541\">\n<li data-start=\"2380\" data-end=\"2467\">\n<p data-start=\"2382\" data-end=\"2467\">Aplikujte priamo na such\u00e9 alebo citliv\u00e9 oblasti poko\u017eky. Jemne mas\u00edrujte kruhov\u00fdmi pohybmi.<\/p>\n<\/li>\n<li data-start=\"2468\" data-end=\"2541\">\n<p data-start=\"2470\" data-end=\"2541\">V\u00fdborn\u00e9 na no\u010dn\u00e9 rutiny na o\u017eivenie unavenej poko\u017eky po\u010das sp\u00e1nku.<\/p>\n<\/li>\n<\/ul>\n<h4 data-start=\"2543\" data-end=\"2570\">Na lie\u010dbu vlasov<\/h4>\n<ul data-start=\"2571\" data-end=\"2774\">\n<li data-start=\"2571\" data-end=\"2631\">\n<p data-start=\"2573\" data-end=\"2631\">Zmie\u0161ajte rovnak\u00e9 \u010dasti <strong data-start=\"2592\" data-end=\"2611\">Lotus olivov\u00e9ho oleja<\/strong> a <strong data-start=\"2616\" data-end=\"2630\">kaktusov\u00e9ho oleja<\/strong>.<\/p>\n<\/li>\n<li data-start=\"2632\" data-end=\"2678\">\n<p data-start=\"2634\" data-end=\"2678\">Aplikujte na poko\u017eku hlavy a konce, d\u00f4kladne mas\u00edrujte.<\/p>\n<\/li>\n<li data-start=\"2679\" data-end=\"2733\">\n<p data-start=\"2681\" data-end=\"2733\">Nechajte p\u00f4sobi\u0165 4\u20135 min\u00fat a opl\u00e1chnite vla\u017enou vodou.<\/p>\n<\/li>\n<li data-start=\"2734\" data-end=\"2774\">\n<p data-start=\"2736\" data-end=\"2774\">Pou\u017e\u00edvajte 2\u20133 kr\u00e1t t\u00fd\u017edenne pre najlep\u0161ie v\u00fdsledky.<\/p>\n<\/li>\n<\/ul>\n<h3 data-start=\"3094\" data-end=\"3132\"> Pre\u010do si vybra\u0165 Lotus olivov\u00fd olej?<\/h3>\n<p data-start=\"3134\" data-end=\"3395\">Lotus olivov\u00fd olej sp\u00e1ja storo\u010dia star\u00fa m\u00fadros\u0165 wellness s modernou vedou, aby poskytol siln\u00e9 multifunk\u010dn\u00e9 rie\u0161enie. \u010ci u\u017e chcete vylep\u0161i\u0165 starostlivos\u0165 o poko\u017eku, rutinu vlasov alebo v\u00fd\u017eivov\u00fd pl\u00e1n \u2013 tento \u010dist\u00fd, pr\u00e9miov\u00fd olej prin\u00e1\u0161a dokonalos\u0165 v ka\u017edej kvapke.<\/p>\n<p data-start=\"3397\" data-end=\"3553\">Pridajte dnes Lotus olivov\u00fd olej do svojej s\u00fapravy na kr\u00e1su a wellness a za\u017eite \u017eiariv\u00fa poko\u017eku, zdrav\u0161ie vlasy a silnej\u0161ie telo \u2013 v\u0161etko z jedn\u00e9ho pr\u00edrodn\u00e9ho zdroja.<\/p>\n<p style=\"text-align: center;\">\u010eakujeme za n\u00e1kup v <em data-start=\"415\" data-end=\"431\"><a href=\"https:\/\/bazaar.express\/sk\/\">Bazaar Express<\/a><\/em> \u2013 te\u0161\u00edme sa na v\u00e1s!<\/p>\n<p style=\"text-align: center;\">Pocitujte silu pr\u00edrody \u2014 \u010dist\u00e9 <a href=\"https:\/\/bazaar.express\/sk\/therapeutic-oils\/\">terapeutick\u00e9 oleje<\/a> pre ka\u017edodenn\u00e9 wellness.<\/p>\n","protected":false},"excerpt":{"rendered":"<h3>Lotus olivov\u00fd olej je multifunk\u010dn\u00fd pr\u00edrodn\u00fd olej ide\u00e1lny na hydrat\u00e1ciu poko\u017eky, v\u00fd\u017eivu vlasov a podporu celkov\u00e9ho zdravia. Bohat\u00fd na antioxidanty, vitam\u00edn E a kyselinu olejov\u00fa, pom\u00e1ha zni\u017eova\u0165 vr\u00e1sky, zachov\u00e1va\u0165 farbu vlasov a podporova\u0165 \u017eiariv\u00fd vzh\u013ead.<\/h3>\n","protected":false},"featured_media":45156,"comment_status":"open","ping_status":"closed","template":"","meta":[],"product_brand":[],"product_cat":[1161,1160],"product_tag":[1791,1652,1653],"class_list":{"0":"post-45154","1":"product","2":"type-product","3":"status-publish","4":"has-post-thumbnail","6":"product_cat-terapeuticke-oleje","7":"product_cat-starostlivost-o-krasu","8":"product_tag-lotus-olivovy-olej","9":"product_tag-olej","10":"product_tag-prirodny-olej","11":"pa_l-xl-125ml","12":"pa_l-xl-60ml","14":"first","15":"instock","16":"sale","17":"shipping-taxable","18":"purchasable","19":"product-type-variable"},"_links":{"self":[{"href":"https:\/\/bazaar.express\/sk\/wp-json\/wp\/v2\/product\/45154","targetHints":{"allow":["GET"]}}],"collection":[{"href":"https:\/\/bazaar.express\/sk\/wp-json\/wp\/v2\/product"}],"about":[{"href":"https:\/\/bazaar.express\/sk\/wp-json\/wp\/v2\/types\/product"}],"replies":[{"embeddable":true,"href":"https:\/\/bazaar.express\/sk\/wp-json\/wp\/v2\/comments?post=45154"}],"wp:featuredmedia":[{"embeddable":true,"href":"https:\/\/bazaar.express\/sk\/wp-json\/wp\/v2\/media\/45156"}],"wp:attachment":[{"href":"https:\/\/bazaar.express\/sk\/wp-json\/wp\/v2\/media?parent=45154"}],"wp:term":[{"taxonomy":"product_brand","embeddable":true,"href":"https:\/\/bazaar.express\/sk\/wp-json\/wp\/v2\/product_brand?post=45154"},{"taxonomy":"product_cat","embeddable":true,"href":"https:\/\/bazaar.express\/sk\/wp-json\/wp\/v2\/product_cat?post=45154"},{"taxonomy":"product_tag","embeddable":true,"href":"https:\/\/bazaar.express\/sk\/wp-json\/wp\/v2\/product_tag?post=45154"}],"curies":[{"name":"wp","href":"https:\/\/api.w.org\/{rel}","templated":true}]}}