{"id":45169,"date":"2024-12-09T17:16:54","date_gmt":"2024-12-09T17:16:54","guid":{"rendered":"https:\/\/bazaar.express\/product\/walnut-oil-3\/"},"modified":"2024-12-09T17:16:54","modified_gmt":"2024-12-09T17:16:54","slug":"walnut-oil-3","status":"publish","type":"product","link":"https:\/\/bazaar.express\/sk\/produkt\/walnut-oil-3\/","title":{"rendered":"Orechov\u00fd olej \u2013 Pr\u00edrodn\u00e1 starostlivos\u0165 o poko\u017eku"},"content":{"rendered":"<h2 data-start=\"257\" data-end=\"332\">Orechov\u00fd olej Lotus: Omladnite svoju kr\u00e1su a podporujte wellness prirodzene<\/h2>\n<h3 data-start=\"334\" data-end=\"373\">\u00a0\u00davod do orechov\u00e9ho oleja Lotus<\/h3>\n<p data-start=\"375\" data-end=\"701\">Orechov\u00fd olej Lotus je prirodzene z\u00edskan\u00fd olej, oslavovan\u00fd pre svoju siln\u00fa kombin\u00e1ciu antioxidantov, esenci\u00e1lnych mastn\u00fdch kysel\u00edn a \u017eiv\u00edn prospe\u0161n\u00fdch pre poko\u017eku. Je zn\u00e1my t\u00fdm, \u017ee podporuje pevnos\u0165 poko\u017eky, zni\u017euje tmav\u00e9 kruhy pod o\u010dami, posil\u0148uje vlasy a zlep\u0161uje kvalitu sp\u00e1nku, \u010do z neho rob\u00ed multifunk\u010dn\u00fd klenot v ka\u017edom re\u017eime kr\u00e1sy a wellness.<\/p>\n<h3 data-start=\"708\" data-end=\"734\">\u00a0\u010co je orechov\u00fd olej?<\/h3>\n<p data-start=\"736\" data-end=\"1064\">Orechov\u00fd olej sa z\u00edskava lisovan\u00edm surov\u00fdch orechov, ktor\u00e9 s\u00fa nabit\u00e9 vitam\u00ednmi, miner\u00e1lmi a zdrav\u00fdmi tukmi. Jeho zlatist\u00fd odtie\u0148 a jemn\u00e1 orechov\u00e1 ar\u00f3ma ho robia ob\u013e\u00faben\u00fdm v pr\u00edrodnej starostlivosti o poko\u017eku a aromaterapii. Orechov\u00fd olej Lotus si zachov\u00e1va tieto vlastnosti v\u010faka met\u00f3de studen\u00e9ho lisovania, ktor\u00e1 zachov\u00e1va hojiv\u00e9 benefity oleja.<\/p>\n<h3 data-start=\"1071\" data-end=\"1110\">\u00a0Hlavn\u00e9 v\u00fdhody orechov\u00e9ho oleja Lotus<\/h3>\n<h4 data-start=\"1112\" data-end=\"1147\">\u00a0Lesk poko\u017eky a podpora kolag\u00e9nu<\/h4>\n<p data-start=\"1148\" data-end=\"1286\">Nabalen\u00fd vitam\u00ednom E a antioxidantmi, tento olej pom\u00e1ha stimulova\u0165 tvorbu kolag\u00e9nu, \u010d\u00edm sa va\u0161a poko\u017eka stane pru\u017enej\u0161ou, \u017eiarivej\u0161ou a mladistvej\u0161ou.<\/p>\n<h4 data-start=\"1288\" data-end=\"1315\">\u00a0Prirodzen\u00e1 pom\u00f4cka na sp\u00e1nok<\/h4>\n<p data-start=\"1316\" data-end=\"1473\">Bohat\u00fd na melaton\u00edn a omega-3 mastn\u00e9 kyseliny, orechov\u00fd olej pom\u00e1ha regulova\u0165 sp\u00e1nkov\u00e9 cykly, upokojuje nervov\u00fd syst\u00e9m a zmier\u0148uje stres, \u010d\u00edm sa st\u00e1va upokojuj\u00facim spolo\u010dn\u00edkom pred span\u00edm.<\/p>\n<h4 data-start=\"1475\" data-end=\"1516\">\u00a0Zni\u017euje tmav\u00e9 kruhy a opuchy<\/h4>\n<p data-start=\"1517\" data-end=\"1634\">Pri aplik\u00e1cii pod o\u010di zni\u017euj\u00fa protiz\u00e1palov\u00e9 vlastnosti oleja opuchy a rozjas\u0148uj\u00fa unaven\u00fa poko\u017eku.<\/p>\n<h4 data-start=\"1636\" data-end=\"1676\">\u00a0Posilnenie a v\u00fd\u017eiva vlasov<\/h4>\n<p data-start=\"1677\" data-end=\"1813\">Hlboko prenik\u00e1 do poko\u017eky hlavy, hydratuje, zni\u017euje l\u00e1mavos\u0165 a podporuje silnej\u0161ie korienky vlasov, ke\u010f sa zmie\u0161a s mand\u013eov\u00fdm alebo re\u010fkovkov\u00fdm olejom.<\/p>\n<h3 data-start=\"1820\" data-end=\"1857\">\u00a0Nutri\u010dn\u00fd profil (na 100 g)<\/h3>\n<ul data-start=\"1859\" data-end=\"2117\">\n<li data-start=\"1859\" data-end=\"1894\">\n<p data-start=\"1861\" data-end=\"1894\"><strong data-start=\"1861\" data-end=\"1886\">Tiam\u00edn (vitam\u00edn B1):<\/strong> 48 mg<\/p>\n<\/li>\n<li data-start=\"1895\" data-end=\"1930\">\n<p data-start=\"1897\" data-end=\"1930\"><strong data-start=\"1897\" data-end=\"1921\">Niac\u00edn (vitam\u00edn B3):<\/strong> 1.2 mg<\/p>\n<\/li>\n<li data-start=\"1931\" data-end=\"1954\">\n<p data-start=\"1933\" data-end=\"1954\"><strong data-start=\"1933\" data-end=\"1947\">Vitam\u00edn C:<\/strong> 3 mg<\/p>\n<\/li>\n<li data-start=\"1955\" data-end=\"1977\">\n<p data-start=\"1957\" data-end=\"1977\"><strong data-start=\"1957\" data-end=\"1969\">V\u00e1pnik:<\/strong> 83 mg<\/p>\n<\/li>\n<li data-start=\"1978\" data-end=\"1998\">\n<p data-start=\"1980\" data-end=\"1998\"><strong data-start=\"1980\" data-end=\"1989\">\u017delezo:<\/strong> 2.1 mg<\/p>\n<\/li>\n<li data-start=\"1999\" data-end=\"2025\">\n<p data-start=\"2001\" data-end=\"2025\"><strong data-start=\"2001\" data-end=\"2016\">Fosfor:<\/strong> 380 mg<\/p>\n<\/li>\n<li data-start=\"2026\" data-end=\"2051\">\n<p data-start=\"2028\" data-end=\"2051\"><strong data-start=\"2028\" data-end=\"2042\">Drasl\u00edk:<\/strong> 225 mg<\/p>\n<\/li>\n<li data-start=\"2052\" data-end=\"2070\">\n<p data-start=\"2054\" data-end=\"2070\"><strong data-start=\"2054\" data-end=\"2062\">Tuk:<\/strong> 64 mg<\/p>\n<\/li>\n<li data-start=\"2071\" data-end=\"2092\">\n<p data-start=\"2073\" data-end=\"2092\"><strong data-start=\"2073\" data-end=\"2085\">Prote\u00edn:<\/strong> 15 g<\/p>\n<\/li>\n<li data-start=\"2093\" data-end=\"2117\">\n<p data-start=\"2095\" data-end=\"2117\"><strong data-start=\"2095\" data-end=\"2106\">Energia:<\/strong> 654 kcal<\/p>\n<\/li>\n<\/ul>\n<p data-start=\"2119\" data-end=\"2216\">Tento nutri\u010dne bohat\u00fd profil podporuje regener\u00e1ciu poko\u017eky, funkciu mozgu a zdravie imunitn\u00e9ho syst\u00e9mu.<\/p>\n<h3 data-start=\"2223\" data-end=\"2257\">\u00a0Ako pou\u017e\u00edva\u0165 orechov\u00fd olej Lotus<\/h3>\n<h4 data-start=\"2259\" data-end=\"2273\">Pre poko\u017eku:<\/h4>\n<p data-start=\"2274\" data-end=\"2408\">Aplikujte nieko\u013eko kvapiek na \u010dist\u00fa poko\u017eku, zamerajte sa na oblasti s jemn\u00fdmi vr\u00e1skami alebo suchos\u0165ou. Jemne mas\u00edrujte dvakr\u00e1t denne pre hlad\u0161iu, \u017eiarivej\u0161iu poko\u017eku.<\/p>\n<h4 data-start=\"2410\" data-end=\"2424\">Pre vlasy:<\/h4>\n<p data-start=\"2425\" data-end=\"2642\">Zmie\u0161ajte rovnak\u00e9 \u010dasti orechov\u00e9ho oleja s mand\u013eov\u00fdm a re\u010fkovkov\u00fdm olejom. Mierne ohrejte zmes a vmas\u00edrujte do poko\u017eky hlavy. Nechajte p\u00f4sobi\u0165 30\u201345 min\u00fat pred umyt\u00edm jemn\u00fdm \u0161amp\u00f3nom. Pou\u017e\u00edvajte dvakr\u00e1t t\u00fd\u017edenne pre najlep\u0161ie v\u00fdsledky.<\/p>\n<h3 data-start=\"2649\" data-end=\"2667\">\u00a0Upozornenia<\/h3>\n<ul data-start=\"2669\" data-end=\"2851\">\n<li data-start=\"2669\" data-end=\"2694\">\n<p data-start=\"2671\" data-end=\"2694\"><strong data-start=\"2671\" data-end=\"2692\">Len na vonkaj\u0161ie pou\u017eitie<\/strong><\/p>\n<\/li>\n<li data-start=\"2695\" data-end=\"2743\">\n<p data-start=\"2697\" data-end=\"2743\">Vykonajte test na mal\u00fa plochu pred \u00faplnou aplik\u00e1ciou<\/p>\n<\/li>\n<li data-start=\"2744\" data-end=\"2791\">\n<p data-start=\"2746\" data-end=\"2791\">Bezpe\u010dn\u00fd pre v\u0161etky typy poko\u017eky pri spr\u00e1vnom pou\u017eit\u00ed<\/p>\n<\/li>\n<li data-start=\"2792\" data-end=\"2851\">\n<p data-start=\"2794\" data-end=\"2851\">Vyhnite sa po\u017eit\u00ed, pokia\u013e to neodporu\u010d\u00ed zdravotn\u00edcky poskytovate\u013e<\/p>\n<\/li>\n<\/ul>\n<h3 data-start=\"3132\" data-end=\"3168\">\u00a0Pre\u010do si vybra\u0165 orechov\u00fd olej Lotus?<\/h3>\n<p data-start=\"3170\" data-end=\"3517\">Orechov\u00fd olej Lotus je va\u0161e univerz\u00e1lne rie\u0161enie pre kr\u00e1su \u2013 ide\u00e1lne na obnovenie \u017eiarivosti, minimaliz\u00e1ciu znakov starnutia a podporu zdrav\u00e9ho \u017eivotn\u00e9ho \u0161t\u00fdlu. \u010ci u\u017e cielite na unaven\u00fa poko\u017eku, redn\u00face vlasy alebo bezsen\u010dn\u00e9 noci, tento olej sp\u00e1ja to najlep\u0161ie z pr\u00edrody do jednej f\u013ea\u0161e. Pridajte ho do svojej dennej rutiny a poc\u00edtite transform\u00e1ciu, zvonku aj zvn\u00fatra.<\/p>\n<p style=\"text-align: center;\">\u010eakujeme za n\u00e1kup v <em data-start=\"415\" data-end=\"431\"><a href=\"https:\/\/bazaar.express\/sk\/\">Bazaar Express<\/a><\/em> \u2013 te\u0161\u00edme sa, \u017ee ste tu!<\/p>\n<p style=\"text-align: center;\">Poc\u00edtite silu pr\u00edrody \u2013 \u010dist\u00e9 <a href=\"https:\/\/bazaar.express\/sk\/therapeutic-oils\/\">Terapeutick\u00e9 oleje<\/a> pre ka\u017edodenn\u00e9 wellness.<\/p>\n","protected":false},"excerpt":{"rendered":"<h3 data-start=\"468\" data-end=\"718\">Orechov\u00fd olej Lotus je \u017eivinami bohat\u00fd, za studena lisovan\u00fd pr\u00edrodn\u00fd olej, ktor\u00fd revitalizuje poko\u017eku, zni\u017euje tmav\u00e9 kruhy, podporuje kolag\u00e9n a posil\u0148uje korienky vlasov. Ide\u00e1lny pre denn\u00e9 ritu\u00e1ly kr\u00e1sy, podporuje hlad\u0161iu poko\u017eku a zdrav\u0161ie vlasy pri ka\u017edom pou\u017eit\u00ed.<\/h3>\n","protected":false},"featured_media":45171,"comment_status":"open","ping_status":"closed","template":"","meta":[],"product_brand":[],"product_cat":[1161,1160],"product_tag":[1652,1794,1653],"class_list":{"0":"post-45169","1":"product","2":"type-product","3":"status-publish","4":"has-post-thumbnail","6":"product_cat-terapeuticke-oleje","7":"product_cat-starostlivost-o-krasu","8":"product_tag-olej","9":"product_tag-orechovy-olej-lotus","10":"product_tag-prirodny-olej","11":"pa_l-xl-125ml","12":"pa_l-xl-60ml","14":"first","15":"instock","16":"sale","17":"shipping-taxable","18":"purchasable","19":"product-type-variable"},"_links":{"self":[{"href":"https:\/\/bazaar.express\/sk\/wp-json\/wp\/v2\/product\/45169","targetHints":{"allow":["GET"]}}],"collection":[{"href":"https:\/\/bazaar.express\/sk\/wp-json\/wp\/v2\/product"}],"about":[{"href":"https:\/\/bazaar.express\/sk\/wp-json\/wp\/v2\/types\/product"}],"replies":[{"embeddable":true,"href":"https:\/\/bazaar.express\/sk\/wp-json\/wp\/v2\/comments?post=45169"}],"wp:featuredmedia":[{"embeddable":true,"href":"https:\/\/bazaar.express\/sk\/wp-json\/wp\/v2\/media\/45171"}],"wp:attachment":[{"href":"https:\/\/bazaar.express\/sk\/wp-json\/wp\/v2\/media?parent=45169"}],"wp:term":[{"taxonomy":"product_brand","embeddable":true,"href":"https:\/\/bazaar.express\/sk\/wp-json\/wp\/v2\/product_brand?post=45169"},{"taxonomy":"product_cat","embeddable":true,"href":"https:\/\/bazaar.express\/sk\/wp-json\/wp\/v2\/product_cat?post=45169"},{"taxonomy":"product_tag","embeddable":true,"href":"https:\/\/bazaar.express\/sk\/wp-json\/wp\/v2\/product_tag?post=45169"}],"curies":[{"name":"wp","href":"https:\/\/api.w.org\/{rel}","templated":true}]}}