{"id":45195,"date":"2024-12-14T01:28:14","date_gmt":"2024-12-14T01:28:14","guid":{"rendered":"https:\/\/bazaar.express\/product\/fenugreek-oil\/"},"modified":"2024-12-14T01:28:14","modified_gmt":"2024-12-14T01:28:14","slug":"fenugreek-oil","status":"publish","type":"product","link":"https:\/\/bazaar.express\/sk\/produkt\/fenugreek-oil\/","title":{"rendered":"Kozl\u00edkov\u00fd olej"},"content":{"rendered":"<h2 data-start=\"203\" data-end=\"283\">Olej Lotus Kozl\u00edk: Obnovte \u017eiaru a plnos\u0165 va\u0161ej poko\u017eky prirodzene<\/h2>\n<h3 data-start=\"285\" data-end=\"353\"> Siln\u00e9 pr\u00edrodn\u00e9 rie\u0161enie pre starostlivos\u0165 o poko\u017eku a plnos\u0165 tv\u00e1re<\/h3>\n<p data-start=\"355\" data-end=\"783\">Olej Lotus Kozl\u00edk je v\u0161estrann\u00fd pr\u00edrodn\u00fd olej z\u00edskan\u00fd z semien kozl\u00edka \u2013 zn\u00e1mych svojimi omladzuj\u00facimi, protiz\u00e1palov\u00fdmi a hormon\u00e1lne vyva\u017euj\u00facimi vlastnos\u0165ami. Tento olej bohat\u00fd na \u017eiviny podporuje svie\u017ei, mladistv\u00fd vzh\u013ead t\u00fdm, \u017ee rie\u0161i be\u017en\u00e9 probl\u00e9my s poko\u017ekou a podporuje plnos\u0165 tv\u00e1re. \u010ci u\u017e h\u013ead\u00e1te zn\u00ed\u017ei\u0165 pupienky, upokoji\u0165 podr\u00e1\u017edenie alebo prirodzene zlep\u0161i\u0165 kont\u00fary tv\u00e1re, tento olej je va\u0161e ide\u00e1lne rie\u0161enie.<\/p>\n<h3 data-start=\"790\" data-end=\"843\"> V\u00fdhody pre tv\u00e1r: Pln\u0161ie l\u00edca a \u017eiariv\u00e1 poko\u017eka<\/h3>\n<p data-start=\"845\" data-end=\"1168\">Jednou z v\u00fdnimo\u010dn\u00fdch vlastnost\u00ed <strong data-start=\"877\" data-end=\"894\">kozl\u00edkov\u00e9ho oleja<\/strong> je jeho schopnos\u0165 prirodzene zlep\u0161i\u0165 plnos\u0165 tv\u00e1re, najm\u00e4 v oblasti l\u00edc. Hydratuje such\u00fa alebo nudn\u00fa poko\u017eku, pom\u00e1ha obnovi\u0165 zdrav\u00fd lesk a elasticitu. Ide\u00e1lny pre t\u00fdch, ktor\u00ed za\u017e\u00edvaj\u00fa \u0161t\u00edhlos\u0165 alebo unaven\u00fd vzh\u013ead poko\u017eky, tento olej podporuje objem, \u017eiaru a rovnomern\u00fd t\u00f3n.<\/p>\n<h3 data-start=\"1175\" data-end=\"1232\"> Lie\u010div\u00e9 vlastnosti a \u017eiviny pre hojenie poko\u017eky<\/h3>\n<p data-start=\"1234\" data-end=\"1388\">Bohat\u00fd na antioxidanty a fytoestrog\u00e9ny ako <strong data-start=\"1279\" data-end=\"1292\">diosgen\u00edn<\/strong>, olej Lotus Kozl\u00edk je pln\u00fd vitam\u00ednov C, B3, drasl\u00edka a hor\u010d\u00edka. Tieto zlo\u017eky:<\/p>\n<ul data-start=\"1390\" data-end=\"1554\">\n<li data-start=\"1390\" data-end=\"1411\">\n<p data-start=\"1392\" data-end=\"1411\">Zni\u017euj\u00fa z\u00e1pal<\/p>\n<\/li>\n<li data-start=\"1412\" data-end=\"1441\">\n<p data-start=\"1414\" data-end=\"1441\">Podporuj\u00fa tvorbu kolag\u00e9nu<\/p>\n<\/li>\n<li data-start=\"1442\" data-end=\"1468\">\n<p data-start=\"1444\" data-end=\"1468\">Zrychluj\u00fa hojenie r\u00e1n<\/p>\n<\/li>\n<li data-start=\"1469\" data-end=\"1507\">\n<p data-start=\"1471\" data-end=\"1507\">Minimalizuj\u00fa akn\u00e9, f\u013eaky a \u010dierne bodky<\/p>\n<\/li>\n<li data-start=\"1508\" data-end=\"1554\">\n<p data-start=\"1510\" data-end=\"1554\">Pom\u00e1haj\u00fa lie\u010di\u0165 zarastaj\u00face chlupy a ko\u017en\u00e9 infekcie<\/p>\n<\/li>\n<\/ul>\n<p data-start=\"1556\" data-end=\"1664\">Jeho upokojuj\u00face a antibakteri\u00e1lne vlastnosti ho robia vhodn\u00fdm na lie\u010dbu nedokonalost\u00ed na tv\u00e1ri aj tele.<\/p>\n<h3 data-start=\"1671\" data-end=\"1719\"> Ako pou\u017e\u00edva\u0165 kozl\u00edkov\u00fd olej pre najlep\u0161ie v\u00fdsledky<\/h3>\n<ul data-start=\"1721\" data-end=\"2173\">\n<li data-start=\"1721\" data-end=\"1799\">\n<p data-start=\"1723\" data-end=\"1799\"><strong data-start=\"1723\" data-end=\"1743\">Pre starostlivos\u0165 o tv\u00e1r:<\/strong> Naneste mal\u00e9 mno\u017estvo na \u010dist\u00fa poko\u017eku denne po dobu dvoch t\u00fd\u017ed\u0148ov.<\/p>\n<\/li>\n<li data-start=\"1800\" data-end=\"1897\">\n<p data-start=\"1802\" data-end=\"1897\"><strong data-start=\"1802\" data-end=\"1836\">Pre prirodzen\u00e9 zlep\u0161enie l\u00edc:<\/strong> Jemne mas\u00edrujte do l\u00edc kr\u00fa\u017eiv\u00fdmi pohybmi v noci.<\/p>\n<\/li>\n<li data-start=\"1898\" data-end=\"2044\">\n<p data-start=\"1900\" data-end=\"2044\"><strong data-start=\"1900\" data-end=\"1940\">Pre pln\u0161ie prsia (prirodzen\u00fd liek):<\/strong> Zmie\u0161ajte 1 polievkov\u00fa ly\u017eicu kozl\u00edkov\u00e9ho oleja s 1 polievkovou ly\u017eicou sezamov\u00e9ho oleja a mas\u00edrujte do hrudn\u00edka ka\u017ed\u00fd ve\u010der po dobu dvoch t\u00fd\u017ed\u0148ov.<\/p>\n<\/li>\n<li data-start=\"2045\" data-end=\"2173\">\n<p data-start=\"2047\" data-end=\"2173\"><strong data-start=\"2047\" data-end=\"2079\">Pre podr\u00e1\u017edenie poko\u017eky alebo akn\u00e9:<\/strong> Naneste na problematick\u00e9 oblasti alebo zmie\u0161ajte s in\u00fdmi olejmi ako jojobov\u00fd alebo \u010dajovn\u00edkov\u00fd pre vyv\u00e1\u017een\u00fa zmes.<\/p>\n<\/li>\n<\/ul>\n<h3 data-start=\"2180\" data-end=\"2209\"> Opatrenia pred pou\u017eit\u00edm<\/h3>\n<ul data-start=\"2211\" data-end=\"2460\">\n<li data-start=\"2211\" data-end=\"2300\">\n<p data-start=\"2213\" data-end=\"2300\">Neodpor\u00fa\u010da sa po\u010das <strong data-start=\"2236\" data-end=\"2266\">tehotenstva alebo doj\u010denia<\/strong> kv\u00f4li jeho \u010distiacej \u00fa\u010dinky na maternicu.<\/p>\n<\/li>\n<li data-start=\"2301\" data-end=\"2358\">\n<p data-start=\"2303\" data-end=\"2358\">M\u00f4\u017ee sp\u00f4sobi\u0165 nad\u00favanie alebo nepohodlie v bruchu pri nadu\u017e\u00edvan\u00ed.<\/p>\n<\/li>\n<li data-start=\"2359\" data-end=\"2460\">\n<p data-start=\"2361\" data-end=\"2460\">Diabetici by sa mali pred pou\u017eit\u00edm poradi\u0165 s lek\u00e1rom, preto\u017ee kozl\u00edk m\u00f4\u017ee ovplyvni\u0165 hladinu cukru v krvi.<\/p>\n<\/li>\n<\/ul>\n<h3 data-start=\"2779\" data-end=\"2816\"> Pre\u010do si vybra\u0165 olej Lotus Kozl\u00edk?<\/h3>\n<p data-start=\"2818\" data-end=\"3161\">Olej Lotus Kozl\u00edk pon\u00faka pr\u00edrodn\u00e9, v\u0161estrann\u00e9 rie\u0161enie pre starostlivos\u0165 o poko\u017eku poh\u00e1\u0148an\u00e9 storo\u010dnou bylinnou m\u00fadros\u0165ou. Od plnenia tenk\u00fdch l\u00edc po \u010distenie tvrdohlav\u00fdch v\u00fdrastov a upokojenie podr\u00e1\u017edenia, tento olej omladzuje va\u0161u poko\u017eku pri podpore prirodzenej plnosti a hydrat\u00e1cie. Ide\u00e1lny pre kohoko\u013evek, kto h\u013ead\u00e1 nechemick\u00e9, efekt\u00edvne alternat\u00edvy pre starostlivos\u0165 o poko\u017eku.<\/p>\n<h3 data-start=\"3168\" data-end=\"3189\"> Z\u00e1ver<\/h3>\n<p data-start=\"3191\" data-end=\"3449\">Posu\u0148te svoju ritu\u00e1l starostlivosti o poko\u017eku na vy\u0161\u0161iu \u00farove\u0148 s <strong data-start=\"3240\" data-end=\"3263\">olejom Lotus Kozl\u00edk<\/strong> \u2013 prirodzen\u00fdm zosil\u0148ova\u010dom kr\u00e1sy, ktor\u00fd podporuje pln\u0161ie \u010drty, hlad\u0161iu poko\u017eku a dlhotrvaj\u00facu hydrat\u00e1ciu. Pridajte ho do svojej dennej rutiny a za\u017eite vidite\u013en\u00fa transform\u00e1ciu u\u017e za dva t\u00fd\u017edne.<\/p>\n<p data-start=\"3451\" data-end=\"3500\">Nech pr\u00edroda vyzdvihne v\u00e1\u0161 najlep\u0161\u00ed lesk \u2013 za\u010dnite hne\u010f teraz.<\/p>\n<p style=\"text-align: center;\">\u010eakujeme za n\u00e1kup v <em data-start=\"415\" data-end=\"431\"><a href=\"https:\/\/bazaar.express\/sk\/\">Bazaar Express<\/a><\/em> \u2013 te\u0161\u00edme sa na v\u00e1s!<\/p>\n<p style=\"text-align: center;\">C\u00edtte silu pr\u00edrody \u2013 \u010dist\u00e9 <a href=\"https:\/\/bazaar.express\/sk\/therapeutic-oils\/\">Terapeutick\u00e9 oleje<\/a> pre ka\u017edodenn\u00e9 wellness.<\/p>\n","protected":false},"excerpt":{"rendered":"<h3 data-start=\"378\" data-end=\"639\">Olej Lotus Kozl\u00edk je pr\u00edrodn\u00fd v\u0161estrann\u00fd olej, ktor\u00fd podporuje plnos\u0165 tv\u00e1re, hydratuje poko\u017eku a lie\u010di akn\u00e9, \u010dierne bodky a podr\u00e1\u017edenie. Bohat\u00fd na antioxidanty a rastlinn\u00fd estrog\u00e9n, pom\u00e1ha omladi\u0165 poko\u017eku a vyrovna\u0165 t\u00f3n pri upokojen\u00ed z\u00e1palu.<\/h3>\n","protected":false},"featured_media":45197,"comment_status":"open","ping_status":"closed","template":"","meta":[],"product_brand":[],"product_cat":[1161],"product_tag":[1652,1653],"class_list":{"0":"post-45195","1":"product","2":"type-product","3":"status-publish","4":"has-post-thumbnail","6":"product_cat-terapeuticke-oleje","7":"product_tag-olej","8":"product_tag-prirodny-olej","9":"pa_l-xl-125ml","10":"pa_l-xl-250ml","11":"pa_l-xl-60ml","13":"first","14":"instock","15":"sale","16":"shipping-taxable","17":"purchasable","18":"product-type-variable"},"_links":{"self":[{"href":"https:\/\/bazaar.express\/sk\/wp-json\/wp\/v2\/product\/45195","targetHints":{"allow":["GET"]}}],"collection":[{"href":"https:\/\/bazaar.express\/sk\/wp-json\/wp\/v2\/product"}],"about":[{"href":"https:\/\/bazaar.express\/sk\/wp-json\/wp\/v2\/types\/product"}],"replies":[{"embeddable":true,"href":"https:\/\/bazaar.express\/sk\/wp-json\/wp\/v2\/comments?post=45195"}],"wp:featuredmedia":[{"embeddable":true,"href":"https:\/\/bazaar.express\/sk\/wp-json\/wp\/v2\/media\/45197"}],"wp:attachment":[{"href":"https:\/\/bazaar.express\/sk\/wp-json\/wp\/v2\/media?parent=45195"}],"wp:term":[{"taxonomy":"product_brand","embeddable":true,"href":"https:\/\/bazaar.express\/sk\/wp-json\/wp\/v2\/product_brand?post=45195"},{"taxonomy":"product_cat","embeddable":true,"href":"https:\/\/bazaar.express\/sk\/wp-json\/wp\/v2\/product_cat?post=45195"},{"taxonomy":"product_tag","embeddable":true,"href":"https:\/\/bazaar.express\/sk\/wp-json\/wp\/v2\/product_tag?post=45195"}],"curies":[{"name":"wp","href":"https:\/\/api.w.org\/{rel}","templated":true}]}}