{"id":45201,"date":"2024-12-14T00:50:47","date_gmt":"2024-12-14T00:50:47","guid":{"rendered":"https:\/\/bazaar.express\/product\/marjoram-oil\/"},"modified":"2024-12-14T00:50:47","modified_gmt":"2024-12-14T00:50:47","slug":"marjoram-oil","status":"publish","type":"product","link":"https:\/\/bazaar.express\/sk\/produkt\/marjoram-oil\/","title":{"rendered":"Olej z major\u00e1nky"},"content":{"rendered":"<h2 data-start=\"188\" data-end=\"277\">Olej z major\u00e1nky Lotus: Pr\u00edrodn\u00fd elix\u00edr pre \u017eiariv\u00fa ple\u0165, zdrav\u00e9 vlasy a vn\u00fatorn\u00fd pokoj<\/h2>\n<h3 data-start=\"279\" data-end=\"355\">\u00a0Oslobo\u010fte silu major\u00e1nky pre ple\u0165, vlasy a celkov\u00e9 blaho<\/h3>\n<p data-start=\"357\" data-end=\"676\">Olej z major\u00e1nky Lotus je viac ne\u017e len esenci\u00e1lny olej \u2013 je to osved\u010den\u00fd bylinn\u00fd prostriedok zakorenen\u00fd v starovek\u00fdch trad\u00edci\u00e1ch. Zn\u00e1m\u00fd svojimi siln\u00fdmi antioxida\u010dn\u00fdmi, protiz\u00e1palov\u00fdmi a upokojuj\u00facimi vlastnos\u0165ami je tento v\u0161estrann\u00fd olej ide\u00e1lny pre v\u0161etk\u00fdch, ktor\u00ed chc\u00fa vy\u017eivi\u0165 ple\u0165, obnovi\u0165 po\u0161koden\u00e9 vlasy a prirodzene zn\u00ed\u017ei\u0165 stres.<\/p>\n<p data-start=\"678\" data-end=\"934\">Pou\u017e\u00edvan\u00fd od \u010dias starovek\u00e9ho Egypta a Gr\u00e9cka bol olej z major\u00e1nky chv\u00e1len\u00fd pre svoju schopnos\u0165 uvo\u013eni\u0165 telo a povznies\u0165 du\u0161u. Dnes olej z major\u00e1nky Lotus pokra\u010duje v tejto trad\u00edcii s \u010distou, \u00fa\u010dinnou formulou navrhnutou na dosiahnutie vidite\u013en\u00fdch v\u00fdsledkov.<\/p>\n<h3 data-start=\"941\" data-end=\"999\">\u00a0V\u00fdhody pre ple\u0165: \u017diara, hladkos\u0165 a hojenie<\/h3>\n<p data-start=\"1001\" data-end=\"1174\">Olej z major\u00e1nky Lotus je bohat\u00fd na l\u00e1tky obnovuj\u00face ple\u0165, ako je saphen\u00edn, kyselina rozmar\u00ednov\u00e1, triglyceridy a E-beta-karyofyl\u00e9n. Tieto bioakt\u00edvne prvky spolo\u010dne:<\/p>\n<ul data-start=\"1176\" data-end=\"1426\">\n<li data-start=\"1176\" data-end=\"1239\">\n<p data-start=\"1178\" data-end=\"1239\"><strong data-start=\"1178\" data-end=\"1205\">Bojuj\u00fa proti z\u00e1palom pleti<\/strong> a zni\u017euj\u00fa za\u010dervenanie alebo podr\u00e1\u017edenie.<\/p>\n<\/li>\n<li data-start=\"1240\" data-end=\"1308\">\n<p data-start=\"1242\" data-end=\"1308\"><strong data-start=\"1242\" data-end=\"1273\">Podporuj\u00fa tvorbu kolag\u00e9nu<\/strong> pre pevnej\u0161iu, mladistv\u00fa ple\u0165.<\/p>\n<\/li>\n<li data-start=\"1309\" data-end=\"1362\">\n<p data-start=\"1311\" data-end=\"1362\"><strong data-start=\"1311\" data-end=\"1333\">Zosvet\u013euj\u00fa tmav\u00e9 \u0161kvrny<\/strong> a vyrovn\u00e1vaj\u00fa nerovnomern\u00fd t\u00f3n pleti.<\/p>\n<\/li>\n<li data-start=\"1363\" data-end=\"1426\">\n<p data-start=\"1365\" data-end=\"1426\"><strong data-start=\"1365\" data-end=\"1383\">Hlboko hydratuj\u00fa<\/strong> a zanech\u00e1vaj\u00fa ple\u0165 pru\u017en\u00fa, hladk\u00fa a \u017eiariv\u00fa.<\/p>\n<\/li>\n<\/ul>\n<p data-start=\"1428\" data-end=\"1563\">\u010ci u\u017e bojujete s akn\u00e9, nudnou ple\u0165ou alebo such\u00fdmi miestami, tento olej pom\u00e1ha vyv\u00e1\u017ei\u0165 a obnovi\u0165 prirodzen\u00fa \u017eiaru va\u0161ej pleti \u2013 prirodzene.<\/p>\n<h3 data-start=\"1570\" data-end=\"1627\">\u00a0Hrdina starostlivosti o vlasy: Posilnenie, lesk a ochrana<\/h3>\n<p data-start=\"1629\" data-end=\"1680\">Kudrnat\u00e9? Such\u00e9? Po\u0161koden\u00e9 tepeln\u00fdm stylingom alebo farben\u00edm?<\/p>\n<p data-start=\"1682\" data-end=\"1730\">Olej z major\u00e1nky Lotus prenik\u00e1 do vlasov\u00e9ho stvolu, aby:<\/p>\n<ul data-start=\"1732\" data-end=\"1998\">\n<li data-start=\"1732\" data-end=\"1778\">\n<p data-start=\"1734\" data-end=\"1778\"><strong data-start=\"1734\" data-end=\"1760\">Vlh\u010dili a vy\u017eivovali<\/strong> od kore\u0148a po \u0161pi\u010dku.<\/p>\n<\/li>\n<li data-start=\"1779\" data-end=\"1848\">\n<p data-start=\"1781\" data-end=\"1848\"><strong data-start=\"1781\" data-end=\"1811\">Posil\u0148ovali krehk\u00e9 pramene<\/strong> a predch\u00e1dzali l\u00e1mavosti a roz\u0161tiepen\u00fdm koncom.<\/p>\n<\/li>\n<li data-start=\"1849\" data-end=\"1922\">\n<p data-start=\"1851\" data-end=\"1922\"><strong data-start=\"1851\" data-end=\"1877\">Prid\u00e1vali lesk a hebkos\u0165<\/strong> a dod\u00e1vali vlasom prirodzene hodv\u00e1bnu text\u00faru.<\/p>\n<\/li>\n<li data-start=\"1923\" data-end=\"1998\">\n<p data-start=\"1925\" data-end=\"1998\"><strong data-start=\"1925\" data-end=\"1965\">Chr\u00e1nili pred environment\u00e1lnymi stresormi<\/strong>, ako je prach, teplo a zne\u010distenie.<\/p>\n<\/li>\n<\/ul>\n<p data-start=\"2000\" data-end=\"2122\">Mas\u00edrujte nieko\u013eko kvapiek do poko\u017eky hlavy alebo zmie\u0161ajte s kondicion\u00e9rom, aby ste posilnili zdravie vlasov a dosiahli leskl\u00e9, zdrav\u00e9 vlasy.<\/p>\n<h3 data-start=\"2129\" data-end=\"2203\">\u00a0Vn\u00fatorn\u00fd pokoj: Prirodzen\u00e1 \u00fa\u013eava od stresu, bolesti a probl\u00e9mov so sp\u00e1nkom<\/h3>\n<p data-start=\"2205\" data-end=\"2263\">Major\u00e1nka nie je len pre kr\u00e1su \u2013 je to sila pre blaho.<\/p>\n<ul data-start=\"2265\" data-end=\"2580\">\n<li data-start=\"2265\" data-end=\"2356\">\n<p data-start=\"2267\" data-end=\"2356\"><strong data-start=\"2267\" data-end=\"2294\">Prirodzen\u00fd uvo\u013e\u0148ova\u010d stresu<\/strong>: Jeho upokojuj\u00faca v\u00f4\u0148a pom\u00e1ha zni\u017eova\u0165 \u00fazkos\u0165 a nervov\u00e9 nap\u00e4tie.<\/p>\n<\/li>\n<li data-start=\"2357\" data-end=\"2424\">\n<p data-start=\"2359\" data-end=\"2424\"><strong data-start=\"2359\" data-end=\"2377\">Zlep\u0161ova\u010d sp\u00e1nku<\/strong>: L\u017ei\u010dka pred span\u00edm podporuje pokojn\u00fd sp\u00e1nok.<\/p>\n<\/li>\n<li data-start=\"2425\" data-end=\"2489\">\n<p data-start=\"2427\" data-end=\"2489\"><strong data-start=\"2427\" data-end=\"2449\">\u00da\u013eava pre d\u00fdchacie cesty<\/strong>: Pom\u00e1ha zmier\u0148ova\u0165 ka\u0161e\u013e a pr\u00edznaky astmy.<\/p>\n<\/li>\n<li data-start=\"2490\" data-end=\"2580\">\n<p data-start=\"2492\" data-end=\"2580\"><strong data-start=\"2492\" data-end=\"2517\">Boles\u0165 svalov a nervov<\/strong>: Zmier\u0148uje bolesti, k\u0155\u010de a stuhnutos\u0165 k\u013abov pri lok\u00e1lnom pou\u017eit\u00ed.<\/p>\n<\/li>\n<\/ul>\n<p data-start=\"2582\" data-end=\"2640\">To z neho rob\u00ed nevyhnutn\u00fa s\u00fa\u010das\u0165 va\u0161ej dom\u00e1cej rutiny starostlivosti o seba.<\/p>\n<h3 data-start=\"2647\" data-end=\"2685\">\u00a0Opatrenia, ktor\u00e9 by ste mali vedie\u0165<\/h3>\n<ul data-start=\"2687\" data-end=\"2927\">\n<li data-start=\"2687\" data-end=\"2763\">\n<p data-start=\"2689\" data-end=\"2763\">Nie je bezpe\u010dn\u00fd po\u010das <strong data-start=\"2705\" data-end=\"2735\">tehotenstva alebo doj\u010denia<\/strong> \u2013 m\u00f4\u017ee stimulova\u0165 men\u0161tru\u00e1ciu.<\/p>\n<\/li>\n<li data-start=\"2764\" data-end=\"2812\">\n<p data-start=\"2766\" data-end=\"2812\">Dr\u017ete mimo dosahu <strong data-start=\"2787\" data-end=\"2811\">det\u00ed a doj\u010diat<\/strong>.<\/p>\n<\/li>\n<li data-start=\"2813\" data-end=\"2876\">\n<p data-start=\"2815\" data-end=\"2876\">V\u017edy vykonajte <strong data-start=\"2822\" data-end=\"2846\">test na \u0161kvrnu<\/strong> pred aplik\u00e1ciou na cel\u00e9 telo.<\/p>\n<\/li>\n<li data-start=\"2877\" data-end=\"2927\">\n<p data-start=\"2879\" data-end=\"2927\">Neu\u017e\u00edvajte viac ako odpor\u00fa\u010dan\u00e9 mno\u017estvo.<\/p>\n<\/li>\n<\/ul>\n<h3 data-start=\"2934\" data-end=\"2974\">\u00a0Ako pou\u017e\u00edva\u0165 olej z major\u00e1nky Lotus<\/h3>\n<p data-start=\"2976\" data-end=\"3068\"><strong data-start=\"2976\" data-end=\"2988\">Pre ple\u0165<\/strong>:<br data-start=\"2989\" data-end=\"2992\" \/>Aplikujte priamo na \u010dist\u00fa ple\u0165 a jemne mas\u00edrujte. Pou\u017e\u00edvajte denne pre najlep\u0161ie v\u00fdsledky.<\/p>\n<p data-start=\"3070\" data-end=\"3187\"><strong>Pre vlasy:<\/strong><br data-start=\"3083\" data-end=\"3086\" \/>Mas\u00edrujte do poko\u017eky hlavy alebo pridajte do \u0161amp\u00f3nu\/kondicion\u00e9ra. Nechajte p\u00f4sobi\u0165 20\u201330 min\u00fat pred umyt\u00edm.<\/p>\n<p data-start=\"3189\" data-end=\"3278\"><strong data-start=\"3189\" data-end=\"3207\">Pre relax\u00e1ciu<\/strong>:<br data-start=\"3208\" data-end=\"3211\" \/>Rozpt\u00fd\u013ete nieko\u013eko kvapiek alebo hlboko vdychujte, aby ste zn\u00ed\u017eili \u00fazkos\u0165 a nap\u00e4tie.<\/p>\n<p data-start=\"3280\" data-end=\"3379\"><strong data-start=\"3280\" data-end=\"3293\">Pre sp\u00e1nok<\/strong>:<br data-start=\"3294\" data-end=\"3297\" \/>U\u017eite \u00bd \u010dajovej ly\u017ei\u010dky \u00fastne (najprv sa pora\u010fte s lek\u00e1rom) pred span\u00edm alebo aplikujte na hrudn\u00edk.<\/p>\n<p data-start=\"3381\" data-end=\"3472\"><strong data-start=\"3381\" data-end=\"3400\">Pre boles\u0165 svalov<\/strong>:<br data-start=\"3401\" data-end=\"3404\" \/>Vmas\u00edrujte do bolestiv\u00fdch miest dvakr\u00e1t denne kruhov\u00fdmi pohybmi pre r\u00fdchlu \u00fa\u013eavu.<\/p>\n<h3 data-start=\"3791\" data-end=\"3848\">\u00a0Z\u00e1vern\u00e9 my\u0161lienky: Pre\u010do si vybra\u0165 olej z major\u00e1nky Lotus?<\/h3>\n<p data-start=\"3850\" data-end=\"4131\">Ak h\u013ead\u00e1te \u00faplne pr\u00edrodn\u00fd, multifunk\u010dn\u00fd esenci\u00e1lny olej, ktor\u00fd uspokoj\u00ed va\u0161e potreby kr\u00e1sy aj blaha, <strong data-start=\"3968\" data-end=\"3990\">olej z major\u00e1nky Lotus<\/strong> je vynikaj\u00faca vo\u013eba. Hydratuje ple\u0165, opravuje vlasy, zmier\u0148uje boles\u0165, zlep\u0161uje n\u00e1ladu a podporuje lep\u0161\u00ed sp\u00e1nok \u2013 v\u0161etko z jednej silnej f\u013ea\u0161e.<\/p>\n<p data-start=\"4133\" data-end=\"4246\"><strong data-start=\"4133\" data-end=\"4246\">Vyberte si dnes olej z major\u00e1nky Lotus \u2013 a za\u017eite dokonal\u00fa harm\u00f3niu kr\u00e1sy, rovnov\u00e1hy a bylinn\u00e9ho hojenia.<\/strong><\/p>\n<p style=\"text-align: center;\">\u010eakujeme za n\u00e1kup v <em data-start=\"415\" data-end=\"431\"><a href=\"https:\/\/bazaar.express\/sk\/\">Bazaar Express<\/a><\/em> \u2013 te\u0161\u00edme sa na v\u00e1s!<\/p>\n<p style=\"text-align: center;\">C\u00edtte silu pr\u00edrody \u2013 \u010dist\u00e9 <a href=\"https:\/\/bazaar.express\/sk\/therapeutic-oils\/\">Terapeutick\u00e9 oleje<\/a> pre ka\u017edodenn\u00e9 blaho.<\/p>\n","protected":false},"excerpt":{"rendered":"<h3 data-start=\"387\" data-end=\"639\">Olej z major\u00e1nky Lotus je multifunk\u010dn\u00fd esenci\u00e1lny olej bohat\u00fd na antioxidanty a upokojuj\u00face zl\u00fa\u010deniny. Ide\u00e1lny na upokojenie podr\u00e1\u017edenej pleti, hydrat\u00e1ciu such\u00fdch vlasov, zmiernenie stresu a podporu celkov\u00e9ho blaha. Perfektn\u00fd pre denn\u00e9 ritu\u00e1ly starostlivosti o seba a kr\u00e1su.<\/h3>\n","protected":false},"featured_media":45203,"comment_status":"open","ping_status":"closed","template":"","meta":[],"product_brand":[],"product_cat":[1161,1160],"product_tag":[1652,1653],"class_list":{"0":"post-45201","1":"product","2":"type-product","3":"status-publish","4":"has-post-thumbnail","6":"product_cat-terapeuticke-oleje","7":"product_cat-starostlivost-o-krasu","8":"product_tag-olej","9":"product_tag-prirodny-olej","10":"pa_l-xl-125ml","11":"pa_l-xl-250ml","12":"pa_l-xl-60ml","14":"first","15":"instock","16":"sale","17":"shipping-taxable","18":"purchasable","19":"product-type-variable"},"_links":{"self":[{"href":"https:\/\/bazaar.express\/sk\/wp-json\/wp\/v2\/product\/45201","targetHints":{"allow":["GET"]}}],"collection":[{"href":"https:\/\/bazaar.express\/sk\/wp-json\/wp\/v2\/product"}],"about":[{"href":"https:\/\/bazaar.express\/sk\/wp-json\/wp\/v2\/types\/product"}],"replies":[{"embeddable":true,"href":"https:\/\/bazaar.express\/sk\/wp-json\/wp\/v2\/comments?post=45201"}],"wp:featuredmedia":[{"embeddable":true,"href":"https:\/\/bazaar.express\/sk\/wp-json\/wp\/v2\/media\/45203"}],"wp:attachment":[{"href":"https:\/\/bazaar.express\/sk\/wp-json\/wp\/v2\/media?parent=45201"}],"wp:term":[{"taxonomy":"product_brand","embeddable":true,"href":"https:\/\/bazaar.express\/sk\/wp-json\/wp\/v2\/product_brand?post=45201"},{"taxonomy":"product_cat","embeddable":true,"href":"https:\/\/bazaar.express\/sk\/wp-json\/wp\/v2\/product_cat?post=45201"},{"taxonomy":"product_tag","embeddable":true,"href":"https:\/\/bazaar.express\/sk\/wp-json\/wp\/v2\/product_tag?post=45201"}],"curies":[{"name":"wp","href":"https:\/\/api.w.org\/{rel}","templated":true}]}}