{"id":45210,"date":"2024-12-13T23:12:56","date_gmt":"2024-12-13T23:12:56","guid":{"rendered":"https:\/\/bazaar.express\/product\/bag\/"},"modified":"2024-12-13T23:12:56","modified_gmt":"2024-12-13T23:12:56","slug":"bag","status":"publish","type":"product","link":"https:\/\/bazaar.express\/sk\/produkt\/bag\/","title":{"rendered":"Ta\u0161ka Hard Rock Fabric"},"content":{"rendered":"<h2 data-start=\"226\" data-end=\"286\">Ta\u0161ka Hard Rock Fabric \u2013 Odv\u00e1\u017eny \u0161t\u00fdl sp\u013a\u0148a ka\u017edodenn\u00fa funkciu<\/h2>\n<h3 data-start=\"288\" data-end=\"360\">\u00a0Noste ju hlasno: Va\u0161a ka\u017edodenn\u00e1 nevyhnutnos\u0165 s rock \u2018n\u2019 rollov\u00fdm n\u00e1dychom<\/h3>\n<p data-start=\"362\" data-end=\"637\">\u010ci u\u017e sa chyst\u00e1te do posil\u0148ovne, vykon\u00e1vate denn\u00e9 n\u00e1kupy alebo chcete pov\u00fd\u0161i\u0165 svoj le\u017e\u00e9rny outfit, <strong data-start=\"471\" data-end=\"495\">ta\u0161ka Hard Rock Fabric<\/strong> v\u00e1s doslova pokryje. S jej priestrann\u00fdm dizajnom a odolnou kon\u0161trukciou tento \u0161t\u00fdlov\u00fd totes sp\u00e1ja m\u00f3du s funkciou najlep\u0161\u00edm mo\u017en\u00fdm sp\u00f4sobom.<\/p>\n<h3 data-start=\"644\" data-end=\"702\">\u00a0Vytvoren\u00e1 na dlh\u00fa \u017eivotnos\u0165 \u2013 Vyroben\u00e1 v Egypte s pr\u00e9miov\u00fdm materi\u00e1lom<\/h3>\n<p data-start=\"704\" data-end=\"973\">Navrhnut\u00e1 a vyroben\u00e1 v Egypte, t\u00e1to ta\u0161ka je vytvoren\u00e1 z <strong data-start=\"765\" data-end=\"789\">vysokokvalitn\u00e9ho textilu<\/strong>, ktor\u00fd je \u013eahk\u00fd aj odoln\u00fd. Jej ve\u013ekos\u0165 <strong data-start=\"831\" data-end=\"843\">40&#215;55 cm<\/strong> pon\u00faka ide\u00e1lne mno\u017estvo priestoru pre va\u0161e knihy, potraviny, vybavenie do posil\u0148ovne alebo ka\u017edodenn\u00e9 potreby \u2013 bez toho, aby sa c\u00edtila objemn\u00e1.<\/p>\n<h3 data-start=\"980\" data-end=\"1023\">\u00a0Vyberte si odtie\u0148, vyjadrite svoj \u0161t\u00fdl<\/h3>\n<p data-start=\"1025\" data-end=\"1267\">T\u00e1to ta\u0161ka nielen\u017ee tvrdo pracuje \u2013 vyzer\u00e1 \u00fa\u017easne pri tom. Vyberte si z <strong data-start=\"1100\" data-end=\"1119\">rozsahu farieb<\/strong>, aby zodpovedala v\u00e1\u0161mu osobn\u00e9mu \u0161t\u00fdlu. \u010ci u\u017e preferujete klasick\u00fa \u010diernu alebo v\u00fdrazn\u00e9 t\u00f3ny, existuje verzia <strong data-start=\"1221\" data-end=\"1245\">ta\u0161ky Hard Rock Fabric<\/strong>, ktor\u00e1 je pr\u00e1ve pre v\u00e1s.<\/p>\n<h3 data-start=\"1274\" data-end=\"1328\">\u00a0Ikona Hard Rock zna\u010denia \u2013 Okam\u017eit\u00fd \u0161t\u00fdlov\u00fd kredit<\/h3>\n<p data-start=\"1330\" data-end=\"1529\">S legend\u00e1rnym <strong data-start=\"1354\" data-end=\"1372\">logom Hard Rock<\/strong> t\u00e1to ta\u0161ka prid\u00e1 d\u00e1vku coolu k v\u00e1\u0161mu vzh\u013eadu. \u010ci u\u017e ste milovn\u00edk hudby alebo len milujete v\u00fdrazn\u00fa m\u00f3du, tento k\u00fasok rob\u00ed vyhl\u00e1senie bez pr\u00edli\u0161n\u00e9ho \u00fasilia.<\/p>\n<h3 data-start=\"1536\" data-end=\"1562\">\u00a0Produktov\u00e9 v\u00fdhody:<\/h3>\n<ul data-start=\"1564\" data-end=\"1812\">\n<li data-start=\"1564\" data-end=\"1615\">\n<p data-start=\"1566\" data-end=\"1615\"><strong data-start=\"1566\" data-end=\"1575\">Ve\u013ekos\u0165:<\/strong> 40&#215;55 cm \u2013 dostato\u010dne ve\u013ek\u00e1 na denn\u00e9 nosenie<\/p>\n<\/li>\n<li data-start=\"1616\" data-end=\"1661\">\n<p data-start=\"1618\" data-end=\"1661\"><strong data-start=\"1618\" data-end=\"1631\">Materi\u00e1l:<\/strong> Pr\u00e9miov\u00fd egyptsk\u00fd textil<\/p>\n<\/li>\n<li data-start=\"1662\" data-end=\"1714\">\n<p data-start=\"1664\" data-end=\"1714\"><strong data-start=\"1664\" data-end=\"1674\">\u0160t\u00fdl:<\/strong> Unisex totes s viacer\u00fdmi farebn\u00fdmi mo\u017enos\u0165ami<\/p>\n<\/li>\n<li data-start=\"1715\" data-end=\"1755\">\n<p data-start=\"1717\" data-end=\"1755\"><strong data-start=\"1717\" data-end=\"1726\">Logo:<\/strong> Autentick\u00e9 zna\u010denie Hard Rock<\/p>\n<\/li>\n<li data-start=\"1756\" data-end=\"1812\">\n<p data-start=\"1758\" data-end=\"1812\"><strong data-start=\"1758\" data-end=\"1773\">Odolnos\u0165:<\/strong> Navrhnut\u00e1 na pravideln\u00e9 pou\u017e\u00edvanie a dlh\u00fa \u017eivotnos\u0165<\/p>\n<\/li>\n<\/ul>\n<h2 data-start=\"2126\" data-end=\"2170\">\u00a0Kde sa funk\u010dnos\u0165 stret\u00e1va s ikonick\u00fdm \u0161t\u00fdlom<\/h2>\n<p data-start=\"2172\" data-end=\"2435\">\u010ci u\u017e doch\u00e1dzate, nakupujete, smerujete na pl\u00e1\u017e alebo potrebujete ka\u017edodenn\u00fa ta\u0161ku, <strong data-start=\"2269\" data-end=\"2293\">ta\u0161ka Hard Rock Fabric<\/strong> je va\u0161e \u0161t\u00fdlov\u00e9 rie\u0161enie. Jej praktick\u00e1 ve\u013ekos\u0165, odoln\u00fd materi\u00e1l a nezamenite\u013en\u00e9 zna\u010denie z nej robia nevyhnutn\u00fd doplnok pre ka\u017ed\u00e9ho v pohybe.<\/p>\n<p data-start=\"2442\" data-end=\"2516\" data-is-last-node=\"\" data-is-only-node=\"\">\ud83d\uded2 <strong data-start=\"2445\" data-end=\"2516\" data-is-last-node=\"\">Z\u00edskajte svoju teraz a uk\u00e1\u017ete svoju odv\u00e1\u017enu str\u00e1nku s atmosf\u00e9rou Hard Rock!<\/strong><\/p>\n<p style=\"text-align: center;\">\u010eakujeme za n\u00e1kup v <em data-start=\"415\" data-end=\"431\"><a href=\"https:\/\/bazaar.express\/sk\/\">Bazaar Express<\/a><\/em> \u2013 te\u0161\u00edme sa na v\u00e1s!<\/p>\n<p style=\"text-align: center;\">Noste \u0161t\u00fdl a funkciu s na\u0161imi jedine\u010dne vyroben\u00fdmi <a href=\"https:\/\/bazaar.express\/product-category\/bazaar-bags\/\">Bazaar Bags<\/a>.<\/p>\n","protected":false},"excerpt":{"rendered":"<h3>Vyst\u00fapte so \u0161t\u00fdlom s ta\u0161kou Hard Rock Fabric \u2013 vyroben\u00e1 z odoln\u00e9ho egyptsk\u00e9ho textilu s priestrannou ve\u013ekos\u0165ou 40&#215;55 cm. Dostupn\u00e1 v r\u00f4znych farb\u00e1ch s ikonick\u00fdm zna\u010den\u00edm Hard Rock pre ka\u017edodenn\u00fa m\u00f3du s funkciou.<\/h3>\n","protected":false},"featured_media":45212,"comment_status":"open","ping_status":"closed","template":"","meta":[],"product_brand":[],"product_cat":[1166,1165,1167],"product_tag":[1797],"class_list":{"0":"post-45210","1":"product","2":"type-product","3":"status-publish","4":"has-post-thumbnail","6":"product_cat-bazarove-tasky","7":"product_cat-egyptske-poklady","8":"product_cat-najlepsie-z-egypta","9":"product_tag-batoh","11":"first","12":"instock","13":"sale","14":"shipping-taxable","15":"purchasable","16":"product-type-simple"},"_links":{"self":[{"href":"https:\/\/bazaar.express\/sk\/wp-json\/wp\/v2\/product\/45210","targetHints":{"allow":["GET"]}}],"collection":[{"href":"https:\/\/bazaar.express\/sk\/wp-json\/wp\/v2\/product"}],"about":[{"href":"https:\/\/bazaar.express\/sk\/wp-json\/wp\/v2\/types\/product"}],"replies":[{"embeddable":true,"href":"https:\/\/bazaar.express\/sk\/wp-json\/wp\/v2\/comments?post=45210"}],"wp:featuredmedia":[{"embeddable":true,"href":"https:\/\/bazaar.express\/sk\/wp-json\/wp\/v2\/media\/45212"}],"wp:attachment":[{"href":"https:\/\/bazaar.express\/sk\/wp-json\/wp\/v2\/media?parent=45210"}],"wp:term":[{"taxonomy":"product_brand","embeddable":true,"href":"https:\/\/bazaar.express\/sk\/wp-json\/wp\/v2\/product_brand?post=45210"},{"taxonomy":"product_cat","embeddable":true,"href":"https:\/\/bazaar.express\/sk\/wp-json\/wp\/v2\/product_cat?post=45210"},{"taxonomy":"product_tag","embeddable":true,"href":"https:\/\/bazaar.express\/sk\/wp-json\/wp\/v2\/product_tag?post=45210"}],"curies":[{"name":"wp","href":"https:\/\/api.w.org\/{rel}","templated":true}]}}