{"id":45213,"date":"2024-12-12T02:31:36","date_gmt":"2024-12-12T02:31:36","guid":{"rendered":"https:\/\/bazaar.express\/product\/sesame-oil-2\/"},"modified":"2024-12-12T02:31:36","modified_gmt":"2024-12-12T02:31:36","slug":"sesame-oil-2","status":"publish","type":"product","link":"https:\/\/bazaar.express\/sk\/produkt\/sesame-oil-2\/","title":{"rendered":"Sezamov\u00fd olej"},"content":{"rendered":"<h2 data-start=\"344\" data-end=\"431\">Lotus Sezamov\u00fd olej: Pr\u00edrodn\u00e1 sila pre \u017eiariv\u00fa poko\u017eku a siln\u00e9, zdrav\u00e9 vlasy<\/h2>\n<h3 data-start=\"433\" data-end=\"482\">Objavte starovek\u00fd tajomstvo sezamov\u00e9ho oleja<\/h3>\n<p data-start=\"484\" data-end=\"841\">Viacej ako 2 500 rokov je sezamov\u00fd olej cenen\u00fd v \u00e1jurv\u00e9dskych a holistick\u00fdch wellness trad\u00edci\u00e1ch. Extrahovan\u00fd z \u017eiv\u00edn bohat\u00fdch sezamov\u00fdch semienok, <strong data-start=\"626\" data-end=\"646\">Lotus Sezamov\u00fd olej<\/strong> je pln\u00fd pr\u00edrodn\u00fdch antioxidantov, esenci\u00e1lnych mastn\u00fdch kysel\u00edn a vitam\u00ednov na v\u00fd\u017eivu poko\u017eky ako <strong data-start=\"741\" data-end=\"754\">Vitam\u00edn E<\/strong>, spolu s d\u00f4le\u017eit\u00fdmi miner\u00e1lmi ako <strong data-start=\"790\" data-end=\"801\">v\u00e1pnik<\/strong>, <strong data-start=\"803\" data-end=\"816\">hor\u010d\u00edk<\/strong>, <strong data-start=\"818\" data-end=\"826\">zinok<\/strong> a <strong data-start=\"832\" data-end=\"840\">\u017eelezo<\/strong>.<\/p>\n<p data-start=\"843\" data-end=\"990\">Tento zlat\u00fd olej je va\u0161\u00edm ide\u00e1lnym spolo\u010dn\u00edkom pre denn\u00e9 beauty a wellness ritu\u00e1ly \u2013 prin\u00e1\u0161a hydrat\u00e1ciu, ochranu a obnovu od hlavy po p\u00e4ty.<\/p>\n<h3 data-start=\"997\" data-end=\"1035\">\u00a0V\u00fdhody sezamov\u00e9ho oleja pre vlasy<\/h3>\n<ul data-start=\"1037\" data-end=\"1615\">\n<li data-start=\"1037\" data-end=\"1186\">\n<p data-start=\"1039\" data-end=\"1186\"><strong data-start=\"1039\" data-end=\"1076\">Posil\u0148uje a o\u017eivuje slab\u00e9 vlasy<\/strong><br data-start=\"1076\" data-end=\"1079\" \/>Sezamov\u00fd olej h\u013abkovo prenik\u00e1 do poko\u017eky hlavy, aby vy\u017eivil korene vlasov, zn\u00ed\u017eil l\u00e1mavos\u0165 a zv\u00fdraznil prirodzen\u00fd lesk.<\/p>\n<\/li>\n<li data-start=\"1188\" data-end=\"1338\">\n<p data-start=\"1190\" data-end=\"1338\"><strong data-start=\"1190\" data-end=\"1223\">Pom\u00e1ha oddiali\u0165 pred\u010dasn\u00e9 \u0161edivenie<\/strong><br data-start=\"1223\" data-end=\"1226\" \/>Jeho profil bohat\u00fd na antioxidanty pom\u00e1ha bojova\u0165 proti oxida\u010dn\u00e9mu stresu na vlasov\u00fdch folikuloch a podporuje mladistv\u00fd vzh\u013ead.<\/p>\n<\/li>\n<li data-start=\"1340\" data-end=\"1490\">\n<p data-start=\"1342\" data-end=\"1490\"><strong data-start=\"1342\" data-end=\"1377\">Prirodzen\u00e1 ochrana pred slnkom pre vlasy<\/strong><br data-start=\"1377\" data-end=\"1380\" \/>P\u00f4sob\u00ed ako jemn\u00e1 UV bari\u00e9ra, sezamov\u00fd olej chr\u00e1ni va\u0161e vlasy pred po\u0161koden\u00edm slnkom a environment\u00e1lnymi zne\u010disteniami.<\/p>\n<\/li>\n<li data-start=\"1492\" data-end=\"1615\">\n<p data-start=\"1494\" data-end=\"1615\"><strong data-start=\"1494\" data-end=\"1518\">Posil\u0148ova\u010d zdravia poko\u017eky hlavy<\/strong><br data-start=\"1518\" data-end=\"1521\" \/>Uvo\u013e\u0148uje suchos\u0165 a lupiny, podporuje \u010dist\u00fa a vyv\u00e1\u017een\u00fa poko\u017eku hlavy pre lep\u0161\u00ed rast vlasov.<\/p>\n<\/li>\n<\/ul>\n<h3 data-start=\"1622\" data-end=\"1660\">\u00a0V\u00fdhody sezamov\u00e9ho oleja pre poko\u017eku<\/h3>\n<ul data-start=\"1662\" data-end=\"2285\">\n<li data-start=\"1662\" data-end=\"1829\">\n<p data-start=\"1664\" data-end=\"1829\"><strong data-start=\"1664\" data-end=\"1706\">H\u013abkov\u00e1 hydrat\u00e1cia a zm\u00e4k\u010denie poko\u017eky<\/strong><br data-start=\"1706\" data-end=\"1709\" \/>Bohat\u00fd na vitam\u00edn E a zdrav\u00e9 tuky, sezamov\u00fd olej uzamyk\u00e1 vlhkos\u0165 a vyhladzuje hrub\u00e9 alebo such\u00e9 oblasti pre hydrat\u00e1ciu na cel\u00fd de\u0148.<\/p>\n<\/li>\n<li data-start=\"1831\" data-end=\"1972\">\n<p data-start=\"1833\" data-end=\"1972\"><strong data-start=\"1833\" data-end=\"1866\">Pom\u00e1ha zlep\u0161i\u0165 elasticitu poko\u017eky<\/strong><br data-start=\"1866\" data-end=\"1869\" \/>Pravideln\u00e1 mas\u00e1\u017e s sezamov\u00fdm olejom m\u00f4\u017ee podpori\u0165 pevnej\u0161iu, pru\u017enej\u0161iu poko\u017eku t\u00fdm, \u017ee podporuje tvorbu kolag\u00e9nu.<\/p>\n<\/li>\n<li data-start=\"1974\" data-end=\"2139\">\n<p data-start=\"1976\" data-end=\"2139\"><strong data-start=\"1976\" data-end=\"2003\">Podporuje rovnomern\u00fd t\u00f3n poko\u017eky<\/strong><br data-start=\"2003\" data-end=\"2006\" \/>S protiz\u00e1palov\u00fdmi a antioxida\u010dn\u00fdmi vlastnos\u0165ami m\u00f4\u017ee sezamov\u00fd olej pom\u00f4c\u0165 zn\u00ed\u017ei\u0165 vzh\u013ead tmav\u00fdch \u0161kv\u0155n a men\u0161\u00edch nedokonalost\u00ed.<\/p>\n<\/li>\n<li data-start=\"2141\" data-end=\"2285\">\n<p data-start=\"2143\" data-end=\"2285\"><strong data-start=\"2143\" data-end=\"2178\">Jemn\u00e9 \u010distenie a ochrana<\/strong><br data-start=\"2178\" data-end=\"2181\" \/>Jeho pr\u00edrodn\u00e9 antibakteri\u00e1lne vlastnosti ho robia vhodn\u00fdm olejom na \u010distenie olejom alebo hydrat\u00e1ciu po sprche.<\/p>\n<\/li>\n<\/ul>\n<h3 data-start=\"2292\" data-end=\"2327\">Ako pou\u017e\u00edva\u0165 Lotus Sezamov\u00fd olej<\/h3>\n<p data-start=\"2329\" data-end=\"2502\"><strong data-start=\"2329\" data-end=\"2347\">Na starostlivos\u0165 o vlasy:<\/strong><br data-start=\"2347\" data-end=\"2350\" \/>Zohrejte mal\u00e9 mno\u017estvo a mas\u00edrujte do poko\u017eky hlavy a pozd\u013a\u017e vlasov\u00fdch prame\u0148ov. Nechajte p\u00f4sobi\u0165 30\u201360 min\u00fat pred umyt\u00edm pre najlep\u0161ie v\u00fdsledky. Pou\u017e\u00edvajte 2\u20133 kr\u00e1t t\u00fd\u017edenne.<\/p>\n<p data-start=\"2504\" data-end=\"2672\"><strong data-start=\"2504\" data-end=\"2529\">Na v\u00fd\u017eivu poko\u017eky:<\/strong><br data-start=\"2529\" data-end=\"2532\" \/>Aplikujte priamo na \u010dist\u00fa poko\u017eku po k\u00fapeli. Mas\u00edrujte kruhov\u00fdmi pohybmi, k\u00fdm sa plne nevstreb\u00e1. Ide\u00e1lne na pou\u017eitie na such\u00e9 lakte, kolen\u00e1 a p\u00e4ty.<\/p>\n<p data-start=\"2674\" data-end=\"2820\"><strong data-start=\"2674\" data-end=\"2695\">Na mas\u00e1\u017e tela:<\/strong><br data-start=\"2695\" data-end=\"2698\" \/>Pou\u017e\u00edvajte ako z\u00e1kladn\u00fd olej pre aromaterapiu alebo relaxa\u010dn\u00e9 mas\u00e1\u017ee tela. Jeho zahriatie pom\u00e1ha uvo\u013eni\u0165 nap\u00e4tie a relaxova\u0165 svaly.<\/p>\n<h3 data-start=\"3140\" data-end=\"3168\">Bezpe\u010dnos\u0165 a opatrenia<\/h3>\n<ul data-start=\"3170\" data-end=\"3479\">\n<li data-start=\"3170\" data-end=\"3198\">\n<p data-start=\"3172\" data-end=\"3198\">Len <strong data-start=\"3176\" data-end=\"3197\">na vonkaj\u0161ie pou\u017eitie<\/strong>.<\/p>\n<\/li>\n<li data-start=\"3199\" data-end=\"3302\">\n<p data-start=\"3201\" data-end=\"3302\">Vykonajte <strong data-start=\"3211\" data-end=\"3225\">test na malej ploche<\/strong> pred \u00faplnou aplik\u00e1ciou, najm\u00e4 ak m\u00e1te citliv\u00fa poko\u017eku alebo alergie.<\/p>\n<\/li>\n<li data-start=\"3303\" data-end=\"3350\">\n<p data-start=\"3305\" data-end=\"3350\">Vyhnite sa kontaktu s o\u010dami a sliznicami.<\/p>\n<\/li>\n<li data-start=\"3351\" data-end=\"3410\">\n<p data-start=\"3353\" data-end=\"3410\">Skladujte na <strong data-start=\"3364\" data-end=\"3383\">chladnom, suchom mieste<\/strong> mimo priameho slne\u010dn\u00e9ho \u017eiarenia.<\/p>\n<\/li>\n<li data-start=\"3411\" data-end=\"3479\">\n<p data-start=\"3413\" data-end=\"3479\">Ak d\u00f4jde k podr\u00e1\u017edeniu, presta\u0148te pou\u017e\u00edva\u0165 a pora\u010fte sa s dermatol\u00f3gom.<\/p>\n<\/li>\n<\/ul>\n<h3 data-start=\"3486\" data-end=\"3522\">Pre\u010do si vybra\u0165 Lotus Sezamov\u00fd olej?<\/h3>\n<p data-start=\"3524\" data-end=\"3843\">\u010ci u\u017e h\u013ead\u00e1te <strong data-start=\"3550\" data-end=\"3571\">hydrat\u00e1ciu poko\u017eky<\/strong>, <strong data-start=\"3573\" data-end=\"3597\">o\u017eivenie vlasov<\/strong>, alebo <strong data-start=\"3602\" data-end=\"3635\">relax\u00e1ciu s pr\u00edrodn\u00fdm olejom na telo<\/strong>, <strong data-start=\"3637\" data-end=\"3657\">Lotus Sezamov\u00fd olej<\/strong> poskytuje autentick\u00fa v\u00fd\u017eivu podlo\u017een\u00fa st\u00e1rami bylinn\u00fdch trad\u00edci\u00ed. Jeho \u010distota a viac\u00fa\u010delov\u00e9 v\u00fdhody ho robia z\u00e1kladom pre kohoko\u013evek, kto h\u013ead\u00e1 \u017eiariv\u00fa poko\u017eku a vibrantn\u00e9 vlasy \u2013 pr\u00edrodne.<\/p>\n<p data-start=\"3850\" data-end=\"3977\"><strong data-start=\"3850\" data-end=\"3908\">Za\u017eite \u010distotu pr\u00edrody s Lotus Sezamov\u00fdm olejom.<\/strong><br data-start=\"3908\" data-end=\"3911\" \/>Nech va\u0161a kr\u00e1sa \u017eiari od kore\u0148a po \u0161pi\u010dku, pr\u00edrodne a sebavedome.<\/p>\n<p style=\"text-align: center;\">\u010eakujeme za n\u00e1kup v <em data-start=\"415\" data-end=\"431\"><a href=\"https:\/\/bazaar.express\/sk\/\">Bazaar Express<\/a><\/em> \u2013 te\u0161\u00edme sa na v\u00e1s!<\/p>\n<p style=\"text-align: center;\">Poc\u00ed\u0165te silu pr\u00edrody \u2014 \u010dist\u00e9 <a href=\"https:\/\/bazaar.express\/sk\/therapeutic-oils\/\">Terapeutick\u00e9 oleje<\/a> pre ka\u017edodenn\u00fa wellness.<\/p>\n","protected":false},"excerpt":{"rendered":"<h3>Lotus sezamov\u00fd olej je viac\u00fa\u010delov\u00fd pr\u00edrodn\u00fd olej extrahovan\u00fd z \u017eiv\u00edn bohat\u00fdch sezamov\u00fdch semienok. Bohat\u00fd na vitam\u00edn E a esenci\u00e1lne miner\u00e1ly, h\u013abkovo hydratuje poko\u017eku, posil\u0148uje korene vlasov a podporuje \u017eiariv\u00fd, zdrav\u00fd vzh\u013ead. Ide\u00e1lny na denn\u00e9 mas\u00e1\u017ee tela, o\u0161etrenia poko\u017eky hlavy a celkov\u00fa wellness starostlivos\u0165.<\/h3>\n","protected":false},"featured_media":45215,"comment_status":"open","ping_status":"closed","template":"","meta":[],"product_brand":[],"product_cat":[1161,1160],"product_tag":[1652,1653],"class_list":{"0":"post-45213","1":"product","2":"type-product","3":"status-publish","4":"has-post-thumbnail","6":"product_cat-terapeuticke-oleje","7":"product_cat-starostlivost-o-krasu","8":"product_tag-olej","9":"product_tag-prirodny-olej","10":"pa_l-xl-125ml","11":"pa_l-xl-250ml","12":"pa_l-xl-60ml","14":"first","15":"instock","16":"sale","17":"shipping-taxable","18":"purchasable","19":"product-type-variable"},"_links":{"self":[{"href":"https:\/\/bazaar.express\/sk\/wp-json\/wp\/v2\/product\/45213","targetHints":{"allow":["GET"]}}],"collection":[{"href":"https:\/\/bazaar.express\/sk\/wp-json\/wp\/v2\/product"}],"about":[{"href":"https:\/\/bazaar.express\/sk\/wp-json\/wp\/v2\/types\/product"}],"replies":[{"embeddable":true,"href":"https:\/\/bazaar.express\/sk\/wp-json\/wp\/v2\/comments?post=45213"}],"wp:featuredmedia":[{"embeddable":true,"href":"https:\/\/bazaar.express\/sk\/wp-json\/wp\/v2\/media\/45215"}],"wp:attachment":[{"href":"https:\/\/bazaar.express\/sk\/wp-json\/wp\/v2\/media?parent=45213"}],"wp:term":[{"taxonomy":"product_brand","embeddable":true,"href":"https:\/\/bazaar.express\/sk\/wp-json\/wp\/v2\/product_brand?post=45213"},{"taxonomy":"product_cat","embeddable":true,"href":"https:\/\/bazaar.express\/sk\/wp-json\/wp\/v2\/product_cat?post=45213"},{"taxonomy":"product_tag","embeddable":true,"href":"https:\/\/bazaar.express\/sk\/wp-json\/wp\/v2\/product_tag?post=45213"}],"curies":[{"name":"wp","href":"https:\/\/api.w.org\/{rel}","templated":true}]}}