{"id":45230,"date":"2024-11-29T14:57:20","date_gmt":"2024-11-29T14:57:20","guid":{"rendered":"https:\/\/bazaar.express\/product\/strawberry-shea\/"},"modified":"2024-11-29T14:57:20","modified_gmt":"2024-11-29T14:57:20","slug":"strawberry-shea","status":"publish","type":"product","link":"https:\/\/bazaar.express\/sk\/produkt\/strawberry-shea\/","title":{"rendered":"Jahodov\u00fd kr\u00e9m s maslom karit\u00e9"},"content":{"rendered":"<h2 data-start=\"218\" data-end=\"299\"><strong data-start=\"221\" data-end=\"299\">Jahodov\u00fd kr\u00e9m s maslom karit\u00e9 od Tnerh \u2013 Hlbok\u00e1 vlhkos\u0165 s pr\u00edrodn\u00fdm dotykom<\/strong><\/h2>\n<h3 data-start=\"301\" data-end=\"351\"><strong data-start=\"305\" data-end=\"351\">Intenz\u00edvna v\u00fd\u017eivn\u00e1 starostlivos\u0165 pre \u017eiariv\u00fa poko\u017eku<\/strong><\/h3>\n<p data-start=\"353\" data-end=\"712\">Doprajte svojej poko\u017eke luxusn\u00fa starostlivos\u0165, ktor\u00fa si zasl\u00fa\u017ei, s <strong data-start=\"404\" data-end=\"436\">jahodov\u00fdm kr\u00e9mom s maslom karit\u00e9<\/strong> od <strong data-start=\"442\" data-end=\"451\">Tnerh<\/strong>, 100 % pr\u00edrodn\u00fdm egyptsk\u00fdm produktom na starostlivos\u0165 o poko\u017eku, zn\u00e1mym svojou pr\u00e9miovou formul\u00e1ciou a sladkou, dlhotrvaj\u00facou v\u00f4\u0148ou. Navrhnut\u00fd pre v\u0161etky typy poko\u017eky, tento kr\u00e9m s maslom karit\u00e9 poskytuje hlbok\u00fa hydrat\u00e1ciu a vidite\u013en\u00e9 o\u017eivenie \u2013 ide\u00e1lny pre such\u00fa, citliv\u00fa alebo vystaven\u00fa slnku poko\u017eku.<\/p>\n<h3 data-start=\"719\" data-end=\"761\"><strong data-start=\"723\" data-end=\"761\">\u010co rob\u00ed maslo karit\u00e9 tak\u00fd \u0161peci\u00e1lny?<\/strong><\/h3>\n<p data-start=\"763\" data-end=\"934\"><strong data-start=\"763\" data-end=\"778\">Maslo karit\u00e9<\/strong> je jednou z najsilnej\u0161\u00edch pr\u00edrodn\u00fdch ingredienci\u00ed na starostlivos\u0165 o poko\u017eku, bohat\u00e9 na vitam\u00edny A a E, mastn\u00e9 kyseliny a pr\u00edrodn\u00e9 antioxidanty. Je oslavovan\u00e9 pre svoju schopnos\u0165:<\/p>\n<ul data-start=\"936\" data-end=\"1415\">\n<li data-start=\"936\" data-end=\"1004\">\n<p data-start=\"938\" data-end=\"1004\"><strong data-start=\"941\" data-end=\"960\">Hlboko hydratova\u0165:<\/strong> Uzamkne vlhkos\u0165 pre hladk\u00fa, pru\u017en\u00fa poko\u017eku<\/p>\n<\/li>\n<li data-start=\"1005\" data-end=\"1083\">\n<p data-start=\"1007\" data-end=\"1083\"><strong data-start=\"1010\" data-end=\"1028\">Lie\u010di\u0165 a upokojova\u0165:<\/strong> Prirodzene lie\u010di ekz\u00e9m, psori\u00e1zu a z\u00e1paly<\/p>\n<\/li>\n<li data-start=\"1084\" data-end=\"1173\">\n<p data-start=\"1086\" data-end=\"1173\"><strong data-start=\"1088\" data-end=\"1114\">Zn\u00ed\u017ei\u0165 zn\u00e1mky starnutia:<\/strong> Zmen\u0161uje strie, jemn\u00e9 vr\u00e1sky a hrubos\u0165 poko\u017eky<\/p>\n<\/li>\n<li data-start=\"1174\" data-end=\"1258\">\n<p data-start=\"1176\" data-end=\"1258\"><strong data-start=\"1179\" data-end=\"1196\">Upokoji\u0165 sp\u00e1lenie od slnka:<\/strong> Poskytuje r\u00fdchlu \u00fa\u013eavu a podporuje zotavenie z UV expoz\u00edcie<\/p>\n<\/li>\n<li data-start=\"1259\" data-end=\"1339\">\n<p data-start=\"1261\" data-end=\"1339\"><strong data-start=\"1264\" data-end=\"1286\">Zlep\u0161i\u0165 t\u00f3n poko\u017eky:<\/strong> Rozjas\u0148uje nudn\u00e9 oblasti a vyrovn\u00e1va farebn\u00fd t\u00f3n poko\u017eky<\/p>\n<\/li>\n<li data-start=\"1340\" data-end=\"1415\">\n<p data-start=\"1342\" data-end=\"1415\"><strong data-start=\"1345\" data-end=\"1367\">Pr\u00edrodn\u00e1 v\u00f4\u0148a:<\/strong> \u013dahk\u00e1 jahodov\u00e1 v\u00f4\u0148a osvie\u017euje zmysly<\/p>\n<\/li>\n<\/ul>\n<h3 data-start=\"1422\" data-end=\"1461\"><strong data-start=\"1426\" data-end=\"1461\">Hlavn\u00e9 ingrediencie v na\u0161ej formule<\/strong><\/h3>\n<ul data-start=\"1463\" data-end=\"1725\">\n<li data-start=\"1463\" data-end=\"1552\">\n<p data-start=\"1465\" data-end=\"1552\"><strong data-start=\"1465\" data-end=\"1493\">100 % pr\u00edrodn\u00e9 maslo karit\u00e9<\/strong> \u2013 \u010cist\u00e9, surov\u00e9 a eticky z\u00edskan\u00e9 pre maxim\u00e1lnu hydrat\u00e1ciu<\/p>\n<\/li>\n<li data-start=\"1553\" data-end=\"1639\">\n<p data-start=\"1555\" data-end=\"1639\"><strong data-start=\"1555\" data-end=\"1573\">Jahodov\u00fd olej<\/strong> \u2013 Bohat\u00fd na antioxidanty, podporuje mladistv\u00fa text\u00faru a lesk poko\u017eky<\/p>\n<\/li>\n<li data-start=\"1640\" data-end=\"1725\">\n<p data-start=\"1642\" data-end=\"1725\"><strong data-start=\"1642\" data-end=\"1659\">Vitam\u00edn E a A<\/strong> \u2013 Z\u00e1kladn\u00fd pre elasticitu, opravu poko\u017eky a dlhodob\u00fa ochranu<\/p>\n<\/li>\n<\/ul>\n<h3 data-start=\"1732\" data-end=\"1777\"><strong data-start=\"1736\" data-end=\"1777\">Pre\u010do si vybra\u0165 kr\u00e9m s maslom karit\u00e9 od Tnerh?<\/strong><\/h3>\n<ul data-start=\"1779\" data-end=\"2102\">\n<li data-start=\"1779\" data-end=\"1839\">\n<p data-start=\"1781\" data-end=\"1839\"><strong data-start=\"1786\" data-end=\"1803\">Vyroben\u00e9 v Egypte<\/strong> s pou\u017eit\u00edm lok\u00e1lne z\u00edskan\u00fdch ingredienci\u00ed<\/p>\n<\/li>\n<li data-start=\"1840\" data-end=\"1901\">\n<p data-start=\"1842\" data-end=\"1901\"><strong data-start=\"1844\" data-end=\"1899\">Licencovan\u00e9 Egyptskou liekovou a kozmetickou autoritou<\/strong><\/p>\n<\/li>\n<li data-start=\"1902\" data-end=\"1971\">\n<p data-start=\"1904\" data-end=\"1971\"><strong data-start=\"1907\" data-end=\"1923\">100 % pr\u00edrodn\u00e9<\/strong> bez umel\u00fdch pr\u00edsad alebo konzervantov<\/p>\n<\/li>\n<li data-start=\"1972\" data-end=\"2040\">\n<p data-start=\"1974\" data-end=\"2040\"><strong data-start=\"1977\" data-end=\"1994\">\u013dahk\u00e1 text\u00fara<\/strong>, ktor\u00e1 sa r\u00fdchlo vstreb\u00e1va bez upch\u00e1vania p\u00f3rov<\/p>\n<\/li>\n<li data-start=\"2041\" data-end=\"2102\">\n<p data-start=\"2043\" data-end=\"2102\"><strong data-start=\"2046\" data-end=\"2073\">Bezpe\u010dn\u00e9 pre v\u0161etky typy poko\u017eky<\/strong> \u2013 Vhodn\u00e9 aj pre deti<\/p>\n<\/li>\n<\/ul>\n<h3 data-start=\"2109\" data-end=\"2132\"><strong data-start=\"2113\" data-end=\"2132\">Podrobnosti o produkte<\/strong><\/h3>\n<ul data-start=\"2134\" data-end=\"2352\">\n<li data-start=\"2134\" data-end=\"2158\">\n<p data-start=\"2136\" data-end=\"2158\"><strong data-start=\"2136\" data-end=\"2147\">Hmotnos\u0165:<\/strong> 80 gramov<\/p>\n<\/li>\n<li data-start=\"2159\" data-end=\"2250\">\n<p data-start=\"2161\" data-end=\"2250\"><strong data-start=\"2161\" data-end=\"2171\">V\u00f4\u0148a:<\/strong> Prirodzene vo\u0148av\u00e9 s teplou ar\u00f3mou masla karit\u00e9 a sladk\u00fdch jah\u00f4d<\/p>\n<\/li>\n<li data-start=\"2251\" data-end=\"2352\">\n<p data-start=\"2253\" data-end=\"2352\"><strong data-start=\"2253\" data-end=\"2263\">Pou\u017eitie:<\/strong> Ide\u00e1lne na denn\u00e9 hydratovanie \u2013 naneste na \u010dist\u00fa, such\u00fa poko\u017eku a mas\u00edrujte, k\u00fdm sa \u00faplne nevstreb\u00e1<\/p>\n<\/li>\n<\/ul>\n<h2 data-start=\"2669\" data-end=\"2731\"><strong data-start=\"2672\" data-end=\"2731\">Z\u00e1ver: Pridajte pr\u00edrodn\u00fd dotyk do svojej rutiny starostlivosti o poko\u017eku<\/strong><\/h2>\n<p data-start=\"2733\" data-end=\"3096\"><strong data-start=\"2733\" data-end=\"2765\">Jahodov\u00fd kr\u00e9m s maslom karit\u00e9<\/strong> od <strong data-start=\"2769\" data-end=\"2778\">Tnerh<\/strong> je viac ne\u017e len hydrata\u010dn\u00fd prostriedok \u2013 je to kompletn\u00fd z\u00e1\u017eitok zo starostlivosti o poko\u017eku. Od upokojenia sp\u00e1len\u00ed od slnka po redukciu vr\u00e1sok, jeho siln\u00e1 formula prin\u00e1\u0161a vidite\u013en\u00e9 v\u00fdsledky pri ka\u017edom pou\u017eit\u00ed. Rozmazn\u00e1vajte svoju poko\u017eku bohatstvom <strong data-start=\"2993\" data-end=\"3008\">masla karit\u00e9<\/strong>, antioxida\u010dn\u00fdm \u00faderom jah\u00f4d a l\u00e1skou pr\u00edrodn\u00e9ho egyptsk\u00e9ho remesla.<\/p>\n<p data-start=\"3098\" data-end=\"3207\"> Pridajte ho dnes do ko\u0161\u00edka <strong data-start=\"3116\" data-end=\"3134\">Bazaar Express<\/strong> a za\u017eite hlad\u0161iu, jasnej\u0161iu a hlboko vy\u017eiven\u00fa poko\u017eku!<\/p>\n<p style=\"text-align: center;\">\u010eakujeme za n\u00e1kup v <em data-start=\"415\" data-end=\"431\"><a href=\"https:\/\/bazaar.express\/sk\/\">Bazaar Express<\/a><\/em> \u2013 te\u0161\u00edme sa na v\u00e1s!<\/p>\n<p style=\"text-align: center;\">Va\u0161a cesta k lep\u0161ej starostlivosti o seba za\u010d\u00edna tu \u2013 s <a href=\"https:\/\/bazaar.express\/product-category\/beauty-care\/\">Beauty &#038; Care<\/a>, na ktor\u00fa sa m\u00f4\u017eete spo\u013eahn\u00fa\u0165.<\/p>\n","protected":false},"excerpt":{"rendered":"<h3 data-start=\"489\" data-end=\"744\">Jahodov\u00fd kr\u00e9m s maslom karit\u00e9 od Tnerh poskytuje hlbok\u00fa vlhkos\u0165, upokojuje podr\u00e1\u017edenie a zlep\u0161uje lesk poko\u017eky silou pr\u00edrodn\u00e9ho masla karit\u00e9 a jahodov\u00e9ho oleja. Bohat\u00fd na vitam\u00edny A a E, je ide\u00e1lny na zm\u00e4k\u010denie, hojenie a revitaliz\u00e1ciu v\u0161etk\u00fdch typov poko\u017eky.<\/h3>\n","protected":false},"featured_media":45233,"comment_status":"open","ping_status":"closed","template":"","meta":[],"product_brand":[],"product_cat":[1160,1161],"product_tag":[1798],"class_list":{"0":"post-45230","1":"product","2":"type-product","3":"status-publish","4":"has-post-thumbnail","6":"product_cat-starostlivost-o-krasu","7":"product_cat-terapeuticke-oleje","8":"product_tag-maslo-karite","10":"first","11":"instock","12":"sale","13":"shipping-taxable","14":"purchasable","15":"product-type-simple"},"_links":{"self":[{"href":"https:\/\/bazaar.express\/sk\/wp-json\/wp\/v2\/product\/45230","targetHints":{"allow":["GET"]}}],"collection":[{"href":"https:\/\/bazaar.express\/sk\/wp-json\/wp\/v2\/product"}],"about":[{"href":"https:\/\/bazaar.express\/sk\/wp-json\/wp\/v2\/types\/product"}],"replies":[{"embeddable":true,"href":"https:\/\/bazaar.express\/sk\/wp-json\/wp\/v2\/comments?post=45230"}],"wp:featuredmedia":[{"embeddable":true,"href":"https:\/\/bazaar.express\/sk\/wp-json\/wp\/v2\/media\/45233"}],"wp:attachment":[{"href":"https:\/\/bazaar.express\/sk\/wp-json\/wp\/v2\/media?parent=45230"}],"wp:term":[{"taxonomy":"product_brand","embeddable":true,"href":"https:\/\/bazaar.express\/sk\/wp-json\/wp\/v2\/product_brand?post=45230"},{"taxonomy":"product_cat","embeddable":true,"href":"https:\/\/bazaar.express\/sk\/wp-json\/wp\/v2\/product_cat?post=45230"},{"taxonomy":"product_tag","embeddable":true,"href":"https:\/\/bazaar.express\/sk\/wp-json\/wp\/v2\/product_tag?post=45230"}],"curies":[{"name":"wp","href":"https:\/\/api.w.org\/{rel}","templated":true}]}}